{"id":1113,"date":"2015-03-12T11:00:55","date_gmt":"2015-03-12T11:00:55","guid":{"rendered":"http:\/\/blogsaverroes.juntadeandalucia.es\/pre\/ceip\/?page_id=2"},"modified":"2025-10-24T12:31:14","modified_gmt":"2025-10-24T11:31:14","slug":"pagina-ejemplo-2","status":"publish","type":"page","link":"https:\/\/blogsaverroes.juntadeandalucia.es\/ariasmontano\/","title":{"rendered":"Inicio"},"content":{"rendered":"<h1 style=\"text-align: center\">COLEGIO P\u00daBLICO ARIAS MONTANO<\/h1>\n<h1 style=\"text-align: center\">HUELVA<\/h1>\n<p><a href=\"https:\/\/blogsaverroes.juntadeandalucia.es\/ariasmontano\/files\/2025\/10\/cropped-cropped-cropped-escudo.jpg\"><img loading=\"lazy\" decoding=\"async\" class=\"size-medium wp-image-3787 aligncenter\" src=\"https:\/\/blogsaverroes.juntadeandalucia.es\/ariasmontano\/files\/2025\/10\/cropped-cropped-cropped-escudo-224x300.jpg\" alt=\"\" width=\"224\" height=\"300\" srcset=\"https:\/\/blogsaverroes.juntadeandalucia.es\/ariasmontano\/files\/2025\/10\/cropped-cropped-cropped-escudo-224x300.jpg 224w, https:\/\/blogsaverroes.juntadeandalucia.es\/ariasmontano\/files\/2025\/10\/cropped-cropped-cropped-escudo.jpg 305w\" sizes=\"(max-width: 224px) 100vw, 224px\" \/><\/a><\/p>\n<p>&nbsp;<\/p>\n<p style=\"text-align: center\">Bienvenid@s al sitio web del CEIP Arias Montano, Huelva. Aqu\u00ed encontrar\u00e1s toda la informaci\u00f3n de inter\u00e9s sobre la comunidad educativa.<\/p>\n<p style=\"text-align: center\">Nuestro centro cuenta con Educaci\u00f3n Infantil, Aula Espec\u00edfica (TEA) y Educaci\u00f3n Primaria.<\/p>\n<p style=\"text-align: center\">Contacta con nosotros <a href=\"https:\/\/blogsaverroes.juntadeandalucia.es\/ariasmontano\/contacto\/\"><span style=\"text-decoration: underline\"><strong>aqu\u00ed<\/strong><\/span><\/a>.<\/p>\n<p style=\"text-align: center\">&nbsp;<\/p>\n","protected":false},"excerpt":{"rendered":"<p>COLEGIO P\u00daBLICO ARIAS MONTANO HUELVA &nbsp; Bienvenid@s al sitio web del CEIP Arias Montano, Huelva. Aqu\u00ed encontrar\u00e1s toda la informaci\u00f3n de inter\u00e9s sobre la comunidad&hellip;<\/p>\n","protected":false},"author":2828,"featured_media":0,"parent":0,"menu_order":0,"comment_status":"closed","ping_status":"open","template":"","meta":{"ngg_post_thumbnail":0,"footnotes":"","_mc_calendar":[]},"aioseo_notices":[],"post_mailing_queue_ids":[],"_links":{"self":[{"href":"https:\/\/blogsaverroes.juntadeandalucia.es\/ariasmontano\/wp-json\/wp\/v2\/pages\/1113"}],"collection":[{"href":"https:\/\/blogsaverroes.juntadeandalucia.es\/ariasmontano\/wp-json\/wp\/v2\/pages"}],"about":[{"href":"https:\/\/blogsaverroes.juntadeandalucia.es\/ariasmontano\/wp-json\/wp\/v2\/types\/page"}],"author":[{"embeddable":true,"href":"https:\/\/blogsaverroes.juntadeandalucia.es\/ariasmontano\/wp-json\/wp\/v2\/users\/2828"}],"replies":[{"embeddable":true,"href":"https:\/\/blogsaverroes.juntadeandalucia.es\/ariasmontano\/wp-json\/wp\/v2\/comments?post=1113"}],"version-history":[{"count":10,"href":"https:\/\/blogsaverroes.juntadeandalucia.es\/ariasmontano\/wp-json\/wp\/v2\/pages\/1113\/revisions"}],"predecessor-version":[{"id":3847,"href":"https:\/\/blogsaverroes.juntadeandalucia.es\/ariasmontano\/wp-json\/wp\/v2\/pages\/1113\/revisions\/3847"}],"wp:attachment":[{"href":"https:\/\/blogsaverroes.juntadeandalucia.es\/ariasmontano\/wp-json\/wp\/v2\/media?parent=1113"}],"curies":[{"name":"wp","href":"https:\/\/api.w.org\/{rel}","templated":true}]}}