{"id":2147,"date":"2016-01-14T10:13:10","date_gmt":"2016-01-14T10:13:10","guid":{"rendered":"http:\/\/blogsaverroes.juntadeandalucia.es\/ariasmontano\/?page_id=2147"},"modified":"2025-11-05T11:41:15","modified_gmt":"2025-11-05T10:41:15","slug":"proyecto-de-gestion","status":"publish","type":"page","link":"https:\/\/blogsaverroes.juntadeandalucia.es\/ariasmontano\/proyecto-de-gestion\/","title":{"rendered":"Proyecto de Gesti\u00f3n"},"content":{"rendered":"<h1 style=\"text-align: center\"><span style=\"color: #000080\">Proyecto de gesti\u00f3n<\/span><\/h1>\n<ul>\n<li><a href=\"https:\/\/blogsaverroes.juntadeandalucia.es\/ariasmontano\/files\/2025\/11\/1-Criterios-para-la-elaboracion-del-presupuesto-anual.pdf\">Criterios para la elaboraci\u00f3n del presupuesto anual del curso y para la distribuci\u00f3n de los ingresos entre las distintas partidas de gastos.<\/a><\/li>\n<li><a href=\"https:\/\/blogsaverroes.juntadeandalucia.es\/ariasmontano\/files\/2025\/11\/2.-Criterios-para-la-gestion-de-las-sustituciones-y-ausencias-del-profesorado.pdf\">Criterios para la gesti\u00f3n de las sustituciones de las ausencias del profesorado.<\/a><\/li>\n<li><a href=\"https:\/\/blogsaverroes.juntadeandalucia.es\/ariasmontano\/files\/2025\/11\/3.-Medidas-para-la-conservacion-y-renovacion-de-las-instalaciones-y-el-equipamiento-escolar.pdf\">Medidas para la conservaci\u00f3n y renovaci\u00f3n de las instalaciones y el equipamiento escolar.<\/a><\/li>\n<li><a href=\"https:\/\/blogsaverroes.juntadeandalucia.es\/ariasmontano\/files\/2025\/11\/4.-Procedimiento-para-la-elaboracion-del-inventario-anual-general-del-centro.pdf\">Procedimiento para la elaboraci\u00f3n del inventario anual general del centro.<\/a><\/li>\n<li><a href=\"https:\/\/blogsaverroes.juntadeandalucia.es\/ariasmontano\/files\/2025\/11\/5.pdf\">Criterios para una gesti\u00f3n sostenible de los recursos del Centro y de los residuos que, en todo caso, sea eficiente y compatible con la conservaci\u00f3n del medio ambiente.<\/a><\/li>\n<li><a href=\"https:\/\/blogsaverroes.juntadeandalucia.es\/ariasmontano\/files\/2025\/11\/6.pdf\">Presupuestos anuales y cuentas de gesti\u00f3n.<\/a><\/li>\n<\/ul>\n","protected":false},"excerpt":{"rendered":"<p>Proyecto de gesti\u00f3n Criterios para la elaboraci\u00f3n del presupuesto anual del curso y para la distribuci\u00f3n de los ingresos entre las distintas partidas de gastos.&hellip;<\/p>\n","protected":false},"author":2828,"featured_media":0,"parent":0,"menu_order":0,"comment_status":"open","ping_status":"open","template":"","meta":{"ngg_post_thumbnail":0,"footnotes":"","_mc_calendar":[]},"aioseo_notices":[],"post_mailing_queue_ids":[],"_links":{"self":[{"href":"https:\/\/blogsaverroes.juntadeandalucia.es\/ariasmontano\/wp-json\/wp\/v2\/pages\/2147"}],"collection":[{"href":"https:\/\/blogsaverroes.juntadeandalucia.es\/ariasmontano\/wp-json\/wp\/v2\/pages"}],"about":[{"href":"https:\/\/blogsaverroes.juntadeandalucia.es\/ariasmontano\/wp-json\/wp\/v2\/types\/page"}],"author":[{"embeddable":true,"href":"https:\/\/blogsaverroes.juntadeandalucia.es\/ariasmontano\/wp-json\/wp\/v2\/users\/2828"}],"replies":[{"embeddable":true,"href":"https:\/\/blogsaverroes.juntadeandalucia.es\/ariasmontano\/wp-json\/wp\/v2\/comments?post=2147"}],"version-history":[{"count":10,"href":"https:\/\/blogsaverroes.juntadeandalucia.es\/ariasmontano\/wp-json\/wp\/v2\/pages\/2147\/revisions"}],"predecessor-version":[{"id":3894,"href":"https:\/\/blogsaverroes.juntadeandalucia.es\/ariasmontano\/wp-json\/wp\/v2\/pages\/2147\/revisions\/3894"}],"wp:attachment":[{"href":"https:\/\/blogsaverroes.juntadeandalucia.es\/ariasmontano\/wp-json\/wp\/v2\/media?parent=2147"}],"curies":[{"name":"wp","href":"https:\/\/api.w.org\/{rel}","templated":true}]}}