{"id":2157,"date":"2016-01-14T10:17:22","date_gmt":"2016-01-14T10:17:22","guid":{"rendered":"http:\/\/blogsaverroes.juntadeandalucia.es\/ariasmontano\/?page_id=2157"},"modified":"2025-11-05T10:39:04","modified_gmt":"2025-11-05T09:39:04","slug":"proyecto-educativo-2","status":"publish","type":"page","link":"https:\/\/blogsaverroes.juntadeandalucia.es\/ariasmontano\/proyecto-educativo-2\/","title":{"rendered":"Proyecto Educativo"},"content":{"rendered":"<h1 style=\"text-align: center\"><span style=\"color: #000080\">PROYECTO EDUCATIVO <\/span><\/h1>\n<h3 style=\"text-align: center\"><span style=\"color: #000080\">CEIP ARIAS MONTANO<\/span><\/h3>\n<p style=\"text-align: center\"><a href=\"https:\/\/blogsaverroes.juntadeandalucia.es\/ariasmontano\/files\/2025\/10\/cropped-cropped-escudo.jpg\"><img loading=\"lazy\" decoding=\"async\" class=\"alignnone  wp-image-3785\" src=\"https:\/\/blogsaverroes.juntadeandalucia.es\/ariasmontano\/files\/2025\/10\/cropped-cropped-escudo-300x300.jpg\" alt=\"\" width=\"119\" height=\"119\" srcset=\"https:\/\/blogsaverroes.juntadeandalucia.es\/ariasmontano\/files\/2025\/10\/cropped-cropped-escudo-300x300.jpg 300w, https:\/\/blogsaverroes.juntadeandalucia.es\/ariasmontano\/files\/2025\/10\/cropped-cropped-escudo-150x150.jpg 150w, https:\/\/blogsaverroes.juntadeandalucia.es\/ariasmontano\/files\/2025\/10\/cropped-cropped-escudo.jpg 512w\" sizes=\"(max-width: 119px) 100vw, 119px\" \/><\/a><\/p>\n<ul>\n<li><a href=\"https:\/\/blogsaverroes.juntadeandalucia.es\/ariasmontano\/wp-admin\/media-new.php\">Objetivos propios para la mejora del desarrollo de las competencias clave previstas en los perfiles competenciales.<\/a><\/li>\n<li><a href=\"https:\/\/blogsaverroes.juntadeandalucia.es\/ariasmontano\/files\/2025\/11\/3.-Principios-generales-de-las-distintas-etapas-principios-pedagogicos-y-metodologicos-del.pdf\">Principios generales de las distintas etapas, principios pedag\u00f3gicos y metodol\u00f3gicos del centro.<\/a><\/li>\n<li><a href=\"https:\/\/blogsaverroes.juntadeandalucia.es\/ariasmontano\/files\/2025\/11\/4.-Coordinacion-y-concrecion-de-los-contenidos-curriculares.pdf\">Coordinaci\u00f3n y concreci\u00f3n de los contenidos curriculares.<\/a><\/li>\n<li><a href=\"https:\/\/blogsaverroes.juntadeandalucia.es\/ariasmontano\/files\/2025\/11\/5.-Organos-de-coordinacion-docente-y-horas-de-dedicacion.pdf\">\u00d3rganos de coordinaci\u00f3n docente y horas de dedicaci\u00f3n.<\/a><\/li>\n<li><a href=\"https:\/\/blogsaverroes.juntadeandalucia.es\/ariasmontano\/files\/2025\/11\/6.-Los-procedimientos-y-criterios-de-evaluacion-y-promocion-del-alumnado.pdf\">Procedimientos y criterios de evaluaci\u00f3n y promoci\u00f3n del alumnado.<\/a><\/li>\n<li><a href=\"https:\/\/blogsaverroes.juntadeandalucia.es\/ariasmontano\/files\/2025\/11\/7.-Medidas-de-Atencion-a-la-Diversidad-y-a-las-Diferencias-Individuales.pdf\">Medidas de atenci\u00f3n a la diversidad y a las diferencias individuales.<\/a><\/li>\n<li><a href=\"https:\/\/blogsaverroes.juntadeandalucia.es\/ariasmontano\/files\/2025\/11\/8LAORG1.DOC.pdf\">Organizaci\u00f3n de las actividades de recuperaci\u00f3n para el alumnado con \u00e1reas pendientes de evaluaci\u00f3n positiva<\/a><\/li>\n<li><a href=\"https:\/\/blogsaverroes.juntadeandalucia.es\/ariasmontano\/files\/2025\/11\/9.-Plan-de-Orientacion-y-Accion-Tutorial.pdf\">Plan de orientaci\u00f3n y acci\u00f3n tutorial<\/a><\/li>\n<li><a href=\"https:\/\/blogsaverroes.juntadeandalucia.es\/ariasmontano\/files\/2025\/11\/10.-Procedimiento-para-suscribir-compromisos-educativos-y-de-convivencia.pdf\">Procedimiento para suscribir compromisos educativos y de convivencia<\/a><\/li>\n<li><a href=\"https:\/\/blogsaverroes.juntadeandalucia.es\/ariasmontano\/files\/2025\/11\/11.-Plan-de-Convivencia.pdf\">Plan de convivencia<\/a><\/li>\n<li><a href=\"https:\/\/blogsaverroes.juntadeandalucia.es\/ariasmontano\/files\/2025\/11\/PLAN-DE-FORMACION-ARIAS-MONTANO-25-26docx-2-1.pdf\">Plan de formaci\u00f3n del profesorado<\/a><\/li>\n<li><a href=\"https:\/\/blogsaverroes.juntadeandalucia.es\/ariasmontano\/files\/2025\/11\/13CRIT1.pdf\">Criterios para organizar y distribuir el tiempo escolar. Objetivos y programas de intervenci\u00f3n en tiempo extraescolar.<\/a><\/li>\n<li><a href=\"https:\/\/blogsaverroes.juntadeandalucia.es\/ariasmontano\/files\/2025\/11\/14.-Procedimientos-de-Evaluacion-Interna.pdf\">Procedimientos de evaluaci\u00f3n interna<\/a><\/li>\n<li><a href=\"https:\/\/blogsaverroes.juntadeandalucia.es\/ariasmontano\/files\/2025\/11\/15.-Criterios-para-los-agrupamientos-del-alumnado-y-asignacion-de-las-tutorias.pdf\">Criterios para los agrupamientos del alumnado y asignaci\u00f3n de tutor\u00edas<\/a><\/li>\n<li><a href=\"https:\/\/blogsaverroes.juntadeandalucia.es\/ariasmontano\/files\/2025\/11\/16.-Criterios-para-la-elaboracion-de-las-Programaciones-Didacticas.pdf\">Criterios para la elaboraci\u00f3n de las programaciones did\u00e1cticas y\/o propuestas pedag\u00f3gicas<\/a><\/li>\n<li><a href=\"https:\/\/blogsaverroes.juntadeandalucia.es\/ariasmontano\/files\/2025\/11\/17.-Planes-Estrategicos-que-se-desarrollan-en-el-centro.pdf\">Planes estrat\u00e9gicos que se desarrollan en el centro<\/a><\/li>\n<li><a href=\"https:\/\/blogsaverroes.juntadeandalucia.es\/ariasmontano\/files\/2025\/11\/18.-Proceso-de-Transito.pdf\">Proceso de tr\u00e1nsito<\/a><\/li>\n<li><a href=\"https:\/\/blogsaverroes.juntadeandalucia.es\/ariasmontano\/files\/2025\/11\/19.-Tratamiento-de-la-Lectura.pdf\">Tratamiento de la lectura<\/a><\/li>\n<\/ul>\n","protected":false},"excerpt":{"rendered":"<p>PROYECTO EDUCATIVO CEIP ARIAS MONTANO Objetivos propios para la mejora del desarrollo de las competencias clave previstas en los perfiles competenciales. Principios generales de las&hellip;<\/p>\n","protected":false},"author":2828,"featured_media":0,"parent":0,"menu_order":0,"comment_status":"open","ping_status":"open","template":"","meta":{"ngg_post_thumbnail":0,"footnotes":"","_mc_calendar":[]},"aioseo_notices":[],"post_mailing_queue_ids":[],"_links":{"self":[{"href":"https:\/\/blogsaverroes.juntadeandalucia.es\/ariasmontano\/wp-json\/wp\/v2\/pages\/2157"}],"collection":[{"href":"https:\/\/blogsaverroes.juntadeandalucia.es\/ariasmontano\/wp-json\/wp\/v2\/pages"}],"about":[{"href":"https:\/\/blogsaverroes.juntadeandalucia.es\/ariasmontano\/wp-json\/wp\/v2\/types\/page"}],"author":[{"embeddable":true,"href":"https:\/\/blogsaverroes.juntadeandalucia.es\/ariasmontano\/wp-json\/wp\/v2\/users\/2828"}],"replies":[{"embeddable":true,"href":"https:\/\/blogsaverroes.juntadeandalucia.es\/ariasmontano\/wp-json\/wp\/v2\/comments?post=2157"}],"version-history":[{"count":18,"href":"https:\/\/blogsaverroes.juntadeandalucia.es\/ariasmontano\/wp-json\/wp\/v2\/pages\/2157\/revisions"}],"predecessor-version":[{"id":3883,"href":"https:\/\/blogsaverroes.juntadeandalucia.es\/ariasmontano\/wp-json\/wp\/v2\/pages\/2157\/revisions\/3883"}],"wp:attachment":[{"href":"https:\/\/blogsaverroes.juntadeandalucia.es\/ariasmontano\/wp-json\/wp\/v2\/media?parent=2157"}],"curies":[{"name":"wp","href":"https:\/\/api.w.org\/{rel}","templated":true}]}}