{"id":2190,"date":"2016-01-14T10:43:40","date_gmt":"2016-01-14T10:43:40","guid":{"rendered":"http:\/\/blogsaverroes.juntadeandalucia.es\/ariasmontano\/?page_id=2190"},"modified":"2025-11-05T11:13:48","modified_gmt":"2025-11-05T10:13:48","slug":"r-o-f","status":"publish","type":"page","link":"https:\/\/blogsaverroes.juntadeandalucia.es\/ariasmontano\/r-o-f\/","title":{"rendered":"Reglamento de organizaci\u00f3n y funcionamiento"},"content":{"rendered":"<table border=\"1\" width=\"100%\" align=\"center\">\n<tbody>\n<tr>\n<td colspan=\"2\" align=\"center\" valign=\"middle\" bgcolor=\"#FFCC99\">\n<h1 class=\"Estilo1\">REGLAMENTO DE ORGANIZACI\u00d3N Y FUNCIONAMIENTO<\/h1>\n<p class=\"Estilo1\">&nbsp;<\/p>\n<\/td>\n<\/tr>\n<tr>\n<td><a href=\"https:\/\/blogsaverroes.juntadeandalucia.es\/ariasmontano\/files\/2020\/11\/1.-CAUCES-DE-PARTICIPACI\u00f4N-DE-LOS-DISTINTOS-SECTORES-DE-LA-COMUNIDAD-EDUCATIVA-EN-TODOS-LOS-ASPECTOS-RECOGIDOS-EN-EL-PLAN-DE-CENTRO.doc\">1. CAUCES DE PARTICIPACI\u00d3N DE LOS DISTINTOS SECTORES DE LA COMUNIDAD EDUCATIVA EN TODOS LOS ASPECTOS RECOGIDOS EN EL PLAN DE CENTRO<\/a><\/td>\n<td><a href=\"https:\/\/blogsaverroes.juntadeandalucia.es\/ariasmontano\/files\/2020\/11\/2.-CRITERIOS-Y-PROCEDIMIENTOS-QUE-GARANTICEN-EL-RIGOR-Y-TRANSPARENCIA.doc\">2. CRITERIOS Y PROCEDIMIENTOS QUE GARANTICEN EL RIGOR Y TRANSPARENCIA<\/a><\/td>\n<\/tr>\n<tr>\n<td><a href=\"https:\/\/blogsaverroes.juntadeandalucia.es\/ariasmontano\/files\/2020\/11\/3.-ORGANIZACI\u00f4N-DE-LOS-ESPACIOS-INSTALACIONES-Y-RECURSOS-MATERIALES.doc\">3. ORGANIZACI\u00d3N DE LOS ESPACIOS, INSTALACIONES Y RECURSOS MATERIALES<\/a><\/td>\n<td><a href=\"https:\/\/blogsaverroes.juntadeandalucia.es\/ariasmontano\/files\/2020\/11\/4.-ORGANIZACI\u00f4N-DE-LA-VIGILANCIA-DE-LOS-TIEMPOS-DE-RECREO-Y-DE-LOS-PER\u00ecODOS-DE-ENTRADA-Y-SALIDA-DE-CLASE.doc\">4. ORGANIZACI\u00d3N DE LA VIGILANCIA DE LOS TIEMPOS DE RECREO Y DE LOS PERIODOS DE ENTRADA Y SALIDA DE CLASE<\/a><\/td>\n<\/tr>\n<tr>\n<td><a href=\"https:\/\/blogsaverroes.juntadeandalucia.es\/ariasmontano\/files\/2020\/11\/5.-COLABORACI\u00f4N-DE-LOS-TUTORES-Y-TUTORAS-EN-LA-GESTI\u00f4N-DEL-PROGRAMA-DE-GRATUIDAD-DE-LIBROS-DE-TEXTO.doc\">5. COLABORACI\u00d3N DE LOS TUTORES Y TUTORAS EN LA GESTI\u00d3N DEL PROGRAMA DE GRATUIDAD DE LIBROS DE TEXTO<\/a><\/td>\n<td><a href=\"https:\/\/blogsaverroes.juntadeandalucia.es\/ariasmontano\/files\/2020\/11\/6.-PLAN-DE-AUTOPROTECCI\u00f4N.-COMPETENCIAS-Y-FUNCIONES-RELATIVAS-A-LA-PREVENCI\u00f4N-DE-RIESGOS-LABORALES..doc\">6. PLAN DE AUTOPROTECCI\u00d3N. COMPETENCIAS Y FUNCIONES RELATIVAS A LA PREVENCI\u00d3N DE RIESGOS LABORALES.<\/a><\/td>\n<\/tr>\n<tr>\n<td><a href=\"https:\/\/blogsaverroes.juntadeandalucia.es\/ariasmontano\/files\/2020\/11\/7.-PROCEDIMIENTO-PARA-LA-DESIGNACI\u00f4N-DE-LOS-MIEMBROS-DEL-EQUIPO-DE-EVALUACI\u00f4N.doc\">7. PROCEDIMIENTO PARA LA DESIGNACI\u00d3N DE LOS MIEMBROS DEL EQUIPO DE EVALUACI\u00d3N<\/a><\/td>\n<td><a href=\"https:\/\/blogsaverroes.juntadeandalucia.es\/ariasmontano\/files\/2020\/11\/8.-NORMAS-SOBRE-LA-UTILIZACI\u00f4N-EN-EL-CENTRO-DE-TEL\u00ebFONOS-M\u00f4VILES.doc\">8. NORMAS SOBRE LA UTILIZACI\u00d3N EN EL CENTRO DE TEL\u00c9FONOS M\u00d3VILES<\/a><\/td>\n<\/tr>\n<tr>\n<td><a href=\"https:\/\/blogsaverroes.juntadeandalucia.es\/ariasmontano\/files\/2020\/11\/9.-EL-UNIFORME-ESCOLAR.doc\">9. EL UNIFORME ESCOLAR<\/a><\/td>\n<td><a href=\"https:\/\/blogsaverroes.juntadeandalucia.es\/ariasmontano\/files\/2020\/11\/10.-COMPETENCIAS-Y-FUNCIONES-RELATIVAS-A-LA-PREVENCI\u00f4N-DE-RIESGOS-LABORALES.doc\">10. COMPETENCIAS Y FUNCIONES RELATIVAS A LA PREVENCI\u00d3N DE RIESGOS LABORALES<\/a><\/td>\n<\/tr>\n<tr>\n<td><a href=\"https:\/\/blogsaverroes.juntadeandalucia.es\/ariasmontano\/files\/2020\/11\/11.-ORGANIZACI\u00f4N-DE-ACTIVIDADES-COMPLEMENTARIAS-QUE-IMPLIQUEN-LA-SALIDA-DEL-CENTRO-ESCOLAR.doc\">11. ORGANIZACI\u00d3N DE ACTIVIDADES COMPLEMENTARIAS QUE IMPLIQUEN LA SALIDA DEL CENTRO ESCOLAR<\/a><\/td>\n<td><a href=\"https:\/\/blogsaverroes.juntadeandalucia.es\/ariasmontano\/files\/2020\/11\/12.-PROCEDIMIENTO-PARA-PEDIR-SOLICITAR-UN-PERMISO-AL-DIRECTOR.doc\">12. PROCEDIMIENTO PARA PEDIR Y\/O SOLICITAR UN PERMISO AL DIRECTOR<\/a><\/td>\n<\/tr>\n<tr>\n<td><a href=\"https:\/\/blogsaverroes.juntadeandalucia.es\/ariasmontano\/files\/2020\/11\/13.-PROTOCOLO-DE-ACTUACI\u00f4N-EN-CASOS-DE-ABSENTISMO-ESCOLAR.doc\">13. PROTOCOLO DE ACTUACI\u00d3N EN CASOS DE ABSENTISMO ESCOLAR<\/a><\/td>\n<td><a href=\"https:\/\/blogsaverroes.juntadeandalucia.es\/ariasmontano\/files\/2020\/11\/14.-CRITERIOS-PARA-LA-ELABORACI\u00f4N-DE-HORARIOS.doc\">14. CRITERIOS PARA LA ELABORACI\u00d3N DE HORARIOS<\/a><\/td>\n<\/tr>\n<tr>\n<td><a href=\"https:\/\/blogsaverroes.juntadeandalucia.es\/ariasmontano\/files\/2020\/11\/15.-CRITERIOS-PARA-LA-ASIGNACI\u00f4N-DEL-ALUMNADO-DE-PR\u00fcCTICAS.doc\">15. CRITERIOS PARA LA ASIGNACI\u00d3N DEL ALUMNADO DE PR\u00c1CTICAS<\/a><\/td>\n<td><a href=\"https:\/\/blogsaverroes.juntadeandalucia.es\/ariasmontano\/files\/2020\/11\/16.-CRITERIOS-PARA-LA-ASIGNACI\u00f4N-DE-TUTOR\u00ecAS.doc\">16. CRITERIOS PARA LA ASIGNACI\u00d3N DE TUTOR\u00cdAS<\/a><\/td>\n<\/tr>\n<tr>\n<td><a href=\"https:\/\/blogsaverroes.juntadeandalucia.es\/ariasmontano\/files\/2020\/11\/17.-CRITERIOS-PARA-LA-ASIGNACI\u00f4N-DE-ENSE\u00e6ANZAS.doc\">17. CRITERIOS PARA LA ASIGNACI\u00d3N DE ENSE\u00d1ANZAS<\/a><\/td>\n<td><a href=\"https:\/\/blogsaverroes.juntadeandalucia.es\/ariasmontano\/files\/2020\/11\/18.-NORMAS-DE-ORGANIZACI\u00f4N-Y-FUNCIONAMIENTO.docx\">18. NORMAS DE ORGANIZACI\u00d3N Y FUNCIONAMIENTO<\/a><\/td>\n<\/tr>\n<\/tbody>\n<\/table>\n<p>&nbsp;<\/p>\n","protected":false},"excerpt":{"rendered":"<p>REGLAMENTO DE ORGANIZACI\u00d3N Y FUNCIONAMIENTO &nbsp; 1. CAUCES DE PARTICIPACI\u00d3N DE LOS DISTINTOS SECTORES DE LA COMUNIDAD EDUCATIVA EN TODOS LOS ASPECTOS RECOGIDOS EN EL&hellip;<\/p>\n","protected":false},"author":2828,"featured_media":0,"parent":0,"menu_order":0,"comment_status":"open","ping_status":"open","template":"","meta":{"ngg_post_thumbnail":0,"footnotes":"","_mc_calendar":[]},"aioseo_notices":[],"post_mailing_queue_ids":[],"_links":{"self":[{"href":"https:\/\/blogsaverroes.juntadeandalucia.es\/ariasmontano\/wp-json\/wp\/v2\/pages\/2190"}],"collection":[{"href":"https:\/\/blogsaverroes.juntadeandalucia.es\/ariasmontano\/wp-json\/wp\/v2\/pages"}],"about":[{"href":"https:\/\/blogsaverroes.juntadeandalucia.es\/ariasmontano\/wp-json\/wp\/v2\/types\/page"}],"author":[{"embeddable":true,"href":"https:\/\/blogsaverroes.juntadeandalucia.es\/ariasmontano\/wp-json\/wp\/v2\/users\/2828"}],"replies":[{"embeddable":true,"href":"https:\/\/blogsaverroes.juntadeandalucia.es\/ariasmontano\/wp-json\/wp\/v2\/comments?post=2190"}],"version-history":[{"count":10,"href":"https:\/\/blogsaverroes.juntadeandalucia.es\/ariasmontano\/wp-json\/wp\/v2\/pages\/2190\/revisions"}],"predecessor-version":[{"id":3884,"href":"https:\/\/blogsaverroes.juntadeandalucia.es\/ariasmontano\/wp-json\/wp\/v2\/pages\/2190\/revisions\/3884"}],"wp:attachment":[{"href":"https:\/\/blogsaverroes.juntadeandalucia.es\/ariasmontano\/wp-json\/wp\/v2\/media?parent=2190"}],"curies":[{"name":"wp","href":"https:\/\/api.w.org\/{rel}","templated":true}]}}