{"id":2308,"date":"2016-01-19T08:35:39","date_gmt":"2016-01-19T08:35:39","guid":{"rendered":"http:\/\/blogsaverroes.juntadeandalucia.es\/ariasmontano\/?page_id=2308"},"modified":"2025-11-10T12:59:31","modified_gmt":"2025-11-10T11:59:31","slug":"descargas","status":"publish","type":"page","link":"https:\/\/blogsaverroes.juntadeandalucia.es\/ariasmontano\/descargas\/","title":{"rendered":"Secretar\u00eda"},"content":{"rendered":"<h3><span style=\"text-decoration: underline\"><span style=\"color: #333399\"><strong><a style=\"color: #333399;text-decoration: underline\" href=\"https:\/\/blogsaverroes.juntadeandalucia.es\/ariasmontano\/files\/2025\/11\/Calendario-escolar-2025-2026.pdf\">Calendario escolar 2025-2026<\/a><\/strong><\/span><\/span><\/h3>\n<h3><span style=\"text-decoration: underline\"><span style=\"color: #333399\"><strong>Libros de texto del alumnado<\/strong><\/span><\/span><\/h3>\n<ul>\n<li>Infantil 3 a\u00f1os<\/li>\n<li>Infantil 4 a\u00f1os<\/li>\n<li>Infantil 5 a\u00f1os<\/li>\n<li>AETEA<\/li>\n<li><a href=\"https:\/\/blogsaverroes.juntadeandalucia.es\/ariasmontano\/files\/2025\/11\/libros-1o.pdf\">1\u00ba de Educaci\u00f3n Primaria<\/a><\/li>\n<li><a href=\"https:\/\/blogsaverroes.juntadeandalucia.es\/ariasmontano\/files\/2025\/11\/libros-2o.pdf\">2\u00ba de Educaci\u00f3n Primaria<\/a><\/li>\n<li>3\u00ba de Educaci\u00f3n Primaria<\/li>\n<li>4\u00ba de Educaci\u00f3n Primaria<\/li>\n<li>5\u00ba de Educaci\u00f3n Primaria<\/li>\n<li>6\u00ba de Educaci\u00f3n Primaria<\/li>\n<\/ul>\n","protected":false},"excerpt":{"rendered":"<p>Calendario escolar 2025-2026 Libros de texto del alumnado Infantil 3 a\u00f1os Infantil 4 a\u00f1os Infantil 5 a\u00f1os AETEA 1\u00ba de Educaci\u00f3n Primaria 2\u00ba de Educaci\u00f3n&hellip;<\/p>\n","protected":false},"author":2828,"featured_media":0,"parent":0,"menu_order":0,"comment_status":"open","ping_status":"open","template":"","meta":{"ngg_post_thumbnail":0,"footnotes":"","_mc_calendar":[]},"aioseo_notices":[],"post_mailing_queue_ids":[],"_links":{"self":[{"href":"https:\/\/blogsaverroes.juntadeandalucia.es\/ariasmontano\/wp-json\/wp\/v2\/pages\/2308"}],"collection":[{"href":"https:\/\/blogsaverroes.juntadeandalucia.es\/ariasmontano\/wp-json\/wp\/v2\/pages"}],"about":[{"href":"https:\/\/blogsaverroes.juntadeandalucia.es\/ariasmontano\/wp-json\/wp\/v2\/types\/page"}],"author":[{"embeddable":true,"href":"https:\/\/blogsaverroes.juntadeandalucia.es\/ariasmontano\/wp-json\/wp\/v2\/users\/2828"}],"replies":[{"embeddable":true,"href":"https:\/\/blogsaverroes.juntadeandalucia.es\/ariasmontano\/wp-json\/wp\/v2\/comments?post=2308"}],"version-history":[{"count":25,"href":"https:\/\/blogsaverroes.juntadeandalucia.es\/ariasmontano\/wp-json\/wp\/v2\/pages\/2308\/revisions"}],"predecessor-version":[{"id":3915,"href":"https:\/\/blogsaverroes.juntadeandalucia.es\/ariasmontano\/wp-json\/wp\/v2\/pages\/2308\/revisions\/3915"}],"wp:attachment":[{"href":"https:\/\/blogsaverroes.juntadeandalucia.es\/ariasmontano\/wp-json\/wp\/v2\/media?parent=2308"}],"curies":[{"name":"wp","href":"https:\/\/api.w.org\/{rel}","templated":true}]}}