{"id":3801,"date":"2025-10-17T12:48:49","date_gmt":"2025-10-17T11:48:49","guid":{"rendered":"https:\/\/blogsaverroes.juntadeandalucia.es\/ariasmontano\/?page_id=3801"},"modified":"2025-12-11T10:00:16","modified_gmt":"2025-12-11T09:00:16","slug":"tramites","status":"publish","type":"page","link":"https:\/\/blogsaverroes.juntadeandalucia.es\/ariasmontano\/tramites\/","title":{"rendered":"Tr\u00e1mites y descargas"},"content":{"rendered":"<h1 style=\"text-align: left\"><span style=\"color: #333399\"><em>TR\u00c1MITES<\/em><\/span><\/h1>\n<table style=\"width: 100%;border-collapse: collapse;border-color: #1d06cc;height: 48px\">\n<tbody>\n<tr style=\"height: 24px\">\n<td style=\"width: 100%;height: 24px\"><a href=\"https:\/\/www.juntadeandalucia.es\/educacion\/secretariavirtual\/accesoTramite\/462\/\">Secretar\u00eda virtual de los centros educativos&nbsp;<\/a><\/td>\n<\/tr>\n<tr style=\"height: 24px\">\n<td style=\"width: 100%;height: 24px\"><a href=\"https:\/\/www.juntadeandalucia.es\/educacion\/portales\/profesorado\/concursos-de-traslados\">Concurso de traslados 25\/26<\/a><\/td>\n<\/tr>\n<tr>\n<td style=\"width: 100%\"><a href=\"https:\/\/www.juntadeandalucia.es\/educacion\/portales\/web\/educacion\/w\/concurso-de-meritos-2025-2026-seleccion-de-directores?redirect=%2Feducacion%2Fportales%2F\">Concurso de m\u00e9ritos 2025-2026: Selecci\u00f3n de Directores<\/a><\/td>\n<\/tr>\n<tr>\n<td style=\"width: 100%\">&nbsp;<\/td>\n<\/tr>\n<\/tbody>\n<\/table>\n<p>&nbsp;<\/p>\n<h1><span style=\"color: #333399\"><em>DESCARGAS<\/em><\/span><\/h1>\n<table style=\"border-collapse: collapse;width: 100%;height: 72px\">\n<tbody>\n<tr style=\"height: 24px\">\n<td style=\"width: 100%;height: 24px\"><a href=\"https:\/\/blogsaverroes.juntadeandalucia.es\/ariasmontano\/files\/2025\/11\/Modelo-de-declaracion-jurada.pdf\">Modelo de declaraci\u00f3n jurada<\/a><\/td>\n<\/tr>\n<tr style=\"height: 24px\">\n<td style=\"width: 100%;height: 24px\"><a href=\"https:\/\/blogsaverroes.juntadeandalucia.es\/ariasmontano\/files\/2025\/12\/PARTE-DE-DISCIPLINA-CONDUCTAS-CONTRARIAS-LEVES.pdf\">Partes de disciplina conductas contrarias<\/a> (leves)<\/td>\n<\/tr>\n<tr style=\"height: 24px\">\n<td style=\"width: 100%;height: 24px\"><a href=\"https:\/\/blogsaverroes.juntadeandalucia.es\/ariasmontano\/files\/2025\/12\/PARTE-DE-DISCIPLINA-CONDUCTAS-GRAVEMENTE-PERJUDICIALES-GRAVES.pdf\">Partes de disciplina conductas gravemente perjudiciales<\/a> (graves)<\/td>\n<\/tr>\n<\/tbody>\n<\/table>\n","protected":false},"excerpt":{"rendered":"<p>TR\u00c1MITES Secretar\u00eda virtual de los centros educativos&nbsp; Concurso de traslados 25\/26 Concurso de m\u00e9ritos 2025-2026: Selecci\u00f3n de Directores &nbsp; &nbsp; DESCARGAS Modelo de declaraci\u00f3n jurada&hellip;<\/p>\n","protected":false},"author":2828,"featured_media":0,"parent":0,"menu_order":0,"comment_status":"closed","ping_status":"closed","template":"","meta":{"ngg_post_thumbnail":0,"footnotes":"","_mc_calendar":[]},"aioseo_notices":[],"post_mailing_queue_ids":[],"_links":{"self":[{"href":"https:\/\/blogsaverroes.juntadeandalucia.es\/ariasmontano\/wp-json\/wp\/v2\/pages\/3801"}],"collection":[{"href":"https:\/\/blogsaverroes.juntadeandalucia.es\/ariasmontano\/wp-json\/wp\/v2\/pages"}],"about":[{"href":"https:\/\/blogsaverroes.juntadeandalucia.es\/ariasmontano\/wp-json\/wp\/v2\/types\/page"}],"author":[{"embeddable":true,"href":"https:\/\/blogsaverroes.juntadeandalucia.es\/ariasmontano\/wp-json\/wp\/v2\/users\/2828"}],"replies":[{"embeddable":true,"href":"https:\/\/blogsaverroes.juntadeandalucia.es\/ariasmontano\/wp-json\/wp\/v2\/comments?post=3801"}],"version-history":[{"count":10,"href":"https:\/\/blogsaverroes.juntadeandalucia.es\/ariasmontano\/wp-json\/wp\/v2\/pages\/3801\/revisions"}],"predecessor-version":[{"id":3961,"href":"https:\/\/blogsaverroes.juntadeandalucia.es\/ariasmontano\/wp-json\/wp\/v2\/pages\/3801\/revisions\/3961"}],"wp:attachment":[{"href":"https:\/\/blogsaverroes.juntadeandalucia.es\/ariasmontano\/wp-json\/wp\/v2\/media?parent=3801"}],"curies":[{"name":"wp","href":"https:\/\/api.w.org\/{rel}","templated":true}]}}