{"id":3802,"date":"2025-10-17T12:48:49","date_gmt":"2025-10-17T11:48:49","guid":{"rendered":"https:\/\/blogsaverroes.juntadeandalucia.es\/ariasmontano\/?page_id=3802"},"modified":"2025-10-20T22:44:38","modified_gmt":"2025-10-20T21:44:38","slug":"contacto","status":"publish","type":"page","link":"https:\/\/blogsaverroes.juntadeandalucia.es\/ariasmontano\/contacto\/","title":{"rendered":"Contacto"},"content":{"rendered":"<table style=\"width: 100%;border-collapse: collapse;background-color: #370fd6;height: 644px\">\n<tbody>\n<tr style=\"height: 24px\">\n<td style=\"width: 100%;height: 24px\">\n<h1><em><strong><span style=\"color: #000000\">CONTACTO<\/span><\/strong><\/em><\/h1>\n<\/td>\n<\/tr>\n<tr style=\"height: 24px\">\n<td style=\"width: 100%;height: 77px\"><strong><span style=\"color: #000000\"><em>CEIP ARIAS MONTANO &#8211; Huelva<\/em><\/span><\/strong><\/td>\n<\/tr>\n<tr style=\"height: 543px\">\n<td style=\"width: 100%;background-color: #fafafa;height: 543px\">&nbsp;<\/p>\n<table style=\"border-collapse: collapse;width: 100%\">\n<tbody>\n<tr>\n<td style=\"width: 33.3333%;text-align: center\"><span style=\"color: #3366ff\"><strong>TEL\u00c9FONO<\/strong><\/span><\/p>\n<p>Consultas telef\u00f3nicas<\/p>\n<p>959 52 48 23<\/p>\n<p>&nbsp;<\/p>\n<p><a href=\"https:\/\/blogsaverroes.juntadeandalucia.es\/ariasmontano\/files\/2025\/10\/telefono-2.png\"><img loading=\"lazy\" decoding=\"async\" class=\"wp-image-3821 aligncenter\" src=\"https:\/\/blogsaverroes.juntadeandalucia.es\/ariasmontano\/files\/2025\/10\/telefono-2.png\" alt=\"\" width=\"87\" height=\"87\" srcset=\"https:\/\/blogsaverroes.juntadeandalucia.es\/ariasmontano\/files\/2025\/10\/telefono-2.png 225w, https:\/\/blogsaverroes.juntadeandalucia.es\/ariasmontano\/files\/2025\/10\/telefono-2-150x150.png 150w\" sizes=\"(max-width: 87px) 100vw, 87px\" \/><\/a><\/p>\n<p>&nbsp;<\/p>\n<p>&nbsp;<\/td>\n<td style=\"width: 33.3333%;text-align: center\"><span style=\"color: #3366ff\"><strong>CORREO ELECTR\u00d3NICO<\/strong><\/span><\/p>\n<p>Env\u00edanos tus consultas v\u00eda email<\/p>\n<p>21001387.edu@juntadeandalucia.es<\/p>\n<p>&nbsp;<\/p>\n<p><a style=\"text-align: center\" href=\"https:\/\/blogsaverroes.juntadeandalucia.es\/ariasmontano\/files\/2025\/10\/sobre-1.png\"><img loading=\"lazy\" decoding=\"async\" class=\"wp-image-3820 aligncenter\" src=\"https:\/\/blogsaverroes.juntadeandalucia.es\/ariasmontano\/files\/2025\/10\/sobre-1.png\" alt=\"\" width=\"114\" height=\"114\" srcset=\"https:\/\/blogsaverroes.juntadeandalucia.es\/ariasmontano\/files\/2025\/10\/sobre-1.png 225w, https:\/\/blogsaverroes.juntadeandalucia.es\/ariasmontano\/files\/2025\/10\/sobre-1-150x150.png 150w\" sizes=\"(max-width: 114px) 100vw, 114px\" \/><\/a><\/p>\n<p>&nbsp;<\/td>\n<td style=\"width: 33.3333%;text-align: center\"><strong><span style=\"color: #3366ff\">UBICACI\u00d3N<\/span><\/strong><\/p>\n<p>Avenida Diego Mor\u00f3n, 22<\/p>\n<p>21005, Huelva<\/p>\n<p><a href=\"https:\/\/maps.app.goo.gl\/7XihFtiZHywt6mzy5\">Ver en Google Map<\/a><\/p>\n<p><img loading=\"lazy\" decoding=\"async\" class=\" wp-image-3822 aligncenter\" style=\"text-align: start\" src=\"https:\/\/blogsaverroes.juntadeandalucia.es\/ariasmontano\/files\/2025\/10\/ubicacion-2.png\" alt=\"\" width=\"112\" height=\"112\" srcset=\"https:\/\/blogsaverroes.juntadeandalucia.es\/ariasmontano\/files\/2025\/10\/ubicacion-2.png 225w, https:\/\/blogsaverroes.juntadeandalucia.es\/ariasmontano\/files\/2025\/10\/ubicacion-2-150x150.png 150w\" sizes=\"(max-width: 112px) 100vw, 112px\" \/><\/p>\n<p>&nbsp;<\/p>\n<p>&nbsp;<\/td>\n<\/tr>\n<\/tbody>\n<\/table>\n<\/td>\n<\/tr>\n<\/tbody>\n<\/table>\n","protected":false},"excerpt":{"rendered":"<p>CONTACTO CEIP ARIAS MONTANO &#8211; Huelva &nbsp; TEL\u00c9FONO Consultas telef\u00f3nicas 959 52 48 23 &nbsp; &nbsp; &nbsp; CORREO ELECTR\u00d3NICO Env\u00edanos tus consultas v\u00eda email 21001387.edu@juntadeandalucia.es&hellip;<\/p>\n","protected":false},"author":2828,"featured_media":0,"parent":0,"menu_order":0,"comment_status":"closed","ping_status":"closed","template":"","meta":{"ngg_post_thumbnail":0,"footnotes":"","_mc_calendar":[]},"aioseo_notices":[],"post_mailing_queue_ids":[],"_links":{"self":[{"href":"https:\/\/blogsaverroes.juntadeandalucia.es\/ariasmontano\/wp-json\/wp\/v2\/pages\/3802"}],"collection":[{"href":"https:\/\/blogsaverroes.juntadeandalucia.es\/ariasmontano\/wp-json\/wp\/v2\/pages"}],"about":[{"href":"https:\/\/blogsaverroes.juntadeandalucia.es\/ariasmontano\/wp-json\/wp\/v2\/types\/page"}],"author":[{"embeddable":true,"href":"https:\/\/blogsaverroes.juntadeandalucia.es\/ariasmontano\/wp-json\/wp\/v2\/users\/2828"}],"replies":[{"embeddable":true,"href":"https:\/\/blogsaverroes.juntadeandalucia.es\/ariasmontano\/wp-json\/wp\/v2\/comments?post=3802"}],"version-history":[{"count":14,"href":"https:\/\/blogsaverroes.juntadeandalucia.es\/ariasmontano\/wp-json\/wp\/v2\/pages\/3802\/revisions"}],"predecessor-version":[{"id":3833,"href":"https:\/\/blogsaverroes.juntadeandalucia.es\/ariasmontano\/wp-json\/wp\/v2\/pages\/3802\/revisions\/3833"}],"wp:attachment":[{"href":"https:\/\/blogsaverroes.juntadeandalucia.es\/ariasmontano\/wp-json\/wp\/v2\/media?parent=3802"}],"curies":[{"name":"wp","href":"https:\/\/api.w.org\/{rel}","templated":true}]}}