{"id":3803,"date":"2025-10-17T12:48:49","date_gmt":"2025-10-17T11:48:49","guid":{"rendered":"https:\/\/blogsaverroes.juntadeandalucia.es\/ariasmontano\/?page_id=3803"},"modified":"2025-10-24T12:52:48","modified_gmt":"2025-10-24T11:52:48","slug":"planes-programas-y-proyectos","status":"publish","type":"page","link":"https:\/\/blogsaverroes.juntadeandalucia.es\/ariasmontano\/planes-programas-y-proyectos\/","title":{"rendered":"Planes, programas y proyectos"},"content":{"rendered":"<h3><span style=\"color: #000080\">Programas de participaci\u00f3n de oficio<\/span><\/h3>\n<table id=\"Gen_Id_000001\" class=\"table table-header-sticky-top table-hover table-bordered table-striped table-collapsable-SNC tabla-SNC TableData table-407\">\n<tbody>\n<tr class=\"menuContextual snc-row-0\">\n<td class=\"enlaceTabla text-left snc-col-0 cuerpo1 celdaConEnlaces\" rowspan=\"1\">\n<div class=\"d-block\"><span class=\"texto-SNC \">Bibliotecas Escolares<\/span><\/div>\n<\/td>\n<\/tr>\n<tr class=\"menuContextual snc-row-1\">\n<td class=\"enlaceTabla text-left snc-col-0 cuerpo2 celdaConEnlaces\" rowspan=\"1\">\n<div class=\"d-block\"><span class=\"texto-SNC \">Bienestar Emocional<\/span><\/div>\n<\/td>\n<\/tr>\n<tr class=\"menuContextual snc-row-2\">\n<td class=\"enlaceTabla text-left snc-col-0 cuerpo1 celdaConEnlaces\" rowspan=\"1\">\n<div class=\"d-block\"><span class=\"texto-SNC \">Plan de apertura de centros docentes<\/span><\/div>\n<\/td>\n<\/tr>\n<tr class=\"menuContextual snc-row-3\">\n<td class=\"enlaceTabla text-left snc-col-0 cuerpo2 celdaConEnlaces\" rowspan=\"1\">\n<div class=\"d-block\"><span class=\"texto-SNC \">Plan de igualdad de g\u00e9nero en educaci\u00f3n de Andaluc\u00eda<\/span><\/div>\n<\/td>\n<\/tr>\n<tr class=\"menuContextual snc-row-4\">\n<td class=\"enlaceTabla text-left snc-col-0 cuerpo1 celdaConEnlaces\" rowspan=\"1\">\n<div class=\"d-block\"><span class=\"texto-SNC \">TDE (Plan de Actuaci\u00f3n Digital &#8211; C\u00f3digo Escuela 4.0)<\/span><\/div>\n<\/td>\n<\/tr>\n<\/tbody>\n<\/table>\n<h3><span style=\"color: #000080\">Convocatoria general<\/span><\/h3>\n<table id=\"Gen_Id_000001\" class=\"table table-header-sticky-top table-hover table-bordered table-striped table-collapsable-SNC tabla-SNC TableData table-215\">\n<tbody>\n<tr class=\"menuContextual snc-row-0\">\n<td class=\"enlaceTabla text-left snc-col-0 cuerpo1 celdaConEnlaces\">\n<div class=\"d-block\">Pr\u00e1cticum Grado Maestro<\/div>\n<\/td>\n<\/tr>\n<\/tbody>\n<\/table>\n<h3><span style=\"color: #000080\">Convocatoria espec\u00edfica<\/span><\/h3>\n<table id=\"Gen_Id_000001\" class=\"table table-header-sticky-top table-hover table-bordered table-striped table-collapsable-SNC tabla-SNC TableData table-215\" style=\"width: 60.5112%\">\n<tbody>\n<tr class=\"menuContextual snc-row-0\">\n<td class=\"enlaceTabla text-left snc-col-0 cuerpo1 celdaConEnlaces\" style=\"width: 100%\" rowspan=\"1\">\n<div class=\"d-block\"><span class=\"texto-SNC \">Plan de Cooperaci\u00f3n Territorial en Refuerzo de&nbsp;la&nbsp;Competencia&nbsp;Matem\u00e1tica<\/span><\/div>\n<\/td>\n<\/tr>\n<tr class=\"menuContextual snc-row-1\">\n<td class=\"enlaceTabla text-left snc-col-0 cuerpo2 celdaConEnlaces\" style=\"width: 100%\" rowspan=\"1\">\n<div class=\"d-block\"><span class=\"texto-SNC \">PROA<\/span><\/div>\n<\/td>\n<\/tr>\n<tr class=\"menuContextual snc-row-2\">\n<td class=\"enlaceTabla text-left snc-col-0 cuerpo1 celdaConEnlaces\" style=\"width: 100%\" rowspan=\"1\">\n<div class=\"d-block\"><span class=\"texto-SNC \">PROA+ \u00abTRANSF\u00d3RMATE\u00bb<\/span><\/div>\n<\/td>\n<\/tr>\n<tr class=\"menuContextual snc-row-3\">\n<td class=\"enlaceTabla text-left snc-col-0 cuerpo2 celdaConEnlaces\" style=\"width: 100%\" rowspan=\"1\">\n<div class=\"d-block\"><span class=\"texto-SNC \">Programa de Atenci\u00f3n Socioeducativa ZTS<\/span><\/div>\n<\/td>\n<\/tr>\n<\/tbody>\n<\/table>\n<p>&nbsp;<\/p>\n","protected":false},"excerpt":{"rendered":"<p>Programas de participaci\u00f3n de oficio Bibliotecas Escolares Bienestar Emocional Plan de apertura de centros docentes Plan de igualdad de g\u00e9nero en educaci\u00f3n de Andaluc\u00eda TDE&hellip;<\/p>\n","protected":false},"author":2828,"featured_media":0,"parent":0,"menu_order":0,"comment_status":"closed","ping_status":"closed","template":"","meta":{"ngg_post_thumbnail":0,"footnotes":"","_mc_calendar":[]},"aioseo_notices":[],"post_mailing_queue_ids":[],"_links":{"self":[{"href":"https:\/\/blogsaverroes.juntadeandalucia.es\/ariasmontano\/wp-json\/wp\/v2\/pages\/3803"}],"collection":[{"href":"https:\/\/blogsaverroes.juntadeandalucia.es\/ariasmontano\/wp-json\/wp\/v2\/pages"}],"about":[{"href":"https:\/\/blogsaverroes.juntadeandalucia.es\/ariasmontano\/wp-json\/wp\/v2\/types\/page"}],"author":[{"embeddable":true,"href":"https:\/\/blogsaverroes.juntadeandalucia.es\/ariasmontano\/wp-json\/wp\/v2\/users\/2828"}],"replies":[{"embeddable":true,"href":"https:\/\/blogsaverroes.juntadeandalucia.es\/ariasmontano\/wp-json\/wp\/v2\/comments?post=3803"}],"version-history":[{"count":7,"href":"https:\/\/blogsaverroes.juntadeandalucia.es\/ariasmontano\/wp-json\/wp\/v2\/pages\/3803\/revisions"}],"predecessor-version":[{"id":3854,"href":"https:\/\/blogsaverroes.juntadeandalucia.es\/ariasmontano\/wp-json\/wp\/v2\/pages\/3803\/revisions\/3854"}],"wp:attachment":[{"href":"https:\/\/blogsaverroes.juntadeandalucia.es\/ariasmontano\/wp-json\/wp\/v2\/media?parent=3803"}],"curies":[{"name":"wp","href":"https:\/\/api.w.org\/{rel}","templated":true}]}}