{"id":3931,"date":"2025-11-24T12:03:10","date_gmt":"2025-11-24T11:03:10","guid":{"rendered":"https:\/\/blogsaverroes.juntadeandalucia.es\/ariasmontano\/?page_id=3931"},"modified":"2025-12-02T11:28:44","modified_gmt":"2025-12-02T10:28:44","slug":"ampa-el-tragaluz","status":"publish","type":"page","link":"https:\/\/blogsaverroes.juntadeandalucia.es\/ariasmontano\/ampa-el-tragaluz\/","title":{"rendered":"AMPA \u00abEL TRAGALUZ\u00bb"},"content":{"rendered":"<h3><a href=\"https:\/\/blogsaverroes.juntadeandalucia.es\/ariasmontano\/files\/2025\/11\/NINOS.jpg\"><img loading=\"lazy\" decoding=\"async\" class=\"size-medium wp-image-3943 aligncenter\" src=\"https:\/\/blogsaverroes.juntadeandalucia.es\/ariasmontano\/files\/2025\/11\/NINOS-300x48.jpg\" alt=\"\" width=\"300\" height=\"48\" srcset=\"https:\/\/blogsaverroes.juntadeandalucia.es\/ariasmontano\/files\/2025\/11\/NINOS-300x48.jpg 300w, https:\/\/blogsaverroes.juntadeandalucia.es\/ariasmontano\/files\/2025\/11\/NINOS-1024x165.jpg 1024w, https:\/\/blogsaverroes.juntadeandalucia.es\/ariasmontano\/files\/2025\/11\/NINOS-768x124.jpg 768w, https:\/\/blogsaverroes.juntadeandalucia.es\/ariasmontano\/files\/2025\/11\/NINOS.jpg 1066w\" sizes=\"(max-width: 300px) 100vw, 300px\" \/><\/a><\/h3>\n<h3 style=\"text-align: center\">\u00a1Hazte socio\/a del AMPA y \u00fanete a nuestra comunidad!<\/h3>\n<p style=\"text-align: center\">Ser parte de la Asociaci\u00f3n de Madres y Padres de Alumnos (AMPA) es la mejor forma de participar activamente en la vida del colegio y apoyar todas las actividades que organizamos para nuestros hijos e hijas.<\/p>\n<p style=\"text-align: center\">\u00bfC\u00f3mo unirte?<\/p>\n<p style=\"text-align: center\"><strong><a href=\"https:\/\/blogsaverroes.juntadeandalucia.es\/ariasmontano\/files\/2025\/11\/CLIPS.jpg\"><img loading=\"lazy\" decoding=\"async\" class=\"wp-image-3940 aligncenter\" src=\"https:\/\/blogsaverroes.juntadeandalucia.es\/ariasmontano\/files\/2025\/11\/CLIPS.jpg\" alt=\"\" width=\"95\" height=\"116\"><\/a>1) Transferencia bancaria<\/strong><\/p>\n<p style=\"text-align: center\">N\u00famero de cuenta:<\/p>\n<p style=\"text-align: center\">ES76 2100 7441 7322 0009 7779<\/p>\n<p style=\"text-align: center\">CONCEPTO: NOMBRE COMPLETO DEL NI\u00d1O\/A + CURSO<\/p>\n<p style=\"text-align: center\">Una sola cuota anual:<\/p>\n<p style=\"text-align: center\"><a href=\"https:\/\/blogsaverroes.juntadeandalucia.es\/ariasmontano\/files\/2025\/11\/BUHO.jpg\"><img loading=\"lazy\" decoding=\"async\" class=\"wp-image-3939 aligncenter\" src=\"https:\/\/blogsaverroes.juntadeandalucia.es\/ariasmontano\/files\/2025\/11\/BUHO-268x300.jpg\" alt=\"\" width=\"185\" height=\"207\" srcset=\"https:\/\/blogsaverroes.juntadeandalucia.es\/ariasmontano\/files\/2025\/11\/BUHO-268x300.jpg 268w, https:\/\/blogsaverroes.juntadeandalucia.es\/ariasmontano\/files\/2025\/11\/BUHO.jpg 315w\" sizes=\"(max-width: 185px) 100vw, 185px\" \/><\/a> 13\u20ac por un\/a hijo\/a<\/p>\n<p style=\"text-align: center\">15\u20ac si son dos o m\u00e1s hijos\/as<\/p>\n<p>&nbsp;<\/p>\n<p style=\"text-align: center\"><strong>2) Presencialmente en el colegio<\/strong><\/p>\n<p style=\"text-align: center\">Martes y jueves de 9:15 a 10:15 horas<\/p>\n<p style=\"text-align: center\">Grupo de WhatsApp solo para socios\/as<\/p>\n<p style=\"text-align: center\">Para que est\u00e9s siempre al d\u00eda, hemos creado un grupo exclusivo donde compartiremos informaci\u00f3n sobre eventos, actividades y concursos.<\/p>\n<p>&nbsp;<\/p>\n<p style=\"text-align: center\">Si quieres unirte, anota tu n\u00famero de tel\u00e9fono en la hoja de inscripci\u00f3n (desc\u00e1rgala <a href=\"https:\/\/blogsaverroes.juntadeandalucia.es\/ariasmontano\/files\/2025\/11\/imgtopdf_2411251257053.pdf\">aqu\u00ed<\/a>) o env\u00eda un WhatsApp al 687 592 207 y te a\u00f1adiremos directamente al grupo.<\/p>\n<p style=\"text-align: center\">Tambi\u00e9n puedes escribirnos al correo: <a href=\"mailto:ampaariasmontano@gmail.com\">ampaariasmontano@gmail.com<\/a><\/p>\n<p style=\"text-align: center\">\u00a1Tu apoyo es clave para hacer de nuestro colegio un lugar a\u00fan mejor!<\/p>\n<p>&nbsp;<\/p>\n<p style=\"text-align: center\"><strong>El equipo del AMPA<\/strong><\/p>\n<p><a href=\"https:\/\/blogsaverroes.juntadeandalucia.es\/ariasmontano\/files\/2025\/11\/LIBROS.jpg\"><img loading=\"lazy\" decoding=\"async\" class=\"wp-image-3942 alignleft\" src=\"https:\/\/blogsaverroes.juntadeandalucia.es\/ariasmontano\/files\/2025\/11\/LIBROS.jpg\" alt=\"\" width=\"135\" height=\"136\" srcset=\"https:\/\/blogsaverroes.juntadeandalucia.es\/ariasmontano\/files\/2025\/11\/LIBROS.jpg 256w, https:\/\/blogsaverroes.juntadeandalucia.es\/ariasmontano\/files\/2025\/11\/LIBROS-150x150.jpg 150w\" sizes=\"(max-width: 135px) 100vw, 135px\" \/><\/a><\/p>\n<p><a href=\"https:\/\/blogsaverroes.juntadeandalucia.es\/ariasmontano\/files\/2025\/11\/LAPICES.jpg\"><img loading=\"lazy\" decoding=\"async\" class=\"size-medium wp-image-3941 alignright\" src=\"https:\/\/blogsaverroes.juntadeandalucia.es\/ariasmontano\/files\/2025\/11\/LAPICES-300x110.jpg\" alt=\"\" width=\"300\" height=\"110\" srcset=\"https:\/\/blogsaverroes.juntadeandalucia.es\/ariasmontano\/files\/2025\/11\/LAPICES-300x110.jpg 300w, https:\/\/blogsaverroes.juntadeandalucia.es\/ariasmontano\/files\/2025\/11\/LAPICES.jpg 367w\" sizes=\"(max-width: 300px) 100vw, 300px\" \/><\/a><\/p>\n","protected":false},"excerpt":{"rendered":"<p>\u00a1Hazte socio\/a del AMPA y \u00fanete a nuestra comunidad! Ser parte de la Asociaci\u00f3n de Madres y Padres de Alumnos (AMPA) es la mejor forma&hellip;<\/p>\n","protected":false},"author":2828,"featured_media":0,"parent":0,"menu_order":0,"comment_status":"closed","ping_status":"closed","template":"","meta":{"ngg_post_thumbnail":0,"footnotes":"","_mc_calendar":[]},"aioseo_notices":[],"post_mailing_queue_ids":[],"_links":{"self":[{"href":"https:\/\/blogsaverroes.juntadeandalucia.es\/ariasmontano\/wp-json\/wp\/v2\/pages\/3931"}],"collection":[{"href":"https:\/\/blogsaverroes.juntadeandalucia.es\/ariasmontano\/wp-json\/wp\/v2\/pages"}],"about":[{"href":"https:\/\/blogsaverroes.juntadeandalucia.es\/ariasmontano\/wp-json\/wp\/v2\/types\/page"}],"author":[{"embeddable":true,"href":"https:\/\/blogsaverroes.juntadeandalucia.es\/ariasmontano\/wp-json\/wp\/v2\/users\/2828"}],"replies":[{"embeddable":true,"href":"https:\/\/blogsaverroes.juntadeandalucia.es\/ariasmontano\/wp-json\/wp\/v2\/comments?post=3931"}],"version-history":[{"count":13,"href":"https:\/\/blogsaverroes.juntadeandalucia.es\/ariasmontano\/wp-json\/wp\/v2\/pages\/3931\/revisions"}],"predecessor-version":[{"id":3958,"href":"https:\/\/blogsaverroes.juntadeandalucia.es\/ariasmontano\/wp-json\/wp\/v2\/pages\/3931\/revisions\/3958"}],"wp:attachment":[{"href":"https:\/\/blogsaverroes.juntadeandalucia.es\/ariasmontano\/wp-json\/wp\/v2\/media?parent=3931"}],"curies":[{"name":"wp","href":"https:\/\/api.w.org\/{rel}","templated":true}]}}