{"id":99,"date":"2015-03-16T07:22:54","date_gmt":"2015-03-16T07:22:54","guid":{"rendered":"http:\/\/blogsaverroes.juntadeandalucia.es\/pre\/ceip\/?page_id=99"},"modified":"2025-11-05T12:17:11","modified_gmt":"2025-11-05T11:17:11","slug":"comedor-escolar","status":"publish","type":"page","link":"https:\/\/blogsaverroes.juntadeandalucia.es\/ariasmontano\/comedor-escolar\/","title":{"rendered":"Comedor escolar"},"content":{"rendered":"<h1 style=\"text-align: left\" align=\"center\"><a href=\"https:\/\/blogsaverroes.juntadeandalucia.es\/ariasmontano\/files\/2025\/11\/Sin-titulo.jpg\"><img loading=\"lazy\" decoding=\"async\" class=\"size-full wp-image-3904 alignright\" src=\"https:\/\/blogsaverroes.juntadeandalucia.es\/ariasmontano\/files\/2025\/11\/Sin-titulo.jpg\" alt=\"\" width=\"251\" height=\"48\"><\/a> <a href=\"https:\/\/blogsaverroes.juntadeandalucia.es\/ariasmontano\/files\/2025\/11\/logo-alimentart.png\"><img loading=\"lazy\" decoding=\"async\" class=\" wp-image-3903 alignleft\" src=\"https:\/\/blogsaverroes.juntadeandalucia.es\/ariasmontano\/files\/2025\/11\/logo-alimentart.png\" alt=\"\" width=\"154\" height=\"75\"><\/a><\/h1>\n<h1 align=\"center\">&nbsp;<\/h1>\n<h1 style=\"text-align: center\" align=\"center\"><span style=\"color: #000080\">Comedor Escolar<\/span><\/h1>\n<p>&nbsp;<\/p>\n<h2 class=\"Estilo8\" align=\"center\"><span style=\"color: #333399\">GESTI\u00d3N SERVICIO COMEDOR<\/span><br \/>\n<span style=\"color: #333399\">CURSO 2025-2026<\/span><\/h2>\n<p class=\"Estilo8\" style=\"text-align: justify\" align=\"center\"><strong>El grupo Mediterr\u00e1nea de catering<\/strong> es la empresa que gestiona el servicio de comedor, por favor lea detenidamente la carta para evitar posibles incidencias.<\/p>\n<p class=\"Estilo8\" style=\"text-align: justify\" align=\"center\">El precio del men\u00fa para el curso escolar es 5.54\u20ac\/ d\u00eda sin bonificaci\u00f3n.<\/p>\n<p class=\"Estilo8\" style=\"text-align: justify\" align=\"center\">La utilizaci\u00f3n del servicio podr\u00e1 solicitarse por meses completos o para d\u00edas concretos de la semana, existiendo \u00fanicamente los siguientes tipos de usuarios:<\/p>\n<p class=\"Estilo8\" style=\"text-align: justify\" align=\"center\"><span style=\"text-decoration: underline\">Usuario habitual<\/span>, come de lunes a viernes<\/p>\n<p class=\"Estilo8\" style=\"text-align: justify\" align=\"center\"><span style=\"text-decoration: underline\">Usuario habitual fijo-discontinuo<\/span>, no come todos los d\u00edas de la semana, pero come d\u00edas fijos (ej, lunes y mi\u00e9rcoles). Si usted solicita el fijo discontinuo debe informarnos a nosotros de los d\u00edas de la semana que <span style=\"text-decoration: underline\"><span style=\"color: #ff0000;text-decoration: underline\">no asiste<\/span><\/span> (mi hijo no va a asistir nunca martes, jueves y viernes), ya que dicha informaci\u00f3n no la recibimos por parte del centro.<\/p>\n<p class=\"Estilo8\" style=\"text-align: justify\" align=\"center\"><strong>Para el resto de los usuarios que no cumplan ninguno de estos dos tipos deber\u00e1n de notificar con el tiempo impuesto en los pliegos de prescripciones (3 d\u00edas de preaviso) la NO asistencia al comedor. Los casos de usuarios que necesiten el servicio solo alg\u00fan d\u00eda del mes tendr\u00e1n que notificar la ausencia de todos los d\u00edas que no utilicen el servicio. (Ej ,Si mi hij@ solo va a asistir 3 d\u00edas en el mes de octubre o asiste semanas alternas, tendr\u00e1 que marcar en la web o avisar por correo electr\u00f3nico <span style=\"text-decoration: underline\"><span style=\"color: #ff0000;text-decoration: underline\">los d\u00edas que NO va asistir<\/span><\/span> , siempre cumpliendo con el preaviso de tres d\u00edas).<\/strong><\/p>\n<h4 class=\"Estilo8\" style=\"text-align: justify\" align=\"center\">Si el alumno requiere una DIETA especial, debe aportar informe m\u00e9dico completo del alerg\u00f3logo\/pediatra adjunt\u00e1ndolo en un email a: <a href=\"mailto:dietetica.andalucia@alimentart.com\">dietetica.andalucia@alimentart.com<\/a><\/h4>\n<p class=\"Estilo8\" style=\"text-align: justify\" align=\"center\"><strong><span style=\"text-decoration: underline\">Si ya nos lo aport\u00f3 el curso pasado<\/span><\/strong> no es necesario, salvo comunicaci\u00f3n de baja o modificaci\u00f3n. Desde esta direcci\u00f3n se le responder\u00e1 su fecha de inicio o recepci\u00f3n en el centro. A esta misma direcci\u00f3n puede solicitar el men\u00fa correspondiente o informaci\u00f3n sobre AL\u00c9RGENOS y\/o <strong>dieta blanda\/astringente<\/strong><\/p>\n<p class=\"Estilo8\" style=\"text-align: justify\" align=\"center\">Los usuarios podr\u00e1n avisar de sus ausencias del comedor con una antelaci\u00f3n m\u00ednima de <strong>tres d\u00edas<\/strong>, sin coste econ\u00f3mico alguno para el usuario. Las <strong>ausencias por excursi\u00f3n<\/strong> deben se informadas a nosotros ya que el centro no tiene obligaci\u00f3n de informar de dicha salida.<\/p>\n<p class=\"Estilo8\" style=\"text-align: justify\" align=\"center\">La notificaci\u00f3n de la No asistencia o faltas se debe registrar a trav\u00e9s de la web de padres (en el mes de septiembre y parte de octubre a\u00fan no est\u00e1n registrados correctamente todos los usuarios con sus bonificaciones por lo cual le aconsejamos que la ausencia la tramite a trav\u00e9s del correo mientras la web no se encuentra operativa) y en el caso de que no est\u00e9 registrado puede enviarlo a:<\/p>\n<p class=\"Estilo8\" style=\"text-align: center\" align=\"center\"><strong><a href=\"mailto:administracion.huelva@mediterranea-group.com\">administracion.huelva@mediterranea-group.com<\/a><\/strong><\/p>\n<p align=\"center\">&nbsp;<\/p>\n<h1 style=\"text-align: left\" align=\"center\"><a href=\"https:\/\/blogsaverroes.juntadeandalucia.es\/ariasmontano\/files\/2025\/11\/CODIGO-QR.jpg\"><img loading=\"lazy\" decoding=\"async\" class=\"wp-image-3902 aligncenter\" src=\"https:\/\/blogsaverroes.juntadeandalucia.es\/ariasmontano\/files\/2025\/11\/CODIGO-QR.jpg\" alt=\"\" width=\"74\" height=\"89\"><\/a><\/h1>\n<p class=\"Estilo8\" style=\"text-align: justify\" align=\"center\">con un preaviso de <strong>tres d\u00edas (no se contesta a estos mails, existe una respuesta autom\u00e1tica para garantizar su recepci\u00f3n).<\/strong><\/p>\n<p class=\"Estilo8\" style=\"text-align: justify\" align=\"center\">En caso de enfermedad, tambi\u00e9n se podr\u00e1 anular el servicio durante cualquier d\u00eda de la prestaci\u00f3n siempre que la anulaci\u00f3n quede acreditada por la asistencia del usuario a consulta m\u00e9dica, tendr\u00e1 un plazo m\u00e1ximo de 5 d\u00edas para aportarlo.<\/p>\n<p class=\"Estilo8\" style=\"text-align: justify\" align=\"center\">Se considerar\u00e1 suficientemente justificada este tipo de ausencia con la presentaci\u00f3n de cualquiera de los documentos siguientes:<\/p>\n<p class=\"Estilo8\" style=\"text-align: justify\" align=\"center\">-Informe de asistencia a consulta o justificante de acceso a demanda de asistencia.<\/p>\n<p class=\"Estilo8\" style=\"text-align: justify\" align=\"center\">La solicitud de <strong>baja<\/strong> en el servicio se comunicar\u00e1 con <strong>una antelaci\u00f3n de al menos una semana<\/strong> del inicio del mes en el que se pretenda hacer efectiva la baja. (Ej. Si mi intenci\u00f3n es dar de baja el servicio para el d\u00eda 1 de octubre tendr\u00e9 que solicitarla la baja a la empresa que gestiona el servicio y al centro escolar antes del 25 de septiembre).<\/p>\n<p class=\"Estilo8\" style=\"text-align: justify\" align=\"center\">Las familias podr\u00e1n registrarse en la web de familias para poder notificar dichas ausencias, consultar recibos, visualizar el men\u00fa\u2026..<\/p>\n<h3 class=\"Estilo8\" style=\"text-align: center\" align=\"center\"><strong><a href=\"http:\/\/andalucia.mediterranea-group.com\/\">http:\/\/andalucia.mediterranea-group.com\/<\/a><\/strong><\/h3>\n<p class=\"Estilo8\" style=\"text-align: justify\" align=\"center\">Para poder registrarse en la web, el usuario debe tener registrado un correo electr\u00f3nico en la ficha del alumno. Si no puede registrarse correctamente contacte con nosotros a trav\u00e9s del mail para subsanar la incidencia. <strong>La web no estar\u00e1 disponible hasta la publicaci\u00f3n del listado definitivo de bonificaciones.<\/strong><\/p>\n<p class=\"Estilo8\" style=\"text-align: justify\" align=\"center\">Los recibos del comedor se emitir\u00e1n a mes vencido alrededor del d\u00eda 10 del siguiente mes, a excepci\u00f3n de los meses de septiembre y octubre que se emitir\u00e1n casi conjuntamente una vez est\u00e9n publicadas las bonificaciones definitivas. Rogamos que lo tengan en cuenta para evitar posibles devoluciones.<\/p>\n<p class=\"Estilo8\" style=\"text-align: justify\" align=\"center\">El pago del comedor se realizar\u00e1 solo y exclusivamente a trav\u00e9s de domiciliaci\u00f3n bancaria (el comensal solo podr\u00e1 tener asignado un \u00fanico n\u00famero de cuenta).<\/p>\n<p class=\"Estilo8\" style=\"text-align: justify\" align=\"center\">Aquellos usuarios que no dispongan de n\u00famero de cta. bancaria causar\u00e1n baja inmediata en el comedor. Si modifica su n\u00famero de cuenta una vez comenzado el curso, debe informarlo a nosotros directamente para evitar intermediarios y posibles domiciliaciones err\u00f3neas.<\/p>\n<p class=\"Estilo8\" style=\"text-align: justify\" align=\"center\">Si alg\u00fan recibo no es correcto le rogamos que contacte con nosotros a trav\u00e9s de mail para proceder a la soluci\u00f3n de dicha incidencia y NO devuelva el recibo ya que conllevar\u00e1 unos gastos de 2\u20ac de devoluci\u00f3n por cada recibo devuelto.<\/p>\n<p class=\"Estilo8\" style=\"text-align: justify\" align=\"center\">Por causas motivadas de impago de recibo, la empresa adjudicataria del servicio podr\u00e1 autorizar en conjunto con el Centro la baja temporal o definitiva de los usuarios del servicio de comedor.<\/p>\n<p class=\"Estilo8\" style=\"text-align: justify\" align=\"center\">El resto de las incidencias se tramitar\u00e1n a trav\u00e9s del mismo mail y le daremos una contestaci\u00f3n a la mayor brevedad posible.<\/p>\n<p class=\"Estilo8\" style=\"text-align: justify\" align=\"center\">Atentamente.<\/p>\n","protected":false},"excerpt":{"rendered":"<p>&nbsp; Comedor Escolar &nbsp; GESTI\u00d3N SERVICIO COMEDOR CURSO 2025-2026 El grupo Mediterr\u00e1nea de catering es la empresa que gestiona el servicio de comedor, por favor&hellip;<\/p>\n","protected":false},"author":2828,"featured_media":0,"parent":0,"menu_order":0,"comment_status":"closed","ping_status":"open","template":"","meta":{"ngg_post_thumbnail":0,"footnotes":"","_mc_calendar":[]},"aioseo_notices":[],"post_mailing_queue_ids":[],"_links":{"self":[{"href":"https:\/\/blogsaverroes.juntadeandalucia.es\/ariasmontano\/wp-json\/wp\/v2\/pages\/99"}],"collection":[{"href":"https:\/\/blogsaverroes.juntadeandalucia.es\/ariasmontano\/wp-json\/wp\/v2\/pages"}],"about":[{"href":"https:\/\/blogsaverroes.juntadeandalucia.es\/ariasmontano\/wp-json\/wp\/v2\/types\/page"}],"author":[{"embeddable":true,"href":"https:\/\/blogsaverroes.juntadeandalucia.es\/ariasmontano\/wp-json\/wp\/v2\/users\/2828"}],"replies":[{"embeddable":true,"href":"https:\/\/blogsaverroes.juntadeandalucia.es\/ariasmontano\/wp-json\/wp\/v2\/comments?post=99"}],"version-history":[{"count":11,"href":"https:\/\/blogsaverroes.juntadeandalucia.es\/ariasmontano\/wp-json\/wp\/v2\/pages\/99\/revisions"}],"predecessor-version":[{"id":3905,"href":"https:\/\/blogsaverroes.juntadeandalucia.es\/ariasmontano\/wp-json\/wp\/v2\/pages\/99\/revisions\/3905"}],"wp:attachment":[{"href":"https:\/\/blogsaverroes.juntadeandalucia.es\/ariasmontano\/wp-json\/wp\/v2\/media?parent=99"}],"curies":[{"name":"wp","href":"https:\/\/api.w.org\/{rel}","templated":true}]}}