{"id":186,"date":"2020-06-06T18:05:34","date_gmt":"2020-06-06T16:05:34","guid":{"rendered":"https:\/\/blogsaverroes.juntadeandalucia.es\/arpegiodecorcheas\/?page_id=186"},"modified":"2026-01-03T17:37:24","modified_gmt":"2026-01-03T16:37:24","slug":"the-keyboard-music-box","status":"publish","type":"page","link":"https:\/\/blogsaverroes.juntadeandalucia.es\/arpegiodecorcheas\/","title":{"rendered":"THE KEYBOARD MUSIC BOX"},"content":{"rendered":"<p><img fetchpriority=\"high\" decoding=\"async\" class=\"aligncenter size-full wp-image-162\" src=\"https:\/\/blogsaverroes.juntadeandalucia.es\/arpegiodecorcheas\/files\/2020\/06\/J._B._Streicher_Grand_Piano_Vienna_1869_Schubert_Club_St._Paul_Minnesota.jpg\" alt=\"\" width=\"3840\" height=\"2970\" srcset=\"https:\/\/blogsaverroes.juntadeandalucia.es\/arpegiodecorcheas\/files\/2020\/06\/J._B._Streicher_Grand_Piano_Vienna_1869_Schubert_Club_St._Paul_Minnesota.jpg 3840w, https:\/\/blogsaverroes.juntadeandalucia.es\/arpegiodecorcheas\/files\/2020\/06\/J._B._Streicher_Grand_Piano_Vienna_1869_Schubert_Club_St._Paul_Minnesota-300x232.jpg 300w, https:\/\/blogsaverroes.juntadeandalucia.es\/arpegiodecorcheas\/files\/2020\/06\/J._B._Streicher_Grand_Piano_Vienna_1869_Schubert_Club_St._Paul_Minnesota-768x594.jpg 768w, https:\/\/blogsaverroes.juntadeandalucia.es\/arpegiodecorcheas\/files\/2020\/06\/J._B._Streicher_Grand_Piano_Vienna_1869_Schubert_Club_St._Paul_Minnesota-1024x792.jpg 1024w, https:\/\/blogsaverroes.juntadeandalucia.es\/arpegiodecorcheas\/files\/2020\/06\/J._B._Streicher_Grand_Piano_Vienna_1869_Schubert_Club_St._Paul_Minnesota-24x19.jpg 24w, https:\/\/blogsaverroes.juntadeandalucia.es\/arpegiodecorcheas\/files\/2020\/06\/J._B._Streicher_Grand_Piano_Vienna_1869_Schubert_Club_St._Paul_Minnesota-36x28.jpg 36w, https:\/\/blogsaverroes.juntadeandalucia.es\/arpegiodecorcheas\/files\/2020\/06\/J._B._Streicher_Grand_Piano_Vienna_1869_Schubert_Club_St._Paul_Minnesota-48x37.jpg 48w\" sizes=\"(max-width: 767px) 89vw, (max-width: 1000px) 54vw, (max-width: 1071px) 543px, 580px\" \/><\/p>\n<p style=\"text-align: justify\"><span style=\"font-size: 14pt;font-family: 'book antiqua', palatino, serif\">Blog divulgativo orientado a las Ense\u00f1anzas Profesionales de M\u00fasica, alrededor del universo, historia, estilo, evoluci\u00f3n y pr\u00e1ctica interpretativa de los instrumentos de teclado, con art\u00edculos de Musicolog\u00eda pian\u00edstica, sobre obras de referencia en la Pedagog\u00eda instrumental.<\/span><\/p>\n<p>&nbsp;<\/p>\n","protected":false},"excerpt":{"rendered":"<p>Blog divulgativo orientado a las Ense\u00f1anzas Profesionales de M\u00fasica, alrededor del universo, historia, estilo, evoluci\u00f3n y pr\u00e1ctica interpretativa de los instrumentos de teclado, con art\u00edculos de Musicolog\u00eda pian\u00edstica, sobre obras de referencia en la Pedagog\u00eda instrumental. &nbsp;<\/p>\n","protected":false},"author":10238,"featured_media":0,"parent":0,"menu_order":0,"comment_status":"closed","ping_status":"closed","template":"","meta":{"ngg_post_thumbnail":0,"footnotes":""},"aioseo_notices":[],"_links":{"self":[{"href":"https:\/\/blogsaverroes.juntadeandalucia.es\/arpegiodecorcheas\/wp-json\/wp\/v2\/pages\/186"}],"collection":[{"href":"https:\/\/blogsaverroes.juntadeandalucia.es\/arpegiodecorcheas\/wp-json\/wp\/v2\/pages"}],"about":[{"href":"https:\/\/blogsaverroes.juntadeandalucia.es\/arpegiodecorcheas\/wp-json\/wp\/v2\/types\/page"}],"author":[{"embeddable":true,"href":"https:\/\/blogsaverroes.juntadeandalucia.es\/arpegiodecorcheas\/wp-json\/wp\/v2\/users\/10238"}],"replies":[{"embeddable":true,"href":"https:\/\/blogsaverroes.juntadeandalucia.es\/arpegiodecorcheas\/wp-json\/wp\/v2\/comments?post=186"}],"version-history":[{"count":6,"href":"https:\/\/blogsaverroes.juntadeandalucia.es\/arpegiodecorcheas\/wp-json\/wp\/v2\/pages\/186\/revisions"}],"predecessor-version":[{"id":807,"href":"https:\/\/blogsaverroes.juntadeandalucia.es\/arpegiodecorcheas\/wp-json\/wp\/v2\/pages\/186\/revisions\/807"}],"wp:attachment":[{"href":"https:\/\/blogsaverroes.juntadeandalucia.es\/arpegiodecorcheas\/wp-json\/wp\/v2\/media?parent=186"}],"curies":[{"name":"wp","href":"https:\/\/api.w.org\/{rel}","templated":true}]}}