{"id":243,"date":"2020-06-11T11:57:52","date_gmt":"2020-06-11T09:57:52","guid":{"rendered":"https:\/\/blogsaverroes.juntadeandalucia.es\/arpegiodecorcheas\/?page_id=243"},"modified":"2020-06-12T08:55:17","modified_gmt":"2020-06-12T06:55:17","slug":"sobre-mi","status":"publish","type":"page","link":"https:\/\/blogsaverroes.juntadeandalucia.es\/arpegiodecorcheas\/sobre-mi\/","title":{"rendered":"SOBRE M\u00cd"},"content":{"rendered":"<p style=\"text-align: justify\"><span style=\"font-family: 'book antiqua', palatino, serif;font-size: 14pt\"><img fetchpriority=\"high\" decoding=\"async\" class=\"alignleft wp-image-249 size-medium\" src=\"https:\/\/blogsaverroes.juntadeandalucia.es\/arpegiodecorcheas\/files\/2020\/06\/PIANO-e1591872637931-213x300.jpg\" alt=\"\" width=\"213\" height=\"300\" srcset=\"https:\/\/blogsaverroes.juntadeandalucia.es\/arpegiodecorcheas\/files\/2020\/06\/PIANO-e1591872637931-213x300.jpg 213w, https:\/\/blogsaverroes.juntadeandalucia.es\/arpegiodecorcheas\/files\/2020\/06\/PIANO-e1591872637931-768x1080.jpg 768w, https:\/\/blogsaverroes.juntadeandalucia.es\/arpegiodecorcheas\/files\/2020\/06\/PIANO-e1591872637931-728x1024.jpg 728w, https:\/\/blogsaverroes.juntadeandalucia.es\/arpegiodecorcheas\/files\/2020\/06\/PIANO-e1591872637931-17x24.jpg 17w, https:\/\/blogsaverroes.juntadeandalucia.es\/arpegiodecorcheas\/files\/2020\/06\/PIANO-e1591872637931-26x36.jpg 26w, https:\/\/blogsaverroes.juntadeandalucia.es\/arpegiodecorcheas\/files\/2020\/06\/PIANO-e1591872637931-34x48.jpg 34w, https:\/\/blogsaverroes.juntadeandalucia.es\/arpegiodecorcheas\/files\/2020\/06\/PIANO-e1591872637931.jpg 1451w\" sizes=\"(max-width: 213px) 100vw, 213px\" \/>Borja Garc\u00eda Sangr\u00e1 es Profesor Superior de Piano por el&nbsp; Conservatorio Superior de M\u00fasica \u00abVictoria Eugenia\u00bb de Granada, y Licenciado en la rama de Musicolog\u00eda, de Historia del Arte por la Universidad de la misma ciudad. Alentado por su participaci\u00f3n en los encuentros sobre \u00abHistoria de la t\u00e9cnica pian\u00edstica y su pr\u00e1ctica interpretativa\u00bb, que el music\u00f3logo italiano Luca Chiantore dirigi\u00f3 durante dos cursos, a principios de los 2000 en el marco de la Fundaci\u00f3n Hazen &#8211; Hosseschruedes en Madrid, ha profundizado en los diversos aspectos de la gran tradici\u00f3n pian\u00edstica a&nbsp; trav\u00e9s de un intenso estudio y dedicaci\u00f3n investigadora de ensayos, publicaciones, colecciones de art\u00edculos, rese\u00f1as y tesinas de prestigiosos expertos music\u00f3logos e int\u00e9rpretes. Todo este \u00ab<em>Vadem\u00e9cum<\/em>\u00bb , que constituye a d\u00eda de hoy un \u00ab<em>work in progress<\/em>\u00bb , lo ha proyectado&nbsp; en su faceta docente instrumental , que comenz\u00f3 hace ya m\u00e1s de tres lustros en los conservatorios de m\u00fasica de la comunidad aut\u00f3noma de Andaluc\u00eda , y que, desde hoy, empieza a adquirir una cualidad acorde a los tiempos que vivimos, ofreci\u00e9ndoles su bienvenida en \u00ab<em><strong>The Keyboard Music Box<\/strong><\/em>\u00bb .<\/span><\/p>\n","protected":false},"excerpt":{"rendered":"<p>Borja Garc\u00eda Sangr\u00e1 es Profesor Superior de Piano por el&nbsp; Conservatorio Superior de M\u00fasica \u00abVictoria Eugenia\u00bb de Granada, y Licenciado en la rama de Musicolog\u00eda, de Historia del Arte por la Universidad de la misma ciudad. Alentado por su participaci\u00f3n en los encuentros sobre \u00abHistoria de la t\u00e9cnica pian\u00edstica y su pr\u00e1ctica interpretativa\u00bb, que el &hellip; <\/p>\n<p class=\"link-more\"><a href=\"https:\/\/blogsaverroes.juntadeandalucia.es\/arpegiodecorcheas\/sobre-mi\/\" class=\"more-link\">Continuar leyendo<span class=\"screen-reader-text\"> \u00abSOBRE M\u00cd\u00bb<\/span><\/a><\/p>\n","protected":false},"author":10238,"featured_media":0,"parent":0,"menu_order":0,"comment_status":"closed","ping_status":"closed","template":"","meta":{"ngg_post_thumbnail":0,"footnotes":""},"aioseo_notices":[],"_links":{"self":[{"href":"https:\/\/blogsaverroes.juntadeandalucia.es\/arpegiodecorcheas\/wp-json\/wp\/v2\/pages\/243"}],"collection":[{"href":"https:\/\/blogsaverroes.juntadeandalucia.es\/arpegiodecorcheas\/wp-json\/wp\/v2\/pages"}],"about":[{"href":"https:\/\/blogsaverroes.juntadeandalucia.es\/arpegiodecorcheas\/wp-json\/wp\/v2\/types\/page"}],"author":[{"embeddable":true,"href":"https:\/\/blogsaverroes.juntadeandalucia.es\/arpegiodecorcheas\/wp-json\/wp\/v2\/users\/10238"}],"replies":[{"embeddable":true,"href":"https:\/\/blogsaverroes.juntadeandalucia.es\/arpegiodecorcheas\/wp-json\/wp\/v2\/comments?post=243"}],"version-history":[{"count":5,"href":"https:\/\/blogsaverroes.juntadeandalucia.es\/arpegiodecorcheas\/wp-json\/wp\/v2\/pages\/243\/revisions"}],"predecessor-version":[{"id":266,"href":"https:\/\/blogsaverroes.juntadeandalucia.es\/arpegiodecorcheas\/wp-json\/wp\/v2\/pages\/243\/revisions\/266"}],"wp:attachment":[{"href":"https:\/\/blogsaverroes.juntadeandalucia.es\/arpegiodecorcheas\/wp-json\/wp\/v2\/media?parent=243"}],"curies":[{"name":"wp","href":"https:\/\/api.w.org\/{rel}","templated":true}]}}