{"id":425,"date":"2020-06-26T13:20:06","date_gmt":"2020-06-26T11:20:06","guid":{"rendered":"https:\/\/blogsaverroes.juntadeandalucia.es\/arpegiodecorcheas\/?page_id=425"},"modified":"2020-07-16T09:22:33","modified_gmt":"2020-07-16T07:22:33","slug":"about-the-keyboard-music-box","status":"publish","type":"page","link":"https:\/\/blogsaverroes.juntadeandalucia.es\/arpegiodecorcheas\/about-the-keyboard-music-box\/","title":{"rendered":"ABOUT THE KEYBOARD MUSIC BOX"},"content":{"rendered":"<p style=\"text-align: justify\"><span style=\"font-family: 'book antiqua', palatino, serif;font-size: 14pt\">El blog se articula en tres \u00e1reas tem\u00e1ticas presentes en el men\u00fa superior principal: las Ense\u00f1anzas Profesionales, Literatura del Piano y Estilos Pian\u00edsticos. Todas las entradas de cada secci\u00f3n se alojan, adem\u00e1s de en ella, de manera predeterminada y cronol\u00f3gica en la categor\u00eda <a href=\"https:\/\/blogsaverroes.juntadeandalucia.es\/arpegiodecorcheas\/home\/\" target=\"_blank\" rel=\"noopener noreferrer\">HOME<\/a> del INICIO.<\/span><\/p>\n<p style=\"text-align: justify\"><span style=\"font-family: 'book antiqua', palatino, serif;font-size: 14pt\">Las Ense\u00f1anzas Profesionales est\u00e1n compuestas por categor\u00edas correspondientes a cada curso de la especialidad, y alberga entradas referidas a repertorio variado, art\u00edculos de naturaleza diversa relacionados con las obras que encontramos en el curr\u00edculo, grabaciones de audio de las piezas propuestas, as\u00ed como enlaces a partituras habitualmente alojadas en IMSLP, biograf\u00edas, descripci\u00f3n de las formas musicales, v\u00eddeos de Youtube, etc.<\/span><\/p>\n<p style=\"text-align: justify\"><span style=\"font-family: 'book antiqua', palatino, serif;font-size: 14pt\">La secci\u00f3n de Literatura del Piano se orienta a la asignatura del curr\u00edculo impartida en el quinto curso de la especialidad, en cuyas entradas se pueden encontrar art\u00edculos de music\u00f3logos y estudiosos, rese\u00f1as, tesis doctorales de inter\u00e9s para aspectos concretos de los contenidos de la programaci\u00f3n de la asignatura, bien sean referidos a la evoluci\u00f3n de los instrumentos de teclado, sus fabricantes, relaci\u00f3n entre compositores y sus editores, m\u00e9todos hist\u00f3ricos para el instrumento, etc.<\/span><\/p>\n<p style=\"text-align: justify\"><span style=\"font-family: 'book antiqua', palatino, serif;font-size: 14pt\">Por \u00faltimo, el \u00e1rea de los Estilos Pian\u00edsticos recorre, a trav\u00e9s de sus entradas, repartidas en categor\u00edas propias de cada uno de ellos, la Historia de los instrumentos de teclado asimilados a la tradici\u00f3n interpretativa pian\u00edstica, incidiendo no \u00fanicamente en las \u00e9pocas cronol\u00f3gicas, sino tambi\u00e9n incluyendo las caracter\u00edsticas de las regiones geogr\u00e1ficas, los compositores e int\u00e9rpretes y sus instrumentos favoritos, las pr\u00e1cticas y convenciones interpretativas de cada uno de ellos, los usos editoriales, curiosidades recogidas en la correspondencia, etc.&nbsp;<\/span><\/p>\n<p style=\"text-align: justify\">&nbsp;<\/p>\n","protected":false},"excerpt":{"rendered":"<p>El blog se articula en tres \u00e1reas tem\u00e1ticas presentes en el men\u00fa superior principal: las Ense\u00f1anzas Profesionales, Literatura del Piano y Estilos Pian\u00edsticos. Todas las entradas de cada secci\u00f3n se alojan, adem\u00e1s de en ella, de manera predeterminada y cronol\u00f3gica en la categor\u00eda HOME del INICIO. Las Ense\u00f1anzas Profesionales est\u00e1n compuestas por categor\u00edas correspondientes a &hellip; <\/p>\n<p class=\"link-more\"><a href=\"https:\/\/blogsaverroes.juntadeandalucia.es\/arpegiodecorcheas\/about-the-keyboard-music-box\/\" class=\"more-link\">Continuar leyendo<span class=\"screen-reader-text\"> \u00abABOUT THE KEYBOARD MUSIC BOX\u00bb<\/span><\/a><\/p>\n","protected":false},"author":10238,"featured_media":0,"parent":0,"menu_order":0,"comment_status":"closed","ping_status":"closed","template":"","meta":{"ngg_post_thumbnail":0,"footnotes":""},"aioseo_notices":[],"_links":{"self":[{"href":"https:\/\/blogsaverroes.juntadeandalucia.es\/arpegiodecorcheas\/wp-json\/wp\/v2\/pages\/425"}],"collection":[{"href":"https:\/\/blogsaverroes.juntadeandalucia.es\/arpegiodecorcheas\/wp-json\/wp\/v2\/pages"}],"about":[{"href":"https:\/\/blogsaverroes.juntadeandalucia.es\/arpegiodecorcheas\/wp-json\/wp\/v2\/types\/page"}],"author":[{"embeddable":true,"href":"https:\/\/blogsaverroes.juntadeandalucia.es\/arpegiodecorcheas\/wp-json\/wp\/v2\/users\/10238"}],"replies":[{"embeddable":true,"href":"https:\/\/blogsaverroes.juntadeandalucia.es\/arpegiodecorcheas\/wp-json\/wp\/v2\/comments?post=425"}],"version-history":[{"count":10,"href":"https:\/\/blogsaverroes.juntadeandalucia.es\/arpegiodecorcheas\/wp-json\/wp\/v2\/pages\/425\/revisions"}],"predecessor-version":[{"id":467,"href":"https:\/\/blogsaverroes.juntadeandalucia.es\/arpegiodecorcheas\/wp-json\/wp\/v2\/pages\/425\/revisions\/467"}],"wp:attachment":[{"href":"https:\/\/blogsaverroes.juntadeandalucia.es\/arpegiodecorcheas\/wp-json\/wp\/v2\/media?parent=425"}],"curies":[{"name":"wp","href":"https:\/\/api.w.org\/{rel}","templated":true}]}}