{"id":31,"date":"2021-10-03T04:49:21","date_gmt":"2021-10-03T04:49:21","guid":{"rendered":"https:\/\/blogsaverroes.juntadeandalucia.es\/artetejada2122\/?page_id=31"},"modified":"2021-10-03T06:07:55","modified_gmt":"2021-10-03T06:07:55","slug":"herramientas","status":"publish","type":"page","link":"https:\/\/blogsaverroes.juntadeandalucia.es\/artetejada2122\/herramientas\/","title":{"rendered":"Herramientas"},"content":{"rendered":"<p><span class=\" aw5Odc\"><a class=\"XqQF9c\" href=\"https:\/\/drive.google.com\/file\/d\/1fq6VaPMCIvxbfnzyWF7j2aj_4qL42Pam\/view\" target=\"_blank\" rel=\"noopener noreferrer\">Normativa<\/a><\/span><\/p>\n<p><span class=\" aw5Odc\"><a class=\"XqQF9c\" href=\"https:\/\/drive.google.com\/file\/d\/1bH5q2PrwLLbgZrbybRbyYyZws24_ODWf\/view\" target=\"_blank\" rel=\"noopener noreferrer\">Modelos para comentar obras de arte<\/a><\/span><\/p>\n<p class=\"CDt4Ke zfr3Q\" dir=\"ltr\"><span class=\" aw5Odc\"><a class=\"XqQF9c\" href=\"https:\/\/www.google.com\/url?q=https%3A%2F%2Fes.wikihow.com%2Fescribir-una-cr%25C3%25ADtica-sobre-una-exposici%25C3%25B3n-de-arte&amp;sa=D&amp;sntz=1&amp;usg=AFQjCNGa2h5I-1QKNrV9fNS2uIB0pY36yg\" target=\"_blank\" rel=\"noopener noreferrer\">C\u00f3mo rese\u00f1ar una exposici\u00f3n<\/a><\/span><\/p>\n<p dir=\"ltr\"><a title=\"Para acceder al documento debes estar logueado como usuario corporativo del instituto.\" href=\"https:\/\/drive.google.com\/file\/d\/1sunAyo20KLLIGZht5YuM5UmZtMBlrdcp\/view?usp=sharing\" target=\"_blank\" rel=\"noopener noreferrer\">Diccionario art\u00edstico<\/a><\/p>\n<p dir=\"ltr\"><a href=\"https:\/\/drive.google.com\/file\/d\/1YrVZhwzLHPmzjNqT8vXPpqYNGAMHoa1S\/view?usp=sharing\" target=\"_blank\" rel=\"noopener noreferrer\">Publicaci\u00f3n de comentarios<\/a><\/p>\n<p>&#8211; <a href=\"https:\/\/www.youtube.com\/watch?v=7xT9Aslq62g&amp;t=351s\" target=\"_blank\" rel=\"noopener noreferrer\">Creaci\u00f3n de entradas en WordPress<\/a>.<\/p>\n<p>&#8211; <a href=\"https:\/\/www.youtube.com\/watch?v=eog0VihnoTg&amp;t=132s\" target=\"_blank\" rel=\"noopener noreferrer\">Trabajar el formato de texto<\/a>.<\/p>\n<p>&#8211; <a href=\"https:\/\/www.youtube.com\/watch?v=Gx3AEwrvtqI\" target=\"_blank\" rel=\"noopener noreferrer\">Crear enlaces<\/a>.<\/p>\n<p>&#8211; <a href=\"https:\/\/www.youtube.com\/watch?v=Gx3AEwrvtqI\" target=\"_blank\" rel=\"noopener noreferrer\">A\u00f1adir im\u00e1genes<\/a>.<\/p>\n<p>&#8211; <a href=\"https:\/\/blogsaverroes.juntadeandalucia.es\/abelam\/\" target=\"_blank\" rel=\"noopener noreferrer\">Blog del profesor<\/a>.<\/p>\n","protected":false},"excerpt":{"rendered":"<p>Normativa Modelos para comentar obras de arte C\u00f3mo rese\u00f1ar una exposici\u00f3n Diccionario art\u00edstico Publicaci\u00f3n de comentarios &#8211; Creaci\u00f3n de entradas en WordPress. &#8211; Trabajar el formato de texto. &#8211; Crear enlaces. &#8211; A\u00f1adir im\u00e1genes. &#8211; Blog del profesor.<\/p>\n","protected":false},"author":12632,"featured_media":0,"parent":0,"menu_order":0,"comment_status":"closed","ping_status":"closed","template":"","meta":{"ngg_post_thumbnail":0,"footnotes":""},"aioseo_notices":[],"_links":{"self":[{"href":"https:\/\/blogsaverroes.juntadeandalucia.es\/artetejada2122\/wp-json\/wp\/v2\/pages\/31"}],"collection":[{"href":"https:\/\/blogsaverroes.juntadeandalucia.es\/artetejada2122\/wp-json\/wp\/v2\/pages"}],"about":[{"href":"https:\/\/blogsaverroes.juntadeandalucia.es\/artetejada2122\/wp-json\/wp\/v2\/types\/page"}],"author":[{"embeddable":true,"href":"https:\/\/blogsaverroes.juntadeandalucia.es\/artetejada2122\/wp-json\/wp\/v2\/users\/12632"}],"replies":[{"embeddable":true,"href":"https:\/\/blogsaverroes.juntadeandalucia.es\/artetejada2122\/wp-json\/wp\/v2\/comments?post=31"}],"version-history":[{"count":4,"href":"https:\/\/blogsaverroes.juntadeandalucia.es\/artetejada2122\/wp-json\/wp\/v2\/pages\/31\/revisions"}],"predecessor-version":[{"id":36,"href":"https:\/\/blogsaverroes.juntadeandalucia.es\/artetejada2122\/wp-json\/wp\/v2\/pages\/31\/revisions\/36"}],"wp:attachment":[{"href":"https:\/\/blogsaverroes.juntadeandalucia.es\/artetejada2122\/wp-json\/wp\/v2\/media?parent=31"}],"curies":[{"name":"wp","href":"https:\/\/api.w.org\/{rel}","templated":true}]}}