{"id":131,"date":"2019-02-22T09:31:30","date_gmt":"2019-02-22T09:31:30","guid":{"rendered":"https:\/\/blogsaverroes.juntadeandalucia.es\/asesorandocompetencias\/?page_id=131"},"modified":"2019-03-29T10:48:13","modified_gmt":"2019-03-29T10:48:13","slug":"compartiendo-reflexiones","status":"publish","type":"page","link":"https:\/\/blogsaverroes.juntadeandalucia.es\/asesorandocompetencias\/compartiendo-reflexiones\/","title":{"rendered":"EL PORQU\u00c9 DEL CAMBIO"},"content":{"rendered":"<p><span style=\"color: #000000\">La p\u00e1gina \u00abEL PORQU\u00c9 DEL CAMBIO\u00bb&nbsp; va a contener diferentes art\u00edculos educativos cuya funci\u00f3n en generar conciencia de cambio. En base a art\u00edculos, informes, teor\u00edas, v\u00eddeos, etc, de diferentes autores refutados, se van a compartir reflexiones sobre qu\u00e9, c\u00f3mo y por qu\u00e9 hay que cambiar lo que estamos haciendo hasta ahora.<\/span><\/p>\n<p><span style=\"color: #000000\">As\u00ed, el fin de estos art\u00edculos no es otro que concienciar y animar al profesorado hacia el cambio, justificando este con evidencias.&nbsp;<\/span><\/p>\n<p><span style=\"color: #000000\">Los art\u00edculos que se van a ir a\u00f1adiendo&#8230;.<\/span><\/p>\n<ul>\n<li><span style=\"color: #000000\">Nueva Sociedad &#8211; Nuevas demandas.<\/span><\/li>\n<li><span style=\"color: #000000\">Ense\u00f1anza tradicional vs ense\u00f1anza tradicional: Cambio de Roles.<\/span><\/li>\n<li><span style=\"color: #000000\">La verdadera evoluci\u00f3n educativa: El cambio metodol\u00f3gico.<\/span><\/li>\n<li><span style=\"color: #000000\">La participaci\u00f3n de la comunidad educativa en la transformaci\u00f3n de contextos educativos.&nbsp;<\/span><\/li>\n<\/ul>\n","protected":false},"excerpt":{"rendered":"<p>La p\u00e1gina \u00abEL PORQU\u00c9 DEL CAMBIO\u00bb&nbsp; va a contener diferentes art\u00edculos educativos cuya funci\u00f3n en generar conciencia de cambio. En base a art\u00edculos, informes, teor\u00edas, v\u00eddeos, etc, de diferentes autores refutados, se van a&#46;&#46;&#46;<\/p>\n","protected":false},"author":3615,"featured_media":254,"parent":0,"menu_order":0,"comment_status":"closed","ping_status":"closed","template":"","meta":{"ngg_post_thumbnail":0,"footnotes":""},"aioseo_notices":[],"_links":{"self":[{"href":"https:\/\/blogsaverroes.juntadeandalucia.es\/asesorandocompetencias\/wp-json\/wp\/v2\/pages\/131"}],"collection":[{"href":"https:\/\/blogsaverroes.juntadeandalucia.es\/asesorandocompetencias\/wp-json\/wp\/v2\/pages"}],"about":[{"href":"https:\/\/blogsaverroes.juntadeandalucia.es\/asesorandocompetencias\/wp-json\/wp\/v2\/types\/page"}],"author":[{"embeddable":true,"href":"https:\/\/blogsaverroes.juntadeandalucia.es\/asesorandocompetencias\/wp-json\/wp\/v2\/users\/3615"}],"replies":[{"embeddable":true,"href":"https:\/\/blogsaverroes.juntadeandalucia.es\/asesorandocompetencias\/wp-json\/wp\/v2\/comments?post=131"}],"version-history":[{"count":5,"href":"https:\/\/blogsaverroes.juntadeandalucia.es\/asesorandocompetencias\/wp-json\/wp\/v2\/pages\/131\/revisions"}],"predecessor-version":[{"id":255,"href":"https:\/\/blogsaverroes.juntadeandalucia.es\/asesorandocompetencias\/wp-json\/wp\/v2\/pages\/131\/revisions\/255"}],"wp:featuredmedia":[{"embeddable":true,"href":"https:\/\/blogsaverroes.juntadeandalucia.es\/asesorandocompetencias\/wp-json\/wp\/v2\/media\/254"}],"wp:attachment":[{"href":"https:\/\/blogsaverroes.juntadeandalucia.es\/asesorandocompetencias\/wp-json\/wp\/v2\/media?parent=131"}],"curies":[{"name":"wp","href":"https:\/\/api.w.org\/{rel}","templated":true}]}}