{"id":38,"date":"2023-08-09T18:24:35","date_gmt":"2023-08-09T18:24:35","guid":{"rendered":"https:\/\/blogsaverroes.juntadeandalucia.es\/astigicienciasteamproyect\/?page_id=38"},"modified":"2023-08-25T18:18:29","modified_gmt":"2023-08-25T18:18:29","slug":"home","status":"publish","type":"page","link":"https:\/\/blogsaverroes.juntadeandalucia.es\/astigiciencia\/","title":{"rendered":"Home"},"content":{"rendered":"\t\t<div data-elementor-type=\"wp-page\" data-elementor-id=\"38\" class=\"elementor elementor-38\">\n\t\t\t\t\t\t<section class=\"elementor-section elementor-top-section elementor-element elementor-element-b169182 elementor-section-full_width elementor-hidden-mobile elementor-hidden-tablet elementor-section-height-default elementor-section-height-default\" data-id=\"b169182\" data-element_type=\"section\">\n\t\t\t\t\t\t<div class=\"elementor-container elementor-column-gap-default\">\n\t\t\t\t\t<div class=\"elementor-column elementor-col-100 elementor-top-column elementor-element elementor-element-b321e7f\" data-id=\"b321e7f\" data-element_type=\"column\">\n\t\t\t<div class=\"elementor-widget-wrap elementor-element-populated\">\n\t\t\t\t\t\t<div class=\"elementor-element elementor-element-0cb34e5 elementor-arrows-position-outside elementor-widget elementor-widget-image-carousel\" data-id=\"0cb34e5\" data-element_type=\"widget\" data-settings=\"{&quot;slides_to_show&quot;:&quot;5&quot;,&quot;image_spacing_custom&quot;:{&quot;unit&quot;:&quot;px&quot;,&quot;size&quot;:&quot;0&quot;,&quot;sizes&quot;:[]},&quot;slides_to_show_mobile&quot;:&quot;2&quot;,&quot;slides_to_show_tablet&quot;:&quot;4&quot;,&quot;navigation&quot;:&quot;arrows&quot;,&quot;autoplay&quot;:&quot;yes&quot;,&quot;pause_on_hover&quot;:&quot;yes&quot;,&quot;pause_on_interaction&quot;:&quot;yes&quot;,&quot;autoplay_speed&quot;:5000,&quot;infinite&quot;:&quot;yes&quot;,&quot;speed&quot;:500,&quot;image_spacing_custom_tablet&quot;:{&quot;unit&quot;:&quot;px&quot;,&quot;size&quot;:&quot;&quot;,&quot;sizes&quot;:[]},&quot;image_spacing_custom_mobile&quot;:{&quot;unit&quot;:&quot;px&quot;,&quot;size&quot;:&quot;&quot;,&quot;sizes&quot;:[]}}\" data-widget_type=\"image-carousel.default\">\n\t\t\t\t<div class=\"elementor-widget-container\">\n\t\t\t\t\t\t\t<div class=\"elementor-image-carousel-wrapper swiper\" role=\"region\" aria-roledescription=\"carousel\" aria-label=\"Carrusel de im\u00e1genes\" dir=\"ltr\">\n\t\t\t<div class=\"elementor-image-carousel swiper-wrapper\" aria-live=\"off\">\n\t\t\t\t\t\t\t\t<div class=\"swiper-slide\" role=\"group\" aria-roledescription=\"slide\" aria-label=\"1 de 6\"><figure class=\"swiper-slide-inner\"><img decoding=\"async\" class=\"swiper-slide-image\" src=\"https:\/\/blogsaverroes.juntadeandalucia.es\/astigiciencia\/files\/2023\/08\/chemistry-3533039_640-1-150x150.jpg\" alt=\"chemistry-3533039_640\" \/><\/figure><\/div><div class=\"swiper-slide\" role=\"group\" aria-roledescription=\"slide\" aria-label=\"2 de 6\"><figure class=\"swiper-slide-inner\"><img decoding=\"async\" class=\"swiper-slide-image\" src=\"https:\/\/blogsaverroes.juntadeandalucia.es\/astigiciencia\/files\/2023\/08\/dna-3539309_640-150x150.jpg\" alt=\"dna-3539309_640\" \/><\/figure><\/div><div class=\"swiper-slide\" role=\"group\" aria-roledescription=\"slide\" aria-label=\"3 de 6\"><figure class=\"swiper-slide-inner\"><img decoding=\"async\" class=\"swiper-slide-image\" src=\"https:\/\/blogsaverroes.juntadeandalucia.es\/astigiciencia\/files\/2023\/08\/mars-67522_640-150x150.jpg\" alt=\"mars-67522_640\" \/><\/figure><\/div><div class=\"swiper-slide\" role=\"group\" aria-roledescription=\"slide\" aria-label=\"4 de 6\"><figure class=\"swiper-slide-inner\"><img decoding=\"async\" class=\"swiper-slide-image\" src=\"https:\/\/blogsaverroes.juntadeandalucia.es\/astigiciencia\/files\/2023\/08\/mathematics-1282319_640-150x150.jpg\" alt=\"mathematics-1282319_640\" \/><\/figure><\/div><div class=\"swiper-slide\" role=\"group\" aria-roledescription=\"slide\" aria-label=\"5 de 6\"><figure class=\"swiper-slide-inner\"><img decoding=\"async\" class=\"swiper-slide-image\" src=\"https:\/\/blogsaverroes.juntadeandalucia.es\/astigiciencia\/files\/2023\/08\/glowing-2245832_640-150x150.jpg\" alt=\"glowing-2245832_640\" \/><\/figure><\/div><div class=\"swiper-slide\" role=\"group\" aria-roledescription=\"slide\" aria-label=\"6 de 6\"><figure class=\"swiper-slide-inner\"><img decoding=\"async\" class=\"swiper-slide-image\" src=\"https:\/\/blogsaverroes.juntadeandalucia.es\/astigiciencia\/files\/2023\/08\/logo-mini-150x150.png\" alt=\"logo mini\" \/><\/figure><\/div>\t\t\t<\/div>\n\t\t\t\t\t\t\t\t\t\t\t\t<div class=\"elementor-swiper-button elementor-swiper-button-prev\" role=\"button\" tabindex=\"0\">\n\t\t\t\t\t\t<i aria-hidden=\"true\" class=\"eicon-chevron-left\"><\/i>\t\t\t\t\t<\/div>\n\t\t\t\t\t<div class=\"elementor-swiper-button elementor-swiper-button-next\" role=\"button\" tabindex=\"0\">\n\t\t\t\t\t\t<i aria-hidden=\"true\" class=\"eicon-chevron-right\"><\/i>\t\t\t\t\t<\/div>\n\t\t\t\t\n\t\t\t\t\t\t\t\t\t<\/div>\n\t\t\t\t\t\t<\/div>\n\t\t\t\t<\/div>\n\t\t\t\t\t<\/div>\n\t\t<\/div>\n\t\t\t\t\t<\/div>\n\t\t<\/section>\n\t\t\t\t<section class=\"elementor-section elementor-top-section elementor-element elementor-element-5b458dc elementor-hidden-desktop elementor-section-boxed elementor-section-height-default elementor-section-height-default\" data-id=\"5b458dc\" data-element_type=\"section\">\n\t\t\t\t\t\t<div class=\"elementor-container elementor-column-gap-default\">\n\t\t\t\t\t<div class=\"elementor-column elementor-col-100 elementor-top-column elementor-element elementor-element-76a8342\" data-id=\"76a8342\" data-element_type=\"column\">\n\t\t\t<div class=\"elementor-widget-wrap elementor-element-populated\">\n\t\t\t\t\t\t<div class=\"elementor-element elementor-element-042ec5d elementor-widget elementor-widget-image\" data-id=\"042ec5d\" data-element_type=\"widget\" data-widget_type=\"image.default\">\n\t\t\t\t<div class=\"elementor-widget-container\">\n\t\t\t\t\t\t\t\t\t\t\t\t\t\t\t<img fetchpriority=\"high\" decoding=\"async\" width=\"611\" height=\"407\" src=\"https:\/\/blogsaverroes.juntadeandalucia.es\/astigiciencia\/files\/2023\/08\/imagen-dron-antigua.png\" class=\"attachment-large size-large wp-image-600\" alt=\"\" srcset=\"https:\/\/blogsaverroes.juntadeandalucia.es\/astigiciencia\/files\/2023\/08\/imagen-dron-antigua.png 611w, https:\/\/blogsaverroes.juntadeandalucia.es\/astigiciencia\/files\/2023\/08\/imagen-dron-antigua-300x200.png 300w\" sizes=\"(max-width: 611px) 100vw, 611px\" \/>\t\t\t\t\t\t\t\t\t\t\t\t\t\t\t<\/div>\n\t\t\t\t<\/div>\n\t\t\t\t\t<\/div>\n\t\t<\/div>\n\t\t\t\t\t<\/div>\n\t\t<\/section>\n\t\t\t\t<section class=\"elementor-section elementor-top-section elementor-element elementor-element-293ea84 elementor-section-full_width elementor-section-height-default elementor-section-height-default\" data-id=\"293ea84\" data-element_type=\"section\">\n\t\t\t\t\t\t<div class=\"elementor-container elementor-column-gap-default\">\n\t\t\t\t\t<div class=\"elementor-column elementor-col-100 elementor-top-column elementor-element elementor-element-2f63472\" data-id=\"2f63472\" data-element_type=\"column\">\n\t\t\t<div class=\"elementor-widget-wrap elementor-element-populated\">\n\t\t\t\t\t\t<div class=\"elementor-element elementor-element-21e87c9 elementor-widget elementor-widget-text-editor\" data-id=\"21e87c9\" data-element_type=\"widget\" data-widget_type=\"text-editor.default\">\n\t\t\t\t<div class=\"elementor-widget-container\">\n\t\t\t\t\t\t\t\t\t<p>Primer Congreso de Estudiantes y Profesores sobre la Ense\u00f1anza y Aprendizaje de las Ciencias en las etapas de Educaci\u00f3n Secundaria y Bachillerato<\/p>\t\t\t\t\t\t\t\t<\/div>\n\t\t\t\t<\/div>\n\t\t\t\t\t<\/div>\n\t\t<\/div>\n\t\t\t\t\t<\/div>\n\t\t<\/section>\n\t\t\t\t<section class=\"elementor-section elementor-top-section elementor-element elementor-element-6009d99 elementor-section-boxed elementor-section-height-default elementor-section-height-default\" data-id=\"6009d99\" data-element_type=\"section\">\n\t\t\t\t\t\t<div class=\"elementor-container elementor-column-gap-default\">\n\t\t\t\t\t<div class=\"elementor-column elementor-col-100 elementor-top-column elementor-element elementor-element-e6e28de\" data-id=\"e6e28de\" data-element_type=\"column\">\n\t\t\t<div class=\"elementor-widget-wrap elementor-element-populated\">\n\t\t\t\t\t\t<div class=\"elementor-element elementor-element-3692f79 elementor-widget elementor-widget-text-editor\" data-id=\"3692f79\" data-element_type=\"widget\" data-widget_type=\"text-editor.default\">\n\t\t\t\t<div class=\"elementor-widget-container\">\n\t\t\t\t\t\t\t\t\t<p>AstigiCiencia Steam Project for Teaching and Learning Science<\/p>\t\t\t\t\t\t\t\t<\/div>\n\t\t\t\t<\/div>\n\t\t\t\t\t<\/div>\n\t\t<\/div>\n\t\t\t\t\t<\/div>\n\t\t<\/section>\n\t\t\t\t<section class=\"elementor-section elementor-top-section elementor-element elementor-element-e7a15d3 elementor-section-boxed elementor-section-height-default elementor-section-height-default\" data-id=\"e7a15d3\" data-element_type=\"section\">\n\t\t\t\t\t\t<div class=\"elementor-container elementor-column-gap-default\">\n\t\t\t\t\t<div class=\"elementor-column elementor-col-100 elementor-top-column elementor-element elementor-element-f31560b\" data-id=\"f31560b\" data-element_type=\"column\">\n\t\t\t<div class=\"elementor-widget-wrap elementor-element-populated\">\n\t\t\t\t\t\t<div class=\"elementor-element elementor-element-2905079 elementor-widget elementor-widget-text-editor\" data-id=\"2905079\" data-element_type=\"widget\" data-widget_type=\"text-editor.default\">\n\t\t\t\t<div class=\"elementor-widget-container\">\n\t\t\t\t\t\t\t\t\t<p>Vuelve la \u00ab<strong>Feria de la Ciencia<\/strong>\u00bb a \u00c9cija el pr\u00f3ximo curso escolar <strong>2023-2024<\/strong>. El encuentro de multitud de <strong>estudiante y profesores<\/strong> de varios institutos de secundaria de \u00c9cija y la Comarca, en los niveles de ESO y Bachillerato, se desarrollar\u00e1 con las exposiciones de <strong>experimentos, actividades y proyectos<\/strong> que los alumnos trabajan en las distintas materias. Los trabajos presentados estar\u00e1n dentro de una l\u00ednea de aprendizaje STEM\/STEAM, englobando a distintas disciplinas cient\u00edficas (science, technology, engineering &amp; mathematics), o incluso integrando a disciplinas art\u00edsticas (arts). En esta ocasi\u00f3n, el formato se presentar\u00e1 con una importante novedad donde el alumnado y el profesorado podr\u00e1n presentar comunicaciones orales de aquellos trabajos que hayan sido seleccionados para su difusi\u00f3n en la modalidad <strong><em>congreso<\/em><\/strong>. En este formato, el alumnado presentar\u00e1 una <strong><em>flash presentation<\/em><\/strong> (de 5-6 minutos de duraci\u00f3n con ayuda de PowerPoint) sobre aquellos trabajos que resulten de especial inter\u00e9s. Hasta un m\u00e1ximo de tres alumnos por cada instituto. Asimismo, el profesorado seleccionado (hasta un m\u00e1ximo de dos profesores por instituto) que participe por esta modalidad podr\u00e1 presentar una <em><strong>short presentation<\/strong><\/em> (de 12-15 minutos de duraci\u00f3n) sobre trabajos relacionados con la ense\u00f1anza y divulgaci\u00f3n de las ciencias: proyectos, publicaciones, estrategias metodol\u00f3gicas, plataformas y recursos digitales, o alg\u00fan tema de actualidad significativo para la comunidad de <em><strong>AstigiCiencia<\/strong><\/em>.<\/p>\n<p style=\"text-align: center\"><strong>\u00bfOs esperamos a todos!<\/strong><\/p>\n<p style=\"text-align: center\">Pronto os informaremos de los aspectos claves para su organizaci\u00f3n y participaci\u00f3n.<\/p>\t\t\t\t\t\t\t\t<\/div>\n\t\t\t\t<\/div>\n\t\t\t\t\t<\/div>\n\t\t<\/div>\n\t\t\t\t\t<\/div>\n\t\t<\/section>\n\t\t\t\t<section class=\"elementor-section elementor-top-section elementor-element elementor-element-e3902fd elementor-section-boxed elementor-section-height-default elementor-section-height-default\" data-id=\"e3902fd\" data-element_type=\"section\">\n\t\t\t\t\t\t<div class=\"elementor-container elementor-column-gap-default\">\n\t\t\t\t\t<div class=\"elementor-column elementor-col-100 elementor-top-column elementor-element elementor-element-7d84294\" data-id=\"7d84294\" data-element_type=\"column\">\n\t\t\t<div class=\"elementor-widget-wrap elementor-element-populated\">\n\t\t\t\t\t\t<div class=\"elementor-element elementor-element-b03c7c7 elementor-widget elementor-widget-image\" data-id=\"b03c7c7\" data-element_type=\"widget\" data-widget_type=\"image.default\">\n\t\t\t\t<div class=\"elementor-widget-container\">\n\t\t\t\t\t\t\t\t\t\t\t\t\t\t\t<img decoding=\"async\" width=\"1142\" height=\"332\" src=\"https:\/\/blogsaverroes.juntadeandalucia.es\/astigiciencia\/files\/2023\/08\/Logo-web-v1.0-fecha.png\" class=\"attachment-full size-full wp-image-591\" alt=\"\" srcset=\"https:\/\/blogsaverroes.juntadeandalucia.es\/astigiciencia\/files\/2023\/08\/Logo-web-v1.0-fecha.png 1142w, https:\/\/blogsaverroes.juntadeandalucia.es\/astigiciencia\/files\/2023\/08\/Logo-web-v1.0-fecha-300x87.png 300w, https:\/\/blogsaverroes.juntadeandalucia.es\/astigiciencia\/files\/2023\/08\/Logo-web-v1.0-fecha-1024x298.png 1024w, https:\/\/blogsaverroes.juntadeandalucia.es\/astigiciencia\/files\/2023\/08\/Logo-web-v1.0-fecha-768x223.png 768w\" sizes=\"(max-width: 1142px) 100vw, 1142px\" \/>\t\t\t\t\t\t\t\t\t\t\t\t\t\t\t<\/div>\n\t\t\t\t<\/div>\n\t\t\t\t\t<\/div>\n\t\t<\/div>\n\t\t\t\t\t<\/div>\n\t\t<\/section>\n\t\t\t\t<section class=\"elementor-section elementor-top-section elementor-element elementor-element-3574fb2 elementor-section-boxed elementor-section-height-default elementor-section-height-default\" data-id=\"3574fb2\" data-element_type=\"section\">\n\t\t\t\t\t\t<div class=\"elementor-container elementor-column-gap-default\">\n\t\t\t\t\t<div class=\"elementor-column elementor-col-100 elementor-top-column elementor-element elementor-element-f71c048\" data-id=\"f71c048\" data-element_type=\"column\">\n\t\t\t<div class=\"elementor-widget-wrap elementor-element-populated\">\n\t\t\t\t\t\t<div class=\"elementor-element elementor-element-5c7447e elementor-widget-divider--view-line elementor-widget elementor-widget-divider\" data-id=\"5c7447e\" data-element_type=\"widget\" data-widget_type=\"divider.default\">\n\t\t\t\t<div class=\"elementor-widget-container\">\n\t\t\t\t\t\t\t<div class=\"elementor-divider\">\n\t\t\t<span class=\"elementor-divider-separator\">\n\t\t\t\t\t\t<\/span>\n\t\t<\/div>\n\t\t\t\t\t\t<\/div>\n\t\t\t\t<\/div>\n\t\t\t\t\t<\/div>\n\t\t<\/div>\n\t\t\t\t\t<\/div>\n\t\t<\/section>\n\t\t\t\t<section class=\"elementor-section elementor-top-section elementor-element elementor-element-48519de elementor-section-boxed elementor-section-height-default elementor-section-height-default\" data-id=\"48519de\" data-element_type=\"section\">\n\t\t\t\t\t\t<div class=\"elementor-container elementor-column-gap-default\">\n\t\t\t\t\t<div class=\"elementor-column elementor-col-100 elementor-top-column elementor-element elementor-element-7c49ca8\" data-id=\"7c49ca8\" data-element_type=\"column\">\n\t\t\t<div class=\"elementor-widget-wrap elementor-element-populated\">\n\t\t\t\t\t\t<div class=\"elementor-element elementor-element-7ef154a elementor-widget elementor-widget-text-editor\" data-id=\"7ef154a\" data-element_type=\"widget\" data-widget_type=\"text-editor.default\">\n\t\t\t\t<div class=\"elementor-widget-container\">\n\t\t\t\t\t\t\t\t\t<p>Institutos participantes<\/p>\t\t\t\t\t\t\t\t<\/div>\n\t\t\t\t<\/div>\n\t\t\t\t\t<\/div>\n\t\t<\/div>\n\t\t\t\t\t<\/div>\n\t\t<\/section>\n\t\t\t\t<section class=\"elementor-section elementor-top-section elementor-element elementor-element-a4ab2d0 elementor-section-boxed elementor-section-height-default elementor-section-height-default\" data-id=\"a4ab2d0\" data-element_type=\"section\">\n\t\t\t\t\t\t<div class=\"elementor-container elementor-column-gap-default\">\n\t\t\t\t\t<div class=\"elementor-column elementor-col-20 elementor-top-column elementor-element elementor-element-5c007f7\" data-id=\"5c007f7\" data-element_type=\"column\">\n\t\t\t<div class=\"elementor-widget-wrap elementor-element-populated\">\n\t\t\t\t\t\t<div class=\"elementor-element elementor-element-c6b7c37 elementor-widget elementor-widget-text-editor\" data-id=\"c6b7c37\" data-element_type=\"widget\" data-widget_type=\"text-editor.default\">\n\t\t\t\t<div class=\"elementor-widget-container\">\n\t\t\t\t\t\t\t\t\t<p>IES SAN FULGENCIO<\/p>\t\t\t\t\t\t\t\t<\/div>\n\t\t\t\t<\/div>\n\t\t\t\t<div class=\"elementor-element elementor-element-70693bc elementor-widget elementor-widget-image\" data-id=\"70693bc\" data-element_type=\"widget\" data-widget_type=\"image.default\">\n\t\t\t\t<div class=\"elementor-widget-container\">\n\t\t\t\t\t\t\t\t\t\t\t\t\t\t\t<img decoding=\"async\" width=\"262\" height=\"256\" src=\"https:\/\/blogsaverroes.juntadeandalucia.es\/astigiciencia\/files\/2023\/08\/SanFul.png\" class=\"attachment-medium size-medium wp-image-595\" alt=\"\" \/>\t\t\t\t\t\t\t\t\t\t\t\t\t\t\t<\/div>\n\t\t\t\t<\/div>\n\t\t\t\t\t<\/div>\n\t\t<\/div>\n\t\t\t\t<div class=\"elementor-column elementor-col-20 elementor-top-column elementor-element elementor-element-4063a79\" data-id=\"4063a79\" data-element_type=\"column\">\n\t\t\t<div class=\"elementor-widget-wrap elementor-element-populated\">\n\t\t\t\t\t\t<div class=\"elementor-element elementor-element-f638540 elementor-widget elementor-widget-text-editor\" data-id=\"f638540\" data-element_type=\"widget\" data-widget_type=\"text-editor.default\">\n\t\t\t\t<div class=\"elementor-widget-container\">\n\t\t\t\t\t\t\t\t\t<p>IES LUIS V\u00c9LEZ DE GUEVARA<\/p>\t\t\t\t\t\t\t\t<\/div>\n\t\t\t\t<\/div>\n\t\t\t\t<div class=\"elementor-element elementor-element-5a2a4d8 elementor-widget elementor-widget-image\" data-id=\"5a2a4d8\" data-element_type=\"widget\" data-widget_type=\"image.default\">\n\t\t\t\t<div class=\"elementor-widget-container\">\n\t\t\t\t\t\t\t\t\t\t\t\t\t\t\t<img loading=\"lazy\" decoding=\"async\" width=\"264\" height=\"247\" src=\"https:\/\/blogsaverroes.juntadeandalucia.es\/astigiciencia\/files\/2023\/08\/V\u00e9lez.png\" class=\"attachment-medium size-medium wp-image-596\" alt=\"\" \/>\t\t\t\t\t\t\t\t\t\t\t\t\t\t\t<\/div>\n\t\t\t\t<\/div>\n\t\t\t\t\t<\/div>\n\t\t<\/div>\n\t\t\t\t<div class=\"elementor-column elementor-col-20 elementor-top-column elementor-element elementor-element-2e437f2\" data-id=\"2e437f2\" data-element_type=\"column\">\n\t\t\t<div class=\"elementor-widget-wrap elementor-element-populated\">\n\t\t\t\t\t\t<div class=\"elementor-element elementor-element-e32446b elementor-widget elementor-widget-text-editor\" data-id=\"e32446b\" data-element_type=\"widget\" data-widget_type=\"text-editor.default\">\n\t\t\t\t<div class=\"elementor-widget-container\">\n\t\t\t\t\t\t\t\t\t<p>SAGRADA FAMILIA SAFA<\/p>\t\t\t\t\t\t\t\t<\/div>\n\t\t\t\t<\/div>\n\t\t\t\t<div class=\"elementor-element elementor-element-2a4defe elementor-widget elementor-widget-image\" data-id=\"2a4defe\" data-element_type=\"widget\" data-widget_type=\"image.default\">\n\t\t\t\t<div class=\"elementor-widget-container\">\n\t\t\t\t\t\t\t\t\t\t\t\t\t\t\t<img loading=\"lazy\" decoding=\"async\" width=\"168\" height=\"158\" src=\"https:\/\/blogsaverroes.juntadeandalucia.es\/astigiciencia\/files\/2023\/08\/Safa.gif\" class=\"attachment-medium size-medium wp-image-594\" alt=\"\" \/>\t\t\t\t\t\t\t\t\t\t\t\t\t\t\t<\/div>\n\t\t\t\t<\/div>\n\t\t\t\t\t<\/div>\n\t\t<\/div>\n\t\t\t\t<div class=\"elementor-column elementor-col-20 elementor-top-column elementor-element elementor-element-a4e0133\" data-id=\"a4e0133\" data-element_type=\"column\">\n\t\t\t<div class=\"elementor-widget-wrap elementor-element-populated\">\n\t\t\t\t\t\t<div class=\"elementor-element elementor-element-caead2c elementor-widget elementor-widget-text-editor\" data-id=\"caead2c\" data-element_type=\"widget\" data-widget_type=\"text-editor.default\">\n\t\t\t\t<div class=\"elementor-widget-container\">\n\t\t\t\t\t\t\t\t\t<p>IES NICOL\u00c1S COP\u00c9RNICO<\/p>\t\t\t\t\t\t\t\t<\/div>\n\t\t\t\t<\/div>\n\t\t\t\t<div class=\"elementor-element elementor-element-1d77be4 elementor-widget elementor-widget-image\" data-id=\"1d77be4\" data-element_type=\"widget\" data-widget_type=\"image.default\">\n\t\t\t\t<div class=\"elementor-widget-container\">\n\t\t\t\t\t\t\t\t\t\t\t\t\t\t\t<img loading=\"lazy\" decoding=\"async\" width=\"140\" height=\"158\" src=\"https:\/\/blogsaverroes.juntadeandalucia.es\/astigiciencia\/files\/2023\/08\/Cop\u00e9rnico.png\" class=\"attachment-medium size-medium wp-image-593\" alt=\"\" \/>\t\t\t\t\t\t\t\t\t\t\t\t\t\t\t<\/div>\n\t\t\t\t<\/div>\n\t\t\t\t\t<\/div>\n\t\t<\/div>\n\t\t\t\t<div class=\"elementor-column elementor-col-20 elementor-top-column elementor-element elementor-element-4f36ec5\" data-id=\"4f36ec5\" data-element_type=\"column\">\n\t\t\t<div class=\"elementor-widget-wrap elementor-element-populated\">\n\t\t\t\t\t\t<div class=\"elementor-element elementor-element-31ffb71 elementor-widget elementor-widget-text-editor\" data-id=\"31ffb71\" data-element_type=\"widget\" data-widget_type=\"text-editor.default\">\n\t\t\t\t<div class=\"elementor-widget-container\">\n\t\t\t\t\t\t\t\t\t<p>INSTITUTOS VISITANTES<\/p>\t\t\t\t\t\t\t\t<\/div>\n\t\t\t\t<\/div>\n\t\t\t\t<div class=\"elementor-element elementor-element-648fff0 elementor-widget elementor-widget-image\" data-id=\"648fff0\" data-element_type=\"widget\" data-widget_type=\"image.default\">\n\t\t\t\t<div class=\"elementor-widget-container\">\n\t\t\t\t\t\t\t\t\t\t\t\t\t\t\t<img decoding=\"async\" src=\"https:\/\/blogsaverroes.juntadeandalucia.es\/astigiciencia\/wp-content\/plugins\/elementor\/assets\/images\/placeholder.png\" title=\"\" alt=\"\" loading=\"lazy\" \/>\t\t\t\t\t\t\t\t\t\t\t\t\t\t\t<\/div>\n\t\t\t\t<\/div>\n\t\t\t\t\t<\/div>\n\t\t<\/div>\n\t\t\t\t\t<\/div>\n\t\t<\/section>\n\t\t\t\t<section class=\"elementor-section elementor-top-section elementor-element elementor-element-eb6d433 elementor-hidden-mobile elementor-section-boxed elementor-section-height-default elementor-section-height-default\" data-id=\"eb6d433\" data-element_type=\"section\">\n\t\t\t\t\t\t<div class=\"elementor-container elementor-column-gap-default\">\n\t\t\t\t\t<div class=\"elementor-column elementor-col-100 elementor-top-column elementor-element elementor-element-072bca1\" data-id=\"072bca1\" data-element_type=\"column\">\n\t\t\t<div class=\"elementor-widget-wrap elementor-element-populated\">\n\t\t\t\t\t\t<div class=\"elementor-element elementor-element-34b9be7 elementor-widget-divider--view-line elementor-widget elementor-widget-divider\" data-id=\"34b9be7\" data-element_type=\"widget\" data-widget_type=\"divider.default\">\n\t\t\t\t<div class=\"elementor-widget-container\">\n\t\t\t\t\t\t\t<div class=\"elementor-divider\">\n\t\t\t<span class=\"elementor-divider-separator\">\n\t\t\t\t\t\t<\/span>\n\t\t<\/div>\n\t\t\t\t\t\t<\/div>\n\t\t\t\t<\/div>\n\t\t\t\t\t<\/div>\n\t\t<\/div>\n\t\t\t\t\t<\/div>\n\t\t<\/section>\n\t\t\t\t<\/div>\n\t\t","protected":false},"excerpt":{"rendered":"<p>Anterior Siguiente Primer Congreso de Estudiantes y Profesores sobre la Ense\u00f1anza y Aprendizaje de las Ciencias en las etapas de Educaci\u00f3n Secundaria y Bachillerato AstigiCiencia&hellip;<\/p>\n","protected":false},"author":10494,"featured_media":350,"parent":0,"menu_order":0,"comment_status":"closed","ping_status":"closed","template":"","meta":{"ngg_post_thumbnail":0,"footnotes":""},"aioseo_notices":[],"post_mailing_queue_ids":[],"_links":{"self":[{"href":"https:\/\/blogsaverroes.juntadeandalucia.es\/astigiciencia\/wp-json\/wp\/v2\/pages\/38"}],"collection":[{"href":"https:\/\/blogsaverroes.juntadeandalucia.es\/astigiciencia\/wp-json\/wp\/v2\/pages"}],"about":[{"href":"https:\/\/blogsaverroes.juntadeandalucia.es\/astigiciencia\/wp-json\/wp\/v2\/types\/page"}],"author":[{"embeddable":true,"href":"https:\/\/blogsaverroes.juntadeandalucia.es\/astigiciencia\/wp-json\/wp\/v2\/users\/10494"}],"replies":[{"embeddable":true,"href":"https:\/\/blogsaverroes.juntadeandalucia.es\/astigiciencia\/wp-json\/wp\/v2\/comments?post=38"}],"version-history":[{"count":75,"href":"https:\/\/blogsaverroes.juntadeandalucia.es\/astigiciencia\/wp-json\/wp\/v2\/pages\/38\/revisions"}],"predecessor-version":[{"id":1508,"href":"https:\/\/blogsaverroes.juntadeandalucia.es\/astigiciencia\/wp-json\/wp\/v2\/pages\/38\/revisions\/1508"}],"wp:featuredmedia":[{"embeddable":true,"href":"https:\/\/blogsaverroes.juntadeandalucia.es\/astigiciencia\/wp-json\/"}],"wp:attachment":[{"href":"https:\/\/blogsaverroes.juntadeandalucia.es\/astigiciencia\/wp-json\/wp\/v2\/media?parent=38"}],"curies":[{"name":"wp","href":"https:\/\/api.w.org\/{rel}","templated":true}]}}