{"id":1044,"date":"2020-06-15T16:57:03","date_gmt":"2020-06-15T14:57:03","guid":{"rendered":"https:\/\/blogsaverroes.juntadeandalucia.es\/astronautasyrobotsvscoronavirus\/?page_id=1044"},"modified":"2020-06-15T17:34:47","modified_gmt":"2020-06-15T15:34:47","slug":"premio-carnamat11_3","status":"publish","type":"page","link":"https:\/\/blogsaverroes.juntadeandalucia.es\/astronautasyrobotsvscoronavirus\/premio-carnamat11_3\/","title":{"rendered":"Premio #CarnaMat11_3"},"content":{"rendered":"<div class=\"post-header\">\n<div class=\"post-header-line-1\">&nbsp;<\/div>\n<\/div>\n<div class=\"post-body entry-content\">\n<div>La <a href=\"https:\/\/blogsaverroes.juntadeandalucia.es\/astronautasyrobotsvscoronavirus\/carnaval-de-matematicas-edicion-11-2-space-and-maths\/\" target=\"_blank\" rel=\"noopener noreferrer\"><b>Edici\u00f3n 11.3 del Carnaval de Matem\u00e1ticas<\/b><\/a> llega hoy a su fin. Hace un par de semanas publiqu\u00e9 el <a href=\"https:\/\/blogsaverroes.juntadeandalucia.es\/astronautasyrobotsvscoronavirus\/996-2\/\" target=\"_blank\" rel=\"noopener noreferrer\"><strong>resumen<\/strong><\/a> con las 14 aportaciones participantes, momento en el cual dio comienzo el plazo para elegir la mejor entrada de dicha edici\u00f3n con vuestros votos. En total han votado 9 personas, las cuales han asignado 63 puntos a 12 de las 14 aportaciones recibidas, pero solamente una de ellas se proclama como ganadora.<\/div>\n<div>Una vez realizado el recuento, os anuncio que el <b><b>Premio a la Mejor Entrada de la Edici\u00f3n 11.3 del Carnaval de Matem\u00e1ticas es para la<br \/>\n<\/b><\/b><\/p>\n<div><strong>entrada 13:<\/strong><\/div>\n<div><a href=\"https:\/\/twitter.com\/p_trivino\/status\/1267029573096607744?s=09\" target=\"_blank\" rel=\"noopener noreferrer\"><strong>Teselaciones para demostrar Pit\u00e1goras <\/strong>de&nbsp;<\/a><a href=\"https:\/\/twitter.com\/p_trivino\" target=\"_blank\" rel=\"noopener noreferrer\">Pablo Trivi\u00f1o<\/a><\/div>\n<\/div>\n<div>&nbsp;<\/div>\n<div>\n<div class=\"separator\"><img loading=\"lazy\" decoding=\"async\" class=\"aligncenter size-medium wp-image-1045\" src=\"https:\/\/blogsaverroes.juntadeandalucia.es\/astronautasyrobotsvscoronavirus\/files\/2020\/06\/Sin-t\u00edtulo3-300x300.jpg\" alt=\"\" width=\"300\" height=\"300\" srcset=\"https:\/\/blogsaverroes.juntadeandalucia.es\/astronautasyrobotsvscoronavirus\/files\/2020\/06\/Sin-t\u00edtulo3-300x300.jpg 300w, https:\/\/blogsaverroes.juntadeandalucia.es\/astronautasyrobotsvscoronavirus\/files\/2020\/06\/Sin-t\u00edtulo3-150x150.jpg 150w, https:\/\/blogsaverroes.juntadeandalucia.es\/astronautasyrobotsvscoronavirus\/files\/2020\/06\/Sin-t\u00edtulo3-768x769.jpg 768w, https:\/\/blogsaverroes.juntadeandalucia.es\/astronautasyrobotsvscoronavirus\/files\/2020\/06\/Sin-t\u00edtulo3-1022x1024.jpg 1022w, https:\/\/blogsaverroes.juntadeandalucia.es\/astronautasyrobotsvscoronavirus\/files\/2020\/06\/Sin-t\u00edtulo3-100x100.jpg 100w, https:\/\/blogsaverroes.juntadeandalucia.es\/astronautasyrobotsvscoronavirus\/files\/2020\/06\/Sin-t\u00edtulo3-24x24.jpg 24w, https:\/\/blogsaverroes.juntadeandalucia.es\/astronautasyrobotsvscoronavirus\/files\/2020\/06\/Sin-t\u00edtulo3-36x36.jpg 36w, https:\/\/blogsaverroes.juntadeandalucia.es\/astronautasyrobotsvscoronavirus\/files\/2020\/06\/Sin-t\u00edtulo3-48x48.jpg 48w, https:\/\/blogsaverroes.juntadeandalucia.es\/astronautasyrobotsvscoronavirus\/files\/2020\/06\/Sin-t\u00edtulo3.jpg 1071w\" sizes=\"(max-width: 300px) 100vw, 300px\" \/><\/div>\n<div>&nbsp;<\/div>\n<p>Mi m\u00e1s sincera enhorabuena al <b>ganador<\/b>, que se lleva este premio de forma consecutiva <b>tras obtener 9 puntos<\/b> repartidos en 3 votos (dos de 4 y uno de 1 punto). Las <b>otras entradas participantes que han conseguido al menos un voto, y ordenadas por puntuaci\u00f3n<\/b>, han sido las siguientes:<\/p>\n<\/div>\n<div>&nbsp;<\/div>\n<ul>\n<li>Con 8 puntos la entrada 4: <a href=\"https:\/\/twitter.com\/archimedestub\/status\/1264974547943673859?s=09\" target=\"_blank\" rel=\"noopener noreferrer\">Giuseppe Piazzi, un nuevo planeta,<\/a> de <a href=\"https:\/\/twitter.com\/archimedestub\" target=\"_blank\" rel=\"noopener noreferrer\">Archimedestub, <\/a>con dos votos de 4 puntos.<\/li>\n<li>\n<div>Con 8 puntos la entrada 6: <a href=\"https:\/\/elultimoversodefermat.wordpress.com\/2020\/05\/24\/el-calculo-del-polinomio-interpolador\/amp\/?__twitter_impression=true\" target=\"_blank\" rel=\"noopener noreferrer\">El c\u00e1lculo del polinomio interpolador<\/a><a href=\"https:\/\/twitter.com\/juliomulero\" target=\"_blank\" rel=\"noopener noreferrer\"><span class=\"amp-wp-author author vcard\">, de Julio Mulero,<\/span><\/a> con dos votos de 4 puntos.<\/div>\n<\/li>\n<li>Con 8 puntos la entrada 11: <a href=\"https:\/\/www.educa2.madrid.org\/web\/matesatulado\/blog\/-\/blogs\/a-la-de-diez\" target=\"_blank\" rel=\"noopener noreferrer\">A la de diez<\/a>, de <a href=\"https:\/\/twitter.com\/palindromiano\" target=\"_blank\" rel=\"noopener noreferrer\">Manuel Dom\u00ednguez, <\/a>con cuatro votos, uno de 4, uno de 2 y dos de 1 punto.<\/li>\n<li>Con 6 puntos la entrada 12: <a href=\"https:\/\/elmundoderafalillo.blogspot.com\/2020\/05\/tragarse-un-sapo.html?m=1\" target=\"_blank\" rel=\"noopener noreferrer\">Tragarse un sapo<\/a>, de <a href=\"https:\/\/twitter.com\/Rafalillo86\" target=\"_blank\" rel=\"noopener noreferrer\">Rafa Mart\u00ednez, <\/a>con 2 votos, uno de 4 y uno de 2 puntos.<\/li>\n<li>Con 6 puntos la entrada 5: <a href=\"https:\/\/alegallardo28.wordpress.com\/2020\/05\/24\/saludos-con-covid-19\/amp\/?__twitter_impression=true\" target=\"_blank\" rel=\"noopener noreferrer\">Saludos con COVID-19<\/a>, de <a href=\"https:\/\/twitter.com\/alegallardo28?ref_src=twsrc%5Etfw%7Ctwcamp%5Etweetembed&amp;ref_url=https%3A%2F%2Fd-2586183973872466913.ampproject.net%2F2005150002001%2Fframe.html\" target=\"_blank\" rel=\"noopener noreferrer\">Alejandro Gallardo,&nbsp;<\/a>con 3 votos de 2 puntos.<\/li>\n<li>Con 4 puntos la entrada 10:<a href=\"https:\/\/medium.com\/atodogauss\/consenso-universal-coma-punto-ap%C3%B3strofe-9ae5bb26a61e?source=social.tw&amp;_branch_match_id=787463529356604273\" target=\"_blank\" rel=\"noopener noreferrer\">&nbsp;El uso de la coma y el punto decimal, <\/a><a href=\"https:\/\/twitter.com\/Pedrodanielpg\" target=\"_blank\" rel=\"noopener noreferrer\">de Pedro Daniel, <\/a>con 3 votos, uno de dos y dos de 1 punto.<\/li>\n<li>Con 4 puntos, la entrada 3: <a href=\"https:\/\/twitter.com\/profevillamates\/status\/1265170671186989056?s=19\" target=\"_blank\" rel=\"noopener noreferrer\">V\u00eddeos realizados por alumnos de Secundaria y Bachillerato<\/a>, de <a href=\"https:\/\/twitter.com\/profevillamates\" target=\"_blank\" rel=\"noopener noreferrer\">Francisco Mart\u00ednez, <\/a>con un voto de 4 puntos.<\/li>\n<li>Con 3 puntos la entrada 2: \u00bf<a href=\"https:\/\/matematicas.educarex.es\/index.php\/geometria-1-eso\/animaciones-geometria-1-eso\/existe-triangulo\" target=\"_blank\" rel=\"noopener noreferrer\">Existe ese tri\u00e1ngulo<\/a>?, de <a href=\"https:\/\/twitter.com\/JavierCayetan19\" target=\"_blank\" rel=\"noopener noreferrer\">Javier Cayetano<\/a>, con dos votos, uno de 2 y uno de 1 punto.<\/li>\n<li>Con 3 puntos la entrada 9: El <a href=\"https:\/\/www.estonoentraenelexamen.com\/2020\/05\/29\/el-secreto-matematico-de-los-guanches\/\" target=\"_blank\" rel=\"noopener noreferrer\">secreto matem\u00e1tico de los guanches, de <\/a><a href=\"https:\/\/twitter.com\/juanfisicahr\" target=\"_blank\" rel=\"noopener noreferrer\">Juan Francisco, <\/a>con tres votos de 1 punto.<\/li>\n<li>Con 2 puntos la entrada 7: <a href=\"https:\/\/blogsaverroes.juntadeandalucia.es\/astronautasyrobotsvscoronavirus\/museos-del-espacio\/\" target=\"_blank\" rel=\"noopener noreferrer\">Aprendiendo mates, f\u00edsica e historia en museos aeroespaciales, de <\/a><a href=\"https:\/\/twitter.com\/MartinezSeoane\" target=\"_blank\" rel=\"noopener noreferrer\">Fran Mart\u00ednez<\/a><a href=\"https:\/\/blogsaverroes.juntadeandalucia.es\/astronautasyrobotsvscoronavirus\/museos-del-espacio\/\" target=\"_blank\" rel=\"noopener noreferrer\">, <\/a>con un voto de 2 puntos.<\/li>\n<li>Con 2 puntos la entrada 1: <a href=\"https:\/\/quevamosahacerhoy.com\/cuadrado-octogono-y-piramide-plegando-papel\/\" target=\"_blank\" rel=\"noopener noreferrer\">Cuadrado, oct\u00f3gono y pir\u00e1mide, de <\/a><a class=\"url fn n\" href=\"https:\/\/twitter.com\/maytejromera\">Mayte Jim\u00e9nez <\/a>, con un voto de 2 puntos.<\/li>\n<\/ul>\n<div>Con el anuncio del premio a la mejor entrada queda oficialmente clausurada esta edici\u00f3n.<\/div>\n<div>Muchas gracias a todos los que hab\u00e9is participado, votado y seguido esta edici\u00f3n, pues entre todos intentamos transmitir las matem\u00e1ticas de una forma divulgativa y atractiva para todo el mundo.<\/div>\n<div>Recordaros que en breve tendremos una nueva edici\u00f3n y que si te animas a organizar alguna en el futuro tienes que visitar la <a href=\"https:\/\/carnavaldematematicas.wordpress.com\/proximos-anfitriones\/\">web del Carnaval de Matem\u00e1ticas<\/a> y seguir las instrucciones que all\u00ed se indican, y disfrutar de la experiencia.<\/div>\n<div>&nbsp;<\/div>\n<div>\u00a1Un saludo a todos!<\/div>\n<div><img loading=\"lazy\" decoding=\"async\" class=\"aligncenter size-medium wp-image-301\" src=\"https:\/\/blogsaverroes.juntadeandalucia.es\/astronautasyrobotsvscoronavirus\/files\/2020\/03\/bitmoji-20200324121955-300x300.png\" alt=\"\" width=\"300\" height=\"300\" srcset=\"https:\/\/blogsaverroes.juntadeandalucia.es\/astronautasyrobotsvscoronavirus\/files\/2020\/03\/bitmoji-20200324121955-300x300.png 300w, https:\/\/blogsaverroes.juntadeandalucia.es\/astronautasyrobotsvscoronavirus\/files\/2020\/03\/bitmoji-20200324121955-150x150.png 150w, https:\/\/blogsaverroes.juntadeandalucia.es\/astronautasyrobotsvscoronavirus\/files\/2020\/03\/bitmoji-20200324121955-100x100.png 100w, https:\/\/blogsaverroes.juntadeandalucia.es\/astronautasyrobotsvscoronavirus\/files\/2020\/03\/bitmoji-20200324121955-24x24.png 24w, https:\/\/blogsaverroes.juntadeandalucia.es\/astronautasyrobotsvscoronavirus\/files\/2020\/03\/bitmoji-20200324121955-36x36.png 36w, https:\/\/blogsaverroes.juntadeandalucia.es\/astronautasyrobotsvscoronavirus\/files\/2020\/03\/bitmoji-20200324121955-48x48.png 48w, https:\/\/blogsaverroes.juntadeandalucia.es\/astronautasyrobotsvscoronavirus\/files\/2020\/03\/bitmoji-20200324121955.png 398w\" sizes=\"(max-width: 300px) 100vw, 300px\" \/><\/div>\n<\/div>\n","protected":false},"excerpt":{"rendered":"<p>&nbsp; La Edici\u00f3n 11.3 del Carnaval de Matem\u00e1ticas llega hoy a su fin. Hace un par de semanas publiqu\u00e9 el resumen con las 14 aportaciones participantes, momento en el cual dio comienzo el plazo para elegir la mejor entrada de dicha edici\u00f3n con vuestros votos. En total han votado 9 personas, las cuales han asignado [&hellip;]<\/p>\n","protected":false},"author":7639,"featured_media":0,"parent":0,"menu_order":0,"comment_status":"closed","ping_status":"closed","template":"","meta":{"ngg_post_thumbnail":0,"footnotes":""},"aioseo_notices":[],"_links":{"self":[{"href":"https:\/\/blogsaverroes.juntadeandalucia.es\/astronautasyrobotsvscoronavirus\/wp-json\/wp\/v2\/pages\/1044"}],"collection":[{"href":"https:\/\/blogsaverroes.juntadeandalucia.es\/astronautasyrobotsvscoronavirus\/wp-json\/wp\/v2\/pages"}],"about":[{"href":"https:\/\/blogsaverroes.juntadeandalucia.es\/astronautasyrobotsvscoronavirus\/wp-json\/wp\/v2\/types\/page"}],"author":[{"embeddable":true,"href":"https:\/\/blogsaverroes.juntadeandalucia.es\/astronautasyrobotsvscoronavirus\/wp-json\/wp\/v2\/users\/7639"}],"replies":[{"embeddable":true,"href":"https:\/\/blogsaverroes.juntadeandalucia.es\/astronautasyrobotsvscoronavirus\/wp-json\/wp\/v2\/comments?post=1044"}],"version-history":[{"count":8,"href":"https:\/\/blogsaverroes.juntadeandalucia.es\/astronautasyrobotsvscoronavirus\/wp-json\/wp\/v2\/pages\/1044\/revisions"}],"predecessor-version":[{"id":1054,"href":"https:\/\/blogsaverroes.juntadeandalucia.es\/astronautasyrobotsvscoronavirus\/wp-json\/wp\/v2\/pages\/1044\/revisions\/1054"}],"wp:attachment":[{"href":"https:\/\/blogsaverroes.juntadeandalucia.es\/astronautasyrobotsvscoronavirus\/wp-json\/wp\/v2\/media?parent=1044"}],"curies":[{"name":"wp","href":"https:\/\/api.w.org\/{rel}","templated":true}]}}