{"id":2,"date":"2020-03-21T15:52:33","date_gmt":"2020-03-21T14:52:33","guid":{"rendered":"https:\/\/blogsaverroes.juntadeandalucia.es\/astronautasyrobotsvscoronavirus\/?page_id=2"},"modified":"2021-04-06T13:08:32","modified_gmt":"2021-04-06T11:08:32","slug":"inicio","status":"publish","type":"page","link":"https:\/\/blogsaverroes.juntadeandalucia.es\/astronautasyrobotsvscoronavirus\/","title":{"rendered":"Home"},"content":{"rendered":"\r\n\r\n\r\n<p><span style=\"font-size: 10pt\">\u00a1Bienvenid@s a tod@s!,&nbsp; mi nombre es Fran, formo parte de un grupo de astronautas que nos encontramos preparando nuestra 1\u00ba misi\u00f3n a Marte, pero no hemos podido viajar en nuestra nave espacial debido al Coronavirus COVID-19, as\u00ed que nos hemos quedado encerrados en la Estaci\u00f3n Espacial Internacional&nbsp; con nuestros robots.<\/span><\/p>\r\n<p><span style=\"font-size: 10pt\"><img loading=\"lazy\" decoding=\"async\" class=\"wp-image-1106 alignleft\" src=\"https:\/\/blogsaverroes.juntadeandalucia.es\/astronautasyrobotsvscoronavirus\/files\/2021\/04\/aciertas.jpg\" alt=\"\" width=\"99\" height=\"93\"><\/span><\/p>\r\n<p>&nbsp;<\/p>\r\n<p><img loading=\"lazy\" decoding=\"async\" class=\" wp-image-1061 alignleft\" src=\"https:\/\/blogsaverroes.juntadeandalucia.es\/astronautasyrobotsvscoronavirus\/files\/2020\/07\/Capture-1-300x246.jpg\" alt=\"\" width=\"100\" height=\"82\" srcset=\"https:\/\/blogsaverroes.juntadeandalucia.es\/astronautasyrobotsvscoronavirus\/files\/2020\/07\/Capture-1-300x246.jpg 300w, https:\/\/blogsaverroes.juntadeandalucia.es\/astronautasyrobotsvscoronavirus\/files\/2020\/07\/Capture-1-24x20.jpg 24w, https:\/\/blogsaverroes.juntadeandalucia.es\/astronautasyrobotsvscoronavirus\/files\/2020\/07\/Capture-1-36x29.jpg 36w, https:\/\/blogsaverroes.juntadeandalucia.es\/astronautasyrobotsvscoronavirus\/files\/2020\/07\/Capture-1-48x39.jpg 48w, https:\/\/blogsaverroes.juntadeandalucia.es\/astronautasyrobotsvscoronavirus\/files\/2020\/07\/Capture-1.jpg 325w\" sizes=\"(max-width: 100px) 100vw, 100px\" \/><\/p>\r\n<p>&nbsp;<\/p>\r\n<p>&nbsp;<\/p>\r\n<p>&nbsp;<\/p>\r\n<p>&nbsp;<\/p>\r\n<p>Echa un vistazo a este v\u00eddeo, en el que lo explico mucho mejor:<\/p>\r\n<p>&nbsp;<\/p>\r\n<div style=\"width: 1170px;\" class=\"wp-video\"><!--[if lt IE 9]><script>document.createElement('video');<\/script><![endif]-->\n<video class=\"wp-video-shortcode\" id=\"video-2-1\" width=\"1170\" height=\"658\" poster=\"https:\/\/blogsaverroes.juntadeandalucia.es\/astronautasyrobotsvscoronavirus\/files\/2020\/03\/portada-iss-7.jpg\" preload=\"metadata\" controls=\"controls\"><source type=\"video\/mp4\" src=\"https:\/\/blogsaverroes.juntadeandalucia.es\/astronautasyrobotsvscoronavirus\/files\/2020\/03\/iss.mp4?_=1\" \/><a href=\"https:\/\/blogsaverroes.juntadeandalucia.es\/astronautasyrobotsvscoronavirus\/files\/2020\/03\/iss.mp4\">https:\/\/blogsaverroes.juntadeandalucia.es\/astronautasyrobotsvscoronavirus\/files\/2020\/03\/iss.mp4<\/a><\/video><\/div>\r\n<p>&nbsp;<\/p>\r\n<p>&nbsp;<\/p>\r\n<p>Como no podemos movernos de aqu\u00ed se nos ha ocurrido que ser\u00eda muy interesante y divertido ayudaros tanto a alumnado y profesorado como a las familias mediante la ense\u00f1anza-online, con recursos interactivos sobre exploraci\u00f3n espacial para todas las edades, y pod\u00e1is pasar una cuarentena de la forma m\u00e1s&nbsp; entretenida posible. Puedes acceder a las diferentes secciones desde la siguiente tabla, o bien desde tu ordenador a trav\u00e9s del men\u00fa desplegable:<\/p>\r\n<p>&nbsp;<\/p>\r\n<table>\r\n<tbody>\r\n<tr style=\"height: 48.6667px\">\r\n<td style=\"height: 48.6667px;text-align: center\"><span style=\"font-size: 10pt\"><strong> <img loading=\"lazy\" decoding=\"async\" class=\"aligncenter  wp-image-493\" src=\"https:\/\/blogsaverroes.juntadeandalucia.es\/astronautasyrobotsvscoronavirus\/files\/2020\/03\/film-reel-147631__480-273x300.jpg\" alt=\"\" width=\"37\" height=\"41\" srcset=\"https:\/\/blogsaverroes.juntadeandalucia.es\/astronautasyrobotsvscoronavirus\/files\/2020\/03\/film-reel-147631__480-273x300.jpg 273w, https:\/\/blogsaverroes.juntadeandalucia.es\/astronautasyrobotsvscoronavirus\/files\/2020\/03\/film-reel-147631__480-22x24.jpg 22w, https:\/\/blogsaverroes.juntadeandalucia.es\/astronautasyrobotsvscoronavirus\/files\/2020\/03\/film-reel-147631__480-33x36.jpg 33w, https:\/\/blogsaverroes.juntadeandalucia.es\/astronautasyrobotsvscoronavirus\/files\/2020\/03\/film-reel-147631__480-44x48.jpg 44w, https:\/\/blogsaverroes.juntadeandalucia.es\/astronautasyrobotsvscoronavirus\/files\/2020\/03\/film-reel-147631__480.jpg 436w\" sizes=\"(max-width: 37px) 100vw, 37px\" \/><\/strong><\/span><\/td>\r\n<td style=\"height: 48.6667px;text-align: center\"><span style=\"font-size: 10pt\"><strong><a href=\"https:\/\/blogsaverroes.juntadeandalucia.es\/astronautasyrobotsvscoronavirus\/videos\/\">V\u00eddeos del espacio<\/a><\/strong><\/span><\/td>\r\n<\/tr>\r\n<tr style=\"height: 24px\">\r\n<td style=\"height: 24px;text-align: center\"><span style=\"font-size: 10pt\"><img loading=\"lazy\" decoding=\"async\" class=\"aligncenter  wp-image-478\" src=\"https:\/\/blogsaverroes.juntadeandalucia.es\/astronautasyrobotsvscoronavirus\/files\/2020\/03\/joystick-2389216_12802-300x205.jpg\" alt=\"\" width=\"72\" height=\"49\" srcset=\"https:\/\/blogsaverroes.juntadeandalucia.es\/astronautasyrobotsvscoronavirus\/files\/2020\/03\/joystick-2389216_12802-300x205.jpg 300w, https:\/\/blogsaverroes.juntadeandalucia.es\/astronautasyrobotsvscoronavirus\/files\/2020\/03\/joystick-2389216_12802-768x524.jpg 768w, https:\/\/blogsaverroes.juntadeandalucia.es\/astronautasyrobotsvscoronavirus\/files\/2020\/03\/joystick-2389216_12802-24x16.jpg 24w, https:\/\/blogsaverroes.juntadeandalucia.es\/astronautasyrobotsvscoronavirus\/files\/2020\/03\/joystick-2389216_12802-36x25.jpg 36w, https:\/\/blogsaverroes.juntadeandalucia.es\/astronautasyrobotsvscoronavirus\/files\/2020\/03\/joystick-2389216_12802-48x33.jpg 48w, https:\/\/blogsaverroes.juntadeandalucia.es\/astronautasyrobotsvscoronavirus\/files\/2020\/03\/joystick-2389216_12802.jpg 907w\" sizes=\"(max-width: 72px) 100vw, 72px\" \/><\/span><\/td>\r\n<td style=\"height: 24px;text-align: center\"><span style=\"font-size: 10pt\"><strong><a href=\"https:\/\/blogsaverroes.juntadeandalucia.es\/astronautasyrobotsvscoronavirus\/juegos\/\">Juegos<\/a><\/strong><\/span><\/td>\r\n<\/tr>\r\n<tr style=\"height: 24px\">\r\n<td style=\"height: 24px;text-align: center\"><span style=\"font-size: 10pt\"><img loading=\"lazy\" decoding=\"async\" class=\"aligncenter  wp-image-495\" src=\"https:\/\/blogsaverroes.juntadeandalucia.es\/astronautasyrobotsvscoronavirus\/files\/2020\/03\/book-1977396_960_720-300x186.jpg\" alt=\"\" width=\"66\" height=\"41\" srcset=\"https:\/\/blogsaverroes.juntadeandalucia.es\/astronautasyrobotsvscoronavirus\/files\/2020\/03\/book-1977396_960_720-300x186.jpg 300w, https:\/\/blogsaverroes.juntadeandalucia.es\/astronautasyrobotsvscoronavirus\/files\/2020\/03\/book-1977396_960_720-768x477.jpg 768w, https:\/\/blogsaverroes.juntadeandalucia.es\/astronautasyrobotsvscoronavirus\/files\/2020\/03\/book-1977396_960_720-24x15.jpg 24w, https:\/\/blogsaverroes.juntadeandalucia.es\/astronautasyrobotsvscoronavirus\/files\/2020\/03\/book-1977396_960_720-36x22.jpg 36w, https:\/\/blogsaverroes.juntadeandalucia.es\/astronautasyrobotsvscoronavirus\/files\/2020\/03\/book-1977396_960_720-48x30.jpg 48w, https:\/\/blogsaverroes.juntadeandalucia.es\/astronautasyrobotsvscoronavirus\/files\/2020\/03\/book-1977396_960_720.jpg 960w\" sizes=\"(max-width: 66px) 100vw, 66px\" \/><\/span><\/td>\r\n<td style=\"height: 24px;text-align: center\"><span style=\"font-size: 10pt\"><strong><a href=\"https:\/\/blogsaverroes.juntadeandalucia.es\/astronautasyrobotsvscoronavirus\/libros\/\">Libros<\/a><\/strong><\/span><\/td>\r\n<\/tr>\r\n<tr style=\"height: 24px\">\r\n<td style=\"height: 24px;text-align: center\"><span style=\"font-size: 10pt\"><img loading=\"lazy\" decoding=\"async\" class=\"aligncenter  wp-image-513\" src=\"https:\/\/blogsaverroes.juntadeandalucia.es\/astronautasyrobotsvscoronavirus\/files\/2020\/03\/Logotipo_Global_Recursos_Educacionais_Abiertos_REA_blanco_y_negro.svg_-300x200.png\" alt=\"\" width=\"78\" height=\"52\" srcset=\"https:\/\/blogsaverroes.juntadeandalucia.es\/astronautasyrobotsvscoronavirus\/files\/2020\/03\/Logotipo_Global_Recursos_Educacionais_Abiertos_REA_blanco_y_negro.svg_-300x200.png 300w, https:\/\/blogsaverroes.juntadeandalucia.es\/astronautasyrobotsvscoronavirus\/files\/2020\/03\/Logotipo_Global_Recursos_Educacionais_Abiertos_REA_blanco_y_negro.svg_-768x512.png 768w, https:\/\/blogsaverroes.juntadeandalucia.es\/astronautasyrobotsvscoronavirus\/files\/2020\/03\/Logotipo_Global_Recursos_Educacionais_Abiertos_REA_blanco_y_negro.svg_-1024x683.png 1024w, https:\/\/blogsaverroes.juntadeandalucia.es\/astronautasyrobotsvscoronavirus\/files\/2020\/03\/Logotipo_Global_Recursos_Educacionais_Abiertos_REA_blanco_y_negro.svg_-24x16.png 24w, https:\/\/blogsaverroes.juntadeandalucia.es\/astronautasyrobotsvscoronavirus\/files\/2020\/03\/Logotipo_Global_Recursos_Educacionais_Abiertos_REA_blanco_y_negro.svg_-36x24.png 36w, https:\/\/blogsaverroes.juntadeandalucia.es\/astronautasyrobotsvscoronavirus\/files\/2020\/03\/Logotipo_Global_Recursos_Educacionais_Abiertos_REA_blanco_y_negro.svg_-48x32.png 48w, https:\/\/blogsaverroes.juntadeandalucia.es\/astronautasyrobotsvscoronavirus\/files\/2020\/03\/Logotipo_Global_Recursos_Educacionais_Abiertos_REA_blanco_y_negro.svg_.png 1280w\" sizes=\"(max-width: 78px) 100vw, 78px\" \/><\/span><\/td>\r\n<td style=\"height: 24px;text-align: center\"><span style=\"font-size: 10pt\"><strong><a href=\"https:\/\/blogsaverroes.juntadeandalucia.es\/astronautasyrobotsvscoronavirus\/recursos\/\">&nbsp;&nbsp; Recursos<\/a><\/strong><\/span><\/td>\r\n<\/tr>\r\n<\/tbody>\r\n<\/table>\r\n<p style=\"text-align: center\">&nbsp;<\/p>\r\n<p style=\"text-align: left\"><span style=\"font-size: 10pt\">No os preocup\u00e9is, esto no ser\u00e1 para siempre,&nbsp; aqu\u00ed&nbsp; tambi\u00e9n estamos estudiando como acabar con este virus tan inc\u00f3modo, porque en el espacio tambi\u00e9n investigamos, pero eso os lo iremos contando poco a poco.<\/span><\/p>\r\n<p style=\"text-align: left\"><span style=\"font-size: 10pt\">Esperamos poder ayudaros y que os gusten las actividades que os proponemos.<\/span><\/p>\r\n<p>&nbsp;<\/p>\r\n<p style=\"text-align: center\"><span style=\"font-size: 10pt\"><img loading=\"lazy\" decoding=\"async\" class=\"aligncenter size-large wp-image-815\" src=\"https:\/\/blogsaverroes.juntadeandalucia.es\/astronautasyrobotsvscoronavirus\/files\/2020\/03\/Untitled4-1024x576.png\" alt=\"\" width=\"1024\" height=\"576\" srcset=\"https:\/\/blogsaverroes.juntadeandalucia.es\/astronautasyrobotsvscoronavirus\/files\/2020\/03\/Untitled4-1024x576.png 1024w, https:\/\/blogsaverroes.juntadeandalucia.es\/astronautasyrobotsvscoronavirus\/files\/2020\/03\/Untitled4-300x169.png 300w, https:\/\/blogsaverroes.juntadeandalucia.es\/astronautasyrobotsvscoronavirus\/files\/2020\/03\/Untitled4-768x432.png 768w, https:\/\/blogsaverroes.juntadeandalucia.es\/astronautasyrobotsvscoronavirus\/files\/2020\/03\/Untitled4-24x14.png 24w, https:\/\/blogsaverroes.juntadeandalucia.es\/astronautasyrobotsvscoronavirus\/files\/2020\/03\/Untitled4-36x20.png 36w, https:\/\/blogsaverroes.juntadeandalucia.es\/astronautasyrobotsvscoronavirus\/files\/2020\/03\/Untitled4-48x27.png 48w, https:\/\/blogsaverroes.juntadeandalucia.es\/astronautasyrobotsvscoronavirus\/files\/2020\/03\/Untitled4.png 1920w\" sizes=\"(max-width: 1024px) 100vw, 1024px\" \/><\/span><\/p>\r\n<p><span style=\"font-size: 10pt\">\r\n\r\n<\/span><\/p>\r\n<p><span style=\"font-size: 8pt\">* la historia del v\u00eddeo es ficticia y est\u00e1 hecha con la intenci\u00f3n de entretener y motivar a los m\u00e1s peque\u00f1os de la casa, y a los no tan peque\u00f1os&#8230;<\/span><\/p>\r\n<p><span style=\"font-size: 8pt\">** Tanto las im\u00e1genes de Google sin copyright, el banco Pixabay, la ilustradora Aurora Rey y Bitmoji, as\u00ed como los v\u00eddeos utilizados&nbsp; son de acceso abierto y se utilizan con un fin de divulgaci\u00f3n educativa.<\/span><\/p>\r\n","protected":false},"excerpt":{"rendered":"<p>\u00a1Bienvenid@s a tod@s!,&nbsp; mi nombre es Fran, formo parte de un grupo de astronautas que nos encontramos preparando nuestra 1\u00ba misi\u00f3n a Marte, pero no hemos podido viajar en nuestra nave espacial debido al Coronavirus COVID-19, as\u00ed que nos hemos quedado encerrados en la Estaci\u00f3n Espacial Internacional&nbsp; con nuestros robots. &nbsp; &nbsp; &nbsp; &nbsp; &nbsp; [&hellip;]<\/p>\n","protected":false},"author":7639,"featured_media":0,"parent":0,"menu_order":0,"comment_status":"closed","ping_status":"open","template":"","meta":{"ngg_post_thumbnail":0,"footnotes":""},"aioseo_notices":[],"_links":{"self":[{"href":"https:\/\/blogsaverroes.juntadeandalucia.es\/astronautasyrobotsvscoronavirus\/wp-json\/wp\/v2\/pages\/2"}],"collection":[{"href":"https:\/\/blogsaverroes.juntadeandalucia.es\/astronautasyrobotsvscoronavirus\/wp-json\/wp\/v2\/pages"}],"about":[{"href":"https:\/\/blogsaverroes.juntadeandalucia.es\/astronautasyrobotsvscoronavirus\/wp-json\/wp\/v2\/types\/page"}],"author":[{"embeddable":true,"href":"https:\/\/blogsaverroes.juntadeandalucia.es\/astronautasyrobotsvscoronavirus\/wp-json\/wp\/v2\/users\/7639"}],"replies":[{"embeddable":true,"href":"https:\/\/blogsaverroes.juntadeandalucia.es\/astronautasyrobotsvscoronavirus\/wp-json\/wp\/v2\/comments?post=2"}],"version-history":[{"count":98,"href":"https:\/\/blogsaverroes.juntadeandalucia.es\/astronautasyrobotsvscoronavirus\/wp-json\/wp\/v2\/pages\/2\/revisions"}],"predecessor-version":[{"id":1111,"href":"https:\/\/blogsaverroes.juntadeandalucia.es\/astronautasyrobotsvscoronavirus\/wp-json\/wp\/v2\/pages\/2\/revisions\/1111"}],"wp:attachment":[{"href":"https:\/\/blogsaverroes.juntadeandalucia.es\/astronautasyrobotsvscoronavirus\/wp-json\/wp\/v2\/media?parent=2"}],"curies":[{"name":"wp","href":"https:\/\/api.w.org\/{rel}","templated":true}]}}