{"id":239,"date":"2020-03-23T23:44:05","date_gmt":"2020-03-23T22:44:05","guid":{"rendered":"https:\/\/blogsaverroes.juntadeandalucia.es\/astronautasyrobotsvscoronavirus\/?page_id=239"},"modified":"2020-03-28T12:38:24","modified_gmt":"2020-03-28T11:38:24","slug":"pelis","status":"publish","type":"page","link":"https:\/\/blogsaverroes.juntadeandalucia.es\/astronautasyrobotsvscoronavirus\/pelis\/","title":{"rendered":"Pelis"},"content":{"rendered":"<p style=\"text-align: left\"><span style=\"font-size: 10pt\">Y ahora que ten\u00e9is mucho tiempo para ver pel\u00edculas os dejo un<\/span><span style=\"font-size: 10pt\"> trailer con algunas de las mejores pel\u00edculas sobre el espacio de la historia.<\/span><\/p>\n<p><span style=\"font-size: 10pt\"><a href=\"https:\/\/www.youtube.com\/watch?v=g9F6sNzEzig&amp;feature=youtu.be\" target=\"_blank\" rel=\"noopener noreferrer\"><img loading=\"lazy\" decoding=\"async\" class=\"aligncenter size-full wp-image-687\" src=\"https:\/\/blogsaverroes.juntadeandalucia.es\/astronautasyrobotsvscoronavirus\/files\/2020\/03\/PELIS.png\" alt=\"\" width=\"836\" height=\"471\" srcset=\"https:\/\/blogsaverroes.juntadeandalucia.es\/astronautasyrobotsvscoronavirus\/files\/2020\/03\/PELIS.png 836w, https:\/\/blogsaverroes.juntadeandalucia.es\/astronautasyrobotsvscoronavirus\/files\/2020\/03\/PELIS-300x169.png 300w, https:\/\/blogsaverroes.juntadeandalucia.es\/astronautasyrobotsvscoronavirus\/files\/2020\/03\/PELIS-768x433.png 768w, https:\/\/blogsaverroes.juntadeandalucia.es\/astronautasyrobotsvscoronavirus\/files\/2020\/03\/PELIS-24x14.png 24w, https:\/\/blogsaverroes.juntadeandalucia.es\/astronautasyrobotsvscoronavirus\/files\/2020\/03\/PELIS-36x20.png 36w, https:\/\/blogsaverroes.juntadeandalucia.es\/astronautasyrobotsvscoronavirus\/files\/2020\/03\/PELIS-48x27.png 48w\" sizes=\"(max-width: 836px) 100vw, 836px\" \/><\/a>&nbsp;<\/span><\/p>\n<p><span style=\"font-size: 10pt\">En Youtube tambi\u00e9n podr\u00e1s encontrar alg\u00fan pelicul\u00f3n como \u00ab<a href=\"https:\/\/youtu.be\/sSRcB6OOC2w\" target=\"_blank\" rel=\"noopener noreferrer\">Marte<\/a>\u00ab, pero os recomiendo alquilarlas o comprarlas y as\u00ed contribu\u00eds a la lucha contra el pirateo y las ver\u00e9is con mayor calidad.<\/span><\/p>\n<p style=\"text-align: left\"><span style=\"font-size: 10pt\">Una pregunta, \u00bfcu\u00e1l es vuestra favorita?<\/span><\/p>\n<p style=\"text-align: left\">&nbsp;<\/p>\n<p style=\"text-align: left\"><span style=\"font-size: 10pt\">A m\u00ed me encanta \u00ab<a href=\"https:\/\/www.youtube.com\/watch?v=UoSSbmD9vqc\" target=\"_blank\" rel=\"noopener noreferrer\">Interstellar<\/a>\u00ab<\/span><\/p>\n<p><img loading=\"lazy\" decoding=\"async\" class=\" wp-image-305 alignleft\" src=\"https:\/\/blogsaverroes.juntadeandalucia.es\/astronautasyrobotsvscoronavirus\/files\/2020\/03\/bitmoji-20200324122559-300x300.png\" alt=\"\" width=\"210\" height=\"210\" srcset=\"https:\/\/blogsaverroes.juntadeandalucia.es\/astronautasyrobotsvscoronavirus\/files\/2020\/03\/bitmoji-20200324122559-300x300.png 300w, https:\/\/blogsaverroes.juntadeandalucia.es\/astronautasyrobotsvscoronavirus\/files\/2020\/03\/bitmoji-20200324122559-150x150.png 150w, https:\/\/blogsaverroes.juntadeandalucia.es\/astronautasyrobotsvscoronavirus\/files\/2020\/03\/bitmoji-20200324122559-100x100.png 100w, https:\/\/blogsaverroes.juntadeandalucia.es\/astronautasyrobotsvscoronavirus\/files\/2020\/03\/bitmoji-20200324122559-24x24.png 24w, https:\/\/blogsaverroes.juntadeandalucia.es\/astronautasyrobotsvscoronavirus\/files\/2020\/03\/bitmoji-20200324122559-36x36.png 36w, https:\/\/blogsaverroes.juntadeandalucia.es\/astronautasyrobotsvscoronavirus\/files\/2020\/03\/bitmoji-20200324122559-48x48.png 48w, https:\/\/blogsaverroes.juntadeandalucia.es\/astronautasyrobotsvscoronavirus\/files\/2020\/03\/bitmoji-20200324122559.png 398w\" sizes=\"(max-width: 210px) 100vw, 210px\" \/><\/p>\n","protected":false},"excerpt":{"rendered":"<p>Y ahora que ten\u00e9is mucho tiempo para ver pel\u00edculas os dejo un trailer con algunas de las mejores pel\u00edculas sobre el espacio de la historia. &nbsp; En Youtube tambi\u00e9n podr\u00e1s encontrar alg\u00fan pelicul\u00f3n como \u00abMarte\u00ab, pero os recomiendo alquilarlas o comprarlas y as\u00ed contribu\u00eds a la lucha contra el pirateo y las ver\u00e9is con mayor [&hellip;]<\/p>\n","protected":false},"author":7639,"featured_media":0,"parent":0,"menu_order":0,"comment_status":"closed","ping_status":"closed","template":"","meta":{"ngg_post_thumbnail":0,"footnotes":""},"aioseo_notices":[],"_links":{"self":[{"href":"https:\/\/blogsaverroes.juntadeandalucia.es\/astronautasyrobotsvscoronavirus\/wp-json\/wp\/v2\/pages\/239"}],"collection":[{"href":"https:\/\/blogsaverroes.juntadeandalucia.es\/astronautasyrobotsvscoronavirus\/wp-json\/wp\/v2\/pages"}],"about":[{"href":"https:\/\/blogsaverroes.juntadeandalucia.es\/astronautasyrobotsvscoronavirus\/wp-json\/wp\/v2\/types\/page"}],"author":[{"embeddable":true,"href":"https:\/\/blogsaverroes.juntadeandalucia.es\/astronautasyrobotsvscoronavirus\/wp-json\/wp\/v2\/users\/7639"}],"replies":[{"embeddable":true,"href":"https:\/\/blogsaverroes.juntadeandalucia.es\/astronautasyrobotsvscoronavirus\/wp-json\/wp\/v2\/comments?post=239"}],"version-history":[{"count":7,"href":"https:\/\/blogsaverroes.juntadeandalucia.es\/astronautasyrobotsvscoronavirus\/wp-json\/wp\/v2\/pages\/239\/revisions"}],"predecessor-version":[{"id":791,"href":"https:\/\/blogsaverroes.juntadeandalucia.es\/astronautasyrobotsvscoronavirus\/wp-json\/wp\/v2\/pages\/239\/revisions\/791"}],"wp:attachment":[{"href":"https:\/\/blogsaverroes.juntadeandalucia.es\/astronautasyrobotsvscoronavirus\/wp-json\/wp\/v2\/media?parent=239"}],"curies":[{"name":"wp","href":"https:\/\/api.w.org\/{rel}","templated":true}]}}