{"id":242,"date":"2020-03-23T23:44:54","date_gmt":"2020-03-23T22:44:54","guid":{"rendered":"https:\/\/blogsaverroes.juntadeandalucia.es\/astronautasyrobotsvscoronavirus\/?page_id=242"},"modified":"2020-03-28T12:43:57","modified_gmt":"2020-03-28T11:43:57","slug":"recursosprimaria","status":"publish","type":"page","link":"https:\/\/blogsaverroes.juntadeandalucia.es\/astronautasyrobotsvscoronavirus\/recursosprimaria\/","title":{"rendered":"Recursos de Infantil y Primaria"},"content":{"rendered":"<p><span style=\"font-size: 10pt\">Como os dec\u00edamos, vuestros maestros y maestras pueden acceder a m\u00faltiples recursos relacionados con el espacio. M\u00e1s abajo ten\u00e9is a disposici\u00f3n m\u00e1s abajo resumidas algunas de las webs con recursos educativos aeroespaciales que m\u00e1s nos gustan. Pero antes os vamos a mostrar uno que me gusta mucho, y que surge de plantearse algunas de las siguientes preguntas:<\/span><\/p>\n<p><span style=\"font-size: 10pt\">\u00bfCu\u00e1ntas Lunas orbitan a la Tierra?<\/span><\/p>\n<p><span style=\"font-size: 10pt\">\u00bfPor qu\u00e9 tenemos una Luna?<\/span><\/p>\n<p><span style=\"font-size: 10pt\">\u00bfEn otros planetas existe m\u00e1s de una Luna?<\/span><\/p>\n<p><span style=\"font-size: 10pt\">Accede pinchando en la siguiente imagen<\/span><\/p>\n<p><span style=\"font-size: 10pt\"><a href=\"https:\/\/spaceplace.nasa.gov\/how-many-moons\/sp\/\" target=\"_blank\" rel=\"noopener noreferrer\"><img loading=\"lazy\" decoding=\"async\" class=\"aligncenter size-medium wp-image-462\" src=\"https:\/\/blogsaverroes.juntadeandalucia.es\/astronautasyrobotsvscoronavirus\/files\/2020\/03\/luna-300x203.png\" alt=\"\" width=\"300\" height=\"203\" srcset=\"https:\/\/blogsaverroes.juntadeandalucia.es\/astronautasyrobotsvscoronavirus\/files\/2020\/03\/luna-300x203.png 300w, https:\/\/blogsaverroes.juntadeandalucia.es\/astronautasyrobotsvscoronavirus\/files\/2020\/03\/luna-24x16.png 24w, https:\/\/blogsaverroes.juntadeandalucia.es\/astronautasyrobotsvscoronavirus\/files\/2020\/03\/luna-36x24.png 36w, https:\/\/blogsaverroes.juntadeandalucia.es\/astronautasyrobotsvscoronavirus\/files\/2020\/03\/luna-48x32.png 48w, https:\/\/blogsaverroes.juntadeandalucia.es\/astronautasyrobotsvscoronavirus\/files\/2020\/03\/luna.png 622w\" sizes=\"(max-width: 300px) 100vw, 300px\" \/><\/a><\/span><\/p>\n<p><span style=\"font-size: 10pt\">Para estas edades hay multitud de recursos en esta misma web llamada \u00abSpace Place NASA\u00bb con cientos de recursos educativos y a la que puedes acceder pinchando en su logo<\/span><\/p>\n<p>&nbsp;<\/p>\n<p><span style=\"font-size: 10pt\"><a href=\"https:\/\/spaceplace.nasa.gov\/sp\/\" target=\"_blank\" rel=\"noopener noreferrer\"><img loading=\"lazy\" decoding=\"async\" class=\"aligncenter size-medium wp-image-544\" src=\"https:\/\/blogsaverroes.juntadeandalucia.es\/astronautasyrobotsvscoronavirus\/files\/2020\/03\/space-place-300x81.png\" alt=\"\" width=\"300\" height=\"81\" srcset=\"https:\/\/blogsaverroes.juntadeandalucia.es\/astronautasyrobotsvscoronavirus\/files\/2020\/03\/space-place-300x81.png 300w, https:\/\/blogsaverroes.juntadeandalucia.es\/astronautasyrobotsvscoronavirus\/files\/2020\/03\/space-place-24x7.png 24w, https:\/\/blogsaverroes.juntadeandalucia.es\/astronautasyrobotsvscoronavirus\/files\/2020\/03\/space-place-36x10.png 36w, https:\/\/blogsaverroes.juntadeandalucia.es\/astronautasyrobotsvscoronavirus\/files\/2020\/03\/space-place-48x13.png 48w, https:\/\/blogsaverroes.juntadeandalucia.es\/astronautasyrobotsvscoronavirus\/files\/2020\/03\/space-place.png 457w\" sizes=\"(max-width: 300px) 100vw, 300px\" \/><\/a><\/span><\/p>\n<p><span style=\"font-size: 10pt\">Pero en Europa tambi\u00e9n tenemos nuestra propia Agencia Espacial Europea, la ESA, que tiene su propia web con recursos educativos para ni\u00f1os, llamada ESA KIDS, que os recomiendo activamente, y a la que puedes acceder pinchando en su logo:<\/span><\/p>\n<p><span style=\"font-size: 10pt\"><a href=\"https:\/\/www.esa.int\/kids\/es\/Home\" target=\"_blank\" rel=\"noopener noreferrer\"><img loading=\"lazy\" decoding=\"async\" class=\"aligncenter wp-image-542\" src=\"https:\/\/blogsaverroes.juntadeandalucia.es\/astronautasyrobotsvscoronavirus\/files\/2020\/03\/ESA-KIDS-300x169.png\" alt=\"\" width=\"208\" height=\"117\" srcset=\"https:\/\/blogsaverroes.juntadeandalucia.es\/astronautasyrobotsvscoronavirus\/files\/2020\/03\/ESA-KIDS.png 300w, https:\/\/blogsaverroes.juntadeandalucia.es\/astronautasyrobotsvscoronavirus\/files\/2020\/03\/ESA-KIDS-24x14.png 24w, https:\/\/blogsaverroes.juntadeandalucia.es\/astronautasyrobotsvscoronavirus\/files\/2020\/03\/ESA-KIDS-36x20.png 36w, https:\/\/blogsaverroes.juntadeandalucia.es\/astronautasyrobotsvscoronavirus\/files\/2020\/03\/ESA-KIDS-48x27.png 48w\" sizes=\"(max-width: 208px) 100vw, 208px\" \/><\/a><\/span><\/p>\n<p><span style=\"font-size: 10pt\">Adem\u00e1s la ESA pone a disposici\u00f3n de los profesores una web con recursos educativos de Primaria llamada \u00abTeaching with space Primary\u00bb, a la que puedes animar a tu maestro o maestra para que acceda pinchando en el siguiente logo<\/span><\/p>\n<p><span style=\"font-size: 10pt\"><a href=\"https:\/\/www.esa.int\/Education\/Teachers_Corner\/Primary_classroom_resources\" target=\"_blank\" rel=\"noopener noreferrer\"><img loading=\"lazy\" decoding=\"async\" class=\"aligncenter wp-image-540\" src=\"https:\/\/blogsaverroes.juntadeandalucia.es\/astronautasyrobotsvscoronavirus\/files\/2020\/03\/NASA-300x109.png\" alt=\"\" width=\"206\" height=\"75\" srcset=\"https:\/\/blogsaverroes.juntadeandalucia.es\/astronautasyrobotsvscoronavirus\/files\/2020\/03\/NASA-300x109.png 300w, https:\/\/blogsaverroes.juntadeandalucia.es\/astronautasyrobotsvscoronavirus\/files\/2020\/03\/NASA-768x279.png 768w, https:\/\/blogsaverroes.juntadeandalucia.es\/astronautasyrobotsvscoronavirus\/files\/2020\/03\/NASA-1024x372.png 1024w, https:\/\/blogsaverroes.juntadeandalucia.es\/astronautasyrobotsvscoronavirus\/files\/2020\/03\/NASA-24x9.png 24w, https:\/\/blogsaverroes.juntadeandalucia.es\/astronautasyrobotsvscoronavirus\/files\/2020\/03\/NASA-36x13.png 36w, https:\/\/blogsaverroes.juntadeandalucia.es\/astronautasyrobotsvscoronavirus\/files\/2020\/03\/NASA-48x17.png 48w, https:\/\/blogsaverroes.juntadeandalucia.es\/astronautasyrobotsvscoronavirus\/files\/2020\/03\/NASA-600x220.png 600w, https:\/\/blogsaverroes.juntadeandalucia.es\/astronautasyrobotsvscoronavirus\/files\/2020\/03\/NASA.png 1537w\" sizes=\"(max-width: 206px) 100vw, 206px\" \/><\/a><\/span><\/p>\n<p><span style=\"font-size: 10pt\">Espero que pod\u00e1is acceder a estos recursos y sacarles el mayor provecho posible<\/span><\/p>\n<p>&nbsp;<\/p>\n<p><span style=\"font-size: 10pt\"><img loading=\"lazy\" decoding=\"async\" class=\"aligncenter wp-image-296\" src=\"https:\/\/blogsaverroes.juntadeandalucia.es\/astronautasyrobotsvscoronavirus\/files\/2020\/03\/bitmoji-20200324122107-300x300.png\" alt=\"\" width=\"214\" height=\"214\" srcset=\"https:\/\/blogsaverroes.juntadeandalucia.es\/astronautasyrobotsvscoronavirus\/files\/2020\/03\/bitmoji-20200324122107-300x300.png 300w, https:\/\/blogsaverroes.juntadeandalucia.es\/astronautasyrobotsvscoronavirus\/files\/2020\/03\/bitmoji-20200324122107-150x150.png 150w, https:\/\/blogsaverroes.juntadeandalucia.es\/astronautasyrobotsvscoronavirus\/files\/2020\/03\/bitmoji-20200324122107-100x100.png 100w, https:\/\/blogsaverroes.juntadeandalucia.es\/astronautasyrobotsvscoronavirus\/files\/2020\/03\/bitmoji-20200324122107-24x24.png 24w, https:\/\/blogsaverroes.juntadeandalucia.es\/astronautasyrobotsvscoronavirus\/files\/2020\/03\/bitmoji-20200324122107-36x36.png 36w, https:\/\/blogsaverroes.juntadeandalucia.es\/astronautasyrobotsvscoronavirus\/files\/2020\/03\/bitmoji-20200324122107-48x48.png 48w, https:\/\/blogsaverroes.juntadeandalucia.es\/astronautasyrobotsvscoronavirus\/files\/2020\/03\/bitmoji-20200324122107.png 398w\" sizes=\"(max-width: 214px) 100vw, 214px\" \/><\/span><\/p>\n","protected":false},"excerpt":{"rendered":"<p>Como os dec\u00edamos, vuestros maestros y maestras pueden acceder a m\u00faltiples recursos relacionados con el espacio. M\u00e1s abajo ten\u00e9is a disposici\u00f3n m\u00e1s abajo resumidas algunas de las webs con recursos educativos aeroespaciales que m\u00e1s nos gustan. Pero antes os vamos a mostrar uno que me gusta mucho, y que surge de plantearse algunas de las [&hellip;]<\/p>\n","protected":false},"author":7639,"featured_media":0,"parent":0,"menu_order":0,"comment_status":"closed","ping_status":"closed","template":"","meta":{"ngg_post_thumbnail":0,"footnotes":""},"aioseo_notices":[],"_links":{"self":[{"href":"https:\/\/blogsaverroes.juntadeandalucia.es\/astronautasyrobotsvscoronavirus\/wp-json\/wp\/v2\/pages\/242"}],"collection":[{"href":"https:\/\/blogsaverroes.juntadeandalucia.es\/astronautasyrobotsvscoronavirus\/wp-json\/wp\/v2\/pages"}],"about":[{"href":"https:\/\/blogsaverroes.juntadeandalucia.es\/astronautasyrobotsvscoronavirus\/wp-json\/wp\/v2\/types\/page"}],"author":[{"embeddable":true,"href":"https:\/\/blogsaverroes.juntadeandalucia.es\/astronautasyrobotsvscoronavirus\/wp-json\/wp\/v2\/users\/7639"}],"replies":[{"embeddable":true,"href":"https:\/\/blogsaverroes.juntadeandalucia.es\/astronautasyrobotsvscoronavirus\/wp-json\/wp\/v2\/comments?post=242"}],"version-history":[{"count":13,"href":"https:\/\/blogsaverroes.juntadeandalucia.es\/astronautasyrobotsvscoronavirus\/wp-json\/wp\/v2\/pages\/242\/revisions"}],"predecessor-version":[{"id":794,"href":"https:\/\/blogsaverroes.juntadeandalucia.es\/astronautasyrobotsvscoronavirus\/wp-json\/wp\/v2\/pages\/242\/revisions\/794"}],"wp:attachment":[{"href":"https:\/\/blogsaverroes.juntadeandalucia.es\/astronautasyrobotsvscoronavirus\/wp-json\/wp\/v2\/media?parent=242"}],"curies":[{"name":"wp","href":"https:\/\/api.w.org\/{rel}","templated":true}]}}