{"id":260,"date":"2020-03-23T23:48:34","date_gmt":"2020-03-23T22:48:34","guid":{"rendered":"https:\/\/blogsaverroes.juntadeandalucia.es\/astronautasyrobotsvscoronavirus\/?page_id=260"},"modified":"2023-04-20T10:16:50","modified_gmt":"2023-04-20T08:16:50","slug":"recursossecundaria","status":"publish","type":"page","link":"https:\/\/blogsaverroes.juntadeandalucia.es\/astronautasyrobotsvscoronavirus\/recursossecundaria\/","title":{"rendered":"Recursos de Secundaria y Bachillerato"},"content":{"rendered":"<p><span style=\"font-size: 10pt\">Voy a comenzar esta secci\u00f3n mostr\u00e1ndoos mis propios recursos educativos dirigidos al profesorado, porque como sabr\u00e9is, en mi tiempo libre entre una misi\u00f3n espacial y otra, bajo a la Tierra y trabajo como profesor de matem\u00e1ticas, jejee&#8230;<\/span><\/p>\n<p><span style=\"font-size: 10pt\">En este caso explico las ecuaciones de la trayectoria del cohete Falcon Heavy, de la empresa SpaceX, correspondiente al lanzamiento de un coche modelo \u00abTesla\u00bb al planeta Marte haciendo uso de las funciones, para un nivel desde 4\u00ba de la ESO hasta 2\u00ba de Bachillerato.<br \/>\n<\/span><\/p>\n<p>&nbsp;<\/p>\n<p><a href=\"https:\/\/www.youtube.com\/watch?v=DfVZ2Nj4YuE&amp;feature=youtu.be\" target=\"_blank\" rel=\"noopener noreferrer\"><img loading=\"lazy\" decoding=\"async\" class=\"aligncenter size-large wp-image-710\" src=\"https:\/\/blogsaverroes.juntadeandalucia.es\/astronautasyrobotsvscoronavirus\/files\/2020\/03\/fran-1024x522.png\" alt=\"\" width=\"1024\" height=\"522\" srcset=\"https:\/\/blogsaverroes.juntadeandalucia.es\/astronautasyrobotsvscoronavirus\/files\/2020\/03\/fran-1024x522.png 1024w, https:\/\/blogsaverroes.juntadeandalucia.es\/astronautasyrobotsvscoronavirus\/files\/2020\/03\/fran-300x153.png 300w, https:\/\/blogsaverroes.juntadeandalucia.es\/astronautasyrobotsvscoronavirus\/files\/2020\/03\/fran-768x391.png 768w, https:\/\/blogsaverroes.juntadeandalucia.es\/astronautasyrobotsvscoronavirus\/files\/2020\/03\/fran-24x12.png 24w, https:\/\/blogsaverroes.juntadeandalucia.es\/astronautasyrobotsvscoronavirus\/files\/2020\/03\/fran-36x18.png 36w, https:\/\/blogsaverroes.juntadeandalucia.es\/astronautasyrobotsvscoronavirus\/files\/2020\/03\/fran-48x24.png 48w, https:\/\/blogsaverroes.juntadeandalucia.es\/astronautasyrobotsvscoronavirus\/files\/2020\/03\/fran.png 1123w\" sizes=\"(max-width: 1024px) 100vw, 1024px\" \/><\/a><\/p>\n<p>&nbsp;<\/p>\n<p style=\"text-align: left\"><span style=\"font-size: 10pt\">En esta tabla puedes acceder a m\u00e1s recursos de tem\u00e1tica aeroespacial para estudiar la aplicaci\u00f3n de las matem\u00e1ticas a la exploraci\u00f3n espacial. Cada v\u00eddeo viene acompa\u00f1ado de un enlace, en su propia descripci\u00f3n en youtube, para su trabajo en el aula.<\/span><\/p>\n<p style=\"text-align: left\"><span style=\"font-size: 10pt\">En esta temporada del coronavirus te vendr\u00e1 muy bien para trabajarlo desde casa, este u otros recursos que expongo a continuaci\u00f3n en la siguiente tabla:<\/span><\/p>\n<p>&nbsp;<\/p>\n<p style=\"text-align: center\"><span style=\"font-size: 10pt\"><strong>Recursos de Secundaria relacionados con el espacio: (Fran Martinez)<\/strong><\/span><\/p>\n<table>\n<tbody>\n<tr style=\"height: 24px\">\n<td style=\"text-align: center;height: 24px\"><span style=\"font-family: georgia, palatino, serif\"><strong><span style=\"font-size: 10pt\">Curso<\/span><\/strong><\/span><\/td>\n<td style=\"text-align: center;height: 24px\"><span style=\"font-family: georgia, palatino, serif;font-size: 10pt\"><strong>Asignatura<\/strong><\/span><\/td>\n<td style=\"text-align: center;height: 24px\"><strong><span style=\"font-size: 10pt\">Temas<\/span><\/strong><\/td>\n<td style=\"text-align: center;height: 24px\"><span style=\"font-family: georgia, palatino, serif;font-size: 10pt\"><strong>Recurso<\/strong><\/span><\/td>\n<\/tr>\n<tr style=\"height: 48px\">\n<td style=\"text-align: center;height: 48px\"><span style=\"font-family: georgia, palatino, serif;font-size: 8pt\">1\u00ba ESO (12-13 a\u00f1os)<\/span><\/td>\n<td style=\"height: 48px;text-align: left\"><span style=\"font-size: 8pt\">Matem\u00e1ticas y Ciencias<\/span><\/td>\n<td style=\"height: 48px;text-align: left\"><span style=\"font-size: 8pt\">Porcentajes. La materia<\/span><\/td>\n<td style=\"height: 48px;text-align: left\"><span style=\"font-size: 8pt\"><a href=\"https:\/\/www.youtube.com\/watch?v=74bPQJj_DsY&amp;feature=youtu.be\" target=\"_blank\" rel=\"noopener noreferrer\"><u>La materia y la energ\u00eda oscura I <\/u><\/a><\/span><\/td>\n<\/tr>\n<tr style=\"height: 48px\">\n<td style=\"text-align: center;height: 48px\"><span style=\"font-size: 8pt\">1\u00ba ESO (12-13 a\u00f1os)<\/span><\/td>\n<td style=\"height: 48px;text-align: left\"><span style=\"font-family: georgia, palatino, serif;font-size: 8pt\">Matem\u00e1ticas y Ciencias<\/span><\/td>\n<td style=\"height: 48px;text-align: left\"><span style=\"font-family: georgia, palatino, serif;font-size: 8pt\">Porcentajes. La materia<\/span><\/td>\n<td style=\"height: 48px;text-align: left\"><span style=\"font-family: georgia, palatino, serif;font-size: 8pt\"><u><\/u><u><a href=\"https:\/\/youtu.be\/vR2YcFKDv2c\" target=\"_blank\" rel=\"noopener noreferrer\">La materia y la energ\u00eda oscura II<\/a><\/u><\/span><\/td>\n<\/tr>\n<tr style=\"height: 96px\">\n<td style=\"text-align: center;height: 96px\"><span style=\"font-size: 8pt\">2\u00ba ESO (13-14 a\u00f1os)<\/span><\/td>\n<td style=\"height: 96px\"><span style=\"font-size: 8pt\">Matem\u00e1ticas, Ciencias y Lengua<br \/>\n<\/span><\/td>\n<td style=\"height: 96px\"><span style=\"font-size: 8pt\">Proporcionalidad, \u00e1reas y vol\u00famenes. El Sistema Solar. Compresi\u00f3n y redacci\u00f3n de texto<\/span><\/td>\n<td style=\"height: 96px;text-align: left\"><span style=\"font-size: 8pt\"><a href=\"https:\/\/www.youtube.com\/watch?v=ApW2rGhBGOI&amp;feature=youtu.be\" target=\"_blank\" rel=\"noopener noreferrer\"><u>Los Planetas del sistema solar<\/u><\/a><\/span><\/td>\n<\/tr>\n<tr style=\"height: 49px\">\n<td style=\"text-align: center;height: 49px\"><span style=\"font-size: 8pt\">3\u00baESO (14-15 a\u00f1os)<\/span><\/td>\n<td style=\"height: 49px\"><span style=\"font-size: 8pt\">Matem\u00e1ticas y F\u00edsica<\/span><\/td>\n<td style=\"height: 49px\"><span style=\"font-size: 8pt\">Tablas y Gr\u00e1ficas estad\u00edsticas. Velocidad y aceleraci\u00f3n<\/span><\/td>\n<td style=\"height: 49px;text-align: left\"><span style=\"font-size: 8pt\"><a href=\"https:\/\/youtu.be\/lmIjTHoky00\" target=\"_blank\" rel=\"noopener noreferrer\"><u>El \u00faltimo vuelo del Endeavour<\/u><\/a><\/span><\/td>\n<\/tr>\n<tr style=\"height: 24px\">\n<td style=\"text-align: center;height: 24px\"><span style=\"font-size: 8pt\">4\u00baESO (15-16 a\u00f1os)<\/span><\/td>\n<td style=\"height: 24px\"><span style=\"font-size: 8pt\">Matem\u00e1ticas y Qu\u00edmica<\/span><\/td>\n<td style=\"height: 24px\"><span style=\"font-size: 8pt\">Sistemas de ecuaciones. La composici\u00f3n del aire<\/span><\/td>\n<td style=\"height: 24px;text-align: left\"><span style=\"font-size: 8pt\"><a href=\"https:\/\/youtu.be\/qOjSqH_bUXM\" target=\"_blank\" rel=\"noopener noreferrer\"><u>Hoteles en el espacio<\/u><\/a><\/span><\/td>\n<\/tr>\n<tr style=\"height: 24.4667px\">\n<td style=\"text-align: center;height: 24.4667px\"><span style=\"font-size: 8pt\">1\u00ba Bachillerato Ciencias<\/span><\/td>\n<td style=\"height: 24.4667px\"><span style=\"font-size: 8pt\">Matem\u00e1ticas<\/span><\/td>\n<td style=\"height: 24.4667px\"><span style=\"font-size: 8pt\">F\u00f3rmulas trigonom\u00e9tricas. <\/span><\/td>\n<td style=\"height: 24.4667px;text-align: left\"><span style=\"font-size: 8pt\"><a href=\"https:\/\/youtu.be\/rWHb8JrBqeA\" target=\"_blank\" rel=\"noopener noreferrer\"><u>\u00d3rbitas de sat\u00e9lites artificiales<\/u><\/a><\/span><\/td>\n<\/tr>\n<tr style=\"height: 24px\">\n<td style=\"text-align: center;height: 24px\"><span style=\"font-size: 8pt\">&nbsp;&nbsp;&nbsp; 1\u00ba Bachillerato Cc sociales<br \/>\n<\/span><\/td>\n<td style=\"height: 24px\"><span style=\"font-size: 8pt\">Matem\u00e1ticas y F\u00edsica<\/span><\/td>\n<td style=\"height: 24px\"><span style=\"font-size: 8pt\">Funciones elementales. El funcionamiento de los cohetes.<br \/>\n<\/span><\/p>\n<p align=\"left\"><span style=\"font-family: Times New Roman, serif;font-size: 8pt\">&nbsp;<span style=\"color: #000000\">Funciones exponenciales y logar\u00edtmicas. El cambio clim\u00e1tico<\/span><\/span><\/p>\n<\/td>\n<td style=\"height: 24px;text-align: left\"><span style=\"font-size: 8pt\"><a href=\"https:\/\/youtu.be\/Wap1yeEon2o\" target=\"_blank\" rel=\"noopener noreferrer\"><u>La teor\u00eda del vuelo de un cohete<\/u><\/a><\/span><\/p>\n<p align=\"left\"><span style=\"font-family: Times New Roman, serif\"><u><a href=\"https:\/\/drive.google.com\/file\/d\/1veQDvVYYPCMof40_BLjLYQwmgMGf_QN9\/view?usp=sharing\" target=\"_blank\" rel=\"noopener noreferrer\"><span style=\"font-size: 10pt\"><span style=\"font-size: 8pt\">La nave VEGA-c de ESA y el cambio clim\u00e1tico<\/span><\/span><\/a><\/u><\/span><\/p>\n<p>(<a href=\"https:\/\/youtu.be\/VfiOJVyZC5U\" target=\"_blank\" rel=\"noopener noreferrer\">Accede al v\u00eddeo<\/a>)<\/td>\n<\/tr>\n<tr style=\"height: 24px\">\n<td style=\"text-align: center;height: 24px\"><span style=\"font-size: 8pt\">2\u00ba Bachillerato Ciencias<\/span><\/td>\n<td style=\"height: 24px\"><span style=\"font-size: 8pt\">Matem\u00e1ticas<\/span><\/td>\n<td style=\"height: 24px\"><span style=\"font-size: 8pt\">L\u00edmites y continuidad<\/span><\/td>\n<td style=\"height: 24px;text-align: left\"><span style=\"font-size: 8pt\"><a href=\"https:\/\/youtu.be\/DfVZ2Nj4YuE\" target=\"_blank\" rel=\"noopener noreferrer\"><u>El cohete Falcon Heavy<\/u><\/a><\/span><\/td>\n<\/tr>\n<tr style=\"height: 24px\">\n<td style=\"text-align: center;height: 24px\"><span style=\"font-size: 8pt\">&nbsp;&nbsp; 2\u00ba Bachillerato Cc sociales<\/span><\/td>\n<td style=\"height: 24px\"><span style=\"font-size: 8pt\">Matem\u00e1ticas<\/span><\/td>\n<td style=\"height: 24px\"><span style=\"font-size: 8pt\">Representaci\u00f3n de funciones<\/span><\/td>\n<td style=\"height: 24px;text-align: left\"><span style=\"font-size: 8pt\"><a href=\"http:\/\/agrega.juntadeandalucia.es\/repositorio\/03102020\/91\/es-an_2020100311_9184147\/zip\/index.html\" target=\"_blank\" rel=\"noopener noreferrer\"><u>Ecuaciones de la aeronave VSS Unity<\/u><\/a><\/span><\/td>\n<\/tr>\n<\/tbody>\n<\/table>\n<p><span style=\"font-size: 10pt\">Hay m\u00e1s profesores que trabajan la tem\u00e1tica aeroespacial, como es el caso del conocido profesor tinerfe\u00f1o Juan Hern\u00e1ndez, que en su p\u00e1gina web \u00abEsto no entra en el examen\u00bb ofrece variados&nbsp; recusos sobre esta tem\u00e1tica desde 4\u00ba de ESO a 2\u00ba de bachillerato, y que os muestro a continuaci\u00f3n:<\/span><\/p>\n<p>&nbsp;<\/p>\n<p style=\"text-align: center\"><span style=\"font-size: 10pt\"><strong>Recursos de Secundaria relacionados con el espacio: (Juan Hern\u00e1ndez)<\/strong><\/span><\/p>\n<table>\n<tbody>\n<tr>\n<td><strong><span style=\"font-size: 8pt\"><a href=\"https:\/\/www.estonoentraenelexamen.com\/2019\/11\/12\/tras-la-sombra-de-la-luna\/\" target=\"_blank\" rel=\"noopener noreferrer\">Tras la sombra de la Luna<\/a><\/span><\/strong><\/td>\n<td><strong><span style=\"font-size: 8pt\"><a href=\"https:\/\/www.estonoentraenelexamen.com\/2018\/01\/16\/estudio-orbitas-geogebra\/\">Estudio de \u00f3rbitas con Geogebra<\/a><\/span><\/strong><\/td>\n<td><strong><span style=\"font-size: 8pt\"><a href=\"https:\/\/www.estonoentraenelexamen.com\/2019\/10\/28\/donde-esta-la-tierra-en-el-universo\/\">\u00bfD\u00f3nde est\u00e1 la Tierra en el Universo?<\/a><\/span><\/strong><\/td>\n<\/tr>\n<\/tbody>\n<\/table>\n<p>&nbsp;<\/p>\n<p><span style=\"font-size: 10pt\">Como pod\u00e9is suponer en esta etapa de confinamiento las famosas agencias espaciales ESA y NASA, tambi\u00e9n disponen de sus propios recursos educativos.&nbsp;<\/span><\/p>\n<p>&nbsp;<\/p>\n<p><span style=\"font-size: 10pt\">La ESA en su proyecto \u00abTeaching with Space\u00bb ofrece sus recursos de Secundaria \u00ab<\/span><span style=\"font-size: 10pt\">Teaching with Space Secondary\u00bb, que puedes ver pinchando en su logo:<br \/>\n<\/span><\/p>\n<p>&nbsp;<\/p>\n<p><a href=\"https:\/\/www.esa.int\/Education\/Teachers_Corner\/Secondary_classroom_resources\" target=\"_blank\" rel=\"noopener noreferrer\"><img loading=\"lazy\" decoding=\"async\" class=\"aligncenter wp-image-540\" src=\"https:\/\/blogsaverroes.juntadeandalucia.es\/astronautasyrobotsvscoronavirus\/files\/2020\/03\/NASA-300x109.png\" alt=\"\" width=\"143\" height=\"52\" srcset=\"https:\/\/blogsaverroes.juntadeandalucia.es\/astronautasyrobotsvscoronavirus\/files\/2020\/03\/NASA-300x109.png 300w, https:\/\/blogsaverroes.juntadeandalucia.es\/astronautasyrobotsvscoronavirus\/files\/2020\/03\/NASA-768x279.png 768w, https:\/\/blogsaverroes.juntadeandalucia.es\/astronautasyrobotsvscoronavirus\/files\/2020\/03\/NASA-1024x372.png 1024w, https:\/\/blogsaverroes.juntadeandalucia.es\/astronautasyrobotsvscoronavirus\/files\/2020\/03\/NASA-24x9.png 24w, https:\/\/blogsaverroes.juntadeandalucia.es\/astronautasyrobotsvscoronavirus\/files\/2020\/03\/NASA-36x13.png 36w, https:\/\/blogsaverroes.juntadeandalucia.es\/astronautasyrobotsvscoronavirus\/files\/2020\/03\/NASA-48x17.png 48w, https:\/\/blogsaverroes.juntadeandalucia.es\/astronautasyrobotsvscoronavirus\/files\/2020\/03\/NASA-600x220.png 600w, https:\/\/blogsaverroes.juntadeandalucia.es\/astronautasyrobotsvscoronavirus\/files\/2020\/03\/NASA.png 1537w\" sizes=\"(max-width: 143px) 100vw, 143px\" \/><\/a><\/p>\n<p>&nbsp;<\/p>\n<p><span style=\"font-size: 10pt\">y en este caso la NASA ofrece tambi\u00e9n recursos en 3 dimensiones, que tambi\u00e9n podras ver si pinchas en su propio logo:<\/span><\/p>\n<p>&nbsp;<\/p>\n<p><a href=\"https:\/\/nasa3d.arc.nasa.gov\/\" target=\"_blank\" rel=\"noopener noreferrer\"><img loading=\"lazy\" decoding=\"async\" class=\"aligncenter wp-image-539\" src=\"https:\/\/blogsaverroes.juntadeandalucia.es\/astronautasyrobotsvscoronavirus\/files\/2020\/03\/NASA-Logo-300x169.png\" alt=\"\" width=\"142\" height=\"80\" srcset=\"https:\/\/blogsaverroes.juntadeandalucia.es\/astronautasyrobotsvscoronavirus\/files\/2020\/03\/NASA-Logo-300x169.png 300w, https:\/\/blogsaverroes.juntadeandalucia.es\/astronautasyrobotsvscoronavirus\/files\/2020\/03\/NASA-Logo-768x432.png 768w, https:\/\/blogsaverroes.juntadeandalucia.es\/astronautasyrobotsvscoronavirus\/files\/2020\/03\/NASA-Logo-1024x576.png 1024w, https:\/\/blogsaverroes.juntadeandalucia.es\/astronautasyrobotsvscoronavirus\/files\/2020\/03\/NASA-Logo-24x14.png 24w, https:\/\/blogsaverroes.juntadeandalucia.es\/astronautasyrobotsvscoronavirus\/files\/2020\/03\/NASA-Logo-36x20.png 36w, https:\/\/blogsaverroes.juntadeandalucia.es\/astronautasyrobotsvscoronavirus\/files\/2020\/03\/NASA-Logo-48x27.png 48w\" sizes=\"(max-width: 142px) 100vw, 142px\" \/><\/a><\/p>\n<p>&nbsp;<\/p>\n<p><span style=\"font-size: 10pt\">Pero no solo los profesores de ciencias trabajan con recursos sobre el espacio, como prueba de ello os dejo un enlace a un proyecto que me ha llamado la atenci\u00f3n, oje\u00e1ndolo desde la Estaci\u00f3n Espacial Internacional (ISS),&nbsp; que es la web del profesor Juanjo Romero, de ciencias sociales, en la que expone un&nbsp; proyecto educativo llamado \u00ab<a href=\"https:\/\/juanjoromero.es\/experiencias-didacticas\/un-ejemplo-de-trabajo-por-proyectos-en-ciencias-sociales-buscando-casa-en-el-universo\/\" target=\"_blank\" rel=\"noopener noreferrer\">Buscando casa en el universo\u00bb<\/a>.<\/span><\/p>\n<p style=\"text-align: left\"><span style=\"font-size: 10pt\">Y alguno se preguntar\u00e1 como es posible que en la ISS tengamos internet, pues s\u00ed, tenemos internet desde hace 10 a\u00f1os, y aqu\u00ed se conecta hasta nuestro gato Flash. Conoce la historia de Internet en el espacio pulsando sobre la imagen de Flash:<\/span><\/p>\n<p>&nbsp;<\/p>\n<p><a href=\"https:\/\/www.kaspersky.es\/blog\/internet-in-space\/19305\/\" target=\"_blank\" rel=\"noopener noreferrer\"><img loading=\"lazy\" decoding=\"async\" class=\"aligncenter size-large wp-image-711\" src=\"https:\/\/blogsaverroes.juntadeandalucia.es\/astronautasyrobotsvscoronavirus\/files\/2020\/03\/gato-1024x598.png\" alt=\"\" width=\"1024\" height=\"598\" srcset=\"https:\/\/blogsaverroes.juntadeandalucia.es\/astronautasyrobotsvscoronavirus\/files\/2020\/03\/gato-1024x598.png 1024w, https:\/\/blogsaverroes.juntadeandalucia.es\/astronautasyrobotsvscoronavirus\/files\/2020\/03\/gato-300x175.png 300w, https:\/\/blogsaverroes.juntadeandalucia.es\/astronautasyrobotsvscoronavirus\/files\/2020\/03\/gato-768x448.png 768w, https:\/\/blogsaverroes.juntadeandalucia.es\/astronautasyrobotsvscoronavirus\/files\/2020\/03\/gato-24x14.png 24w, https:\/\/blogsaverroes.juntadeandalucia.es\/astronautasyrobotsvscoronavirus\/files\/2020\/03\/gato-36x21.png 36w, https:\/\/blogsaverroes.juntadeandalucia.es\/astronautasyrobotsvscoronavirus\/files\/2020\/03\/gato-48x28.png 48w, https:\/\/blogsaverroes.juntadeandalucia.es\/astronautasyrobotsvscoronavirus\/files\/2020\/03\/gato.png 1281w\" sizes=\"(max-width: 1024px) 100vw, 1024px\" \/><\/a><\/p>\n<p>Puedes acceder a m\u00e1s informaci\u00f3n acerca del turismo espacial pinchando <a href=\"https:\/\/blogsaverroes.juntadeandalucia.es\/astronautasyrobotsvscoronavirus\/historia-del-turismo-espacial\/\" target=\"_blank\" rel=\"noopener noreferrer\">aqu\u00ed<\/a>.<\/p>\n","protected":false},"excerpt":{"rendered":"<p>Voy a comenzar esta secci\u00f3n mostr\u00e1ndoos mis propios recursos educativos dirigidos al profesorado, porque como sabr\u00e9is, en mi tiempo libre entre una misi\u00f3n espacial y otra, bajo a la Tierra y trabajo como profesor de matem\u00e1ticas, jejee&#8230; En este caso explico las ecuaciones de la trayectoria del cohete Falcon Heavy, de la empresa SpaceX, correspondiente [&hellip;]<\/p>\n","protected":false},"author":7639,"featured_media":0,"parent":0,"menu_order":0,"comment_status":"closed","ping_status":"closed","template":"","meta":{"ngg_post_thumbnail":0,"footnotes":""},"aioseo_notices":[],"_links":{"self":[{"href":"https:\/\/blogsaverroes.juntadeandalucia.es\/astronautasyrobotsvscoronavirus\/wp-json\/wp\/v2\/pages\/260"}],"collection":[{"href":"https:\/\/blogsaverroes.juntadeandalucia.es\/astronautasyrobotsvscoronavirus\/wp-json\/wp\/v2\/pages"}],"about":[{"href":"https:\/\/blogsaverroes.juntadeandalucia.es\/astronautasyrobotsvscoronavirus\/wp-json\/wp\/v2\/types\/page"}],"author":[{"embeddable":true,"href":"https:\/\/blogsaverroes.juntadeandalucia.es\/astronautasyrobotsvscoronavirus\/wp-json\/wp\/v2\/users\/7639"}],"replies":[{"embeddable":true,"href":"https:\/\/blogsaverroes.juntadeandalucia.es\/astronautasyrobotsvscoronavirus\/wp-json\/wp\/v2\/comments?post=260"}],"version-history":[{"count":29,"href":"https:\/\/blogsaverroes.juntadeandalucia.es\/astronautasyrobotsvscoronavirus\/wp-json\/wp\/v2\/pages\/260\/revisions"}],"predecessor-version":[{"id":1145,"href":"https:\/\/blogsaverroes.juntadeandalucia.es\/astronautasyrobotsvscoronavirus\/wp-json\/wp\/v2\/pages\/260\/revisions\/1145"}],"wp:attachment":[{"href":"https:\/\/blogsaverroes.juntadeandalucia.es\/astronautasyrobotsvscoronavirus\/wp-json\/wp\/v2\/media?parent=260"}],"curies":[{"name":"wp","href":"https:\/\/api.w.org\/{rel}","templated":true}]}}