{"id":280,"date":"2020-03-24T00:02:44","date_gmt":"2020-03-23T23:02:44","guid":{"rendered":"https:\/\/blogsaverroes.juntadeandalucia.es\/astronautasyrobotsvscoronavirus\/?page_id=280"},"modified":"2020-03-30T09:25:28","modified_gmt":"2020-03-30T07:25:28","slug":"juegos-de-naves-espaciales","status":"publish","type":"page","link":"https:\/\/blogsaverroes.juntadeandalucia.es\/astronautasyrobotsvscoronavirus\/juegos-de-naves-espaciales\/","title":{"rendered":"Juegos de Naves espaciales"},"content":{"rendered":"<p style=\"text-align: left\"><span style=\"font-size: 10pt\">En esta secci\u00f3n colgaremos juegos de naves espaciales, como el \u00abGalactic explorer\u00bb, un juego cuya meta es volar con seguridad una nave espacial, en el que podr\u00e1s visitar multitud de galaxias.<\/span><\/p>\n<p style=\"text-align: left\"><span style=\"font-size: 10pt\">Pincha en la imagen para comenzar:<\/span><\/p>\n<p style=\"text-align: center\"><span style=\"font-size: 10pt\"><a href=\"https:\/\/spaceplace.nasa.gov\/galactic-explorer\/sp\/\" target=\"_blank\" rel=\"noopener noreferrer\"><img loading=\"lazy\" decoding=\"async\" class=\"aligncenter size-full wp-image-358\" src=\"https:\/\/blogsaverroes.juntadeandalucia.es\/astronautasyrobotsvscoronavirus\/files\/2020\/03\/juego-naves-1.jpg\" alt=\"\" width=\"619\" height=\"346\" srcset=\"https:\/\/blogsaverroes.juntadeandalucia.es\/astronautasyrobotsvscoronavirus\/files\/2020\/03\/juego-naves-1.jpg 619w, https:\/\/blogsaverroes.juntadeandalucia.es\/astronautasyrobotsvscoronavirus\/files\/2020\/03\/juego-naves-1-300x168.jpg 300w, https:\/\/blogsaverroes.juntadeandalucia.es\/astronautasyrobotsvscoronavirus\/files\/2020\/03\/juego-naves-1-24x13.jpg 24w, https:\/\/blogsaverroes.juntadeandalucia.es\/astronautasyrobotsvscoronavirus\/files\/2020\/03\/juego-naves-1-36x20.jpg 36w, https:\/\/blogsaverroes.juntadeandalucia.es\/astronautasyrobotsvscoronavirus\/files\/2020\/03\/juego-naves-1-48x27.jpg 48w\" sizes=\"(max-width: 619px) 100vw, 619px\" \/><\/a><\/span><span style=\"font-size: 8pt\">(necesitas tener instalado Adobe Flash Player para jugar)<\/span><\/p>\n<p style=\"text-align: left\"><span style=\"font-size: 10pt\">Espero que te haya gustado, puedes acceder a m\u00e1s juegos en la p\u00e1gina web de Space Place NASA, en el siguiente enlace:<\/span><\/p>\n<p style=\"text-align: left\"><span style=\"font-size: 10pt\"><a href=\"https:\/\/spaceplace.nasa.gov\/menu\/play\/sp\/\" target=\"_blank\" rel=\"noopener noreferrer\">\u00a1PINCHA AQU\u00cd!<\/a><\/span><\/p>\n<p style=\"text-align: left\">&nbsp;<\/p>\n<p style=\"text-align: left\"><span style=\"font-size: 10pt\">Y para los m\u00e1s peques os dejo un divertido juego de Pepa Pig \u00abManda a George al espacio, pincha en la imagen para jugar:<\/span><\/p>\n<p>&nbsp;<\/p>\n<p style=\"text-align: center\"><span style=\"font-size: 10pt\"><a href=\"https:\/\/www.rtve.es\/infantil\/juegos\/peppa-pig\/manda-george-espacio\/1090\/\" target=\"_blank\" rel=\"noopener noreferrer\"><img loading=\"lazy\" decoding=\"async\" class=\"aligncenter wp-image-825\" src=\"https:\/\/blogsaverroes.juntadeandalucia.es\/astronautasyrobotsvscoronavirus\/files\/2020\/03\/george2-300x146.png\" alt=\"\" width=\"409\" height=\"199\" srcset=\"https:\/\/blogsaverroes.juntadeandalucia.es\/astronautasyrobotsvscoronavirus\/files\/2020\/03\/george2-300x146.png 300w, https:\/\/blogsaverroes.juntadeandalucia.es\/astronautasyrobotsvscoronavirus\/files\/2020\/03\/george2-768x373.png 768w, https:\/\/blogsaverroes.juntadeandalucia.es\/astronautasyrobotsvscoronavirus\/files\/2020\/03\/george2-24x12.png 24w, https:\/\/blogsaverroes.juntadeandalucia.es\/astronautasyrobotsvscoronavirus\/files\/2020\/03\/george2-36x17.png 36w, https:\/\/blogsaverroes.juntadeandalucia.es\/astronautasyrobotsvscoronavirus\/files\/2020\/03\/george2-48x23.png 48w, https:\/\/blogsaverroes.juntadeandalucia.es\/astronautasyrobotsvscoronavirus\/files\/2020\/03\/george2.png 811w\" sizes=\"(max-width: 409px) 100vw, 409px\" \/><\/a><span style=\"font-size: 8pt\">(necesitas tener instalado Adobe Flash Player para jugar)<\/span><\/span><\/p>\n<p style=\"text-align: left\"><span style=\"font-size: 10pt\">En esa misma web, Clanrtve, podr\u00e1s encontrar juegos, recursos&nbsp; y v\u00eddeos de diferentes tem\u00e1ticas y personajes para los m\u00e1s peque\u00f1os de la casa.<\/span><\/p>\n<p style=\"text-align: left\"><span style=\"font-size: 10pt\">Os recomiendo tambi\u00e9n este juego sobre el Sistema Solar, donde podr\u00e1s poner a prueba tus conocimientos de forma divertida:<\/span><\/p>\n<p>&nbsp;<\/p>\n<p style=\"text-align: center\"><span style=\"font-size: 10pt\"><a href=\"http:\/\/www.cyberkidzjuegos.com\/cyberkidz\/juego.php?spelNaam=Sistema%20solar&amp;spelUrl=library%2Fwetenschap%2Fgroep6%2Fwetenschap1%2F\" target=\"_blank\" rel=\"noopener noreferrer\"><img loading=\"lazy\" decoding=\"async\" class=\"aligncenter wp-image-516\" src=\"https:\/\/blogsaverroes.juntadeandalucia.es\/astronautasyrobotsvscoronavirus\/files\/2020\/03\/juego-sistema-solar-300x226.png\" alt=\"\" width=\"376\" height=\"283\" srcset=\"https:\/\/blogsaverroes.juntadeandalucia.es\/astronautasyrobotsvscoronavirus\/files\/2020\/03\/juego-sistema-solar-300x226.png 300w, https:\/\/blogsaverroes.juntadeandalucia.es\/astronautasyrobotsvscoronavirus\/files\/2020\/03\/juego-sistema-solar-768x578.png 768w, https:\/\/blogsaverroes.juntadeandalucia.es\/astronautasyrobotsvscoronavirus\/files\/2020\/03\/juego-sistema-solar-24x18.png 24w, https:\/\/blogsaverroes.juntadeandalucia.es\/astronautasyrobotsvscoronavirus\/files\/2020\/03\/juego-sistema-solar-36x27.png 36w, https:\/\/blogsaverroes.juntadeandalucia.es\/astronautasyrobotsvscoronavirus\/files\/2020\/03\/juego-sistema-solar-48x36.png 48w, https:\/\/blogsaverroes.juntadeandalucia.es\/astronautasyrobotsvscoronavirus\/files\/2020\/03\/juego-sistema-solar.png 1001w\" sizes=\"(max-width: 376px) 100vw, 376px\" \/><\/a><span style=\"font-size: 8pt\">(necesitas tener instalado Adobe Flash Player para jugar)<\/span><\/span><\/p>\n<p style=\"text-align: left\"><span style=\"font-size: 10pt\">Y muchos juegos m\u00e1s, por ejemplo este que puedes descargar v\u00eda app por el m\u00f3vil, llamado \u00abAstro Kids Universe\u00bb, al que juega mi hija de 5 a\u00f1os, donde ls Astrokids te invitan a explorar el Espacio, descubriendo los planetas del sistema solar, resolviendo puzzles de astronom\u00eda sinti\u00e9ndose como un astronauta pilotando veh\u00edculos espaciales.<\/span><\/p>\n<p><span style=\"font-size: 10pt\">Pincha en la imagen para descargarlo:<\/span><\/p>\n<p>&nbsp;<\/p>\n<p><a href=\"https:\/\/play.google.com\/store\/apps\/details?id=com.iterationkids.astrokids_astronomy_for_kids\" target=\"_blank\" rel=\"noopener noreferrer\"><img loading=\"lazy\" decoding=\"async\" class=\"aligncenter wp-image-819\" src=\"https:\/\/blogsaverroes.juntadeandalucia.es\/astronautasyrobotsvscoronavirus\/files\/2020\/03\/astrokids-300x113.png\" alt=\"\" width=\"488\" height=\"184\" srcset=\"https:\/\/blogsaverroes.juntadeandalucia.es\/astronautasyrobotsvscoronavirus\/files\/2020\/03\/astrokids-300x113.png 300w, https:\/\/blogsaverroes.juntadeandalucia.es\/astronautasyrobotsvscoronavirus\/files\/2020\/03\/astrokids-768x290.png 768w, https:\/\/blogsaverroes.juntadeandalucia.es\/astronautasyrobotsvscoronavirus\/files\/2020\/03\/astrokids-24x9.png 24w, https:\/\/blogsaverroes.juntadeandalucia.es\/astronautasyrobotsvscoronavirus\/files\/2020\/03\/astrokids-36x14.png 36w, https:\/\/blogsaverroes.juntadeandalucia.es\/astronautasyrobotsvscoronavirus\/files\/2020\/03\/astrokids-48x18.png 48w, https:\/\/blogsaverroes.juntadeandalucia.es\/astronautasyrobotsvscoronavirus\/files\/2020\/03\/astrokids.png 902w\" sizes=\"(max-width: 488px) 100vw, 488px\" \/><\/a><\/p>\n<p>&nbsp;<\/p>\n<p style=\"text-align: left\"><span style=\"font-size: 10pt\">Y para los m\u00e1s mayores ten\u00e9is este juego llamado Escape Room \u00abESTELAR\u00bb en modo multiconferencia y de promoci\u00f3n de forma gratuita.<\/span><\/p>\n<p style=\"text-align: left\"><span style=\"font-size: 10pt\"><a href=\"https:\/\/www.cocolisto.com\/producto\/escape-room-multiconferencia\/\" target=\"_blank\" rel=\"noopener noreferrer\">\u00a1PULSA AQU\u00cd PARA JUGAR!<\/a><\/span><\/p>\n<p style=\"text-align: left\">&nbsp;<\/p>\n<p><img loading=\"lazy\" decoding=\"async\" class=\" wp-image-306 alignleft\" src=\"https:\/\/blogsaverroes.juntadeandalucia.es\/astronautasyrobotsvscoronavirus\/files\/2020\/03\/bitmoji-20200324122547.png\" alt=\"\" width=\"237\" height=\"237\" srcset=\"https:\/\/blogsaverroes.juntadeandalucia.es\/astronautasyrobotsvscoronavirus\/files\/2020\/03\/bitmoji-20200324122547.png 398w, https:\/\/blogsaverroes.juntadeandalucia.es\/astronautasyrobotsvscoronavirus\/files\/2020\/03\/bitmoji-20200324122547-150x150.png 150w, https:\/\/blogsaverroes.juntadeandalucia.es\/astronautasyrobotsvscoronavirus\/files\/2020\/03\/bitmoji-20200324122547-300x300.png 300w, https:\/\/blogsaverroes.juntadeandalucia.es\/astronautasyrobotsvscoronavirus\/files\/2020\/03\/bitmoji-20200324122547-100x100.png 100w, https:\/\/blogsaverroes.juntadeandalucia.es\/astronautasyrobotsvscoronavirus\/files\/2020\/03\/bitmoji-20200324122547-24x24.png 24w, https:\/\/blogsaverroes.juntadeandalucia.es\/astronautasyrobotsvscoronavirus\/files\/2020\/03\/bitmoji-20200324122547-36x36.png 36w, https:\/\/blogsaverroes.juntadeandalucia.es\/astronautasyrobotsvscoronavirus\/files\/2020\/03\/bitmoji-20200324122547-48x48.png 48w\" sizes=\"(max-width: 237px) 100vw, 237px\" \/><\/p>\n","protected":false},"excerpt":{"rendered":"<p>En esta secci\u00f3n colgaremos juegos de naves espaciales, como el \u00abGalactic explorer\u00bb, un juego cuya meta es volar con seguridad una nave espacial, en el que podr\u00e1s visitar multitud de galaxias. Pincha en la imagen para comenzar: (necesitas tener instalado Adobe Flash Player para jugar) Espero que te haya gustado, puedes acceder a m\u00e1s juegos [&hellip;]<\/p>\n","protected":false},"author":7639,"featured_media":0,"parent":0,"menu_order":0,"comment_status":"closed","ping_status":"closed","template":"","meta":{"ngg_post_thumbnail":0,"footnotes":""},"aioseo_notices":[],"_links":{"self":[{"href":"https:\/\/blogsaverroes.juntadeandalucia.es\/astronautasyrobotsvscoronavirus\/wp-json\/wp\/v2\/pages\/280"}],"collection":[{"href":"https:\/\/blogsaverroes.juntadeandalucia.es\/astronautasyrobotsvscoronavirus\/wp-json\/wp\/v2\/pages"}],"about":[{"href":"https:\/\/blogsaverroes.juntadeandalucia.es\/astronautasyrobotsvscoronavirus\/wp-json\/wp\/v2\/types\/page"}],"author":[{"embeddable":true,"href":"https:\/\/blogsaverroes.juntadeandalucia.es\/astronautasyrobotsvscoronavirus\/wp-json\/wp\/v2\/users\/7639"}],"replies":[{"embeddable":true,"href":"https:\/\/blogsaverroes.juntadeandalucia.es\/astronautasyrobotsvscoronavirus\/wp-json\/wp\/v2\/comments?post=280"}],"version-history":[{"count":22,"href":"https:\/\/blogsaverroes.juntadeandalucia.es\/astronautasyrobotsvscoronavirus\/wp-json\/wp\/v2\/pages\/280\/revisions"}],"predecessor-version":[{"id":829,"href":"https:\/\/blogsaverroes.juntadeandalucia.es\/astronautasyrobotsvscoronavirus\/wp-json\/wp\/v2\/pages\/280\/revisions\/829"}],"wp:attachment":[{"href":"https:\/\/blogsaverroes.juntadeandalucia.es\/astronautasyrobotsvscoronavirus\/wp-json\/wp\/v2\/media?parent=280"}],"curies":[{"name":"wp","href":"https:\/\/api.w.org\/{rel}","templated":true}]}}