{"id":283,"date":"2020-03-24T00:03:07","date_gmt":"2020-03-23T23:03:07","guid":{"rendered":"https:\/\/blogsaverroes.juntadeandalucia.es\/astronautasyrobotsvscoronavirus\/?page_id=283"},"modified":"2020-03-27T16:33:53","modified_gmt":"2020-03-27T15:33:53","slug":"juegos-de-robots","status":"publish","type":"page","link":"https:\/\/blogsaverroes.juntadeandalucia.es\/astronautasyrobotsvscoronavirus\/juegos-de-robots\/","title":{"rendered":"Juegos de Robots"},"content":{"rendered":"<p style=\"text-align: left\"><span style=\"font-size: 10pt\">En esta secci\u00f3n colgaremos juegos de robots, pero antes dejar que os presente a nuestro robot \u00abPerseverance\u00bb, que significa perseverancia, el \u00faltimo robot dise\u00f1ado por la NASA para explorar Marte y cuyo <a href=\"https:\/\/www.lanasa.net\/misiones\/marte\/el-rover-de-la-mision-mars-2020-de-la-nasa-ya-tiene-nombre-perseverance\">nombre<\/a> fue resuelto por concurso p\u00fablico entre estudiantes estadounidenses. Como pod\u00e9is ver en la imagen es un robot tan listo y divertido que todas las astronautas de la NASA est\u00e1n enamoraditas de \u00e9l.<\/span><\/p>\n<p style=\"text-align: left\"><span style=\"font-size: 10pt\">&nbsp;<\/span><\/p>\n<p style=\"text-align: left\"><span style=\"font-size: 10pt\"><img loading=\"lazy\" decoding=\"async\" class=\"aligncenter size-large wp-image-17\" src=\"https:\/\/blogsaverroes.juntadeandalucia.es\/astronautasyrobotsvscoronavirus\/files\/2020\/03\/13-1024x1024.jpg\" alt=\"\" width=\"1024\" height=\"1024\" srcset=\"https:\/\/blogsaverroes.juntadeandalucia.es\/astronautasyrobotsvscoronavirus\/files\/2020\/03\/13-1024x1024.jpg 1024w, https:\/\/blogsaverroes.juntadeandalucia.es\/astronautasyrobotsvscoronavirus\/files\/2020\/03\/13-150x150.jpg 150w, https:\/\/blogsaverroes.juntadeandalucia.es\/astronautasyrobotsvscoronavirus\/files\/2020\/03\/13-300x300.jpg 300w, https:\/\/blogsaverroes.juntadeandalucia.es\/astronautasyrobotsvscoronavirus\/files\/2020\/03\/13-768x768.jpg 768w, https:\/\/blogsaverroes.juntadeandalucia.es\/astronautasyrobotsvscoronavirus\/files\/2020\/03\/13-100x100.jpg 100w, https:\/\/blogsaverroes.juntadeandalucia.es\/astronautasyrobotsvscoronavirus\/files\/2020\/03\/13-160x160.jpg 160w, https:\/\/blogsaverroes.juntadeandalucia.es\/astronautasyrobotsvscoronavirus\/files\/2020\/03\/13-320x320.jpg 320w, https:\/\/blogsaverroes.juntadeandalucia.es\/astronautasyrobotsvscoronavirus\/files\/2020\/03\/13-24x24.jpg 24w, https:\/\/blogsaverroes.juntadeandalucia.es\/astronautasyrobotsvscoronavirus\/files\/2020\/03\/13-36x36.jpg 36w, https:\/\/blogsaverroes.juntadeandalucia.es\/astronautasyrobotsvscoronavirus\/files\/2020\/03\/13-48x48.jpg 48w\" sizes=\"(max-width: 1024px) 100vw, 1024px\" \/><\/span><\/p>\n<p>&nbsp;<\/p>\n<p style=\"text-align: left\"><span style=\"font-size: 10pt\">Pero ahora lo que os interesan son los juegos de robots, \u00bfA que s\u00ed?<\/span><\/p>\n<p style=\"text-align: left\"><span style=\"font-size: 10pt\">En este divertido juego podr\u00e1s sentirte como un ingeniero manejando a un Rover en la misma superficie marciana en una de sus misiones, \u00bfte atreves?<\/span><\/p>\n<p style=\"text-align: left\"><span style=\"font-size: 10pt\"><a href=\"https:\/\/spaceplace.nasa.gov\/explore-mars\/en\/\">\u00a1PINCHA AQU\u00cd PARA JUGAR!<\/a><\/span><\/p>\n<p style=\"text-align: left\"><span style=\"font-size: 10pt\">La NASA, por supuesto, tiene su propio club para peques, as\u00ed que si a vuestra familia os puede interesar. Pulsando sobre esta imagen, podr\u00e1s acceder a m\u00e1s juegos de robots y v\u00eddeos sobre el espacio:<\/span><\/p>\n<p>&nbsp;<\/p>\n<p style=\"text-align: left\"><span style=\"font-size: 10pt\"><a href=\"https:\/\/www.nasa.gov\/kidsclub\/index.html\"><img loading=\"lazy\" decoding=\"async\" class=\"aligncenter size-medium wp-image-444\" src=\"https:\/\/blogsaverroes.juntadeandalucia.es\/astronautasyrobotsvscoronavirus\/files\/2020\/03\/clubhouse-300x248.png\" alt=\"\" width=\"300\" height=\"248\" srcset=\"https:\/\/blogsaverroes.juntadeandalucia.es\/astronautasyrobotsvscoronavirus\/files\/2020\/03\/clubhouse-300x248.png 300w, https:\/\/blogsaverroes.juntadeandalucia.es\/astronautasyrobotsvscoronavirus\/files\/2020\/03\/clubhouse-768x635.png 768w, https:\/\/blogsaverroes.juntadeandalucia.es\/astronautasyrobotsvscoronavirus\/files\/2020\/03\/clubhouse-24x20.png 24w, https:\/\/blogsaverroes.juntadeandalucia.es\/astronautasyrobotsvscoronavirus\/files\/2020\/03\/clubhouse-36x30.png 36w, https:\/\/blogsaverroes.juntadeandalucia.es\/astronautasyrobotsvscoronavirus\/files\/2020\/03\/clubhouse-48x40.png 48w, https:\/\/blogsaverroes.juntadeandalucia.es\/astronautasyrobotsvscoronavirus\/files\/2020\/03\/clubhouse.png 781w\" sizes=\"(max-width: 300px) 100vw, 300px\" \/><\/a><\/span><\/p>\n<p style=\"text-align: left\"><span style=\"font-size: 10pt\">Todos estos juegos que te ofrezco son gratuitos pero si en tu familia est\u00e1is pensando en comprar alguno en estos tiempos del Coronavirus hay multitud de videojuegos educativos con los que podr\u00e9is entreteneros aprendiendo; te los recomiendo:<\/span><\/p>\n<p style=\"text-align: left\"><span style=\"font-size: 10pt\"><a href=\"https:\/\/www.educaciontrespuntocero.com\/recursos\/los-mejores-videojuegos-educativos\/\">\u00a1PULSA AQU\u00cd PARA COMPROBARLO!<\/a><\/span><\/p>\n<p style=\"text-align: left\">&nbsp;<\/p>\n<p><img loading=\"lazy\" decoding=\"async\" class=\"wp-image-300 alignleft\" src=\"https:\/\/blogsaverroes.juntadeandalucia.es\/astronautasyrobotsvscoronavirus\/files\/2020\/03\/bitmoji-20200324122010.png\" alt=\"\" width=\"195\" height=\"195\" srcset=\"https:\/\/blogsaverroes.juntadeandalucia.es\/astronautasyrobotsvscoronavirus\/files\/2020\/03\/bitmoji-20200324122010.png 398w, https:\/\/blogsaverroes.juntadeandalucia.es\/astronautasyrobotsvscoronavirus\/files\/2020\/03\/bitmoji-20200324122010-150x150.png 150w, https:\/\/blogsaverroes.juntadeandalucia.es\/astronautasyrobotsvscoronavirus\/files\/2020\/03\/bitmoji-20200324122010-300x300.png 300w, https:\/\/blogsaverroes.juntadeandalucia.es\/astronautasyrobotsvscoronavirus\/files\/2020\/03\/bitmoji-20200324122010-100x100.png 100w, https:\/\/blogsaverroes.juntadeandalucia.es\/astronautasyrobotsvscoronavirus\/files\/2020\/03\/bitmoji-20200324122010-24x24.png 24w, https:\/\/blogsaverroes.juntadeandalucia.es\/astronautasyrobotsvscoronavirus\/files\/2020\/03\/bitmoji-20200324122010-36x36.png 36w, https:\/\/blogsaverroes.juntadeandalucia.es\/astronautasyrobotsvscoronavirus\/files\/2020\/03\/bitmoji-20200324122010-48x48.png 48w\" sizes=\"(max-width: 195px) 100vw, 195px\" \/><\/p>\n","protected":false},"excerpt":{"rendered":"<p>En esta secci\u00f3n colgaremos juegos de robots, pero antes dejar que os presente a nuestro robot \u00abPerseverance\u00bb, que significa perseverancia, el \u00faltimo robot dise\u00f1ado por la NASA para explorar Marte y cuyo nombre fue resuelto por concurso p\u00fablico entre estudiantes estadounidenses. Como pod\u00e9is ver en la imagen es un robot tan listo y divertido que [&hellip;]<\/p>\n","protected":false},"author":7639,"featured_media":0,"parent":0,"menu_order":0,"comment_status":"closed","ping_status":"closed","template":"","meta":{"ngg_post_thumbnail":0,"footnotes":""},"aioseo_notices":[],"_links":{"self":[{"href":"https:\/\/blogsaverroes.juntadeandalucia.es\/astronautasyrobotsvscoronavirus\/wp-json\/wp\/v2\/pages\/283"}],"collection":[{"href":"https:\/\/blogsaverroes.juntadeandalucia.es\/astronautasyrobotsvscoronavirus\/wp-json\/wp\/v2\/pages"}],"about":[{"href":"https:\/\/blogsaverroes.juntadeandalucia.es\/astronautasyrobotsvscoronavirus\/wp-json\/wp\/v2\/types\/page"}],"author":[{"embeddable":true,"href":"https:\/\/blogsaverroes.juntadeandalucia.es\/astronautasyrobotsvscoronavirus\/wp-json\/wp\/v2\/users\/7639"}],"replies":[{"embeddable":true,"href":"https:\/\/blogsaverroes.juntadeandalucia.es\/astronautasyrobotsvscoronavirus\/wp-json\/wp\/v2\/comments?post=283"}],"version-history":[{"count":19,"href":"https:\/\/blogsaverroes.juntadeandalucia.es\/astronautasyrobotsvscoronavirus\/wp-json\/wp\/v2\/pages\/283\/revisions"}],"predecessor-version":[{"id":702,"href":"https:\/\/blogsaverroes.juntadeandalucia.es\/astronautasyrobotsvscoronavirus\/wp-json\/wp\/v2\/pages\/283\/revisions\/702"}],"wp:attachment":[{"href":"https:\/\/blogsaverroes.juntadeandalucia.es\/astronautasyrobotsvscoronavirus\/wp-json\/wp\/v2\/media?parent=283"}],"curies":[{"name":"wp","href":"https:\/\/api.w.org\/{rel}","templated":true}]}}