{"id":286,"date":"2020-03-24T00:05:50","date_gmt":"2020-03-23T23:05:50","guid":{"rendered":"https:\/\/blogsaverroes.juntadeandalucia.es\/astronautasyrobotsvscoronavirus\/?page_id=286"},"modified":"2020-03-28T12:33:31","modified_gmt":"2020-03-28T11:33:31","slug":"libros-2","status":"publish","type":"page","link":"https:\/\/blogsaverroes.juntadeandalucia.es\/astronautasyrobotsvscoronavirus\/libros-2\/","title":{"rendered":"Libros del espacio"},"content":{"rendered":"<p><span style=\"font-size: 10pt\">En esta subsecci\u00f3n os asesoramos tambi\u00e9n acerca de libros sobre el espacio para ni\u00f1os y adolescentes con imprimibles, te sentir\u00e1s en el espacio, y por un momento te olvidar\u00e1s del coronavirus.<br \/>\n<\/span><\/p>\n<p><span style=\"font-size: 10.0pt\">\u00a1Pincha en la siguiente imagen para acceder!<\/span><\/p>\n<p>&nbsp;<\/p>\n<p><a href=\"http:\/\/www.clubpequeslectores.com\/2018\/02\/libros-cuentos-actividades-espacio-universo-planetas.html\" target=\"_blank\" rel=\"noopener noreferrer\"><img loading=\"lazy\" decoding=\"async\" class=\"aligncenter size-large wp-image-786\" src=\"https:\/\/blogsaverroes.juntadeandalucia.es\/astronautasyrobotsvscoronavirus\/files\/2020\/03\/Untitled1-1024x419.png\" alt=\"\" width=\"1024\" height=\"419\" srcset=\"https:\/\/blogsaverroes.juntadeandalucia.es\/astronautasyrobotsvscoronavirus\/files\/2020\/03\/Untitled1-1024x419.png 1024w, https:\/\/blogsaverroes.juntadeandalucia.es\/astronautasyrobotsvscoronavirus\/files\/2020\/03\/Untitled1-300x123.png 300w, https:\/\/blogsaverroes.juntadeandalucia.es\/astronautasyrobotsvscoronavirus\/files\/2020\/03\/Untitled1-768x314.png 768w, https:\/\/blogsaverroes.juntadeandalucia.es\/astronautasyrobotsvscoronavirus\/files\/2020\/03\/Untitled1-24x10.png 24w, https:\/\/blogsaverroes.juntadeandalucia.es\/astronautasyrobotsvscoronavirus\/files\/2020\/03\/Untitled1-36x15.png 36w, https:\/\/blogsaverroes.juntadeandalucia.es\/astronautasyrobotsvscoronavirus\/files\/2020\/03\/Untitled1-48x20.png 48w, https:\/\/blogsaverroes.juntadeandalucia.es\/astronautasyrobotsvscoronavirus\/files\/2020\/03\/Untitled1.png 1729w\" sizes=\"(max-width: 1024px) 100vw, 1024px\" \/><\/a><\/p>\n<p>&nbsp;<\/p>\n<p><span style=\"font-size: 10.0pt\">Tambi\u00e9n os recomiendo otros muy interesantes libros y revistas de otras tem\u00e1ticas para entreteneros esta cuarentena a los que pod\u00e9is acceder en la <span style=\"font-size: 10pt\">Revista Andaluc\u00eda Educativa de la Junta de Andaluc\u00eda.<\/span><\/span><\/p>\n<p><a href=\"http:\/\/www.juntadeandalucia.es\/educacion\/portals\/web\/revista-andalucia-educativa\/publicaciones\" target=\"_blank\" rel=\"noopener noreferrer\">\u00a1PINCHA AQU\u00cd PARA ACCEDER!<\/a><\/p>\n","protected":false},"excerpt":{"rendered":"<p>En esta subsecci\u00f3n os asesoramos tambi\u00e9n acerca de libros sobre el espacio para ni\u00f1os y adolescentes con imprimibles, te sentir\u00e1s en el espacio, y por un momento te olvidar\u00e1s del coronavirus. \u00a1Pincha en la siguiente imagen para acceder! &nbsp; &nbsp; Tambi\u00e9n os recomiendo otros muy interesantes libros y revistas de otras tem\u00e1ticas para entreteneros esta [&hellip;]<\/p>\n","protected":false},"author":7639,"featured_media":0,"parent":0,"menu_order":0,"comment_status":"closed","ping_status":"closed","template":"","meta":{"ngg_post_thumbnail":0,"footnotes":""},"aioseo_notices":[],"_links":{"self":[{"href":"https:\/\/blogsaverroes.juntadeandalucia.es\/astronautasyrobotsvscoronavirus\/wp-json\/wp\/v2\/pages\/286"}],"collection":[{"href":"https:\/\/blogsaverroes.juntadeandalucia.es\/astronautasyrobotsvscoronavirus\/wp-json\/wp\/v2\/pages"}],"about":[{"href":"https:\/\/blogsaverroes.juntadeandalucia.es\/astronautasyrobotsvscoronavirus\/wp-json\/wp\/v2\/types\/page"}],"author":[{"embeddable":true,"href":"https:\/\/blogsaverroes.juntadeandalucia.es\/astronautasyrobotsvscoronavirus\/wp-json\/wp\/v2\/users\/7639"}],"replies":[{"embeddable":true,"href":"https:\/\/blogsaverroes.juntadeandalucia.es\/astronautasyrobotsvscoronavirus\/wp-json\/wp\/v2\/comments?post=286"}],"version-history":[{"count":13,"href":"https:\/\/blogsaverroes.juntadeandalucia.es\/astronautasyrobotsvscoronavirus\/wp-json\/wp\/v2\/pages\/286\/revisions"}],"predecessor-version":[{"id":788,"href":"https:\/\/blogsaverroes.juntadeandalucia.es\/astronautasyrobotsvscoronavirus\/wp-json\/wp\/v2\/pages\/286\/revisions\/788"}],"wp:attachment":[{"href":"https:\/\/blogsaverroes.juntadeandalucia.es\/astronautasyrobotsvscoronavirus\/wp-json\/wp\/v2\/media?parent=286"}],"curies":[{"name":"wp","href":"https:\/\/api.w.org\/{rel}","templated":true}]}}