{"id":289,"date":"2020-03-24T00:06:16","date_gmt":"2020-03-23T23:06:16","guid":{"rendered":"https:\/\/blogsaverroes.juntadeandalucia.es\/astronautasyrobotsvscoronavirus\/?page_id=289"},"modified":"2020-03-28T12:22:45","modified_gmt":"2020-03-28T11:22:45","slug":"cuentos-del-espacio","status":"publish","type":"page","link":"https:\/\/blogsaverroes.juntadeandalucia.es\/astronautasyrobotsvscoronavirus\/cuentos-del-espacio\/","title":{"rendered":"Cuentos del espacio"},"content":{"rendered":"<p><span style=\"font-size: 10.0pt\">Aqu\u00ed, en la <a href=\"https:\/\/blogsaverroes.juntadeandalucia.es\/astronautasyrobotsvscoronavirus\/vistas-desde-la-estacion-espacial-internacional\/\" target=\"_blank\" rel=\"noopener noreferrer\">Estaci\u00f3n Espacial Internacional<\/a> leemos cuentos en ingl\u00e9s directamente a los ni\u00f1os y ni\u00f1as, a 400 km de altura, \u00bfte parece muy alto o muy bajo?.<\/span><\/p>\n<p><span style=\"font-size: 10.0pt\"> Pero&nbsp; a\u00fan as\u00ed nos podemos conectar con los peques y grabamos las conexiones de las lecturas de los cuentos, puedes acceder a esta colecci\u00f3n de v\u00eddeos de dichas lecturas, del Proyecto \u00abStory Time from Space\u00bb, pinchando en la siguiente imagen:<\/span><\/p>\n<p>&nbsp;<\/p>\n<p><a href=\"https:\/\/storytimefromspace.com\/\" target=\"_blank\" rel=\"noopener noreferrer\"><img loading=\"lazy\" decoding=\"async\" class=\"aligncenter wp-image-656\" src=\"https:\/\/blogsaverroes.juntadeandalucia.es\/astronautasyrobotsvscoronavirus\/files\/2020\/03\/libros-iss.png\" alt=\"\" width=\"370\" height=\"307\" srcset=\"https:\/\/blogsaverroes.juntadeandalucia.es\/astronautasyrobotsvscoronavirus\/files\/2020\/03\/libros-iss.png 495w, https:\/\/blogsaverroes.juntadeandalucia.es\/astronautasyrobotsvscoronavirus\/files\/2020\/03\/libros-iss-300x249.png 300w, https:\/\/blogsaverroes.juntadeandalucia.es\/astronautasyrobotsvscoronavirus\/files\/2020\/03\/libros-iss-24x20.png 24w, https:\/\/blogsaverroes.juntadeandalucia.es\/astronautasyrobotsvscoronavirus\/files\/2020\/03\/libros-iss-36x30.png 36w, https:\/\/blogsaverroes.juntadeandalucia.es\/astronautasyrobotsvscoronavirus\/files\/2020\/03\/libros-iss-48x40.png 48w\" sizes=\"(max-width: 370px) 100vw, 370px\" \/><\/a><\/p>\n<p><span style=\"font-size: 10pt\">Esperamos que los m\u00e1s peques disfruten a tope de esta selecci\u00f3n de cuentos, a los que los verdaderos astronautas han podido dedicar su tiempo para la lectura dirigida al p\u00fablico m\u00e1s infantil.<\/span><\/p>\n<p><span style=\"font-size: 10pt\">Hay muchos cuentos sobre el espacio, pero tambi\u00e9n de otras tem\u00e1ticas y en este caso os aconsejo la lectura del libro infantil de la matem\u00e1tica y actriz Danica Mckellar de <a href=\"https:\/\/www.fotogramas.es\/series-tv-noticias\/a26233475\/aquellos-maravillosos-anos-kevin-winnie-paul-reunion-actualidad\/\" target=\"_blank\" rel=\"noopener noreferrer\">\u00abAquellos maravillosos a\u00f1os\u00bb<\/a>, para que vuestros peques aprendan a contar de forma divertida.<\/span><\/p>\n<p>Podr\u00e1s acceder al enlace de compra si est\u00e1s interesado, pinchando en la siguiente imagen:<\/p>\n<p>&nbsp;<\/p>\n<p style=\"text-align: center\"><a href=\"https:\/\/www.amazon.es\/Ten-Magic-Butterflies-Danica-Mckellar\/dp\/1101933852\/ref=asap_bc?ie=UTF8\" target=\"_blank\" rel=\"noopener noreferrer\"><img loading=\"lazy\" decoding=\"async\" class=\"aligncenter size-full wp-image-698\" src=\"https:\/\/blogsaverroes.juntadeandalucia.es\/astronautasyrobotsvscoronavirus\/files\/2020\/03\/ten.png\" alt=\"\" width=\"323\" height=\"322\" srcset=\"https:\/\/blogsaverroes.juntadeandalucia.es\/astronautasyrobotsvscoronavirus\/files\/2020\/03\/ten.png 323w, https:\/\/blogsaverroes.juntadeandalucia.es\/astronautasyrobotsvscoronavirus\/files\/2020\/03\/ten-150x150.png 150w, https:\/\/blogsaverroes.juntadeandalucia.es\/astronautasyrobotsvscoronavirus\/files\/2020\/03\/ten-300x300.png 300w, https:\/\/blogsaverroes.juntadeandalucia.es\/astronautasyrobotsvscoronavirus\/files\/2020\/03\/ten-100x100.png 100w, https:\/\/blogsaverroes.juntadeandalucia.es\/astronautasyrobotsvscoronavirus\/files\/2020\/03\/ten-24x24.png 24w, https:\/\/blogsaverroes.juntadeandalucia.es\/astronautasyrobotsvscoronavirus\/files\/2020\/03\/ten-36x36.png 36w, https:\/\/blogsaverroes.juntadeandalucia.es\/astronautasyrobotsvscoronavirus\/files\/2020\/03\/ten-48x48.png 48w\" sizes=\"(max-width: 323px) 100vw, 323px\" \/><\/a><\/p>\n<p>&nbsp;<\/p>\n<p style=\"text-align: center\"><span style=\"font-size: 8pt\">*En la <a href=\"https:\/\/blogsaverroes.juntadeandalucia.es\/astronautasyrobotsvscoronavirus\/libros-2\/\" target=\"_blank\" rel=\"noopener noreferrer\">subsecci\u00f3n anterior<\/a> podr\u00e1s acceder tambi\u00e9n a muchos otros cuentos infantiles sobre el espacio<br \/>\n<\/span><\/p>\n<p><span style=\"font-size: 10pt\"><img loading=\"lazy\" decoding=\"async\" class=\" wp-image-298 alignleft\" src=\"https:\/\/blogsaverroes.juntadeandalucia.es\/astronautasyrobotsvscoronavirus\/files\/2020\/03\/bitmoji-20200324122038.png\" alt=\"\" width=\"230\" height=\"230\" srcset=\"https:\/\/blogsaverroes.juntadeandalucia.es\/astronautasyrobotsvscoronavirus\/files\/2020\/03\/bitmoji-20200324122038.png 398w, https:\/\/blogsaverroes.juntadeandalucia.es\/astronautasyrobotsvscoronavirus\/files\/2020\/03\/bitmoji-20200324122038-150x150.png 150w, https:\/\/blogsaverroes.juntadeandalucia.es\/astronautasyrobotsvscoronavirus\/files\/2020\/03\/bitmoji-20200324122038-300x300.png 300w, https:\/\/blogsaverroes.juntadeandalucia.es\/astronautasyrobotsvscoronavirus\/files\/2020\/03\/bitmoji-20200324122038-100x100.png 100w, https:\/\/blogsaverroes.juntadeandalucia.es\/astronautasyrobotsvscoronavirus\/files\/2020\/03\/bitmoji-20200324122038-24x24.png 24w, https:\/\/blogsaverroes.juntadeandalucia.es\/astronautasyrobotsvscoronavirus\/files\/2020\/03\/bitmoji-20200324122038-36x36.png 36w, https:\/\/blogsaverroes.juntadeandalucia.es\/astronautasyrobotsvscoronavirus\/files\/2020\/03\/bitmoji-20200324122038-48x48.png 48w\" sizes=\"(max-width: 230px) 100vw, 230px\" \/><\/span><\/p>\n","protected":false},"excerpt":{"rendered":"<p>Aqu\u00ed, en la Estaci\u00f3n Espacial Internacional leemos cuentos en ingl\u00e9s directamente a los ni\u00f1os y ni\u00f1as, a 400 km de altura, \u00bfte parece muy alto o muy bajo?. Pero&nbsp; a\u00fan as\u00ed nos podemos conectar con los peques y grabamos las conexiones de las lecturas de los cuentos, puedes acceder a esta colecci\u00f3n de v\u00eddeos de [&hellip;]<\/p>\n","protected":false},"author":7639,"featured_media":0,"parent":0,"menu_order":0,"comment_status":"closed","ping_status":"closed","template":"","meta":{"ngg_post_thumbnail":0,"footnotes":""},"aioseo_notices":[],"_links":{"self":[{"href":"https:\/\/blogsaverroes.juntadeandalucia.es\/astronautasyrobotsvscoronavirus\/wp-json\/wp\/v2\/pages\/289"}],"collection":[{"href":"https:\/\/blogsaverroes.juntadeandalucia.es\/astronautasyrobotsvscoronavirus\/wp-json\/wp\/v2\/pages"}],"about":[{"href":"https:\/\/blogsaverroes.juntadeandalucia.es\/astronautasyrobotsvscoronavirus\/wp-json\/wp\/v2\/types\/page"}],"author":[{"embeddable":true,"href":"https:\/\/blogsaverroes.juntadeandalucia.es\/astronautasyrobotsvscoronavirus\/wp-json\/wp\/v2\/users\/7639"}],"replies":[{"embeddable":true,"href":"https:\/\/blogsaverroes.juntadeandalucia.es\/astronautasyrobotsvscoronavirus\/wp-json\/wp\/v2\/comments?post=289"}],"version-history":[{"count":15,"href":"https:\/\/blogsaverroes.juntadeandalucia.es\/astronautasyrobotsvscoronavirus\/wp-json\/wp\/v2\/pages\/289\/revisions"}],"predecessor-version":[{"id":783,"href":"https:\/\/blogsaverroes.juntadeandalucia.es\/astronautasyrobotsvscoronavirus\/wp-json\/wp\/v2\/pages\/289\/revisions\/783"}],"wp:attachment":[{"href":"https:\/\/blogsaverroes.juntadeandalucia.es\/astronautasyrobotsvscoronavirus\/wp-json\/wp\/v2\/media?parent=289"}],"curies":[{"name":"wp","href":"https:\/\/api.w.org\/{rel}","templated":true}]}}