{"id":361,"date":"2020-03-24T03:50:00","date_gmt":"2020-03-24T02:50:00","guid":{"rendered":"https:\/\/blogsaverroes.juntadeandalucia.es\/astronautasyrobotsvscoronavirus\/?page_id=361"},"modified":"2020-06-01T18:11:29","modified_gmt":"2020-06-01T16:11:29","slug":"documentales","status":"publish","type":"page","link":"https:\/\/blogsaverroes.juntadeandalucia.es\/astronautasyrobotsvscoronavirus\/documentales\/","title":{"rendered":"Documentales"},"content":{"rendered":"<p style=\"text-align: left\"><span style=\"font-size: 10pt\">Tambi\u00e9n pod\u00e9is ver aventuras reales de alumn@s como vosotros en sus viajes a EEUU, que han estudiado mucho para poder visitar el famoso centro de exploraci\u00f3n rob\u00f3tica interplanetaria JPL (Jet Propulsion Laboratory) de la NASA.<\/span><\/p>\n<p>&nbsp;<\/p>\n<p><a href=\"https:\/\/www.youtube.com\/watch?v=_-g05TnSeRc&amp;list=PL-4po_D18pY-Y5_kLx5E0_J2ONu0QXlF9\" target=\"_blank\" rel=\"noopener noreferrer\"><img loading=\"lazy\" decoding=\"async\" class=\"aligncenter size-large wp-image-680\" src=\"https:\/\/blogsaverroes.juntadeandalucia.es\/astronautasyrobotsvscoronavirus\/files\/2020\/03\/space-tourism-1024x576.png\" alt=\"\" width=\"1024\" height=\"576\" srcset=\"https:\/\/blogsaverroes.juntadeandalucia.es\/astronautasyrobotsvscoronavirus\/files\/2020\/03\/space-tourism-1024x576.png 1024w, https:\/\/blogsaverroes.juntadeandalucia.es\/astronautasyrobotsvscoronavirus\/files\/2020\/03\/space-tourism-300x169.png 300w, https:\/\/blogsaverroes.juntadeandalucia.es\/astronautasyrobotsvscoronavirus\/files\/2020\/03\/space-tourism-768x432.png 768w, https:\/\/blogsaverroes.juntadeandalucia.es\/astronautasyrobotsvscoronavirus\/files\/2020\/03\/space-tourism-24x13.png 24w, https:\/\/blogsaverroes.juntadeandalucia.es\/astronautasyrobotsvscoronavirus\/files\/2020\/03\/space-tourism-36x20.png 36w, https:\/\/blogsaverroes.juntadeandalucia.es\/astronautasyrobotsvscoronavirus\/files\/2020\/03\/space-tourism-48x27.png 48w, https:\/\/blogsaverroes.juntadeandalucia.es\/astronautasyrobotsvscoronavirus\/files\/2020\/03\/space-tourism.png 1185w\" sizes=\"(max-width: 1024px) 100vw, 1024px\" \/><\/a><\/p>\n<p><span style=\"font-size: 10pt\">&nbsp;En esa misma lista de reproducci\u00f3n pod\u00e9is acceder a m\u00e1s v\u00eddeos <\/span><span style=\"font-size: 10pt\">y existen muchos otros documentales sobre el espacio <a href=\"https:\/\/www.youtube.com\/watch?v=iVm1AMnVcwg\">gratuitos<\/a> en internet., solo tendr\u00e1s que realizar una b\u00fasqueda exhaustiva por internet.<br \/>\n<\/span><\/p>\n<p>&nbsp;<\/p>\n<p><span style=\"font-size: 10pt\">En los \u00faltimos d\u00edas hemos publicado nuestro&nbsp;<span class=\"style-scope yt-formatted-string\" dir=\"auto\"> 2\u00ba videodocumental \u201cEl Turismo Espacial 2019\u201d , sobre el turismo espacial filmado en Los Angeles y protagonizado por el alumnado del Ies El Sur de Lepe, dentro del proyecto educativo \u201cLas Matem\u00e1ticas y el turismo espacial\u201d con la intervenci\u00f3n especial de trabajadores del JPL de la NASA <\/span><span class=\"style-scope yt-formatted-string\" dir=\"auto\">e ingenieros y futuros astronautas de Virgin Galactic, en el c\u00faal pod\u00e9is presenciar el lanzamiento al espacio de la aeronave SpaceShipTwo con la primera turista espacial comercial de la historia, al que tuvimos la fortuna de asistir, pinchando en la siguiente imagen:<\/span><\/span><\/p>\n<p>&nbsp;<\/p>\n<p><a href=\"https:\/\/youtu.be\/0yVUIMcIXZk\" target=\"_blank\" rel=\"noopener noreferrer\"><img loading=\"lazy\" decoding=\"async\" class=\"aligncenter size-large wp-image-1026\" src=\"https:\/\/blogsaverroes.juntadeandalucia.es\/astronautasyrobotsvscoronavirus\/files\/2020\/06\/Captura-1024x576.png\" alt=\"\" width=\"1024\" height=\"576\" srcset=\"https:\/\/blogsaverroes.juntadeandalucia.es\/astronautasyrobotsvscoronavirus\/files\/2020\/06\/Captura-1024x576.png 1024w, https:\/\/blogsaverroes.juntadeandalucia.es\/astronautasyrobotsvscoronavirus\/files\/2020\/06\/Captura-300x169.png 300w, https:\/\/blogsaverroes.juntadeandalucia.es\/astronautasyrobotsvscoronavirus\/files\/2020\/06\/Captura-768x432.png 768w, https:\/\/blogsaverroes.juntadeandalucia.es\/astronautasyrobotsvscoronavirus\/files\/2020\/06\/Captura-24x14.png 24w, https:\/\/blogsaverroes.juntadeandalucia.es\/astronautasyrobotsvscoronavirus\/files\/2020\/06\/Captura-36x20.png 36w, https:\/\/blogsaverroes.juntadeandalucia.es\/astronautasyrobotsvscoronavirus\/files\/2020\/06\/Captura-48x27.png 48w, https:\/\/blogsaverroes.juntadeandalucia.es\/astronautasyrobotsvscoronavirus\/files\/2020\/06\/Captura.png 1183w\" sizes=\"(max-width: 1024px) 100vw, 1024px\" \/><\/a><\/p>\n<p>&nbsp;<\/p>\n<p><span style=\"font-size: 10pt\">Una serie documental, de momento no de acceso gratuito, pero que recomiendo activamente es \u00abOne Strange Rock\u00bb, cuyo locutor es el mism\u00edsimo Will Smith. Puedes comprarlo o esperar a que se ofrezca de modo gratuito, y mientras tanto puedes ir observando el trailer, que introduce como debemos cuidar nuestro planeta, a ver qu\u00e9 te parece.<\/span><\/p>\n<p>&nbsp;<\/p>\n<p><a href=\"https:\/\/www.youtube.com\/watch?v=czbyC5BN3_Y\" target=\"_blank\" rel=\"noopener noreferrer\"><img loading=\"lazy\" decoding=\"async\" class=\"aligncenter size-large wp-image-683\" src=\"https:\/\/blogsaverroes.juntadeandalucia.es\/astronautasyrobotsvscoronavirus\/files\/2020\/03\/will-1024x581.png\" alt=\"\" width=\"1024\" height=\"581\" srcset=\"https:\/\/blogsaverroes.juntadeandalucia.es\/astronautasyrobotsvscoronavirus\/files\/2020\/03\/will-1024x581.png 1024w, https:\/\/blogsaverroes.juntadeandalucia.es\/astronautasyrobotsvscoronavirus\/files\/2020\/03\/will-300x170.png 300w, https:\/\/blogsaverroes.juntadeandalucia.es\/astronautasyrobotsvscoronavirus\/files\/2020\/03\/will-768x435.png 768w, https:\/\/blogsaverroes.juntadeandalucia.es\/astronautasyrobotsvscoronavirus\/files\/2020\/03\/will-24x14.png 24w, https:\/\/blogsaverroes.juntadeandalucia.es\/astronautasyrobotsvscoronavirus\/files\/2020\/03\/will-36x20.png 36w, https:\/\/blogsaverroes.juntadeandalucia.es\/astronautasyrobotsvscoronavirus\/files\/2020\/03\/will-48x27.png 48w, https:\/\/blogsaverroes.juntadeandalucia.es\/astronautasyrobotsvscoronavirus\/files\/2020\/03\/will.png 1166w\" sizes=\"(max-width: 1024px) 100vw, 1024px\" \/><\/a><\/p>\n<p>&nbsp;<\/p>\n<p>El v\u00eddeodumental tiene su propia p\u00e1gina web en National Georaphic, accede para obtener m\u00e1s informaci\u00f3n.<\/p>\n<p>&nbsp;<\/p>\n<p><a href=\"https:\/\/www.nationalgeographic.es\/nuestro-planeta-one-strange-rock\">\u00a1PINCHA AQU\u00cd PARA ACCEDER!<\/a><\/p>\n<p><img loading=\"lazy\" decoding=\"async\" class=\" wp-image-371 alignleft\" src=\"https:\/\/blogsaverroes.juntadeandalucia.es\/astronautasyrobotsvscoronavirus\/files\/2020\/03\/bitmoji-20200324040819-300x300.png\" alt=\"\" width=\"230\" height=\"230\" srcset=\"https:\/\/blogsaverroes.juntadeandalucia.es\/astronautasyrobotsvscoronavirus\/files\/2020\/03\/bitmoji-20200324040819-300x300.png 300w, https:\/\/blogsaverroes.juntadeandalucia.es\/astronautasyrobotsvscoronavirus\/files\/2020\/03\/bitmoji-20200324040819-150x150.png 150w, https:\/\/blogsaverroes.juntadeandalucia.es\/astronautasyrobotsvscoronavirus\/files\/2020\/03\/bitmoji-20200324040819-100x100.png 100w, https:\/\/blogsaverroes.juntadeandalucia.es\/astronautasyrobotsvscoronavirus\/files\/2020\/03\/bitmoji-20200324040819-24x24.png 24w, https:\/\/blogsaverroes.juntadeandalucia.es\/astronautasyrobotsvscoronavirus\/files\/2020\/03\/bitmoji-20200324040819-36x36.png 36w, https:\/\/blogsaverroes.juntadeandalucia.es\/astronautasyrobotsvscoronavirus\/files\/2020\/03\/bitmoji-20200324040819-48x48.png 48w, https:\/\/blogsaverroes.juntadeandalucia.es\/astronautasyrobotsvscoronavirus\/files\/2020\/03\/bitmoji-20200324040819.png 398w\" sizes=\"(max-width: 230px) 100vw, 230px\" \/><\/p>\n","protected":false},"excerpt":{"rendered":"<p>Tambi\u00e9n pod\u00e9is ver aventuras reales de alumn@s como vosotros en sus viajes a EEUU, que han estudiado mucho para poder visitar el famoso centro de exploraci\u00f3n rob\u00f3tica interplanetaria JPL (Jet Propulsion Laboratory) de la NASA. &nbsp; &nbsp;En esa misma lista de reproducci\u00f3n pod\u00e9is acceder a m\u00e1s v\u00eddeos y existen muchos otros documentales sobre el espacio [&hellip;]<\/p>\n","protected":false},"author":7639,"featured_media":0,"parent":0,"menu_order":0,"comment_status":"closed","ping_status":"closed","template":"","meta":{"ngg_post_thumbnail":0,"footnotes":""},"aioseo_notices":[],"_links":{"self":[{"href":"https:\/\/blogsaverroes.juntadeandalucia.es\/astronautasyrobotsvscoronavirus\/wp-json\/wp\/v2\/pages\/361"}],"collection":[{"href":"https:\/\/blogsaverroes.juntadeandalucia.es\/astronautasyrobotsvscoronavirus\/wp-json\/wp\/v2\/pages"}],"about":[{"href":"https:\/\/blogsaverroes.juntadeandalucia.es\/astronautasyrobotsvscoronavirus\/wp-json\/wp\/v2\/types\/page"}],"author":[{"embeddable":true,"href":"https:\/\/blogsaverroes.juntadeandalucia.es\/astronautasyrobotsvscoronavirus\/wp-json\/wp\/v2\/users\/7639"}],"replies":[{"embeddable":true,"href":"https:\/\/blogsaverroes.juntadeandalucia.es\/astronautasyrobotsvscoronavirus\/wp-json\/wp\/v2\/comments?post=361"}],"version-history":[{"count":12,"href":"https:\/\/blogsaverroes.juntadeandalucia.es\/astronautasyrobotsvscoronavirus\/wp-json\/wp\/v2\/pages\/361\/revisions"}],"predecessor-version":[{"id":1027,"href":"https:\/\/blogsaverroes.juntadeandalucia.es\/astronautasyrobotsvscoronavirus\/wp-json\/wp\/v2\/pages\/361\/revisions\/1027"}],"wp:attachment":[{"href":"https:\/\/blogsaverroes.juntadeandalucia.es\/astronautasyrobotsvscoronavirus\/wp-json\/wp\/v2\/media?parent=361"}],"curies":[{"name":"wp","href":"https:\/\/api.w.org\/{rel}","templated":true}]}}