{"id":39,"date":"2020-03-22T02:14:17","date_gmt":"2020-03-22T01:14:17","guid":{"rendered":"https:\/\/blogsaverroes.juntadeandalucia.es\/astronautasyrobotsvscoronavirus\/?page_id=39"},"modified":"2020-03-28T12:42:56","modified_gmt":"2020-03-28T11:42:56","slug":"recursos","status":"publish","type":"page","link":"https:\/\/blogsaverroes.juntadeandalucia.es\/astronautasyrobotsvscoronavirus\/recursos\/","title":{"rendered":"Recursos"},"content":{"rendered":"<p><span style=\"font-size: 10pt\">Esta secci\u00f3n est\u00e1 m\u00e1s bien dedicada a vuestros profes y maestras, pero vosotros o vuestras familias tambi\u00e9n pod\u00e9is proponerle a vuestros docentes que usen recursos entretenidos para vosotros, tanto estos d\u00edas en los que estamos luchando contra el <a href=\"https:\/\/www.youtube.com\/watch?v=prHuClGHtmY\">Covid19<\/a> en casa, como cuando regres\u00e9is al cole o al instituto.<\/span><\/p>\n<p><img loading=\"lazy\" decoding=\"async\" class=\"alignnone size-medium wp-image-116\" src=\"https:\/\/blogsaverroes.juntadeandalucia.es\/astronautasyrobotsvscoronavirus\/files\/2020\/03\/bitmoji-20200322095102-300x300.png\" alt=\"\" width=\"300\" height=\"300\" srcset=\"https:\/\/blogsaverroes.juntadeandalucia.es\/astronautasyrobotsvscoronavirus\/files\/2020\/03\/bitmoji-20200322095102-300x300.png 300w, https:\/\/blogsaverroes.juntadeandalucia.es\/astronautasyrobotsvscoronavirus\/files\/2020\/03\/bitmoji-20200322095102-150x150.png 150w, https:\/\/blogsaverroes.juntadeandalucia.es\/astronautasyrobotsvscoronavirus\/files\/2020\/03\/bitmoji-20200322095102-100x100.png 100w, https:\/\/blogsaverroes.juntadeandalucia.es\/astronautasyrobotsvscoronavirus\/files\/2020\/03\/bitmoji-20200322095102-160x160.png 160w, https:\/\/blogsaverroes.juntadeandalucia.es\/astronautasyrobotsvscoronavirus\/files\/2020\/03\/bitmoji-20200322095102-320x320.png 320w, https:\/\/blogsaverroes.juntadeandalucia.es\/astronautasyrobotsvscoronavirus\/files\/2020\/03\/bitmoji-20200322095102-24x24.png 24w, https:\/\/blogsaverroes.juntadeandalucia.es\/astronautasyrobotsvscoronavirus\/files\/2020\/03\/bitmoji-20200322095102-36x36.png 36w, https:\/\/blogsaverroes.juntadeandalucia.es\/astronautasyrobotsvscoronavirus\/files\/2020\/03\/bitmoji-20200322095102-48x48.png 48w, https:\/\/blogsaverroes.juntadeandalucia.es\/astronautasyrobotsvscoronavirus\/files\/2020\/03\/bitmoji-20200322095102.png 398w\" sizes=\"(max-width: 300px) 100vw, 300px\" \/><\/p>\n<p>&nbsp;<\/p>\n<p><span style=\"font-size: 10pt\">\u00c9chale un vistazo a esta tabla donde podr\u00e1s acceder a los diferentes recursos educativos de las diferentes etapas:<\/span><\/p>\n<p>&nbsp;<\/p>\n<table>\n<tbody>\n<tr style=\"height: 24.15px\">\n<td style=\"height: 24.15px\"><img loading=\"lazy\" decoding=\"async\" class=\"aligncenter wp-image-627\" src=\"https:\/\/blogsaverroes.juntadeandalucia.es\/astronautasyrobotsvscoronavirus\/files\/2020\/03\/infantil2.png\" alt=\"\" width=\"47\" height=\"45\" srcset=\"https:\/\/blogsaverroes.juntadeandalucia.es\/astronautasyrobotsvscoronavirus\/files\/2020\/03\/infantil2.png 304w, https:\/\/blogsaverroes.juntadeandalucia.es\/astronautasyrobotsvscoronavirus\/files\/2020\/03\/infantil2-300x288.png 300w, https:\/\/blogsaverroes.juntadeandalucia.es\/astronautasyrobotsvscoronavirus\/files\/2020\/03\/infantil2-24x24.png 24w, https:\/\/blogsaverroes.juntadeandalucia.es\/astronautasyrobotsvscoronavirus\/files\/2020\/03\/infantil2-48x46.png 48w\" sizes=\"(max-width: 47px) 100vw, 47px\" \/><\/td>\n<td style=\"height: 24.15px\"><span style=\"font-size: 10pt\"><a href=\"https:\/\/blogsaverroes.juntadeandalucia.es\/astronautasyrobotsvscoronavirus\/recursosprimaria\/\" target=\"_blank\" rel=\"noopener noreferrer\"><strong>Recursos de Infantil y Primaria<\/strong><\/a><\/span><\/td>\n<\/tr>\n<tr style=\"height: 24px\">\n<td style=\"height: 24px\"><img loading=\"lazy\" decoding=\"async\" class=\"aligncenter wp-image-628\" src=\"https:\/\/blogsaverroes.juntadeandalucia.es\/astronautasyrobotsvscoronavirus\/files\/2020\/03\/boy-160168_1280-1024x688.png\" alt=\"\" width=\"54\" height=\"36\" srcset=\"https:\/\/blogsaverroes.juntadeandalucia.es\/astronautasyrobotsvscoronavirus\/files\/2020\/03\/boy-160168_1280-1024x688.png 1024w, https:\/\/blogsaverroes.juntadeandalucia.es\/astronautasyrobotsvscoronavirus\/files\/2020\/03\/boy-160168_1280-300x202.png 300w, https:\/\/blogsaverroes.juntadeandalucia.es\/astronautasyrobotsvscoronavirus\/files\/2020\/03\/boy-160168_1280-768x516.png 768w, https:\/\/blogsaverroes.juntadeandalucia.es\/astronautasyrobotsvscoronavirus\/files\/2020\/03\/boy-160168_1280-24x16.png 24w, https:\/\/blogsaverroes.juntadeandalucia.es\/astronautasyrobotsvscoronavirus\/files\/2020\/03\/boy-160168_1280-36x24.png 36w, https:\/\/blogsaverroes.juntadeandalucia.es\/astronautasyrobotsvscoronavirus\/files\/2020\/03\/boy-160168_1280-48x32.png 48w, https:\/\/blogsaverroes.juntadeandalucia.es\/astronautasyrobotsvscoronavirus\/files\/2020\/03\/boy-160168_1280.png 1280w\" sizes=\"(max-width: 54px) 100vw, 54px\" \/><\/td>\n<td style=\"height: 24px\"><span style=\"font-size: 10pt\"><a href=\"https:\/\/blogsaverroes.juntadeandalucia.es\/astronautasyrobotsvscoronavirus\/recursossecundaria\/\" target=\"_blank\" rel=\"noopener noreferrer\"><strong>Recursos de Secundaria y Bachillerato<\/strong><\/a><\/span><\/td>\n<\/tr>\n<tr style=\"height: 24px\">\n<td style=\"height: 24px\"><img loading=\"lazy\" decoding=\"async\" class=\"aligncenter wp-image-629\" src=\"https:\/\/blogsaverroes.juntadeandalucia.es\/astronautasyrobotsvscoronavirus\/files\/2020\/03\/gen.png\" alt=\"\" width=\"40\" height=\"40\" srcset=\"https:\/\/blogsaverroes.juntadeandalucia.es\/astronautasyrobotsvscoronavirus\/files\/2020\/03\/gen.png 900w, https:\/\/blogsaverroes.juntadeandalucia.es\/astronautasyrobotsvscoronavirus\/files\/2020\/03\/gen-150x150.png 150w, https:\/\/blogsaverroes.juntadeandalucia.es\/astronautasyrobotsvscoronavirus\/files\/2020\/03\/gen-300x300.png 300w, https:\/\/blogsaverroes.juntadeandalucia.es\/astronautasyrobotsvscoronavirus\/files\/2020\/03\/gen-768x768.png 768w, https:\/\/blogsaverroes.juntadeandalucia.es\/astronautasyrobotsvscoronavirus\/files\/2020\/03\/gen-100x100.png 100w, https:\/\/blogsaverroes.juntadeandalucia.es\/astronautasyrobotsvscoronavirus\/files\/2020\/03\/gen-24x24.png 24w, https:\/\/blogsaverroes.juntadeandalucia.es\/astronautasyrobotsvscoronavirus\/files\/2020\/03\/gen-36x36.png 36w, https:\/\/blogsaverroes.juntadeandalucia.es\/astronautasyrobotsvscoronavirus\/files\/2020\/03\/gen-48x48.png 48w\" sizes=\"(max-width: 40px) 100vw, 40px\" \/><\/td>\n<td style=\"height: 24px\"><span style=\"font-size: 10pt\"><a href=\"https:\/\/blogsaverroes.juntadeandalucia.es\/astronautasyrobotsvscoronavirus\/recursos-genially\/\" target=\"_blank\" rel=\"noopener noreferrer\"><strong>Recursos Genially<\/strong><\/a><\/span><\/td>\n<\/tr>\n<tr style=\"height: 24px\">\n<td style=\"height: 24px\"><img loading=\"lazy\" decoding=\"async\" class=\"aligncenter wp-image-547\" src=\"https:\/\/blogsaverroes.juntadeandalucia.es\/astronautasyrobotsvscoronavirus\/files\/2020\/03\/esero.png\" alt=\"\" width=\"84\" height=\"34\" srcset=\"https:\/\/blogsaverroes.juntadeandalucia.es\/astronautasyrobotsvscoronavirus\/files\/2020\/03\/esero.png 512w, https:\/\/blogsaverroes.juntadeandalucia.es\/astronautasyrobotsvscoronavirus\/files\/2020\/03\/esero-300x121.png 300w, https:\/\/blogsaverroes.juntadeandalucia.es\/astronautasyrobotsvscoronavirus\/files\/2020\/03\/esero-24x10.png 24w, https:\/\/blogsaverroes.juntadeandalucia.es\/astronautasyrobotsvscoronavirus\/files\/2020\/03\/esero-36x14.png 36w, https:\/\/blogsaverroes.juntadeandalucia.es\/astronautasyrobotsvscoronavirus\/files\/2020\/03\/esero-48x19.png 48w\" sizes=\"(max-width: 84px) 100vw, 84px\" \/><\/td>\n<td style=\"height: 24px\"><span style=\"font-size: 10pt\"><a href=\"https:\/\/blogsaverroes.juntadeandalucia.es\/astronautasyrobotsvscoronavirus\/proyecto-esero\/\" target=\"_blank\" rel=\"noopener noreferrer\"><strong>Proyecto ESERO: Recursos y concursos<\/strong><\/a><\/span><\/td>\n<\/tr>\n<tr style=\"height: 24px\">\n<td style=\"height: 24px\"><img loading=\"lazy\" decoding=\"async\" class=\"aligncenter wp-image-630\" src=\"https:\/\/blogsaverroes.juntadeandalucia.es\/astronautasyrobotsvscoronavirus\/files\/2020\/03\/cite.png\" alt=\"\" width=\"31\" height=\"41\" srcset=\"https:\/\/blogsaverroes.juntadeandalucia.es\/astronautasyrobotsvscoronavirus\/files\/2020\/03\/cite.png 677w, https:\/\/blogsaverroes.juntadeandalucia.es\/astronautasyrobotsvscoronavirus\/files\/2020\/03\/cite-228x300.png 228w, https:\/\/blogsaverroes.juntadeandalucia.es\/astronautasyrobotsvscoronavirus\/files\/2020\/03\/cite-18x24.png 18w, https:\/\/blogsaverroes.juntadeandalucia.es\/astronautasyrobotsvscoronavirus\/files\/2020\/03\/cite-27x36.png 27w, https:\/\/blogsaverroes.juntadeandalucia.es\/astronautasyrobotsvscoronavirus\/files\/2020\/03\/cite-36x48.png 36w\" sizes=\"(max-width: 31px) 100vw, 31px\" \/><\/td>\n<td style=\"height: 24px\"><span style=\"font-size: 10pt\"><a href=\"https:\/\/blogsaverroes.juntadeandalucia.es\/astronautasyrobotsvscoronavirus\/museos-del-espacio\/\" target=\"_blank\" rel=\"noopener noreferrer\"><strong>Museos del espacio<\/strong><\/a><\/span><\/td>\n<\/tr>\n<tr style=\"height: 24px\">\n<td style=\"height: 24px\"><img loading=\"lazy\" decoding=\"async\" class=\"aligncenter wp-image-632\" src=\"https:\/\/blogsaverroes.juntadeandalucia.es\/astronautasyrobotsvscoronavirus\/files\/2020\/03\/descarga.jpg\" alt=\"\" width=\"28\" height=\"28\" srcset=\"https:\/\/blogsaverroes.juntadeandalucia.es\/astronautasyrobotsvscoronavirus\/files\/2020\/03\/descarga.jpg 225w, https:\/\/blogsaverroes.juntadeandalucia.es\/astronautasyrobotsvscoronavirus\/files\/2020\/03\/descarga-150x150.jpg 150w, https:\/\/blogsaverroes.juntadeandalucia.es\/astronautasyrobotsvscoronavirus\/files\/2020\/03\/descarga-100x100.jpg 100w, https:\/\/blogsaverroes.juntadeandalucia.es\/astronautasyrobotsvscoronavirus\/files\/2020\/03\/descarga-24x24.jpg 24w, https:\/\/blogsaverroes.juntadeandalucia.es\/astronautasyrobotsvscoronavirus\/files\/2020\/03\/descarga-36x36.jpg 36w, https:\/\/blogsaverroes.juntadeandalucia.es\/astronautasyrobotsvscoronavirus\/files\/2020\/03\/descarga-48x48.jpg 48w\" sizes=\"(max-width: 28px) 100vw, 28px\" \/><\/td>\n<td style=\"height: 24px\"><span style=\"font-size: 10pt\"><a href=\"https:\/\/blogsaverroes.juntadeandalucia.es\/astronautasyrobotsvscoronavirus\/blogs-de-tematica-aeroespacial\/\" target=\"_blank\" rel=\"noopener noreferrer\"><strong>Blogs de tem\u00e1tica aeroespacial<\/strong><\/a><\/span><\/td>\n<\/tr>\n<tr style=\"height: 24px\">\n<td style=\"height: 24px\"><img loading=\"lazy\" decoding=\"async\" class=\"aligncenter wp-image-540\" src=\"https:\/\/blogsaverroes.juntadeandalucia.es\/astronautasyrobotsvscoronavirus\/files\/2020\/03\/NASA-1024x372.png\" alt=\"\" width=\"113\" height=\"41\" srcset=\"https:\/\/blogsaverroes.juntadeandalucia.es\/astronautasyrobotsvscoronavirus\/files\/2020\/03\/NASA-1024x372.png 1024w, https:\/\/blogsaverroes.juntadeandalucia.es\/astronautasyrobotsvscoronavirus\/files\/2020\/03\/NASA-300x109.png 300w, https:\/\/blogsaverroes.juntadeandalucia.es\/astronautasyrobotsvscoronavirus\/files\/2020\/03\/NASA-768x279.png 768w, https:\/\/blogsaverroes.juntadeandalucia.es\/astronautasyrobotsvscoronavirus\/files\/2020\/03\/NASA-24x9.png 24w, https:\/\/blogsaverroes.juntadeandalucia.es\/astronautasyrobotsvscoronavirus\/files\/2020\/03\/NASA-36x13.png 36w, https:\/\/blogsaverroes.juntadeandalucia.es\/astronautasyrobotsvscoronavirus\/files\/2020\/03\/NASA-48x17.png 48w, https:\/\/blogsaverroes.juntadeandalucia.es\/astronautasyrobotsvscoronavirus\/files\/2020\/03\/NASA-600x220.png 600w, https:\/\/blogsaverroes.juntadeandalucia.es\/astronautasyrobotsvscoronavirus\/files\/2020\/03\/NASA.png 1537w\" sizes=\"(max-width: 113px) 100vw, 113px\" \/><\/td>\n<td style=\"height: 24px\"><span style=\"font-size: 10pt\"><a href=\"https:\/\/blogsaverroes.juntadeandalucia.es\/astronautasyrobotsvscoronavirus\/cienciasdelespaciodesdecasaesa\/\" target=\"_blank\" rel=\"noopener noreferrer\"><strong>Actividades del espacio desde casa de la ESA<\/strong><\/a><\/span><\/td>\n<\/tr>\n<tr style=\"height: 24px\">\n<td style=\"height: 24px\"><span style=\"font-size: 10pt\"><img loading=\"lazy\" decoding=\"async\" class=\"aligncenter wp-image-538\" src=\"https:\/\/blogsaverroes.juntadeandalucia.es\/astronautasyrobotsvscoronavirus\/files\/2020\/03\/nasa-jpl-png-5-1024x456.png\" alt=\"\" width=\"118\" height=\"53\" srcset=\"https:\/\/blogsaverroes.juntadeandalucia.es\/astronautasyrobotsvscoronavirus\/files\/2020\/03\/nasa-jpl-png-5-1024x456.png 1024w, https:\/\/blogsaverroes.juntadeandalucia.es\/astronautasyrobotsvscoronavirus\/files\/2020\/03\/nasa-jpl-png-5-300x134.png 300w, https:\/\/blogsaverroes.juntadeandalucia.es\/astronautasyrobotsvscoronavirus\/files\/2020\/03\/nasa-jpl-png-5-768x342.png 768w, https:\/\/blogsaverroes.juntadeandalucia.es\/astronautasyrobotsvscoronavirus\/files\/2020\/03\/nasa-jpl-png-5-24x11.png 24w, https:\/\/blogsaverroes.juntadeandalucia.es\/astronautasyrobotsvscoronavirus\/files\/2020\/03\/nasa-jpl-png-5-36x16.png 36w, https:\/\/blogsaverroes.juntadeandalucia.es\/astronautasyrobotsvscoronavirus\/files\/2020\/03\/nasa-jpl-png-5-48x21.png 48w, https:\/\/blogsaverroes.juntadeandalucia.es\/astronautasyrobotsvscoronavirus\/files\/2020\/03\/nasa-jpl-png-5.png 1600w\" sizes=\"(max-width: 118px) 100vw, 118px\" \/><\/span><\/td>\n<td style=\"height: 24px\"><span style=\"font-size: 10pt\"><a href=\"https:\/\/blogsaverroes.juntadeandalucia.es\/astronautasyrobotsvscoronavirus\/actividades-stem-para-familias-jpl-nasa\/\" target=\"_blank\" rel=\"noopener noreferrer\"><strong>Actividades STEM desde casa del JPL NASA<\/strong><\/a><\/span><\/td>\n<\/tr>\n<\/tbody>\n<\/table>\n<p><span style=\"font-size: 10pt\">(tambi\u00e9n puedes acceder desde tu ordenador directamente desde el men\u00fa desplegable)<\/span><\/p>\n<p>&nbsp;<\/p>\n<p><span style=\"font-size: 10pt\">A&nbsp; m\u00ed particularmente me gusta mucho este recurso sobre nuestro robot espacial Rover \u00abPerseverance\u00bb, del que os habl\u00e9 anteriormente, porque nos habla brevemente de su historia, antes de que, como otros robots Rover sea enviado a Marte,&nbsp; llegado el momento estaremos muy felices por que hemos logrado la misi\u00f3n pero lo echaremos mucho de menos, aunque podremos recibir sus fotos.<\/span><\/p>\n<p><span style=\"font-size: 10pt\">\u00bfSab\u00edas que \u00abPerseverance\u00bb al igual que \u00abCuriosity\u00bb podr\u00e1 sacarse selfies y envi\u00e1rnoslos a la Tierra con una resoluci\u00f3n incre\u00edble?.<\/span><\/p>\n<p><span style=\"font-size: 10pt\">Pulsa en la siguiente imagen para saber m\u00e1s de su historia.<\/span><\/p>\n<p><a href=\"https:\/\/spaceplace.nasa.gov\/mars-2020\/sp\/\" target=\"_blank\" rel=\"noopener noreferrer\"><img loading=\"lazy\" decoding=\"async\" class=\"aligncenter size-medium wp-image-436\" src=\"https:\/\/blogsaverroes.juntadeandalucia.es\/astronautasyrobotsvscoronavirus\/files\/2020\/03\/perseverance-1-267x300.png\" alt=\"\" width=\"267\" height=\"300\" srcset=\"https:\/\/blogsaverroes.juntadeandalucia.es\/astronautasyrobotsvscoronavirus\/files\/2020\/03\/perseverance-1-267x300.png 267w, https:\/\/blogsaverroes.juntadeandalucia.es\/astronautasyrobotsvscoronavirus\/files\/2020\/03\/perseverance-1-21x24.png 21w, https:\/\/blogsaverroes.juntadeandalucia.es\/astronautasyrobotsvscoronavirus\/files\/2020\/03\/perseverance-1-32x36.png 32w, https:\/\/blogsaverroes.juntadeandalucia.es\/astronautasyrobotsvscoronavirus\/files\/2020\/03\/perseverance-1-43x48.png 43w, https:\/\/blogsaverroes.juntadeandalucia.es\/astronautasyrobotsvscoronavirus\/files\/2020\/03\/perseverance-1.png 666w\" sizes=\"(max-width: 267px) 100vw, 267px\" \/><\/a><\/p>\n<p><span style=\"font-size: 10pt\">Adem\u00e1s de la tem\u00e1tica aeroespacial y si quieres avanzar en tus estudios te recomiendo la web que la Consejer\u00eda de Educaci\u00f3n y Deporte de la Junta de Andaluc\u00eda ha habilitado para la ense\u00f1anza online en la \u00e9poca del Covid-19. <\/span><\/p>\n<p style=\"text-align: center\"><a href=\"https:\/\/blogsaverroes.juntadeandalucia.es\/eaprendizaje\/\" target=\"_blank\" rel=\"noopener noreferrer\"><span style=\"font-size: 10pt\">\u00a1Pincha aqu\u00ed para acceder a \u00abEaprendizaje\u00bb!<\/span><\/a><\/p>\n","protected":false},"excerpt":{"rendered":"<p>Esta secci\u00f3n est\u00e1 m\u00e1s bien dedicada a vuestros profes y maestras, pero vosotros o vuestras familias tambi\u00e9n pod\u00e9is proponerle a vuestros docentes que usen recursos entretenidos para vosotros, tanto estos d\u00edas en los que estamos luchando contra el Covid19 en casa, como cuando regres\u00e9is al cole o al instituto. &nbsp; \u00c9chale un vistazo a esta [&hellip;]<\/p>\n","protected":false},"author":7639,"featured_media":0,"parent":0,"menu_order":0,"comment_status":"closed","ping_status":"closed","template":"","meta":{"ngg_post_thumbnail":0,"footnotes":""},"aioseo_notices":[],"_links":{"self":[{"href":"https:\/\/blogsaverroes.juntadeandalucia.es\/astronautasyrobotsvscoronavirus\/wp-json\/wp\/v2\/pages\/39"}],"collection":[{"href":"https:\/\/blogsaverroes.juntadeandalucia.es\/astronautasyrobotsvscoronavirus\/wp-json\/wp\/v2\/pages"}],"about":[{"href":"https:\/\/blogsaverroes.juntadeandalucia.es\/astronautasyrobotsvscoronavirus\/wp-json\/wp\/v2\/types\/page"}],"author":[{"embeddable":true,"href":"https:\/\/blogsaverroes.juntadeandalucia.es\/astronautasyrobotsvscoronavirus\/wp-json\/wp\/v2\/users\/7639"}],"replies":[{"embeddable":true,"href":"https:\/\/blogsaverroes.juntadeandalucia.es\/astronautasyrobotsvscoronavirus\/wp-json\/wp\/v2\/comments?post=39"}],"version-history":[{"count":30,"href":"https:\/\/blogsaverroes.juntadeandalucia.es\/astronautasyrobotsvscoronavirus\/wp-json\/wp\/v2\/pages\/39\/revisions"}],"predecessor-version":[{"id":793,"href":"https:\/\/blogsaverroes.juntadeandalucia.es\/astronautasyrobotsvscoronavirus\/wp-json\/wp\/v2\/pages\/39\/revisions\/793"}],"wp:attachment":[{"href":"https:\/\/blogsaverroes.juntadeandalucia.es\/astronautasyrobotsvscoronavirus\/wp-json\/wp\/v2\/media?parent=39"}],"curies":[{"name":"wp","href":"https:\/\/api.w.org\/{rel}","templated":true}]}}