{"id":41,"date":"2020-03-22T02:14:30","date_gmt":"2020-03-22T01:14:30","guid":{"rendered":"https:\/\/blogsaverroes.juntadeandalucia.es\/astronautasyrobotsvscoronavirus\/?page_id=41"},"modified":"2020-03-28T12:55:54","modified_gmt":"2020-03-28T11:55:54","slug":"videos","status":"publish","type":"page","link":"https:\/\/blogsaverroes.juntadeandalucia.es\/astronautasyrobotsvscoronavirus\/videos\/","title":{"rendered":"V\u00eddeos"},"content":{"rendered":"<p style=\"text-align: left\"><span style=\"font-size: 10pt\">En esta secci\u00f3n os vamos a mostrar v\u00eddeos educativos relacionados con el espacio, que espero pod\u00e1is disfrutar, pero antes y ya que nos conocemos un poco te voy a hacer una pregunta:<\/span><\/p>\n<p style=\"text-align: left\"><span style=\"font-size: 10pt\"> \u00bfTe gustar\u00eda ser un astronauta?<\/span><\/p>\n<p style=\"text-align: left\"><span style=\"font-size: 10pt\">Si es as\u00ed, echa un vistazo a este breve v\u00eddeo que&nbsp; muestra los 5 pasos principales que hacen falta para llegar a ser un astronauta, lo indica la propia <a href=\"https:\/\/www.esa.int\/kids\/es\/Home\">Agencia Espacial Europea<\/a>, la cual tiene muchos v\u00eddeos para vosotros, como veremos m\u00e1s adelante, pero este v\u00eddeo en particular lo narra mi hijo, a ver qu\u00e9 os parece:<\/span><\/p>\n<p>&nbsp;<\/p>\n<div style=\"width: 1170px;\" class=\"wp-video\"><!--[if lt IE 9]><script>document.createElement('video');<\/script><![endif]-->\n<video class=\"wp-video-shortcode\" id=\"video-41-1\" width=\"1170\" height=\"658\" poster=\"https:\/\/blogsaverroes.juntadeandalucia.es\/astronautasyrobotsvscoronavirus\/files\/2020\/03\/portada-5-pasos.jpg\" preload=\"metadata\" controls=\"controls\"><source type=\"video\/mp4\" src=\"https:\/\/blogsaverroes.juntadeandalucia.es\/astronautasyrobotsvscoronavirus\/files\/2020\/03\/5-pasos-para-ser-un-astronauta.mp4?_=1\" \/><a href=\"https:\/\/blogsaverroes.juntadeandalucia.es\/astronautasyrobotsvscoronavirus\/files\/2020\/03\/5-pasos-para-ser-un-astronauta.mp4\">https:\/\/blogsaverroes.juntadeandalucia.es\/astronautasyrobotsvscoronavirus\/files\/2020\/03\/5-pasos-para-ser-un-astronauta.mp4<\/a><\/video><\/div>\n<p>&nbsp;<\/p>\n<p style=\"text-align: left\"><span style=\"font-size: 10pt\">Puedes acceder a v\u00eddeos separados por edades y categor\u00edas tambi\u00e9n en las siguientes subsecciones:<\/span><\/p>\n<p>&nbsp;<\/p>\n<table>\n<tbody>\n<tr>\n<td><img loading=\"lazy\" decoding=\"async\" class=\"aligncenter wp-image-480\" src=\"https:\/\/blogsaverroes.juntadeandalucia.es\/astronautasyrobotsvscoronavirus\/files\/2020\/03\/demonstration-767983_1280-1024x520.jpg\" alt=\"\" width=\"77\" height=\"39\" srcset=\"https:\/\/blogsaverroes.juntadeandalucia.es\/astronautasyrobotsvscoronavirus\/files\/2020\/03\/demonstration-767983_1280-1024x520.jpg 1024w, https:\/\/blogsaverroes.juntadeandalucia.es\/astronautasyrobotsvscoronavirus\/files\/2020\/03\/demonstration-767983_1280-300x152.jpg 300w, https:\/\/blogsaverroes.juntadeandalucia.es\/astronautasyrobotsvscoronavirus\/files\/2020\/03\/demonstration-767983_1280-768x390.jpg 768w, https:\/\/blogsaverroes.juntadeandalucia.es\/astronautasyrobotsvscoronavirus\/files\/2020\/03\/demonstration-767983_1280-24x12.jpg 24w, https:\/\/blogsaverroes.juntadeandalucia.es\/astronautasyrobotsvscoronavirus\/files\/2020\/03\/demonstration-767983_1280-36x18.jpg 36w, https:\/\/blogsaverroes.juntadeandalucia.es\/astronautasyrobotsvscoronavirus\/files\/2020\/03\/demonstration-767983_1280-48x24.jpg 48w, https:\/\/blogsaverroes.juntadeandalucia.es\/astronautasyrobotsvscoronavirus\/files\/2020\/03\/demonstration-767983_1280.jpg 1280w\" sizes=\"(max-width: 77px) 100vw, 77px\" \/><\/td>\n<td><strong><span style=\"font-size: 10pt\"><a href=\"https:\/\/blogsaverroes.juntadeandalucia.es\/astronautasyrobotsvscoronavirus\/videos-infantil-y-primaria\/\" target=\"_blank\" rel=\"noopener noreferrer\">V\u00eddeos de Educaci\u00f3n Infantil y Primaria<\/a><\/span><\/strong><\/td>\n<\/tr>\n<tr>\n<td><img loading=\"lazy\" decoding=\"async\" class=\"aligncenter wp-image-479\" src=\"https:\/\/blogsaverroes.juntadeandalucia.es\/astronautasyrobotsvscoronavirus\/files\/2020\/03\/filmstrip-1174228_1280-1024x512.png\" alt=\"\" width=\"56\" height=\"28\" srcset=\"https:\/\/blogsaverroes.juntadeandalucia.es\/astronautasyrobotsvscoronavirus\/files\/2020\/03\/filmstrip-1174228_1280-1024x512.png 1024w, https:\/\/blogsaverroes.juntadeandalucia.es\/astronautasyrobotsvscoronavirus\/files\/2020\/03\/filmstrip-1174228_1280-300x150.png 300w, https:\/\/blogsaverroes.juntadeandalucia.es\/astronautasyrobotsvscoronavirus\/files\/2020\/03\/filmstrip-1174228_1280-768x384.png 768w, https:\/\/blogsaverroes.juntadeandalucia.es\/astronautasyrobotsvscoronavirus\/files\/2020\/03\/filmstrip-1174228_1280-24x12.png 24w, https:\/\/blogsaverroes.juntadeandalucia.es\/astronautasyrobotsvscoronavirus\/files\/2020\/03\/filmstrip-1174228_1280-36x18.png 36w, https:\/\/blogsaverroes.juntadeandalucia.es\/astronautasyrobotsvscoronavirus\/files\/2020\/03\/filmstrip-1174228_1280-48x24.png 48w, https:\/\/blogsaverroes.juntadeandalucia.es\/astronautasyrobotsvscoronavirus\/files\/2020\/03\/filmstrip-1174228_1280.png 1280w\" sizes=\"(max-width: 56px) 100vw, 56px\" \/><\/td>\n<td><strong><span style=\"font-size: 10pt\"><a href=\"https:\/\/blogsaverroes.juntadeandalucia.es\/astronautasyrobotsvscoronavirus\/videos-de-secundaria-y-bachillerato\/\" target=\"_blank\" rel=\"noopener noreferrer\">V\u00eddeos de Educaci\u00f3n Secundaria y Bachillerato<\/a><\/span><\/strong><\/td>\n<\/tr>\n<tr>\n<td><img loading=\"lazy\" decoding=\"async\" class=\"aligncenter wp-image-669\" src=\"https:\/\/blogsaverroes.juntadeandalucia.es\/astronautasyrobotsvscoronavirus\/files\/2020\/03\/3d-1024x549.png\" alt=\"\" width=\"61\" height=\"33\" srcset=\"https:\/\/blogsaverroes.juntadeandalucia.es\/astronautasyrobotsvscoronavirus\/files\/2020\/03\/3d-1024x549.png 1024w, https:\/\/blogsaverroes.juntadeandalucia.es\/astronautasyrobotsvscoronavirus\/files\/2020\/03\/3d-300x161.png 300w, https:\/\/blogsaverroes.juntadeandalucia.es\/astronautasyrobotsvscoronavirus\/files\/2020\/03\/3d-768x411.png 768w, https:\/\/blogsaverroes.juntadeandalucia.es\/astronautasyrobotsvscoronavirus\/files\/2020\/03\/3d-24x13.png 24w, https:\/\/blogsaverroes.juntadeandalucia.es\/astronautasyrobotsvscoronavirus\/files\/2020\/03\/3d-36x19.png 36w, https:\/\/blogsaverroes.juntadeandalucia.es\/astronautasyrobotsvscoronavirus\/files\/2020\/03\/3d-48x26.png 48w, https:\/\/blogsaverroes.juntadeandalucia.es\/astronautasyrobotsvscoronavirus\/files\/2020\/03\/3d.png 1187w\" sizes=\"(max-width: 61px) 100vw, 61px\" \/><\/td>\n<td><strong><span style=\"font-size: 10pt\"><a href=\"https:\/\/blogsaverroes.juntadeandalucia.es\/astronautasyrobotsvscoronavirus\/videos-3d\/\" target=\"_blank\" rel=\"noopener noreferrer\">V\u00eddeos 3D y 360\u00ba<\/a><\/span><\/strong><\/td>\n<\/tr>\n<tr>\n<td><img loading=\"lazy\" decoding=\"async\" class=\"aligncenter wp-image-105\" src=\"https:\/\/blogsaverroes.juntadeandalucia.es\/astronautasyrobotsvscoronavirus\/files\/2020\/03\/goku-707x1024.jpg\" alt=\"\" width=\"21\" height=\"30\" srcset=\"https:\/\/blogsaverroes.juntadeandalucia.es\/astronautasyrobotsvscoronavirus\/files\/2020\/03\/goku-707x1024.jpg 707w, https:\/\/blogsaverroes.juntadeandalucia.es\/astronautasyrobotsvscoronavirus\/files\/2020\/03\/goku-207x300.jpg 207w, https:\/\/blogsaverroes.juntadeandalucia.es\/astronautasyrobotsvscoronavirus\/files\/2020\/03\/goku-768x1112.jpg 768w, https:\/\/blogsaverroes.juntadeandalucia.es\/astronautasyrobotsvscoronavirus\/files\/2020\/03\/goku-17x24.jpg 17w, https:\/\/blogsaverroes.juntadeandalucia.es\/astronautasyrobotsvscoronavirus\/files\/2020\/03\/goku-25x36.jpg 25w, https:\/\/blogsaverroes.juntadeandalucia.es\/astronautasyrobotsvscoronavirus\/files\/2020\/03\/goku-33x48.jpg 33w, https:\/\/blogsaverroes.juntadeandalucia.es\/astronautasyrobotsvscoronavirus\/files\/2020\/03\/goku.jpg 1080w\" sizes=\"(max-width: 21px) 100vw, 21px\" \/><\/td>\n<td><strong><span style=\"font-size: 10pt\"><a href=\"https:\/\/blogsaverroes.juntadeandalucia.es\/astronautasyrobotsvscoronavirus\/dibujos\/\" target=\"_blank\" rel=\"noopener noreferrer\">Dibujos<\/a><\/span><\/strong><\/td>\n<\/tr>\n<tr>\n<td><img loading=\"lazy\" decoding=\"async\" class=\"aligncenter wp-image-493\" src=\"https:\/\/blogsaverroes.juntadeandalucia.es\/astronautasyrobotsvscoronavirus\/files\/2020\/03\/film-reel-147631__480.jpg\" alt=\"\" width=\"29\" height=\"32\" srcset=\"https:\/\/blogsaverroes.juntadeandalucia.es\/astronautasyrobotsvscoronavirus\/files\/2020\/03\/film-reel-147631__480.jpg 436w, https:\/\/blogsaverroes.juntadeandalucia.es\/astronautasyrobotsvscoronavirus\/files\/2020\/03\/film-reel-147631__480-273x300.jpg 273w, https:\/\/blogsaverroes.juntadeandalucia.es\/astronautasyrobotsvscoronavirus\/files\/2020\/03\/film-reel-147631__480-22x24.jpg 22w, https:\/\/blogsaverroes.juntadeandalucia.es\/astronautasyrobotsvscoronavirus\/files\/2020\/03\/film-reel-147631__480-33x36.jpg 33w, https:\/\/blogsaverroes.juntadeandalucia.es\/astronautasyrobotsvscoronavirus\/files\/2020\/03\/film-reel-147631__480-44x48.jpg 44w\" sizes=\"(max-width: 29px) 100vw, 29px\" \/><\/td>\n<td><strong><span style=\"font-size: 10pt\"><a href=\"https:\/\/blogsaverroes.juntadeandalucia.es\/astronautasyrobotsvscoronavirus\/pelis\/\" target=\"_blank\" rel=\"noopener noreferrer\">Pelis<\/a><\/span><\/strong><\/td>\n<\/tr>\n<tr>\n<td><img loading=\"lazy\" decoding=\"async\" class=\"aligncenter wp-image-639\" src=\"https:\/\/blogsaverroes.juntadeandalucia.es\/astronautasyrobotsvscoronavirus\/files\/2020\/03\/descarga.png\" alt=\"\" width=\"37\" height=\"37\" srcset=\"https:\/\/blogsaverroes.juntadeandalucia.es\/astronautasyrobotsvscoronavirus\/files\/2020\/03\/descarga.png 225w, https:\/\/blogsaverroes.juntadeandalucia.es\/astronautasyrobotsvscoronavirus\/files\/2020\/03\/descarga-150x150.png 150w, https:\/\/blogsaverroes.juntadeandalucia.es\/astronautasyrobotsvscoronavirus\/files\/2020\/03\/descarga-100x100.png 100w, https:\/\/blogsaverroes.juntadeandalucia.es\/astronautasyrobotsvscoronavirus\/files\/2020\/03\/descarga-24x24.png 24w, https:\/\/blogsaverroes.juntadeandalucia.es\/astronautasyrobotsvscoronavirus\/files\/2020\/03\/descarga-36x36.png 36w, https:\/\/blogsaverroes.juntadeandalucia.es\/astronautasyrobotsvscoronavirus\/files\/2020\/03\/descarga-48x48.png 48w\" sizes=\"(max-width: 37px) 100vw, 37px\" \/><\/td>\n<td><strong><span style=\"font-size: 10pt\"><a href=\"https:\/\/blogsaverroes.juntadeandalucia.es\/astronautasyrobotsvscoronavirus\/documentales\/\" target=\"_blank\" rel=\"noopener noreferrer\">Documentales<\/a><\/span><\/strong><\/td>\n<\/tr>\n<tr>\n<td><img loading=\"lazy\" decoding=\"async\" class=\"aligncenter wp-image-640\" src=\"https:\/\/blogsaverroes.juntadeandalucia.es\/astronautasyrobotsvscoronavirus\/files\/2020\/03\/osiris_3d4b7b4c.jpg\" alt=\"\" width=\"69\" height=\"43\" srcset=\"https:\/\/blogsaverroes.juntadeandalucia.es\/astronautasyrobotsvscoronavirus\/files\/2020\/03\/osiris_3d4b7b4c.jpg 990w, https:\/\/blogsaverroes.juntadeandalucia.es\/astronautasyrobotsvscoronavirus\/files\/2020\/03\/osiris_3d4b7b4c-300x187.jpg 300w, https:\/\/blogsaverroes.juntadeandalucia.es\/astronautasyrobotsvscoronavirus\/files\/2020\/03\/osiris_3d4b7b4c-768x479.jpg 768w, https:\/\/blogsaverroes.juntadeandalucia.es\/astronautasyrobotsvscoronavirus\/files\/2020\/03\/osiris_3d4b7b4c-24x15.jpg 24w, https:\/\/blogsaverroes.juntadeandalucia.es\/astronautasyrobotsvscoronavirus\/files\/2020\/03\/osiris_3d4b7b4c-36x22.jpg 36w, https:\/\/blogsaverroes.juntadeandalucia.es\/astronautasyrobotsvscoronavirus\/files\/2020\/03\/osiris_3d4b7b4c-48x30.jpg 48w\" sizes=\"(max-width: 69px) 100vw, 69px\" \/><\/td>\n<td><strong><span style=\"font-size: 10pt\"><a href=\"https:\/\/blogsaverroes.juntadeandalucia.es\/astronautasyrobotsvscoronavirus\/vistas-desde-la-estacion-espacial-internacional\/\" target=\"_blank\" rel=\"noopener noreferrer\">La Estaci\u00f3n Espacial Internacional<\/a><\/span><\/strong><\/td>\n<\/tr>\n<\/tbody>\n<\/table>\n<p style=\"text-align: left\">&nbsp;<\/p>\n<p style=\"text-align: left\"><span style=\"font-size: 10pt\"><img loading=\"lazy\" decoding=\"async\" class=\" wp-image-126 alignleft\" src=\"https:\/\/blogsaverroes.juntadeandalucia.es\/astronautasyrobotsvscoronavirus\/files\/2020\/03\/bitmoji-20200322100936-300x300.png\" alt=\"\" width=\"158\" height=\"158\" srcset=\"https:\/\/blogsaverroes.juntadeandalucia.es\/astronautasyrobotsvscoronavirus\/files\/2020\/03\/bitmoji-20200322100936-300x300.png 300w, https:\/\/blogsaverroes.juntadeandalucia.es\/astronautasyrobotsvscoronavirus\/files\/2020\/03\/bitmoji-20200322100936-150x150.png 150w, https:\/\/blogsaverroes.juntadeandalucia.es\/astronautasyrobotsvscoronavirus\/files\/2020\/03\/bitmoji-20200322100936-100x100.png 100w, https:\/\/blogsaverroes.juntadeandalucia.es\/astronautasyrobotsvscoronavirus\/files\/2020\/03\/bitmoji-20200322100936-160x160.png 160w, https:\/\/blogsaverroes.juntadeandalucia.es\/astronautasyrobotsvscoronavirus\/files\/2020\/03\/bitmoji-20200322100936-320x320.png 320w, https:\/\/blogsaverroes.juntadeandalucia.es\/astronautasyrobotsvscoronavirus\/files\/2020\/03\/bitmoji-20200322100936-24x24.png 24w, https:\/\/blogsaverroes.juntadeandalucia.es\/astronautasyrobotsvscoronavirus\/files\/2020\/03\/bitmoji-20200322100936-36x36.png 36w, https:\/\/blogsaverroes.juntadeandalucia.es\/astronautasyrobotsvscoronavirus\/files\/2020\/03\/bitmoji-20200322100936-48x48.png 48w, https:\/\/blogsaverroes.juntadeandalucia.es\/astronautasyrobotsvscoronavirus\/files\/2020\/03\/bitmoji-20200322100936.png 398w\" sizes=\"(max-width: 158px) 100vw, 158px\" \/><\/span><\/p>\n<p style=\"text-align: left\">&nbsp;<\/p>\n<p style=\"text-align: left\">&nbsp;<\/p>\n<p style=\"text-align: left\">&nbsp;<\/p>\n<p style=\"text-align: left\">&nbsp;<\/p>\n","protected":false},"excerpt":{"rendered":"<p>En esta secci\u00f3n os vamos a mostrar v\u00eddeos educativos relacionados con el espacio, que espero pod\u00e1is disfrutar, pero antes y ya que nos conocemos un poco te voy a hacer una pregunta: \u00bfTe gustar\u00eda ser un astronauta? Si es as\u00ed, echa un vistazo a este breve v\u00eddeo que&nbsp; muestra los 5 pasos principales que hacen [&hellip;]<\/p>\n","protected":false},"author":7639,"featured_media":0,"parent":0,"menu_order":0,"comment_status":"closed","ping_status":"closed","template":"","meta":{"ngg_post_thumbnail":0,"footnotes":""},"aioseo_notices":[],"_links":{"self":[{"href":"https:\/\/blogsaverroes.juntadeandalucia.es\/astronautasyrobotsvscoronavirus\/wp-json\/wp\/v2\/pages\/41"}],"collection":[{"href":"https:\/\/blogsaverroes.juntadeandalucia.es\/astronautasyrobotsvscoronavirus\/wp-json\/wp\/v2\/pages"}],"about":[{"href":"https:\/\/blogsaverroes.juntadeandalucia.es\/astronautasyrobotsvscoronavirus\/wp-json\/wp\/v2\/types\/page"}],"author":[{"embeddable":true,"href":"https:\/\/blogsaverroes.juntadeandalucia.es\/astronautasyrobotsvscoronavirus\/wp-json\/wp\/v2\/users\/7639"}],"replies":[{"embeddable":true,"href":"https:\/\/blogsaverroes.juntadeandalucia.es\/astronautasyrobotsvscoronavirus\/wp-json\/wp\/v2\/comments?post=41"}],"version-history":[{"count":28,"href":"https:\/\/blogsaverroes.juntadeandalucia.es\/astronautasyrobotsvscoronavirus\/wp-json\/wp\/v2\/pages\/41\/revisions"}],"predecessor-version":[{"id":800,"href":"https:\/\/blogsaverroes.juntadeandalucia.es\/astronautasyrobotsvscoronavirus\/wp-json\/wp\/v2\/pages\/41\/revisions\/800"}],"wp:attachment":[{"href":"https:\/\/blogsaverroes.juntadeandalucia.es\/astronautasyrobotsvscoronavirus\/wp-json\/wp\/v2\/media?parent=41"}],"curies":[{"name":"wp","href":"https:\/\/api.w.org\/{rel}","templated":true}]}}