{"id":507,"date":"2020-03-26T14:45:41","date_gmt":"2020-03-26T13:45:41","guid":{"rendered":"https:\/\/blogsaverroes.juntadeandalucia.es\/astronautasyrobotsvscoronavirus\/?page_id=507"},"modified":"2020-10-21T08:25:52","modified_gmt":"2020-10-21T06:25:52","slug":"proyecto-esero","status":"publish","type":"page","link":"https:\/\/blogsaverroes.juntadeandalucia.es\/astronautasyrobotsvscoronavirus\/proyecto-esero\/","title":{"rendered":"Proyecto ESERO: Recursos y concursos"},"content":{"rendered":"<p><span style=\"font-size: 10pt\">El Proyecto ESERO es un proyecto educativo de la Agencia Espacial Europea (ESA) que se encarga de la formaci\u00f3n del profesorado en toda Europa con el lema \u00abDel Espacio al aula\u00bb. Yo soy el Coordinador del proyecto en Andaluc\u00eda, y ofrecemos kits, gu\u00edas y <a href=\"http:\/\/esero.es\/recursos\/\" target=\"_blank\" rel=\"noopener noreferrer\">recursos<\/a> educativos para su trabajo en el aula, para que el alumnado pueda sentir la sensaci\u00f3n de ser un ingeniero en el aula o desde su casa.<\/span><\/p>\n<p><span style=\"font-size: 10pt\"><img loading=\"lazy\" decoding=\"async\" class=\"aligncenter size-medium wp-image-547\" src=\"https:\/\/blogsaverroes.juntadeandalucia.es\/astronautasyrobotsvscoronavirus\/files\/2020\/03\/esero-300x121.png\" alt=\"\" width=\"300\" height=\"121\" srcset=\"https:\/\/blogsaverroes.juntadeandalucia.es\/astronautasyrobotsvscoronavirus\/files\/2020\/03\/esero-300x121.png 300w, https:\/\/blogsaverroes.juntadeandalucia.es\/astronautasyrobotsvscoronavirus\/files\/2020\/03\/esero-24x10.png 24w, https:\/\/blogsaverroes.juntadeandalucia.es\/astronautasyrobotsvscoronavirus\/files\/2020\/03\/esero-36x14.png 36w, https:\/\/blogsaverroes.juntadeandalucia.es\/astronautasyrobotsvscoronavirus\/files\/2020\/03\/esero-48x19.png 48w, https:\/\/blogsaverroes.juntadeandalucia.es\/astronautasyrobotsvscoronavirus\/files\/2020\/03\/esero.png 512w\" sizes=\"(max-width: 300px) 100vw, 300px\" \/><\/span><\/p>\n<p><span style=\"font-size: 10pt\">En la situaci\u00f3n actual del coronavirus os recomiendo realizar la actividad \u00abB\u00fasqueda de exoplanetas\u00bb pues se puede realizar construyendo vuestros propios materiales. En ella podr\u00e9is deducir si hay posibilidad de que exista vida en un determinado planeta a trav\u00e9s de una especie de telescopio.<\/span><\/p>\n<p><span style=\"font-size: 10pt\">Dicha actividad la pod\u00e9is descargar tanto para Primaria como para Secundaria:<br \/>\n<\/span><\/p>\n<p>&nbsp;<\/p>\n<table style=\"width: 1153.97px\">\n<tbody>\n<tr>\n<td style=\"width: 554px\"><img loading=\"lazy\" decoding=\"async\" class=\"aligncenter wp-image-717\" src=\"https:\/\/blogsaverroes.juntadeandalucia.es\/astronautasyrobotsvscoronavirus\/files\/2020\/03\/prim.png\" alt=\"\" width=\"58\" height=\"93\" srcset=\"https:\/\/blogsaverroes.juntadeandalucia.es\/astronautasyrobotsvscoronavirus\/files\/2020\/03\/prim.png 383w, https:\/\/blogsaverroes.juntadeandalucia.es\/astronautasyrobotsvscoronavirus\/files\/2020\/03\/prim-187x300.png 187w, https:\/\/blogsaverroes.juntadeandalucia.es\/astronautasyrobotsvscoronavirus\/files\/2020\/03\/prim-15x24.png 15w, https:\/\/blogsaverroes.juntadeandalucia.es\/astronautasyrobotsvscoronavirus\/files\/2020\/03\/prim-22x36.png 22w, https:\/\/blogsaverroes.juntadeandalucia.es\/astronautasyrobotsvscoronavirus\/files\/2020\/03\/prim-30x48.png 30w\" sizes=\"(max-width: 58px) 100vw, 58px\" \/><\/td>\n<td style=\"width: 554.967px\"><a href=\"http:\/\/esero.es\/wp-content\/uploads\/2019\/08\/Cuaderno-ESERO-Deteccion-de-exoplanetas-DE-P-01-3a-ED-062019.pdf\" target=\"_blank\" rel=\"noopener noreferrer\"><strong><span style=\"font-size: 10pt\">Primaria<\/span><\/strong><\/a><\/td>\n<\/tr>\n<tr>\n<td style=\"width: 554px\"><img loading=\"lazy\" decoding=\"async\" class=\"aligncenter wp-image-716\" src=\"https:\/\/blogsaverroes.juntadeandalucia.es\/astronautasyrobotsvscoronavirus\/files\/2020\/03\/sec.png\" alt=\"\" width=\"61\" height=\"100\" srcset=\"https:\/\/blogsaverroes.juntadeandalucia.es\/astronautasyrobotsvscoronavirus\/files\/2020\/03\/sec.png 377w, https:\/\/blogsaverroes.juntadeandalucia.es\/astronautasyrobotsvscoronavirus\/files\/2020\/03\/sec-184x300.png 184w, https:\/\/blogsaverroes.juntadeandalucia.es\/astronautasyrobotsvscoronavirus\/files\/2020\/03\/sec-15x24.png 15w, https:\/\/blogsaverroes.juntadeandalucia.es\/astronautasyrobotsvscoronavirus\/files\/2020\/03\/sec-22x36.png 22w, https:\/\/blogsaverroes.juntadeandalucia.es\/astronautasyrobotsvscoronavirus\/files\/2020\/03\/sec-29x48.png 29w\" sizes=\"(max-width: 61px) 100vw, 61px\" \/><\/td>\n<td style=\"width: 554.967px\"><a href=\"http:\/\/esero.es\/wp-content\/uploads\/2019\/08\/Cuaderno-ESERO-Deteccion-de-exoplanetas-DE-SB-01-3a-ED-062019.pdf\" target=\"_blank\" rel=\"noopener noreferrer\"><strong><span style=\"font-size: 10pt\">Secundaria<\/span><\/strong><\/a><\/td>\n<\/tr>\n<\/tbody>\n<\/table>\n<p>&nbsp;<\/p>\n<p><span style=\"font-size: 10pt\">Tambi\u00e9n tienen muchos otros kits, algunos de ellos f\u00edsicos, para trabajar en el aula. En este v\u00eddeo pod\u00e9is ver como presentamos el Kit \u00ab<a href=\"http:\/\/esero.es\/recurso\/kit-ingenieria-de-astronaves\/\" target=\"_blank\" rel=\"noopener noreferrer\">Ingenier\u00eda de astronaves<\/a>\u00bb mi alumnado y yo hace un par de cursos, kit que pone al acceso del profesorado en Andaluc\u00eda la Consejer\u00eda de Educaci\u00f3n y Deporte en colaboraci\u00f3n con la ESA,&nbsp; a cuyo v\u00eddeo de presentaci\u00f3n puedes acceder pinchando en la siguiente imagen:<\/span><\/p>\n<p>&nbsp;<\/p>\n<p><a href=\"https:\/\/youtu.be\/K5hGMQLXywE\" target=\"_blank\" rel=\"noopener noreferrer\"><img loading=\"lazy\" decoding=\"async\" class=\"aligncenter size-large wp-image-883\" src=\"https:\/\/blogsaverroes.juntadeandalucia.es\/astronautasyrobotsvscoronavirus\/files\/2020\/04\/ESERO-ING-ASTR-1024x576.png\" alt=\"\" width=\"1024\" height=\"576\" srcset=\"https:\/\/blogsaverroes.juntadeandalucia.es\/astronautasyrobotsvscoronavirus\/files\/2020\/04\/ESERO-ING-ASTR-1024x576.png 1024w, https:\/\/blogsaverroes.juntadeandalucia.es\/astronautasyrobotsvscoronavirus\/files\/2020\/04\/ESERO-ING-ASTR-300x169.png 300w, https:\/\/blogsaverroes.juntadeandalucia.es\/astronautasyrobotsvscoronavirus\/files\/2020\/04\/ESERO-ING-ASTR-768x432.png 768w, https:\/\/blogsaverroes.juntadeandalucia.es\/astronautasyrobotsvscoronavirus\/files\/2020\/04\/ESERO-ING-ASTR-24x14.png 24w, https:\/\/blogsaverroes.juntadeandalucia.es\/astronautasyrobotsvscoronavirus\/files\/2020\/04\/ESERO-ING-ASTR-36x20.png 36w, https:\/\/blogsaverroes.juntadeandalucia.es\/astronautasyrobotsvscoronavirus\/files\/2020\/04\/ESERO-ING-ASTR-48x27.png 48w, https:\/\/blogsaverroes.juntadeandalucia.es\/astronautasyrobotsvscoronavirus\/files\/2020\/04\/ESERO-ING-ASTR.png 1185w\" sizes=\"(max-width: 1024px) 100vw, 1024px\" \/><\/a><\/p>\n<p>&nbsp;<\/p>\n<p><span style=\"font-size: 10pt\">Adem\u00e1s la ESA ofrece <a href=\"http:\/\/esero.es\/concursos\/\" target=\"_blank\" rel=\"noopener noreferrer\">concursos<\/a> aeroespaciales de todo tipo y para todo el alumando de Europa, desde dise\u00f1os de bases lunares a lanzamiento de cohetes.<\/span><\/p>\n<p><span style=\"font-size: 10pt\">Ahora mismo y teniendo en consideraci\u00f3n la situaci\u00f3n actual del confinamiento os mostramos dos concursos en los cuales pod\u00e9is participar con vuestra familia, y aunque estar\u00e9is agobiados de deberes, es una oportunidad para divertirse haciendo algo todos juntos.<\/span><\/p>\n<p><span style=\"font-size: 10pt\">Estos concursos son Mission X y Moon Camp, puedes acceder a las im\u00e1genes para informarte del proceso, la inscripci\u00f3n, y las edades de los participantes.<\/span><\/p>\n<p><span style=\"font-size: 10pt\">\u00a1Mucha suerte!<\/span><\/p>\n<p>&nbsp;<\/p>\n<p><strong><span style=\"font-size: 10pt\">Mission X<\/span><\/strong><\/p>\n<p>&nbsp;<\/p>\n<p><span style=\"font-size: 10pt\"><a href=\"https:\/\/blogsaverroes.juntadeandalucia.es\/astronautasyrobotsvscoronavirus\/mission-x\/\" target=\"_blank\" rel=\"noopener noreferrer\"><img loading=\"lazy\" decoding=\"async\" class=\"aligncenter wp-image-504\" src=\"https:\/\/blogsaverroes.juntadeandalucia.es\/astronautasyrobotsvscoronavirus\/files\/2020\/03\/MISSION-X-300x279.png\" alt=\"\" width=\"194\" height=\"180\" srcset=\"https:\/\/blogsaverroes.juntadeandalucia.es\/astronautasyrobotsvscoronavirus\/files\/2020\/03\/MISSION-X-300x279.png 300w, https:\/\/blogsaverroes.juntadeandalucia.es\/astronautasyrobotsvscoronavirus\/files\/2020\/03\/MISSION-X-24x22.png 24w, https:\/\/blogsaverroes.juntadeandalucia.es\/astronautasyrobotsvscoronavirus\/files\/2020\/03\/MISSION-X-36x33.png 36w, https:\/\/blogsaverroes.juntadeandalucia.es\/astronautasyrobotsvscoronavirus\/files\/2020\/03\/MISSION-X-48x45.png 48w, https:\/\/blogsaverroes.juntadeandalucia.es\/astronautasyrobotsvscoronavirus\/files\/2020\/03\/MISSION-X.png 326w\" sizes=\"(max-width: 194px) 100vw, 194px\" \/><\/a><\/span>y&nbsp; <strong>Moon Camp<\/strong><\/p>\n<p><span style=\"font-size: 10pt\"><a href=\"http:\/\/esero.es\/eventos\/moon-camp\/\" target=\"_blank\" rel=\"noopener noreferrer\"><img loading=\"lazy\" decoding=\"async\" class=\"aligncenter wp-image-505\" src=\"https:\/\/blogsaverroes.juntadeandalucia.es\/astronautasyrobotsvscoronavirus\/files\/2020\/03\/moon-camp-300x270.png\" alt=\"\" width=\"204\" height=\"184\" srcset=\"https:\/\/blogsaverroes.juntadeandalucia.es\/astronautasyrobotsvscoronavirus\/files\/2020\/03\/moon-camp-300x270.png 300w, https:\/\/blogsaverroes.juntadeandalucia.es\/astronautasyrobotsvscoronavirus\/files\/2020\/03\/moon-camp-24x22.png 24w, https:\/\/blogsaverroes.juntadeandalucia.es\/astronautasyrobotsvscoronavirus\/files\/2020\/03\/moon-camp-36x32.png 36w, https:\/\/blogsaverroes.juntadeandalucia.es\/astronautasyrobotsvscoronavirus\/files\/2020\/03\/moon-camp-48x43.png 48w, https:\/\/blogsaverroes.juntadeandalucia.es\/astronautasyrobotsvscoronavirus\/files\/2020\/03\/moon-camp.png 440w\" sizes=\"(max-width: 204px) 100vw, 204px\" \/><\/a><\/span><\/p>\n<p><span style=\"font-size: 10pt\">Yo ya me he inscrito con mi hijo, \u00bfy t\u00fa, a qu\u00e9 esperas?<\/span><\/p>\n<p>&nbsp;<\/p>\n<p>Puedes acceder a informaci\u00f3n novedosa de la colecci\u00f3n de recursos online \u00abObserva la Tierra\u00bb desde este <a href=\"https:\/\/blogsaverroes.juntadeandalucia.es\/astronautasyrobotsvscoronavirus\/coleccion-de-recursos-online-observa-la-tierra-con-la-esa\/\" target=\"_blank\" rel=\"noopener noreferrer\">link<\/a>.<\/p>\n<p>&nbsp;<\/p>\n","protected":false},"excerpt":{"rendered":"<p>El Proyecto ESERO es un proyecto educativo de la Agencia Espacial Europea (ESA) que se encarga de la formaci\u00f3n del profesorado en toda Europa con el lema \u00abDel Espacio al aula\u00bb. Yo soy el Coordinador del proyecto en Andaluc\u00eda, y ofrecemos kits, gu\u00edas y recursos educativos para su trabajo en el aula, para que el [&hellip;]<\/p>\n","protected":false},"author":7639,"featured_media":0,"parent":0,"menu_order":0,"comment_status":"closed","ping_status":"closed","template":"","meta":{"ngg_post_thumbnail":0,"footnotes":""},"aioseo_notices":[],"_links":{"self":[{"href":"https:\/\/blogsaverroes.juntadeandalucia.es\/astronautasyrobotsvscoronavirus\/wp-json\/wp\/v2\/pages\/507"}],"collection":[{"href":"https:\/\/blogsaverroes.juntadeandalucia.es\/astronautasyrobotsvscoronavirus\/wp-json\/wp\/v2\/pages"}],"about":[{"href":"https:\/\/blogsaverroes.juntadeandalucia.es\/astronautasyrobotsvscoronavirus\/wp-json\/wp\/v2\/types\/page"}],"author":[{"embeddable":true,"href":"https:\/\/blogsaverroes.juntadeandalucia.es\/astronautasyrobotsvscoronavirus\/wp-json\/wp\/v2\/users\/7639"}],"replies":[{"embeddable":true,"href":"https:\/\/blogsaverroes.juntadeandalucia.es\/astronautasyrobotsvscoronavirus\/wp-json\/wp\/v2\/comments?post=507"}],"version-history":[{"count":12,"href":"https:\/\/blogsaverroes.juntadeandalucia.es\/astronautasyrobotsvscoronavirus\/wp-json\/wp\/v2\/pages\/507\/revisions"}],"predecessor-version":[{"id":1080,"href":"https:\/\/blogsaverroes.juntadeandalucia.es\/astronautasyrobotsvscoronavirus\/wp-json\/wp\/v2\/pages\/507\/revisions\/1080"}],"wp:attachment":[{"href":"https:\/\/blogsaverroes.juntadeandalucia.es\/astronautasyrobotsvscoronavirus\/wp-json\/wp\/v2\/media?parent=507"}],"curies":[{"name":"wp","href":"https:\/\/api.w.org\/{rel}","templated":true}]}}