{"id":525,"date":"2020-03-26T15:36:43","date_gmt":"2020-03-26T14:36:43","guid":{"rendered":"https:\/\/blogsaverroes.juntadeandalucia.es\/astronautasyrobotsvscoronavirus\/?page_id=525"},"modified":"2020-03-28T12:02:44","modified_gmt":"2020-03-28T11:02:44","slug":"cienciasdelespaciodesdecasaesa","status":"publish","type":"page","link":"https:\/\/blogsaverroes.juntadeandalucia.es\/astronautasyrobotsvscoronavirus\/cienciasdelespaciodesdecasaesa\/","title":{"rendered":"Actividades del espacio desde casa de la ESA"},"content":{"rendered":"<p style=\"text-align: left\"><span style=\"font-size: 10pt\">La Agencia Espacial Europea (en ingl\u00e9s European Space Agency, ESA) se dedica a la exploraci\u00f3n espacial y la constituyen 22 estados miembros. En la actualidad lleva a cabo multitud de misiones espaciales, algunas de ellas en colaboraci\u00f3n con la Agencia Espacial NASA como la misi\u00f3n \u201c<a href=\"http:\/\/www.esa.int\/Newsroom\/Press_Releases\/Despegue_de_Solar_Orbiter_la_mision_de_la_ESA_que_estudiara_el_Sol_de_cerca\" target=\"_blank\" rel=\"noopener noreferrer\">Solar Orbiter<\/a>\u201d que planea estudiar el Sol desde cerca, y est\u00e1 muy implicada en la educaci\u00f3n de diversos pa\u00edses europeos como Espa\u00f1a. Entre otros proyectos educativos lleva a acabo el Proyecto ESERO de formaci\u00f3n del profesorado, cuya sede espa\u00f1ola est\u00e1 en el Parque de las Ciencias de Granada, y que tiene muchos recursos dirigidos al alumnado, en colaboraci\u00f3n con la Consejer\u00eda de Educaci\u00f3n y Deporte de la Junta de Andaluc\u00eda. En este breve v\u00eddeo puedes ver un resumen de sus misiones. (el v\u00eddeo est\u00e1 en ingl\u00e9s, y puedes configurarlo con subt\u00edtulos en youtube, pide ayuda a tu familia o profesorado para la traducci\u00f3n de su contenido).<\/span><\/p>\n<p>&nbsp;<\/p>\n<p><a href=\"https:\/\/youtu.be\/U1SMPkVCG3o\" target=\"_blank\" rel=\"noopener noreferrer\"><img loading=\"lazy\" decoding=\"async\" class=\"aligncenter size-large wp-image-602\" src=\"https:\/\/blogsaverroes.juntadeandalucia.es\/astronautasyrobotsvscoronavirus\/files\/2020\/03\/this-is-esa-1024x575.png\" alt=\"\" width=\"1024\" height=\"575\" srcset=\"https:\/\/blogsaverroes.juntadeandalucia.es\/astronautasyrobotsvscoronavirus\/files\/2020\/03\/this-is-esa-1024x575.png 1024w, https:\/\/blogsaverroes.juntadeandalucia.es\/astronautasyrobotsvscoronavirus\/files\/2020\/03\/this-is-esa-300x168.png 300w, https:\/\/blogsaverroes.juntadeandalucia.es\/astronautasyrobotsvscoronavirus\/files\/2020\/03\/this-is-esa-768x431.png 768w, https:\/\/blogsaverroes.juntadeandalucia.es\/astronautasyrobotsvscoronavirus\/files\/2020\/03\/this-is-esa-24x13.png 24w, https:\/\/blogsaverroes.juntadeandalucia.es\/astronautasyrobotsvscoronavirus\/files\/2020\/03\/this-is-esa-36x20.png 36w, https:\/\/blogsaverroes.juntadeandalucia.es\/astronautasyrobotsvscoronavirus\/files\/2020\/03\/this-is-esa-48x27.png 48w, https:\/\/blogsaverroes.juntadeandalucia.es\/astronautasyrobotsvscoronavirus\/files\/2020\/03\/this-is-esa.png 1190w\" sizes=\"(max-width: 1024px) 100vw, 1024px\" \/><\/a><\/p>\n<p>&nbsp;<\/p>\n<p style=\"text-align: left\"><span style=\"font-size: 10pt\">La ESA actualmente pone a disposici\u00f3n del alumnado y de sus familias diferentes recursos y actividades para hacer en casa, que pueden ser de ayuda en \u00e9pocas de confinamiento.<\/span><\/p>\n<p style=\"text-align: left\"><span style=\"font-size: 10pt\"> Puedes acceder a las mismas si pinchas en su logo aqu\u00ed abajo:<\/span><\/p>\n<p>&nbsp;<\/p>\n<p><span style=\"font-size: 10pt\"><a href=\"http:\/\/www.esa.int\/Space_in_Member_States\/Spain\/Ciencias_del_espacio_desde_casa_recursos_para_ninos_y_adultos\" target=\"_blank\" rel=\"noopener noreferrer\"><img loading=\"lazy\" decoding=\"async\" class=\"aligncenter wp-image-540\" src=\"https:\/\/blogsaverroes.juntadeandalucia.es\/astronautasyrobotsvscoronavirus\/files\/2020\/03\/NASA-300x109.png\" alt=\"\" width=\"204\" height=\"74\" srcset=\"https:\/\/blogsaverroes.juntadeandalucia.es\/astronautasyrobotsvscoronavirus\/files\/2020\/03\/NASA-300x109.png 300w, https:\/\/blogsaverroes.juntadeandalucia.es\/astronautasyrobotsvscoronavirus\/files\/2020\/03\/NASA-768x279.png 768w, https:\/\/blogsaverroes.juntadeandalucia.es\/astronautasyrobotsvscoronavirus\/files\/2020\/03\/NASA-1024x372.png 1024w, https:\/\/blogsaverroes.juntadeandalucia.es\/astronautasyrobotsvscoronavirus\/files\/2020\/03\/NASA-24x9.png 24w, https:\/\/blogsaverroes.juntadeandalucia.es\/astronautasyrobotsvscoronavirus\/files\/2020\/03\/NASA-36x13.png 36w, https:\/\/blogsaverroes.juntadeandalucia.es\/astronautasyrobotsvscoronavirus\/files\/2020\/03\/NASA-48x17.png 48w, https:\/\/blogsaverroes.juntadeandalucia.es\/astronautasyrobotsvscoronavirus\/files\/2020\/03\/NASA-600x220.png 600w, https:\/\/blogsaverroes.juntadeandalucia.es\/astronautasyrobotsvscoronavirus\/files\/2020\/03\/NASA.png 1537w\" sizes=\"(max-width: 204px) 100vw, 204px\" \/><\/a><\/span><\/p>\n<p>\u00a1Disfruta aprendiendo con sus actividades!<\/p>\n","protected":false},"excerpt":{"rendered":"<p>La Agencia Espacial Europea (en ingl\u00e9s European Space Agency, ESA) se dedica a la exploraci\u00f3n espacial y la constituyen 22 estados miembros. En la actualidad lleva a cabo multitud de misiones espaciales, algunas de ellas en colaboraci\u00f3n con la Agencia Espacial NASA como la misi\u00f3n \u201cSolar Orbiter\u201d que planea estudiar el Sol desde cerca, y [&hellip;]<\/p>\n","protected":false},"author":7639,"featured_media":0,"parent":0,"menu_order":0,"comment_status":"closed","ping_status":"closed","template":"","meta":{"ngg_post_thumbnail":0,"footnotes":""},"aioseo_notices":[],"_links":{"self":[{"href":"https:\/\/blogsaverroes.juntadeandalucia.es\/astronautasyrobotsvscoronavirus\/wp-json\/wp\/v2\/pages\/525"}],"collection":[{"href":"https:\/\/blogsaverroes.juntadeandalucia.es\/astronautasyrobotsvscoronavirus\/wp-json\/wp\/v2\/pages"}],"about":[{"href":"https:\/\/blogsaverroes.juntadeandalucia.es\/astronautasyrobotsvscoronavirus\/wp-json\/wp\/v2\/types\/page"}],"author":[{"embeddable":true,"href":"https:\/\/blogsaverroes.juntadeandalucia.es\/astronautasyrobotsvscoronavirus\/wp-json\/wp\/v2\/users\/7639"}],"replies":[{"embeddable":true,"href":"https:\/\/blogsaverroes.juntadeandalucia.es\/astronautasyrobotsvscoronavirus\/wp-json\/wp\/v2\/comments?post=525"}],"version-history":[{"count":34,"href":"https:\/\/blogsaverroes.juntadeandalucia.es\/astronautasyrobotsvscoronavirus\/wp-json\/wp\/v2\/pages\/525\/revisions"}],"predecessor-version":[{"id":768,"href":"https:\/\/blogsaverroes.juntadeandalucia.es\/astronautasyrobotsvscoronavirus\/wp-json\/wp\/v2\/pages\/525\/revisions\/768"}],"wp:attachment":[{"href":"https:\/\/blogsaverroes.juntadeandalucia.es\/astronautasyrobotsvscoronavirus\/wp-json\/wp\/v2\/media?parent=525"}],"curies":[{"name":"wp","href":"https:\/\/api.w.org\/{rel}","templated":true}]}}