{"id":54,"date":"2020-03-22T13:32:00","date_gmt":"2020-03-22T12:32:00","guid":{"rendered":"https:\/\/blogsaverroes.juntadeandalucia.es\/astronautasyrobotsvscoronavirus\/?page_id=54"},"modified":"2023-05-07T18:54:14","modified_gmt":"2023-05-07T16:54:14","slug":"libros","status":"publish","type":"page","link":"https:\/\/blogsaverroes.juntadeandalucia.es\/astronautasyrobotsvscoronavirus\/libros\/","title":{"rendered":"Libros"},"content":{"rendered":"<p style=\"text-align: left\"><span style=\"font-size: 10pt\">Puedes aprovechar estos d\u00edas de confinamiento para uno de los mayores placeres de la vida y de la educaci\u00f3n, la lectura, y en nuestro caso vamos a compartir con vosotros algunos libros muy aconsejables sobre el espacio, el sistema solar, astronautas etc.<\/span><\/p>\n<p><span style=\"font-size: 10pt\"><img loading=\"lazy\" decoding=\"async\" class=\"aligncenter wp-image-104\" src=\"https:\/\/blogsaverroes.juntadeandalucia.es\/astronautasyrobotsvscoronavirus\/files\/2020\/03\/bitmoji-20200322013246.png\" alt=\"\" width=\"248\" height=\"248\" srcset=\"https:\/\/blogsaverroes.juntadeandalucia.es\/astronautasyrobotsvscoronavirus\/files\/2020\/03\/bitmoji-20200322013246.png 398w, https:\/\/blogsaverroes.juntadeandalucia.es\/astronautasyrobotsvscoronavirus\/files\/2020\/03\/bitmoji-20200322013246-150x150.png 150w, https:\/\/blogsaverroes.juntadeandalucia.es\/astronautasyrobotsvscoronavirus\/files\/2020\/03\/bitmoji-20200322013246-300x300.png 300w, https:\/\/blogsaverroes.juntadeandalucia.es\/astronautasyrobotsvscoronavirus\/files\/2020\/03\/bitmoji-20200322013246-100x100.png 100w, https:\/\/blogsaverroes.juntadeandalucia.es\/astronautasyrobotsvscoronavirus\/files\/2020\/03\/bitmoji-20200322013246-160x160.png 160w, https:\/\/blogsaverroes.juntadeandalucia.es\/astronautasyrobotsvscoronavirus\/files\/2020\/03\/bitmoji-20200322013246-320x320.png 320w, https:\/\/blogsaverroes.juntadeandalucia.es\/astronautasyrobotsvscoronavirus\/files\/2020\/03\/bitmoji-20200322013246-24x24.png 24w, https:\/\/blogsaverroes.juntadeandalucia.es\/astronautasyrobotsvscoronavirus\/files\/2020\/03\/bitmoji-20200322013246-36x36.png 36w, https:\/\/blogsaverroes.juntadeandalucia.es\/astronautasyrobotsvscoronavirus\/files\/2020\/03\/bitmoji-20200322013246-48x48.png 48w\" sizes=\"(max-width: 248px) 100vw, 248px\" \/><\/span><\/p>\n<p><span style=\"font-size: 10pt\">&nbsp;<\/span><\/p>\n<p>MI nuevo libro se llama \u00abDestino a Marte\u00bb, una emocionante aventura a trav\u00e9s del espacio hacia el planeta rojo, donde descubrir\u00e1s los secretos de la vida en otro mundo y las emociones de la lucha por la supervivencia en un entorno hostil, inspirado en la historia real de mi viaje de investigaci\u00f3n con mi alumnado al JPL de la NASA, en California.&nbsp; Os animo a pinchar en la siguiente imagen y acceder a la web del libro, donde podr\u00e1s obtener m\u00e1s informaci\u00f3n del mismo:<\/p>\n<p>&nbsp;<\/p>\n<p><a href=\"https:\/\/fmseoane.wixsite.com\/websitedestinoamarte\" target=\"_blank\" rel=\"noopener noreferrer\"><img loading=\"lazy\" decoding=\"async\" class=\"aligncenter size-large wp-image-1147\" src=\"https:\/\/blogsaverroes.juntadeandalucia.es\/astronautasyrobotsvscoronavirus\/files\/2023\/05\/Libro-Electr\u00f3nico-Portada-800-\u00d7-512-px-1200-\u00d7-896-px-1250-\u00d7-925-px-1240-\u00d7-900-px-1240-\u00d7-900-px1-1024x743.png\" alt=\"\" width=\"1024\" height=\"743\" srcset=\"https:\/\/blogsaverroes.juntadeandalucia.es\/astronautasyrobotsvscoronavirus\/files\/2023\/05\/Libro-Electr\u00f3nico-Portada-800-\u00d7-512-px-1200-\u00d7-896-px-1250-\u00d7-925-px-1240-\u00d7-900-px-1240-\u00d7-900-px1-1024x743.png 1024w, https:\/\/blogsaverroes.juntadeandalucia.es\/astronautasyrobotsvscoronavirus\/files\/2023\/05\/Libro-Electr\u00f3nico-Portada-800-\u00d7-512-px-1200-\u00d7-896-px-1250-\u00d7-925-px-1240-\u00d7-900-px-1240-\u00d7-900-px1-300x218.png 300w, https:\/\/blogsaverroes.juntadeandalucia.es\/astronautasyrobotsvscoronavirus\/files\/2023\/05\/Libro-Electr\u00f3nico-Portada-800-\u00d7-512-px-1200-\u00d7-896-px-1250-\u00d7-925-px-1240-\u00d7-900-px-1240-\u00d7-900-px1-768x557.png 768w, https:\/\/blogsaverroes.juntadeandalucia.es\/astronautasyrobotsvscoronavirus\/files\/2023\/05\/Libro-Electr\u00f3nico-Portada-800-\u00d7-512-px-1200-\u00d7-896-px-1250-\u00d7-925-px-1240-\u00d7-900-px-1240-\u00d7-900-px1.png 1240w\" sizes=\"(max-width: 1024px) 100vw, 1024px\" \/><\/a><\/p>\n<p>Mi primer libro, infantil, se llama \u00abDesde Lepe hasta el espacio\u00bb que relata las aventuras espaciales que he vivido con 6 alumnos leperos, os animo a pinchar en la siguiente imagen y acceder a la web del libro, donde podr\u00e1s obtener m\u00e1s informaci\u00f3n del mismo.<\/p>\n<p>&nbsp;<\/p>\n<p><a href=\"https:\/\/fmseoane.wixsite.com\/delepealespacio\" target=\"_blank\" rel=\"noopener noreferrer\"><img loading=\"lazy\" decoding=\"async\" class=\"aligncenter size-full wp-image-654\" src=\"https:\/\/blogsaverroes.juntadeandalucia.es\/astronautasyrobotsvscoronavirus\/files\/2020\/03\/portada.png\" alt=\"\" width=\"459\" height=\"477\" srcset=\"https:\/\/blogsaverroes.juntadeandalucia.es\/astronautasyrobotsvscoronavirus\/files\/2020\/03\/portada.png 459w, https:\/\/blogsaverroes.juntadeandalucia.es\/astronautasyrobotsvscoronavirus\/files\/2020\/03\/portada-289x300.png 289w, https:\/\/blogsaverroes.juntadeandalucia.es\/astronautasyrobotsvscoronavirus\/files\/2020\/03\/portada-24x24.png 24w, https:\/\/blogsaverroes.juntadeandalucia.es\/astronautasyrobotsvscoronavirus\/files\/2020\/03\/portada-36x36.png 36w, https:\/\/blogsaverroes.juntadeandalucia.es\/astronautasyrobotsvscoronavirus\/files\/2020\/03\/portada-46x48.png 46w\" sizes=\"(max-width: 459px) 100vw, 459px\" \/><\/a><\/p>\n<p><span style=\"font-size: 10pt\">En la siguiente tabla puedes acceder a los diferentes libros y cuentos sobre el espacio que os recomiendo, tambi\u00e9n puedes acceder a los mismos desde el men\u00fa desplegable superior si lo haces desde tu ordenador.<br \/>\n<\/span><\/p>\n<p>&nbsp;<\/p>\n<table>\n<tbody>\n<tr>\n<td><img loading=\"lazy\" decoding=\"async\" class=\"aligncenter wp-image-651\" src=\"https:\/\/blogsaverroes.juntadeandalucia.es\/astronautasyrobotsvscoronavirus\/files\/2020\/03\/libro-1024x524.png\" alt=\"\" width=\"117\" height=\"60\" srcset=\"https:\/\/blogsaverroes.juntadeandalucia.es\/astronautasyrobotsvscoronavirus\/files\/2020\/03\/libro-1024x524.png 1024w, https:\/\/blogsaverroes.juntadeandalucia.es\/astronautasyrobotsvscoronavirus\/files\/2020\/03\/libro-300x153.png 300w, https:\/\/blogsaverroes.juntadeandalucia.es\/astronautasyrobotsvscoronavirus\/files\/2020\/03\/libro-768x393.png 768w, https:\/\/blogsaverroes.juntadeandalucia.es\/astronautasyrobotsvscoronavirus\/files\/2020\/03\/libro-24x12.png 24w, https:\/\/blogsaverroes.juntadeandalucia.es\/astronautasyrobotsvscoronavirus\/files\/2020\/03\/libro-36x18.png 36w, https:\/\/blogsaverroes.juntadeandalucia.es\/astronautasyrobotsvscoronavirus\/files\/2020\/03\/libro-48x25.png 48w, https:\/\/blogsaverroes.juntadeandalucia.es\/astronautasyrobotsvscoronavirus\/files\/2020\/03\/libro.png 1191w\" sizes=\"(max-width: 117px) 100vw, 117px\" \/><\/td>\n<td style=\"text-align: center\"><a href=\"https:\/\/blogsaverroes.juntadeandalucia.es\/astronautasyrobotsvscoronavirus\/libros-2\/\" target=\"_blank\" rel=\"noopener noreferrer\"><span style=\"font-size: 10pt\"><strong>Libros del espacio<\/strong><\/span><\/a><\/td>\n<\/tr>\n<tr>\n<td><img loading=\"lazy\" decoding=\"async\" class=\"aligncenter wp-image-652\" src=\"https:\/\/blogsaverroes.juntadeandalucia.es\/astronautasyrobotsvscoronavirus\/files\/2020\/03\/cuento.png\" alt=\"\" width=\"115\" height=\"72\" srcset=\"https:\/\/blogsaverroes.juntadeandalucia.es\/astronautasyrobotsvscoronavirus\/files\/2020\/03\/cuento.png 336w, https:\/\/blogsaverroes.juntadeandalucia.es\/astronautasyrobotsvscoronavirus\/files\/2020\/03\/cuento-300x189.png 300w, https:\/\/blogsaverroes.juntadeandalucia.es\/astronautasyrobotsvscoronavirus\/files\/2020\/03\/cuento-24x15.png 24w, https:\/\/blogsaverroes.juntadeandalucia.es\/astronautasyrobotsvscoronavirus\/files\/2020\/03\/cuento-36x23.png 36w, https:\/\/blogsaverroes.juntadeandalucia.es\/astronautasyrobotsvscoronavirus\/files\/2020\/03\/cuento-48x30.png 48w\" sizes=\"(max-width: 115px) 100vw, 115px\" \/><\/td>\n<td style=\"text-align: center\"><a href=\"https:\/\/blogsaverroes.juntadeandalucia.es\/astronautasyrobotsvscoronavirus\/cuentos-del-espacio\/\" target=\"_blank\" rel=\"noopener noreferrer\"><span style=\"font-size: 10pt\"><strong>Cuentos del espacio<\/strong><\/span><\/a><\/td>\n<\/tr>\n<\/tbody>\n<\/table>\n<p>&nbsp;<\/p>\n<p>En esta p\u00e1gina web,<a href=\"https:\/\/www.libros10.es\/\" target=\"_blank\" rel=\"noopener noreferrer\"> libros10.es<\/a>,&nbsp; puedes acceder a m\u00e1s libros y cuentos de tem\u00e1tica aeroespacial, pinchando en la siguiente imagen:<\/p>\n<p>&nbsp;<\/p>\n<p><a href=\"https:\/\/www.libros10.es\/infantil\/cuentos-infantiles-sobre-el-espacio\/\" target=\"_blank\" rel=\"noopener noreferrer\"><img loading=\"lazy\" decoding=\"async\" class=\"aligncenter size-medium wp-image-1055\" src=\"https:\/\/blogsaverroes.juntadeandalucia.es\/astronautasyrobotsvscoronavirus\/files\/2020\/06\/Captura-espacio-297x300.png\" alt=\"\" width=\"297\" height=\"300\" srcset=\"https:\/\/blogsaverroes.juntadeandalucia.es\/astronautasyrobotsvscoronavirus\/files\/2020\/06\/Captura-espacio-297x300.png 297w, https:\/\/blogsaverroes.juntadeandalucia.es\/astronautasyrobotsvscoronavirus\/files\/2020\/06\/Captura-espacio-100x100.png 100w, https:\/\/blogsaverroes.juntadeandalucia.es\/astronautasyrobotsvscoronavirus\/files\/2020\/06\/Captura-espacio-24x24.png 24w, https:\/\/blogsaverroes.juntadeandalucia.es\/astronautasyrobotsvscoronavirus\/files\/2020\/06\/Captura-espacio-36x36.png 36w, https:\/\/blogsaverroes.juntadeandalucia.es\/astronautasyrobotsvscoronavirus\/files\/2020\/06\/Captura-espacio-48x48.png 48w, https:\/\/blogsaverroes.juntadeandalucia.es\/astronautasyrobotsvscoronavirus\/files\/2020\/06\/Captura-espacio.png 498w\" sizes=\"(max-width: 297px) 100vw, 297px\" \/><\/a><\/p>\n","protected":false},"excerpt":{"rendered":"<p>Puedes aprovechar estos d\u00edas de confinamiento para uno de los mayores placeres de la vida y de la educaci\u00f3n, la lectura, y en nuestro caso vamos a compartir con vosotros algunos libros muy aconsejables sobre el espacio, el sistema solar, astronautas etc. &nbsp; MI nuevo libro se llama \u00abDestino a Marte\u00bb, una emocionante aventura a [&hellip;]<\/p>\n","protected":false},"author":7639,"featured_media":0,"parent":0,"menu_order":0,"comment_status":"closed","ping_status":"closed","template":"","meta":{"ngg_post_thumbnail":0,"footnotes":""},"aioseo_notices":[],"_links":{"self":[{"href":"https:\/\/blogsaverroes.juntadeandalucia.es\/astronautasyrobotsvscoronavirus\/wp-json\/wp\/v2\/pages\/54"}],"collection":[{"href":"https:\/\/blogsaverroes.juntadeandalucia.es\/astronautasyrobotsvscoronavirus\/wp-json\/wp\/v2\/pages"}],"about":[{"href":"https:\/\/blogsaverroes.juntadeandalucia.es\/astronautasyrobotsvscoronavirus\/wp-json\/wp\/v2\/types\/page"}],"author":[{"embeddable":true,"href":"https:\/\/blogsaverroes.juntadeandalucia.es\/astronautasyrobotsvscoronavirus\/wp-json\/wp\/v2\/users\/7639"}],"replies":[{"embeddable":true,"href":"https:\/\/blogsaverroes.juntadeandalucia.es\/astronautasyrobotsvscoronavirus\/wp-json\/wp\/v2\/comments?post=54"}],"version-history":[{"count":18,"href":"https:\/\/blogsaverroes.juntadeandalucia.es\/astronautasyrobotsvscoronavirus\/wp-json\/wp\/v2\/pages\/54\/revisions"}],"predecessor-version":[{"id":1149,"href":"https:\/\/blogsaverroes.juntadeandalucia.es\/astronautasyrobotsvscoronavirus\/wp-json\/wp\/v2\/pages\/54\/revisions\/1149"}],"wp:attachment":[{"href":"https:\/\/blogsaverroes.juntadeandalucia.es\/astronautasyrobotsvscoronavirus\/wp-json\/wp\/v2\/media?parent=54"}],"curies":[{"name":"wp","href":"https:\/\/api.w.org\/{rel}","templated":true}]}}