{"id":562,"date":"2020-03-26T22:20:05","date_gmt":"2020-03-26T21:20:05","guid":{"rendered":"https:\/\/blogsaverroes.juntadeandalucia.es\/astronautasyrobotsvscoronavirus\/?page_id=562"},"modified":"2020-03-27T16:47:57","modified_gmt":"2020-03-27T15:47:57","slug":"realidad-virtual","status":"publish","type":"page","link":"https:\/\/blogsaverroes.juntadeandalucia.es\/astronautasyrobotsvscoronavirus\/realidad-virtual\/","title":{"rendered":"Juegos de realidad virtual"},"content":{"rendered":"<p style=\"text-align: left\"><span style=\"font-size: 10pt\"><strong>Juegos de realidad virtual desde tu ordenador<\/strong><\/span><\/p>\n<p style=\"text-align: left\"><span style=\"font-size: 10pt\">Pinchando en la imagen posterior podr\u00e1s acceder a un emocionante juego virtual donde podr\u00e1s explorar como un astronauta un <a href=\"https:\/\/spaceplace.nasa.gov\/all-about-exoplanets\/sp\/\">exoplaneta<\/a>, es decir, planetas que orbitan alrededor de estrellas diferentes al Sol, y cuyo estudio es vital para las agencias espaciales para analizar en c\u00faales se pueda albergar vida. La ESA actualmente estudia las condiciones de habitabilidad para seres vivos en estos planetas, y pone a disposici\u00f3n del alumnado <a href=\"http:\/\/esero.es\/recursos\/guias\/\">recursos<\/a> para realizar estudios similares desde casa o con ayuda del profesorado.<\/span><\/p>\n<p>&nbsp;<\/p>\n<p style=\"text-align: left\"><span style=\"font-size: 10pt\"><a href=\"https:\/\/exoplanets.nasa.gov\/alien-worlds\/exoplanet-travel-bureau\/\"><img loading=\"lazy\" decoding=\"async\" class=\"aligncenter wp-image-580\" src=\"https:\/\/blogsaverroes.juntadeandalucia.es\/astronautasyrobotsvscoronavirus\/files\/2020\/03\/exoplanetas-254x300.png\" alt=\"\" width=\"308\" height=\"363\" srcset=\"https:\/\/blogsaverroes.juntadeandalucia.es\/astronautasyrobotsvscoronavirus\/files\/2020\/03\/exoplanetas-254x300.png 254w, https:\/\/blogsaverroes.juntadeandalucia.es\/astronautasyrobotsvscoronavirus\/files\/2020\/03\/exoplanetas-20x24.png 20w, https:\/\/blogsaverroes.juntadeandalucia.es\/astronautasyrobotsvscoronavirus\/files\/2020\/03\/exoplanetas-30x36.png 30w, https:\/\/blogsaverroes.juntadeandalucia.es\/astronautasyrobotsvscoronavirus\/files\/2020\/03\/exoplanetas-41x48.png 41w, https:\/\/blogsaverroes.juntadeandalucia.es\/astronautasyrobotsvscoronavirus\/files\/2020\/03\/exoplanetas.png 677w\" sizes=\"(max-width: 308px) 100vw, 308px\" \/><\/a><\/span><\/p>\n<p style=\"text-align: left\"><span style=\"font-size: 10pt\">Tambi\u00e9n dispones de un recurso gratuito en la web de videojuegos de \u00abSteam\u00bb donde podr\u00e1s disfrutar de un VR \u00abSpacewalk\u00bb, paseo por el espacio. En este v\u00eddeo se explica el funcionamiento y sensaciones del juego en ingl\u00e9s. Puedes ver el v\u00eddeo con subt\u00edtulos en ingl\u00e9s, y recuerda, si no entiendes algo preg\u00fantale a tu familia o a tus profesores.<br \/>\n<\/span><\/p>\n<p>&nbsp;<\/p>\n<p style=\"text-align: left\"><a href=\"https:\/\/www.youtube.com\/watch?v=T1Wzgm8DkkU\"><img loading=\"lazy\" decoding=\"async\" class=\"aligncenter size-large wp-image-704\" src=\"https:\/\/blogsaverroes.juntadeandalucia.es\/astronautasyrobotsvscoronavirus\/files\/2020\/03\/spacewalk-1024x554.png\" alt=\"\" width=\"1024\" height=\"554\" srcset=\"https:\/\/blogsaverroes.juntadeandalucia.es\/astronautasyrobotsvscoronavirus\/files\/2020\/03\/spacewalk-1024x554.png 1024w, https:\/\/blogsaverroes.juntadeandalucia.es\/astronautasyrobotsvscoronavirus\/files\/2020\/03\/spacewalk-300x162.png 300w, https:\/\/blogsaverroes.juntadeandalucia.es\/astronautasyrobotsvscoronavirus\/files\/2020\/03\/spacewalk-768x415.png 768w, https:\/\/blogsaverroes.juntadeandalucia.es\/astronautasyrobotsvscoronavirus\/files\/2020\/03\/spacewalk-24x13.png 24w, https:\/\/blogsaverroes.juntadeandalucia.es\/astronautasyrobotsvscoronavirus\/files\/2020\/03\/spacewalk-36x19.png 36w, https:\/\/blogsaverroes.juntadeandalucia.es\/astronautasyrobotsvscoronavirus\/files\/2020\/03\/spacewalk-48x26.png 48w, https:\/\/blogsaverroes.juntadeandalucia.es\/astronautasyrobotsvscoronavirus\/files\/2020\/03\/spacewalk.png 1128w\" sizes=\"(max-width: 1024px) 100vw, 1024px\" \/><\/a><\/p>\n<p style=\"text-align: left\"><span style=\"font-size: 10pt\">Si quieres acceder al juego directamente , tienes que entrar en el siguiente enlace y descargar la aplicaci\u00f3n.<\/span><\/p>\n<p style=\"text-align: left\"><span style=\"font-size: 10pt\"><a href=\"https:\/\/store.steampowered.com\/app\/512270\/Home__A_VR_Spacewalk\/\">\u00a1PINCHA AQU\u00cd!<\/a><\/span><\/p>\n<p><span style=\"font-size: 10pt\"><strong>Juegos de realidad virtual mediante una APP en el m\u00f3vil:<\/strong><\/span><\/p>\n<div id=\"articulo_contenedor\" class=\"articulo__contenedor\">\n<div id=\"cuerpo_noticia\" class=\"articulo-cuerpo\">\n<p style=\"text-align: left\"><span style=\"font-size: 10pt\">Una aplicaci\u00f3n m\u00f3vil producida por el JPL de la NASA y Google con fines educativos ofrece a los usuarios visitas virtuales a los destinos de los principales exploradores de la agencia espacial.<\/span><\/p>\n<p style=\"text-align: left\"><span style=\"font-size: 10pt\">La APP, llamada <em>Spacecraft AR<\/em>, utiliza la tecnolog\u00eda de realidad aumentada que permite interactuar desde un tel\u00e9fono con im\u00e1genes en 3D, (Android e ISO versiones compatibles) y permite conocer de cerca las misiones rob\u00f3ticas de la NASA, pinchando en la imagen siguiente:<br \/>\n<\/span><\/p>\n<p>&nbsp;<\/p>\n<p><a href=\"https:\/\/play.google.com\/store\/apps\/details?id=gov.nasa.jpl.spacecraftAR&amp;hl=es\"><img loading=\"lazy\" decoding=\"async\" class=\"aligncenter size-full wp-image-705\" src=\"https:\/\/blogsaverroes.juntadeandalucia.es\/astronautasyrobotsvscoronavirus\/files\/2020\/03\/spacecraft-ar.png\" alt=\"\" width=\"850\" height=\"282\" srcset=\"https:\/\/blogsaverroes.juntadeandalucia.es\/astronautasyrobotsvscoronavirus\/files\/2020\/03\/spacecraft-ar.png 850w, https:\/\/blogsaverroes.juntadeandalucia.es\/astronautasyrobotsvscoronavirus\/files\/2020\/03\/spacecraft-ar-300x100.png 300w, https:\/\/blogsaverroes.juntadeandalucia.es\/astronautasyrobotsvscoronavirus\/files\/2020\/03\/spacecraft-ar-768x255.png 768w, https:\/\/blogsaverroes.juntadeandalucia.es\/astronautasyrobotsvscoronavirus\/files\/2020\/03\/spacecraft-ar-24x8.png 24w, https:\/\/blogsaverroes.juntadeandalucia.es\/astronautasyrobotsvscoronavirus\/files\/2020\/03\/spacecraft-ar-36x12.png 36w, https:\/\/blogsaverroes.juntadeandalucia.es\/astronautasyrobotsvscoronavirus\/files\/2020\/03\/spacecraft-ar-48x16.png 48w\" sizes=\"(max-width: 850px) 100vw, 850px\" \/><\/a><\/p>\n<p style=\"text-align: center\"><span style=\"font-size: 10pt\">&nbsp;<\/span><\/p>\n<\/div>\n<\/div>\n","protected":false},"excerpt":{"rendered":"<p>Juegos de realidad virtual desde tu ordenador Pinchando en la imagen posterior podr\u00e1s acceder a un emocionante juego virtual donde podr\u00e1s explorar como un astronauta un exoplaneta, es decir, planetas que orbitan alrededor de estrellas diferentes al Sol, y cuyo estudio es vital para las agencias espaciales para analizar en c\u00faales se pueda albergar vida. [&hellip;]<\/p>\n","protected":false},"author":7639,"featured_media":0,"parent":0,"menu_order":0,"comment_status":"closed","ping_status":"closed","template":"","meta":{"ngg_post_thumbnail":0,"footnotes":""},"aioseo_notices":[],"_links":{"self":[{"href":"https:\/\/blogsaverroes.juntadeandalucia.es\/astronautasyrobotsvscoronavirus\/wp-json\/wp\/v2\/pages\/562"}],"collection":[{"href":"https:\/\/blogsaverroes.juntadeandalucia.es\/astronautasyrobotsvscoronavirus\/wp-json\/wp\/v2\/pages"}],"about":[{"href":"https:\/\/blogsaverroes.juntadeandalucia.es\/astronautasyrobotsvscoronavirus\/wp-json\/wp\/v2\/types\/page"}],"author":[{"embeddable":true,"href":"https:\/\/blogsaverroes.juntadeandalucia.es\/astronautasyrobotsvscoronavirus\/wp-json\/wp\/v2\/users\/7639"}],"replies":[{"embeddable":true,"href":"https:\/\/blogsaverroes.juntadeandalucia.es\/astronautasyrobotsvscoronavirus\/wp-json\/wp\/v2\/comments?post=562"}],"version-history":[{"count":13,"href":"https:\/\/blogsaverroes.juntadeandalucia.es\/astronautasyrobotsvscoronavirus\/wp-json\/wp\/v2\/pages\/562\/revisions"}],"predecessor-version":[{"id":707,"href":"https:\/\/blogsaverroes.juntadeandalucia.es\/astronautasyrobotsvscoronavirus\/wp-json\/wp\/v2\/pages\/562\/revisions\/707"}],"wp:attachment":[{"href":"https:\/\/blogsaverroes.juntadeandalucia.es\/astronautasyrobotsvscoronavirus\/wp-json\/wp\/v2\/media?parent=562"}],"curies":[{"name":"wp","href":"https:\/\/api.w.org\/{rel}","templated":true}]}}