{"id":890,"date":"2020-04-08T14:55:26","date_gmt":"2020-04-08T12:55:26","guid":{"rendered":"https:\/\/blogsaverroes.juntadeandalucia.es\/astronautasyrobotsvscoronavirus\/?page_id=890"},"modified":"2020-04-13T12:48:51","modified_gmt":"2020-04-13T10:48:51","slug":"cohetes-espaciales","status":"publish","type":"page","link":"https:\/\/blogsaverroes.juntadeandalucia.es\/astronautasyrobotsvscoronavirus\/cohetes-espaciales\/","title":{"rendered":"Cohetes espaciales"},"content":{"rendered":"<p><span style=\"font-size: 10pt\">Hay muchos tipos de cohetes, cohetes de aire, de agua, cohetes espaciales etc. Estos \u00faltimos van al espacio, pero tambi\u00e9n se puede mandar otro tipo de objetos al espacio, como son los globos espaciales que pueden llegar a la estratosfera.<\/span><\/p>\n<p><span style=\"font-size: 10pt\">La ESA ofrece un concurso llamado<a href=\"http:\/\/esero.es\/cansat\/\" target=\"_blank\" rel=\"noopener noreferrer\"> Cansat<\/a>, para escolares de toda Europa, incluida Espa\u00f1a, donde se lanzan cohetes de todo tipo, incluso drones y globos espaciales. <\/span><\/p>\n<p><span style=\"font-size: 10pt\">\u00bfQuieres saber un poco m\u00e1s acerca de c<span class=\"style-scope yt-formatted-string\" dir=\"auto\">omo se lanzan los cohetes al espacio?, \u00bfo c\u00f3mo funciona el motor de cohete espacial?. <\/span><\/span><span style=\"font-size: 10pt\">Entonces pincha en el siguiente v\u00eddeo:<\/span><\/p>\n<p>&nbsp;<\/p>\n<p><a href=\"https:\/\/youtu.be\/Q3w5t6M-NiE\" target=\"_blank\" rel=\"noopener noreferrer\"><img loading=\"lazy\" decoding=\"async\" class=\"aligncenter size-large wp-image-891\" src=\"https:\/\/blogsaverroes.juntadeandalucia.es\/astronautasyrobotsvscoronavirus\/files\/2020\/04\/cohete-1024x579.png\" alt=\"\" width=\"1024\" height=\"579\" srcset=\"https:\/\/blogsaverroes.juntadeandalucia.es\/astronautasyrobotsvscoronavirus\/files\/2020\/04\/cohete-1024x579.png 1024w, https:\/\/blogsaverroes.juntadeandalucia.es\/astronautasyrobotsvscoronavirus\/files\/2020\/04\/cohete-300x170.png 300w, https:\/\/blogsaverroes.juntadeandalucia.es\/astronautasyrobotsvscoronavirus\/files\/2020\/04\/cohete-768x434.png 768w, https:\/\/blogsaverroes.juntadeandalucia.es\/astronautasyrobotsvscoronavirus\/files\/2020\/04\/cohete-24x14.png 24w, https:\/\/blogsaverroes.juntadeandalucia.es\/astronautasyrobotsvscoronavirus\/files\/2020\/04\/cohete-36x20.png 36w, https:\/\/blogsaverroes.juntadeandalucia.es\/astronautasyrobotsvscoronavirus\/files\/2020\/04\/cohete-48x27.png 48w, https:\/\/blogsaverroes.juntadeandalucia.es\/astronautasyrobotsvscoronavirus\/files\/2020\/04\/cohete.png 1183w\" sizes=\"(max-width: 1024px) 100vw, 1024px\" \/><\/a><\/p>\n<p>&nbsp;<\/p>\n<p><span style=\"font-size: 10pt\">Seguro que en este v\u00eddeo has visto cosas que ya sab\u00edas pero, \u00bfsab\u00edas que puedes dise\u00f1ar tu propio cohete o globo espacial?<\/span><\/p>\n<p><span style=\"font-size: 10pt\">La ESA te ofrece un recurso en pdf sobre lanzamiento de cohetes en su Proyecto ESERO. Puedes descargar la gu\u00eda pinchando en la siguiente imagen:<\/span><\/p>\n<p>&nbsp;<\/p>\n<p>&nbsp;<\/p>\n<p><a href=\"http:\/\/Seguro que eso ya lo sab\u00edas pero, \u00bfsab\u00edas que puedes dise\u00f1ar tu propio cohete o globo espacial?\" target=\"_blank\" rel=\"noopener noreferrer\"><img loading=\"lazy\" decoding=\"async\" class=\"aligncenter size-full wp-image-892\" src=\"https:\/\/blogsaverroes.juntadeandalucia.es\/astronautasyrobotsvscoronavirus\/files\/2020\/04\/cohete2.png\" alt=\"\" width=\"600\" height=\"842\" srcset=\"https:\/\/blogsaverroes.juntadeandalucia.es\/astronautasyrobotsvscoronavirus\/files\/2020\/04\/cohete2.png 600w, https:\/\/blogsaverroes.juntadeandalucia.es\/astronautasyrobotsvscoronavirus\/files\/2020\/04\/cohete2-214x300.png 214w, https:\/\/blogsaverroes.juntadeandalucia.es\/astronautasyrobotsvscoronavirus\/files\/2020\/04\/cohete2-17x24.png 17w, https:\/\/blogsaverroes.juntadeandalucia.es\/astronautasyrobotsvscoronavirus\/files\/2020\/04\/cohete2-26x36.png 26w, https:\/\/blogsaverroes.juntadeandalucia.es\/astronautasyrobotsvscoronavirus\/files\/2020\/04\/cohete2-34x48.png 34w\" sizes=\"(max-width: 600px) 100vw, 600px\" \/><\/a><\/p>\n<p>&nbsp;<\/p>\n<p><span style=\"font-size: 10pt\">Hay profesores que han mandado, junto a su alumnado, globos hasta la estratosfera. <\/span><span style=\"font-size: 10pt\">Pepe Alcaide, ESERO Teacher Trainer del Proyecto ESERO de la ESA tiene su propia plataforma de lanzamiento de globos al espacio, llamada Galasat, y nos deja informaci\u00f3n en la siguiente tabla, acerca de como son los lanzamientos que puedes visualizar en su propia p\u00e1gina web, as\u00ed como diversas webs que es conveniente consultar durante todo el proceso del lanzamiento:<\/span><\/p>\n<p>&nbsp;<\/p>\n<table>\n<tbody>\n<tr style=\"height: 96px\">\n<td style=\"height: 96px\"><img loading=\"lazy\" decoding=\"async\" class=\"aligncenter wp-image-917\" src=\"https:\/\/blogsaverroes.juntadeandalucia.es\/astronautasyrobotsvscoronavirus\/files\/2020\/04\/galaSAT.png\" alt=\"\" width=\"88\" height=\"88\" srcset=\"https:\/\/blogsaverroes.juntadeandalucia.es\/astronautasyrobotsvscoronavirus\/files\/2020\/04\/galaSAT.png 1772w, https:\/\/blogsaverroes.juntadeandalucia.es\/astronautasyrobotsvscoronavirus\/files\/2020\/04\/galaSAT-150x150.png 150w, https:\/\/blogsaverroes.juntadeandalucia.es\/astronautasyrobotsvscoronavirus\/files\/2020\/04\/galaSAT-300x300.png 300w, https:\/\/blogsaverroes.juntadeandalucia.es\/astronautasyrobotsvscoronavirus\/files\/2020\/04\/galaSAT-768x768.png 768w, https:\/\/blogsaverroes.juntadeandalucia.es\/astronautasyrobotsvscoronavirus\/files\/2020\/04\/galaSAT-1024x1024.png 1024w, https:\/\/blogsaverroes.juntadeandalucia.es\/astronautasyrobotsvscoronavirus\/files\/2020\/04\/galaSAT-100x100.png 100w, https:\/\/blogsaverroes.juntadeandalucia.es\/astronautasyrobotsvscoronavirus\/files\/2020\/04\/galaSAT-24x24.png 24w, https:\/\/blogsaverroes.juntadeandalucia.es\/astronautasyrobotsvscoronavirus\/files\/2020\/04\/galaSAT-36x36.png 36w, https:\/\/blogsaverroes.juntadeandalucia.es\/astronautasyrobotsvscoronavirus\/files\/2020\/04\/galaSAT-48x48.png 48w\" sizes=\"(max-width: 88px) 100vw, 88px\" \/><\/td>\n<td style=\"text-align: center;height: 96px\"><strong><span style=\"font-size: 10pt\"><a href=\"http:\/\/www.galasat.com\/\" target=\"_blank\" rel=\"noopener noreferrer\">Web de Galasat<\/a><\/span><\/strong><\/td>\n<\/tr>\n<tr style=\"height: 72px\">\n<td style=\"height: 72px\"><img loading=\"lazy\" decoding=\"async\" class=\"aligncenter wp-image-907\" src=\"https:\/\/blogsaverroes.juntadeandalucia.es\/astronautasyrobotsvscoronavirus\/files\/2020\/04\/coh8.png\" alt=\"\" width=\"114\" height=\"65\" srcset=\"https:\/\/blogsaverroes.juntadeandalucia.es\/astronautasyrobotsvscoronavirus\/files\/2020\/04\/coh8.png 123w, https:\/\/blogsaverroes.juntadeandalucia.es\/astronautasyrobotsvscoronavirus\/files\/2020\/04\/coh8-24x14.png 24w, https:\/\/blogsaverroes.juntadeandalucia.es\/astronautasyrobotsvscoronavirus\/files\/2020\/04\/coh8-36x20.png 36w, https:\/\/blogsaverroes.juntadeandalucia.es\/astronautasyrobotsvscoronavirus\/files\/2020\/04\/coh8-48x27.png 48w\" sizes=\"(max-width: 114px) 100vw, 114px\" \/><\/td>\n<td style=\"text-align: center;height: 72px\"><strong><span style=\"font-size: 10pt\"><a href=\"https:\/\/skyvector.com\/\" target=\"_blank\" rel=\"noopener noreferrer\">Tr\u00e1fico de las v\u00edas a\u00e9reas y troposfera<\/a><\/span><\/strong><\/td>\n<\/tr>\n<tr style=\"height: 69px\">\n<td style=\"height: 69px\"><img loading=\"lazy\" decoding=\"async\" class=\"aligncenter wp-image-895\" src=\"https:\/\/blogsaverroes.juntadeandalucia.es\/astronautasyrobotsvscoronavirus\/files\/2020\/04\/paragliding-4216065_1280-1024x895.png\" alt=\"\" width=\"61\" height=\"53\" srcset=\"https:\/\/blogsaverroes.juntadeandalucia.es\/astronautasyrobotsvscoronavirus\/files\/2020\/04\/paragliding-4216065_1280-1024x895.png 1024w, https:\/\/blogsaverroes.juntadeandalucia.es\/astronautasyrobotsvscoronavirus\/files\/2020\/04\/paragliding-4216065_1280-300x262.png 300w, https:\/\/blogsaverroes.juntadeandalucia.es\/astronautasyrobotsvscoronavirus\/files\/2020\/04\/paragliding-4216065_1280-768x671.png 768w, https:\/\/blogsaverroes.juntadeandalucia.es\/astronautasyrobotsvscoronavirus\/files\/2020\/04\/paragliding-4216065_1280-24x21.png 24w, https:\/\/blogsaverroes.juntadeandalucia.es\/astronautasyrobotsvscoronavirus\/files\/2020\/04\/paragliding-4216065_1280-36x31.png 36w, https:\/\/blogsaverroes.juntadeandalucia.es\/astronautasyrobotsvscoronavirus\/files\/2020\/04\/paragliding-4216065_1280-48x42.png 48w, https:\/\/blogsaverroes.juntadeandalucia.es\/astronautasyrobotsvscoronavirus\/files\/2020\/04\/paragliding-4216065_1280.png 1280w\" sizes=\"(max-width: 61px) 100vw, 61px\" \/><\/td>\n<td style=\"text-align: center;height: 69px\"><strong><a href=\"https:\/\/apogeerockets.com\/education\/downloads\/Newsletter149.pdf\" target=\"_blank\" rel=\"noopener noreferrer\"><span style=\"font-size: 10pt\">Dise\u00f1o y construcci\u00f3n de paraca\u00eddas<\/span><\/a><\/strong><\/td>\n<\/tr>\n<tr style=\"height: 88.1834px\">\n<td style=\"height: 88.1834px\"><img loading=\"lazy\" decoding=\"async\" class=\"aligncenter wp-image-896\" src=\"https:\/\/blogsaverroes.juntadeandalucia.es\/astronautasyrobotsvscoronavirus\/files\/2020\/04\/military-raptor-582888_1280-1024x681.jpg\" alt=\"\" width=\"109\" height=\"72\" srcset=\"https:\/\/blogsaverroes.juntadeandalucia.es\/astronautasyrobotsvscoronavirus\/files\/2020\/04\/military-raptor-582888_1280-1024x681.jpg 1024w, https:\/\/blogsaverroes.juntadeandalucia.es\/astronautasyrobotsvscoronavirus\/files\/2020\/04\/military-raptor-582888_1280-300x199.jpg 300w, https:\/\/blogsaverroes.juntadeandalucia.es\/astronautasyrobotsvscoronavirus\/files\/2020\/04\/military-raptor-582888_1280-768x511.jpg 768w, https:\/\/blogsaverroes.juntadeandalucia.es\/astronautasyrobotsvscoronavirus\/files\/2020\/04\/military-raptor-582888_1280-24x16.jpg 24w, https:\/\/blogsaverroes.juntadeandalucia.es\/astronautasyrobotsvscoronavirus\/files\/2020\/04\/military-raptor-582888_1280-36x24.jpg 36w, https:\/\/blogsaverroes.juntadeandalucia.es\/astronautasyrobotsvscoronavirus\/files\/2020\/04\/military-raptor-582888_1280-48x32.jpg 48w, https:\/\/blogsaverroes.juntadeandalucia.es\/astronautasyrobotsvscoronavirus\/files\/2020\/04\/military-raptor-582888_1280.jpg 1280w\" sizes=\"(max-width: 109px) 100vw, 109px\" \/><\/td>\n<td style=\"text-align: center;height: 88.1834px\"><strong><a href=\"http:\/\/astra-planner.soton.ac.uk\/\" target=\"_blank\" rel=\"noopener noreferrer\"><span style=\"font-size: 10pt\">Predicci\u00f3n de la ruta del vuelo<\/span><\/a><\/strong><\/td>\n<\/tr>\n<tr style=\"height: 88.1834px\">\n<td style=\"height: 88.1834px\"><img loading=\"lazy\" decoding=\"async\" class=\"aligncenter wp-image-918\" src=\"https:\/\/blogsaverroes.juntadeandalucia.es\/astronautasyrobotsvscoronavirus\/files\/2020\/04\/Captura.jpg\" alt=\"\" width=\"104\" height=\"62\" srcset=\"https:\/\/blogsaverroes.juntadeandalucia.es\/astronautasyrobotsvscoronavirus\/files\/2020\/04\/Captura.jpg 623w, https:\/\/blogsaverroes.juntadeandalucia.es\/astronautasyrobotsvscoronavirus\/files\/2020\/04\/Captura-300x178.jpg 300w, https:\/\/blogsaverroes.juntadeandalucia.es\/astronautasyrobotsvscoronavirus\/files\/2020\/04\/Captura-24x14.jpg 24w, https:\/\/blogsaverroes.juntadeandalucia.es\/astronautasyrobotsvscoronavirus\/files\/2020\/04\/Captura-36x21.jpg 36w, https:\/\/blogsaverroes.juntadeandalucia.es\/astronautasyrobotsvscoronavirus\/files\/2020\/04\/Captura-48x29.jpg 48w\" sizes=\"(max-width: 104px) 100vw, 104px\" \/><\/td>\n<td style=\"text-align: center;height: 88.1834px\"><strong><a href=\"https:\/\/www.nasa.gov\/audience\/foreducators\/stem_on_station\/index.html\" target=\"_blank\" rel=\"noopener noreferrer\"><span style=\"font-size: 10pt\">NASA STEM on Station<\/span><\/a><\/strong><\/td>\n<\/tr>\n<tr style=\"height: 88.1834px\">\n<td style=\"height: 88.1834px\"><img loading=\"lazy\" decoding=\"async\" class=\"aligncenter wp-image-920\" src=\"https:\/\/blogsaverroes.juntadeandalucia.es\/astronautasyrobotsvscoronavirus\/files\/2020\/04\/Captura2.jpg\" alt=\"\" width=\"86\" height=\"69\" srcset=\"https:\/\/blogsaverroes.juntadeandalucia.es\/astronautasyrobotsvscoronavirus\/files\/2020\/04\/Captura2.jpg 407w, https:\/\/blogsaverroes.juntadeandalucia.es\/astronautasyrobotsvscoronavirus\/files\/2020\/04\/Captura2-300x242.jpg 300w, https:\/\/blogsaverroes.juntadeandalucia.es\/astronautasyrobotsvscoronavirus\/files\/2020\/04\/Captura2-24x19.jpg 24w, https:\/\/blogsaverroes.juntadeandalucia.es\/astronautasyrobotsvscoronavirus\/files\/2020\/04\/Captura2-36x29.jpg 36w, https:\/\/blogsaverroes.juntadeandalucia.es\/astronautasyrobotsvscoronavirus\/files\/2020\/04\/Captura2-48x39.jpg 48w\" sizes=\"(max-width: 86px) 100vw, 86px\" \/><\/td>\n<td style=\"text-align: center;height: 88.1834px\"><strong><a href=\"https:\/\/www.spacestationexplorers.org\/educational-programs\/\" target=\"_blank\" rel=\"noopener noreferrer\"><span style=\"font-size: 10pt\">ISS Education Programs<\/span><\/a><\/strong><\/td>\n<\/tr>\n<\/tbody>\n<\/table>\n<p>&nbsp;<\/p>\n<p><span style=\"font-size: 10pt\">\u00bfA qu\u00e9 esperas para dise\u00f1ar tu propio cohete?<\/span><\/p>\n<p><span style=\"font-size: 10pt\">Cuando salgas del confinamiento podr\u00e1s lanzarlo con tus amigos y\/o profesores.<\/span><\/p>\n<p><span style=\"font-size: 10pt\">Pero antes prueba a jugar a estos juegos de&nbsp; lanzamiento de cohetes espaciales:<\/span><\/p>\n<p>&nbsp;<\/p>\n<p style=\"text-align: center\"><span style=\"font-size: 10pt\"><strong>Rocket Flip, para los m\u00e1s peques<\/strong><\/span><\/p>\n<p><a href=\"https:\/\/www.minijuegos.com\/juego\/rocket-flip\" target=\"_blank\" rel=\"noopener noreferrer\"><img loading=\"lazy\" decoding=\"async\" class=\"aligncenter size-full wp-image-900\" src=\"https:\/\/blogsaverroes.juntadeandalucia.es\/astronautasyrobotsvscoronavirus\/files\/2020\/04\/coh1.png\" alt=\"\" width=\"603\" height=\"670\" srcset=\"https:\/\/blogsaverroes.juntadeandalucia.es\/astronautasyrobotsvscoronavirus\/files\/2020\/04\/coh1.png 603w, https:\/\/blogsaverroes.juntadeandalucia.es\/astronautasyrobotsvscoronavirus\/files\/2020\/04\/coh1-270x300.png 270w, https:\/\/blogsaverroes.juntadeandalucia.es\/astronautasyrobotsvscoronavirus\/files\/2020\/04\/coh1-22x24.png 22w, https:\/\/blogsaverroes.juntadeandalucia.es\/astronautasyrobotsvscoronavirus\/files\/2020\/04\/coh1-32x36.png 32w, https:\/\/blogsaverroes.juntadeandalucia.es\/astronautasyrobotsvscoronavirus\/files\/2020\/04\/coh1-43x48.png 43w\" sizes=\"(max-width: 603px) 100vw, 603px\" \/><\/a><\/p>\n<p>&nbsp;<\/p>\n<p style=\"text-align: center\"><strong>Fly hard, juego divertido en el que sortear\u00e1s obst\u00e1culos en tu lanzamiento<\/strong><\/p>\n<p><a href=\"http:\/\/www.macrojuegos.com\/juegos\/fly-hard~7280\/\" target=\"_blank\" rel=\"noopener noreferrer\"><img loading=\"lazy\" decoding=\"async\" class=\"aligncenter size-full wp-image-901\" src=\"https:\/\/blogsaverroes.juntadeandalucia.es\/astronautasyrobotsvscoronavirus\/files\/2020\/04\/coh2.png\" alt=\"\" width=\"625\" height=\"629\" srcset=\"https:\/\/blogsaverroes.juntadeandalucia.es\/astronautasyrobotsvscoronavirus\/files\/2020\/04\/coh2.png 625w, https:\/\/blogsaverroes.juntadeandalucia.es\/astronautasyrobotsvscoronavirus\/files\/2020\/04\/coh2-150x150.png 150w, https:\/\/blogsaverroes.juntadeandalucia.es\/astronautasyrobotsvscoronavirus\/files\/2020\/04\/coh2-298x300.png 298w, https:\/\/blogsaverroes.juntadeandalucia.es\/astronautasyrobotsvscoronavirus\/files\/2020\/04\/coh2-100x100.png 100w, https:\/\/blogsaverroes.juntadeandalucia.es\/astronautasyrobotsvscoronavirus\/files\/2020\/04\/coh2-24x24.png 24w, https:\/\/blogsaverroes.juntadeandalucia.es\/astronautasyrobotsvscoronavirus\/files\/2020\/04\/coh2-36x36.png 36w, https:\/\/blogsaverroes.juntadeandalucia.es\/astronautasyrobotsvscoronavirus\/files\/2020\/04\/coh2-48x48.png 48w\" sizes=\"(max-width: 625px) 100vw, 625px\" \/><\/a><\/p>\n<p>&nbsp;<\/p>\n<p style=\"text-align: center\"><strong>Space Frontier, para descargar la App desde tu m\u00f3vil<br \/>\n<\/strong><\/p>\n<p>&nbsp;<\/p>\n<p><a href=\"https:\/\/play.google.com\/store\/apps\/details?id=com.ketchapp.spacefrontier&amp;hl=es\" target=\"_blank\" rel=\"noopener noreferrer\"><img loading=\"lazy\" decoding=\"async\" class=\"aligncenter size-full wp-image-903\" src=\"https:\/\/blogsaverroes.juntadeandalucia.es\/astronautasyrobotsvscoronavirus\/files\/2020\/04\/coh5.png\" alt=\"\" width=\"844\" height=\"743\" srcset=\"https:\/\/blogsaverroes.juntadeandalucia.es\/astronautasyrobotsvscoronavirus\/files\/2020\/04\/coh5.png 844w, https:\/\/blogsaverroes.juntadeandalucia.es\/astronautasyrobotsvscoronavirus\/files\/2020\/04\/coh5-300x264.png 300w, https:\/\/blogsaverroes.juntadeandalucia.es\/astronautasyrobotsvscoronavirus\/files\/2020\/04\/coh5-768x676.png 768w, https:\/\/blogsaverroes.juntadeandalucia.es\/astronautasyrobotsvscoronavirus\/files\/2020\/04\/coh5-24x21.png 24w, https:\/\/blogsaverroes.juntadeandalucia.es\/astronautasyrobotsvscoronavirus\/files\/2020\/04\/coh5-36x32.png 36w, https:\/\/blogsaverroes.juntadeandalucia.es\/astronautasyrobotsvscoronavirus\/files\/2020\/04\/coh5-48x42.png 48w\" sizes=\"(max-width: 844px) 100vw, 844px\" \/><\/a><\/p>\n<p>&nbsp;<\/p>\n<p style=\"text-align: center\"><strong>Space Frontier 2, podr\u00e1s sentirte como Elon Musk en tu propia casa<\/strong><\/p>\n<p><a href=\"https:\/\/play.google.com\/store\/apps\/details?id=com.ketchapp.spacefrontier2&amp;hl=es\" target=\"_blank\" rel=\"noopener noreferrer\"><img loading=\"lazy\" decoding=\"async\" class=\"aligncenter size-full wp-image-908\" src=\"https:\/\/blogsaverroes.juntadeandalucia.es\/astronautasyrobotsvscoronavirus\/files\/2020\/04\/coh9.png\" alt=\"\" width=\"872\" height=\"798\" srcset=\"https:\/\/blogsaverroes.juntadeandalucia.es\/astronautasyrobotsvscoronavirus\/files\/2020\/04\/coh9.png 872w, https:\/\/blogsaverroes.juntadeandalucia.es\/astronautasyrobotsvscoronavirus\/files\/2020\/04\/coh9-300x275.png 300w, https:\/\/blogsaverroes.juntadeandalucia.es\/astronautasyrobotsvscoronavirus\/files\/2020\/04\/coh9-768x703.png 768w, https:\/\/blogsaverroes.juntadeandalucia.es\/astronautasyrobotsvscoronavirus\/files\/2020\/04\/coh9-24x22.png 24w, https:\/\/blogsaverroes.juntadeandalucia.es\/astronautasyrobotsvscoronavirus\/files\/2020\/04\/coh9-36x33.png 36w, https:\/\/blogsaverroes.juntadeandalucia.es\/astronautasyrobotsvscoronavirus\/files\/2020\/04\/coh9-48x44.png 48w\" sizes=\"(max-width: 872px) 100vw, 872px\" \/><\/a><\/p>\n<p>Tambi\u00e9n puedes comprar para los peques de la casa un juego de duelo de lanzamiento de cohetes, pinchando <a href=\"https:\/\/www.amazon.com\/-\/es\/Juego-lanzamiento-cohetes-cohetes-Original\/dp\/B00GAC6470\" target=\"_blank\" rel=\"noopener noreferrer\">AQU\u00cd<\/a>.<\/p>\n<p>&nbsp;<\/p>\n<p>Por \u00faltimo os dejo un v\u00eddeo en el que explico algunos de los proyectos aeroespaciales en los que colaboro, y lo expongo en el Colegio Virgen del Carmen de Huelva, donde en su \u00faltima parte podr\u00e1s visualizar el lanzamiento de un cohete de agua y de aire:<\/p>\n<p>&nbsp;<\/p>\n<p><a href=\"https:\/\/youtu.be\/gaQc-Fxt6uc\" target=\"_blank\" rel=\"noopener noreferrer\"><img loading=\"lazy\" decoding=\"async\" class=\"aligncenter size-full wp-image-905\" src=\"https:\/\/blogsaverroes.juntadeandalucia.es\/astronautasyrobotsvscoronavirus\/files\/2020\/04\/coh6.png\" alt=\"\" width=\"1186\" height=\"665\" srcset=\"https:\/\/blogsaverroes.juntadeandalucia.es\/astronautasyrobotsvscoronavirus\/files\/2020\/04\/coh6.png 1186w, https:\/\/blogsaverroes.juntadeandalucia.es\/astronautasyrobotsvscoronavirus\/files\/2020\/04\/coh6-300x168.png 300w, https:\/\/blogsaverroes.juntadeandalucia.es\/astronautasyrobotsvscoronavirus\/files\/2020\/04\/coh6-768x431.png 768w, https:\/\/blogsaverroes.juntadeandalucia.es\/astronautasyrobotsvscoronavirus\/files\/2020\/04\/coh6-1024x574.png 1024w, https:\/\/blogsaverroes.juntadeandalucia.es\/astronautasyrobotsvscoronavirus\/files\/2020\/04\/coh6-24x13.png 24w, https:\/\/blogsaverroes.juntadeandalucia.es\/astronautasyrobotsvscoronavirus\/files\/2020\/04\/coh6-36x20.png 36w, https:\/\/blogsaverroes.juntadeandalucia.es\/astronautasyrobotsvscoronavirus\/files\/2020\/04\/coh6-48x27.png 48w\" sizes=\"(max-width: 1186px) 100vw, 1186px\" \/><\/a><\/p>\n","protected":false},"excerpt":{"rendered":"<p>Hay muchos tipos de cohetes, cohetes de aire, de agua, cohetes espaciales etc. Estos \u00faltimos van al espacio, pero tambi\u00e9n se puede mandar otro tipo de objetos al espacio, como son los globos espaciales que pueden llegar a la estratosfera. La ESA ofrece un concurso llamado Cansat, para escolares de toda Europa, incluida Espa\u00f1a, donde [&hellip;]<\/p>\n","protected":false},"author":7639,"featured_media":0,"parent":0,"menu_order":0,"comment_status":"closed","ping_status":"closed","template":"","meta":{"ngg_post_thumbnail":0,"footnotes":""},"aioseo_notices":[],"_links":{"self":[{"href":"https:\/\/blogsaverroes.juntadeandalucia.es\/astronautasyrobotsvscoronavirus\/wp-json\/wp\/v2\/pages\/890"}],"collection":[{"href":"https:\/\/blogsaverroes.juntadeandalucia.es\/astronautasyrobotsvscoronavirus\/wp-json\/wp\/v2\/pages"}],"about":[{"href":"https:\/\/blogsaverroes.juntadeandalucia.es\/astronautasyrobotsvscoronavirus\/wp-json\/wp\/v2\/types\/page"}],"author":[{"embeddable":true,"href":"https:\/\/blogsaverroes.juntadeandalucia.es\/astronautasyrobotsvscoronavirus\/wp-json\/wp\/v2\/users\/7639"}],"replies":[{"embeddable":true,"href":"https:\/\/blogsaverroes.juntadeandalucia.es\/astronautasyrobotsvscoronavirus\/wp-json\/wp\/v2\/comments?post=890"}],"version-history":[{"count":13,"href":"https:\/\/blogsaverroes.juntadeandalucia.es\/astronautasyrobotsvscoronavirus\/wp-json\/wp\/v2\/pages\/890\/revisions"}],"predecessor-version":[{"id":923,"href":"https:\/\/blogsaverroes.juntadeandalucia.es\/astronautasyrobotsvscoronavirus\/wp-json\/wp\/v2\/pages\/890\/revisions\/923"}],"wp:attachment":[{"href":"https:\/\/blogsaverroes.juntadeandalucia.es\/astronautasyrobotsvscoronavirus\/wp-json\/wp\/v2\/media?parent=890"}],"curies":[{"name":"wp","href":"https:\/\/api.w.org\/{rel}","templated":true}]}}