{"id":996,"date":"2020-06-01T16:04:46","date_gmt":"2020-06-01T14:04:46","guid":{"rendered":"https:\/\/blogsaverroes.juntadeandalucia.es\/astronautasyrobotsvscoronavirus\/?page_id=996"},"modified":"2020-06-01T19:19:25","modified_gmt":"2020-06-01T17:19:25","slug":"996-2","status":"publish","type":"page","link":"https:\/\/blogsaverroes.juntadeandalucia.es\/astronautasyrobotsvscoronavirus\/996-2\/","title":{"rendered":"Resumen de la Edici\u00f3n 11.3 del Carnaval de Matem\u00e1ticas"},"content":{"rendered":"<div>\u00a1Hola a todos\/as!<\/div>\n<div>&nbsp;<\/div>\n<div>En esta entrada hago un resumen de las entradas que participan en la <b>Edici\u00f3n 11.3 del Carnaval<\/b><b> de Matem\u00e1ticas<\/b>, el concurso virtual de edutubers y divulgadores matem\u00e1ticos<\/div>\n<div>&nbsp;<\/div>\n<div>\n<div class=\"separator\"><img loading=\"lazy\" decoding=\"async\" class=\"size-medium wp-image-968 aligncenter\" src=\"https:\/\/blogsaverroes.juntadeandalucia.es\/astronautasyrobotsvscoronavirus\/files\/2020\/05\/Untitled53-300x265.jpg\" alt=\"\" width=\"300\" height=\"265\" srcset=\"https:\/\/blogsaverroes.juntadeandalucia.es\/astronautasyrobotsvscoronavirus\/files\/2020\/05\/Untitled53-300x265.jpg 300w, https:\/\/blogsaverroes.juntadeandalucia.es\/astronautasyrobotsvscoronavirus\/files\/2020\/05\/Untitled53-768x678.jpg 768w, https:\/\/blogsaverroes.juntadeandalucia.es\/astronautasyrobotsvscoronavirus\/files\/2020\/05\/Untitled53-24x21.jpg 24w, https:\/\/blogsaverroes.juntadeandalucia.es\/astronautasyrobotsvscoronavirus\/files\/2020\/05\/Untitled53-36x32.jpg 36w, https:\/\/blogsaverroes.juntadeandalucia.es\/astronautasyrobotsvscoronavirus\/files\/2020\/05\/Untitled53-48x42.jpg 48w, https:\/\/blogsaverroes.juntadeandalucia.es\/astronautasyrobotsvscoronavirus\/files\/2020\/05\/Untitled53.jpg 934w\" sizes=\"(max-width: 300px) 100vw, 300px\" \/><\/div>\n<\/div>\n<div>&nbsp;<\/div>\n<div>&nbsp;<\/div>\n<div>&nbsp;<\/div>\n<div>\n<div><strong>S<\/strong><b>e abre ahora un plazo para votar y elegir a la mejor entrada<\/b> de entre todas las que se hayan publicado durante la Edici\u00f3n 11.3. En total se han recibido <b>14 aportaciones <\/b>de divulgaci\u00f3n de las matem\u00e1ticas dirigidas a toda la comunidad educativa desde un enfoque divertido y motivador. A continuaci\u00f3n, expongo el <b>listado de las aportaciones participantes<\/b>;&nbsp; si alguien detecta que falta alguna, me lo puede notificar por email a martinez.seoane@gmail.com y la agregar\u00e9 lo antes posible:<\/div>\n<div>&nbsp;<\/div>\n<\/div>\n<div><strong>Entrada 1:<\/strong> <a href=\"https:\/\/quevamosahacerhoy.com\/cuadrado-octogono-y-piramide-plegando-papel\/\" target=\"_blank\" rel=\"noopener noreferrer\">Cuadrado, oct\u00f3gono y pir\u00e1mide<\/a><\/div>\n<div><span class=\"byline\"><span class=\"author vcard\"><a class=\"url fn n\" href=\"https:\/\/twitter.com\/maytejromera\">Mayte Jim\u00e9nez <\/a><\/span><\/span><\/div>\n<div><img loading=\"lazy\" decoding=\"async\" class=\"aligncenter size-thumbnail wp-image-1000\" src=\"https:\/\/blogsaverroes.juntadeandalucia.es\/astronautasyrobotsvscoronavirus\/files\/2020\/06\/1-150x150.png\" alt=\"\" width=\"150\" height=\"150\" srcset=\"https:\/\/blogsaverroes.juntadeandalucia.es\/astronautasyrobotsvscoronavirus\/files\/2020\/06\/1-150x150.png 150w, https:\/\/blogsaverroes.juntadeandalucia.es\/astronautasyrobotsvscoronavirus\/files\/2020\/06\/1-100x100.png 100w\" sizes=\"(max-width: 150px) 100vw, 150px\" \/><\/div>\n<div>&nbsp;<\/div>\n<div><strong>Entrada 2:<\/strong> <a href=\"https:\/\/matematicas.educarex.es\/index.php\/geometria-1-eso\/animaciones-geometria-1-eso\/existe-triangulo\" target=\"_blank\" rel=\"noopener noreferrer\">\u00bfExiste este tri\u00e1ngulo?<\/a><\/div>\n<div><a href=\"https:\/\/twitter.com\/JavierCayetan19\" target=\"_blank\" rel=\"noopener noreferrer\">Javier Cayetano<\/a><\/div>\n<div><img loading=\"lazy\" decoding=\"async\" class=\"aligncenter size-thumbnail wp-image-1001\" src=\"https:\/\/blogsaverroes.juntadeandalucia.es\/astronautasyrobotsvscoronavirus\/files\/2020\/06\/2-150x150.png\" alt=\"\" width=\"150\" height=\"150\" srcset=\"https:\/\/blogsaverroes.juntadeandalucia.es\/astronautasyrobotsvscoronavirus\/files\/2020\/06\/2-150x150.png 150w, https:\/\/blogsaverroes.juntadeandalucia.es\/astronautasyrobotsvscoronavirus\/files\/2020\/06\/2-100x100.png 100w\" sizes=\"(max-width: 150px) 100vw, 150px\" \/><\/div>\n<div><strong>Entrada 3:<\/strong> <a href=\"https:\/\/twitter.com\/profevillamates\/status\/1265170671186989056?s=19\" target=\"_blank\" rel=\"noopener noreferrer\">V\u00eddeos realizados por alumnos de Secundaria y Bachillerato<\/a><\/div>\n<div><a href=\"https:\/\/twitter.com\/profevillamates\" target=\"_blank\" rel=\"noopener noreferrer\">Francisco Mart\u00ednez<\/a><\/div>\n<div><img loading=\"lazy\" decoding=\"async\" class=\"aligncenter size-thumbnail wp-image-1003\" src=\"https:\/\/blogsaverroes.juntadeandalucia.es\/astronautasyrobotsvscoronavirus\/files\/2020\/06\/3-1-150x150.png\" alt=\"\" width=\"150\" height=\"150\" srcset=\"https:\/\/blogsaverroes.juntadeandalucia.es\/astronautasyrobotsvscoronavirus\/files\/2020\/06\/3-1-150x150.png 150w, https:\/\/blogsaverroes.juntadeandalucia.es\/astronautasyrobotsvscoronavirus\/files\/2020\/06\/3-1-100x100.png 100w\" sizes=\"(max-width: 150px) 100vw, 150px\" \/><\/div>\n<div>&nbsp;<\/div>\n<div><strong>Entrada 4:<\/strong> <a href=\"https:\/\/twitter.com\/archimedestub\/status\/1264974547943673859?s=09\" target=\"_blank\" rel=\"noopener noreferrer\">Giuseppe Piazzi, un nuevo planeta<\/a><\/div>\n<div><a href=\"https:\/\/twitter.com\/archimedestub\" target=\"_blank\" rel=\"noopener noreferrer\">Archimedestub<\/a><\/div>\n<div><img loading=\"lazy\" decoding=\"async\" class=\"aligncenter size-thumbnail wp-image-1004\" src=\"https:\/\/blogsaverroes.juntadeandalucia.es\/astronautasyrobotsvscoronavirus\/files\/2020\/06\/4-150x150.png\" alt=\"\" width=\"150\" height=\"150\" srcset=\"https:\/\/blogsaverroes.juntadeandalucia.es\/astronautasyrobotsvscoronavirus\/files\/2020\/06\/4-150x150.png 150w, https:\/\/blogsaverroes.juntadeandalucia.es\/astronautasyrobotsvscoronavirus\/files\/2020\/06\/4-100x100.png 100w\" sizes=\"(max-width: 150px) 100vw, 150px\" \/><\/div>\n<div>&nbsp;<\/div>\n<div><strong>Entrada 5:<\/strong> <a href=\"https:\/\/alegallardo28.wordpress.com\/2020\/05\/24\/saludos-con-covid-19\/amp\/?__twitter_impression=true\" target=\"_blank\" rel=\"noopener noreferrer\">Saludos con COVID-19<\/a><\/div>\n<div><a href=\"https:\/\/twitter.com\/alegallardo28?ref_src=twsrc%5Etfw%7Ctwcamp%5Etweetembed&amp;ref_url=https%3A%2F%2Fd-2586183973872466913.ampproject.net%2F2005150002001%2Fframe.html\" target=\"_blank\" rel=\"noopener noreferrer\">Alejandro Gallardo<\/a><\/div>\n<div><img loading=\"lazy\" decoding=\"async\" class=\"aligncenter size-thumbnail wp-image-1005\" src=\"https:\/\/blogsaverroes.juntadeandalucia.es\/astronautasyrobotsvscoronavirus\/files\/2020\/06\/5-150x150.png\" alt=\"\" width=\"150\" height=\"150\" srcset=\"https:\/\/blogsaverroes.juntadeandalucia.es\/astronautasyrobotsvscoronavirus\/files\/2020\/06\/5-150x150.png 150w, https:\/\/blogsaverroes.juntadeandalucia.es\/astronautasyrobotsvscoronavirus\/files\/2020\/06\/5-100x100.png 100w, https:\/\/blogsaverroes.juntadeandalucia.es\/astronautasyrobotsvscoronavirus\/files\/2020\/06\/5-24x24.png 24w, https:\/\/blogsaverroes.juntadeandalucia.es\/astronautasyrobotsvscoronavirus\/files\/2020\/06\/5-36x36.png 36w\" sizes=\"(max-width: 150px) 100vw, 150px\" \/><\/div>\n<div><strong>Entrada 6:<\/strong> <a href=\"https:\/\/elultimoversodefermat.wordpress.com\/2020\/05\/24\/el-calculo-del-polinomio-interpolador\/amp\/?__twitter_impression=true\" target=\"_blank\" rel=\"noopener noreferrer\">El c\u00e1lculo del polinomio interpolador<\/a><\/div>\n<div><a href=\"https:\/\/twitter.com\/juliomulero\" target=\"_blank\" rel=\"noopener noreferrer\"><span class=\"amp-wp-author author vcard\">Julio Mulero<\/span><\/a><\/div>\n<div><img loading=\"lazy\" decoding=\"async\" class=\"aligncenter size-thumbnail wp-image-1007\" src=\"https:\/\/blogsaverroes.juntadeandalucia.es\/astronautasyrobotsvscoronavirus\/files\/2020\/06\/6-150x150.png\" alt=\"\" width=\"150\" height=\"150\" srcset=\"https:\/\/blogsaverroes.juntadeandalucia.es\/astronautasyrobotsvscoronavirus\/files\/2020\/06\/6-150x150.png 150w, https:\/\/blogsaverroes.juntadeandalucia.es\/astronautasyrobotsvscoronavirus\/files\/2020\/06\/6-100x100.png 100w\" sizes=\"(max-width: 150px) 100vw, 150px\" \/><\/div>\n<div><strong>Entrada 7:<\/strong> <a href=\"https:\/\/blogsaverroes.juntadeandalucia.es\/astronautasyrobotsvscoronavirus\/museos-del-espacio\/\" target=\"_blank\" rel=\"noopener noreferrer\">Aprendiendo mates, f\u00edsica e historia en museos aeroespaciales<\/a><\/div>\n<div><a href=\"https:\/\/twitter.com\/MartinezSeoane\" target=\"_blank\" rel=\"noopener noreferrer\">Fran Mart\u00ednez<\/a><\/div>\n<div><img loading=\"lazy\" decoding=\"async\" class=\"aligncenter size-thumbnail wp-image-1008\" src=\"https:\/\/blogsaverroes.juntadeandalucia.es\/astronautasyrobotsvscoronavirus\/files\/2020\/06\/7-150x150.jpg\" alt=\"\" width=\"150\" height=\"150\" srcset=\"https:\/\/blogsaverroes.juntadeandalucia.es\/astronautasyrobotsvscoronavirus\/files\/2020\/06\/7-150x150.jpg 150w, https:\/\/blogsaverroes.juntadeandalucia.es\/astronautasyrobotsvscoronavirus\/files\/2020\/06\/7-300x300.jpg 300w, https:\/\/blogsaverroes.juntadeandalucia.es\/astronautasyrobotsvscoronavirus\/files\/2020\/06\/7-768x768.jpg 768w, https:\/\/blogsaverroes.juntadeandalucia.es\/astronautasyrobotsvscoronavirus\/files\/2020\/06\/7-100x100.jpg 100w, https:\/\/blogsaverroes.juntadeandalucia.es\/astronautasyrobotsvscoronavirus\/files\/2020\/06\/7-24x24.jpg 24w, https:\/\/blogsaverroes.juntadeandalucia.es\/astronautasyrobotsvscoronavirus\/files\/2020\/06\/7-36x36.jpg 36w, https:\/\/blogsaverroes.juntadeandalucia.es\/astronautasyrobotsvscoronavirus\/files\/2020\/06\/7-48x48.jpg 48w, https:\/\/blogsaverroes.juntadeandalucia.es\/astronautasyrobotsvscoronavirus\/files\/2020\/06\/7.jpg 1024w\" sizes=\"(max-width: 150px) 100vw, 150px\" \/><\/div>\n<div><strong>Entrada 8:<\/strong><a href=\"https:\/\/www.gaussianos.com\/un-crucigrama-perfecto\/\" target=\"_blank\" rel=\"noopener noreferrer\"> Un crucigrama perfecto<\/a><\/div>\n<div><a href=\"https:\/\/twitter.com\/gaussianos?ref_src=twsrc%5Egoogle%7Ctwcamp%5Eserp%7Ctwgr%5Eauthor\" target=\"_blank\" rel=\"noopener noreferrer\">Gaussianos<\/a><\/div>\n<div><img loading=\"lazy\" decoding=\"async\" class=\"aligncenter size-thumbnail wp-image-1009\" src=\"https:\/\/blogsaverroes.juntadeandalucia.es\/astronautasyrobotsvscoronavirus\/files\/2020\/06\/8-150x150.png\" alt=\"\" width=\"150\" height=\"150\" srcset=\"https:\/\/blogsaverroes.juntadeandalucia.es\/astronautasyrobotsvscoronavirus\/files\/2020\/06\/8-150x150.png 150w, https:\/\/blogsaverroes.juntadeandalucia.es\/astronautasyrobotsvscoronavirus\/files\/2020\/06\/8-100x100.png 100w\" sizes=\"(max-width: 150px) 100vw, 150px\" \/><\/div>\n<div>&nbsp;<\/div>\n<div><strong>Entrada 9:<\/strong> <a href=\"https:\/\/www.estonoentraenelexamen.com\/2020\/05\/29\/el-secreto-matematico-de-los-guanches\/\" target=\"_blank\" rel=\"noopener noreferrer\">El secreto matem\u00e1tico de los guanches<\/a><\/div>\n<div><a href=\"https:\/\/twitter.com\/juanfisicahr\" target=\"_blank\" rel=\"noopener noreferrer\">Juan Francisco<\/a><\/div>\n<div><img loading=\"lazy\" decoding=\"async\" class=\"aligncenter size-thumbnail wp-image-1010\" src=\"https:\/\/blogsaverroes.juntadeandalucia.es\/astronautasyrobotsvscoronavirus\/files\/2020\/06\/9-150x150.png\" alt=\"\" width=\"150\" height=\"150\" srcset=\"https:\/\/blogsaverroes.juntadeandalucia.es\/astronautasyrobotsvscoronavirus\/files\/2020\/06\/9-150x150.png 150w, https:\/\/blogsaverroes.juntadeandalucia.es\/astronautasyrobotsvscoronavirus\/files\/2020\/06\/9-100x100.png 100w\" sizes=\"(max-width: 150px) 100vw, 150px\" \/><\/div>\n<div><strong>Entrada 10:<\/strong> <a href=\"https:\/\/medium.com\/atodogauss\/consenso-universal-coma-punto-ap%C3%B3strofe-9ae5bb26a61e?source=social.tw&amp;_branch_match_id=787463529356604273\" target=\"_blank\" rel=\"noopener noreferrer\">El uso de la coma y el punto decimal<\/a><\/div>\n<div><a href=\"https:\/\/twitter.com\/Pedrodanielpg\" target=\"_blank\" rel=\"noopener noreferrer\">Pedro Daniel<\/a><\/div>\n<div><img loading=\"lazy\" decoding=\"async\" class=\"aligncenter size-thumbnail wp-image-1011\" src=\"https:\/\/blogsaverroes.juntadeandalucia.es\/astronautasyrobotsvscoronavirus\/files\/2020\/06\/10-150x150.png\" alt=\"\" width=\"150\" height=\"150\" srcset=\"https:\/\/blogsaverroes.juntadeandalucia.es\/astronautasyrobotsvscoronavirus\/files\/2020\/06\/10-150x150.png 150w, https:\/\/blogsaverroes.juntadeandalucia.es\/astronautasyrobotsvscoronavirus\/files\/2020\/06\/10-100x100.png 100w\" sizes=\"(max-width: 150px) 100vw, 150px\" \/><\/div>\n<div><strong>Entrada 11:<\/strong> <a href=\"https:\/\/www.educa2.madrid.org\/web\/matesatulado\/blog\/-\/blogs\/a-la-de-diez\" target=\"_blank\" rel=\"noopener noreferrer\">A la de diez<\/a><\/div>\n<div><a href=\"https:\/\/twitter.com\/palindromiano\" target=\"_blank\" rel=\"noopener noreferrer\">Manuel Dom\u00ednguez<\/a><\/div>\n<div><img loading=\"lazy\" decoding=\"async\" class=\"aligncenter size-thumbnail wp-image-1012\" src=\"https:\/\/blogsaverroes.juntadeandalucia.es\/astronautasyrobotsvscoronavirus\/files\/2020\/06\/11-150x150.png\" alt=\"\" width=\"150\" height=\"150\" srcset=\"https:\/\/blogsaverroes.juntadeandalucia.es\/astronautasyrobotsvscoronavirus\/files\/2020\/06\/11-150x150.png 150w, https:\/\/blogsaverroes.juntadeandalucia.es\/astronautasyrobotsvscoronavirus\/files\/2020\/06\/11-100x100.png 100w\" sizes=\"(max-width: 150px) 100vw, 150px\" \/><\/div>\n<div>&nbsp;<\/div>\n<div><strong>Entrada 12:<\/strong> <a href=\"https:\/\/elmundoderafalillo.blogspot.com\/2020\/05\/tragarse-un-sapo.html?m=1\" target=\"_blank\" rel=\"noopener noreferrer\">Tragarse un sapo<\/a><\/div>\n<div><a href=\"https:\/\/twitter.com\/Rafalillo86\" target=\"_blank\" rel=\"noopener noreferrer\">Rafa Mart\u00ednez<\/a><\/div>\n<div><img loading=\"lazy\" decoding=\"async\" class=\"aligncenter size-thumbnail wp-image-1013\" src=\"https:\/\/blogsaverroes.juntadeandalucia.es\/astronautasyrobotsvscoronavirus\/files\/2020\/06\/12-150x150.png\" alt=\"\" width=\"150\" height=\"150\" srcset=\"https:\/\/blogsaverroes.juntadeandalucia.es\/astronautasyrobotsvscoronavirus\/files\/2020\/06\/12-150x150.png 150w, https:\/\/blogsaverroes.juntadeandalucia.es\/astronautasyrobotsvscoronavirus\/files\/2020\/06\/12-100x100.png 100w\" sizes=\"(max-width: 150px) 100vw, 150px\" \/><\/div>\n<div>&nbsp;<\/div>\n<div><strong>Entrada 13:<\/strong> <a href=\"https:\/\/twitter.com\/p_trivino\/status\/1267029573096607744?s=09\" target=\"_blank\" rel=\"noopener noreferrer\">Teselaciones para demostrar Pit\u00e1goras<\/a><\/div>\n<div><a href=\"https:\/\/twitter.com\/p_trivino\" target=\"_blank\" rel=\"noopener noreferrer\">Pablo Trivi\u00f1o<\/a><\/div>\n<div><img loading=\"lazy\" decoding=\"async\" class=\"aligncenter size-thumbnail wp-image-1014\" src=\"https:\/\/blogsaverroes.juntadeandalucia.es\/astronautasyrobotsvscoronavirus\/files\/2020\/06\/13-150x150.png\" alt=\"\" width=\"150\" height=\"150\" srcset=\"https:\/\/blogsaverroes.juntadeandalucia.es\/astronautasyrobotsvscoronavirus\/files\/2020\/06\/13-150x150.png 150w, https:\/\/blogsaverroes.juntadeandalucia.es\/astronautasyrobotsvscoronavirus\/files\/2020\/06\/13-100x100.png 100w\" sizes=\"(max-width: 150px) 100vw, 150px\" \/><\/div>\n<div>&nbsp;<\/div>\n<div>&nbsp;<\/div>\n<div>\n<div>&nbsp;<\/div>\n<\/div>\n<div><strong>Entrada 14: <\/strong><a href=\"https:\/\/www.gaussianos.com\/libro-euclids-elements-of-geometry-completando-el-trabajo-de-oliver-byrne\/\">Euclid\u2019s Elements of Geometry <\/a><strong><br \/>\n<\/strong><\/div>\n<div><a href=\"https:\/\/twitter.com\/gaussianos?ref_src=twsrc%5Egoogle%7Ctwcamp%5Eserp%7Ctwgr%5Eauthor\" target=\"_blank\" rel=\"noopener noreferrer\">Gaussianos<\/a><\/div>\n<div><img loading=\"lazy\" decoding=\"async\" class=\"aligncenter size-thumbnail wp-image-1028\" src=\"https:\/\/blogsaverroes.juntadeandalucia.es\/astronautasyrobotsvscoronavirus\/files\/2020\/06\/14-150x150.png\" alt=\"\" width=\"150\" height=\"150\" srcset=\"https:\/\/blogsaverroes.juntadeandalucia.es\/astronautasyrobotsvscoronavirus\/files\/2020\/06\/14-150x150.png 150w, https:\/\/blogsaverroes.juntadeandalucia.es\/astronautasyrobotsvscoronavirus\/files\/2020\/06\/14-100x100.png 100w\" sizes=\"(max-width: 150px) 100vw, 150px\" \/><\/div>\n<div>&nbsp;<\/div>\n<div>\n<div>Muchas gracias a todos los participantes. Ahora toca elegir con vuestros votos la mejor de las 14 aportaciones, para lo cual ten\u00e9is que rellenar una breve encuesta en la que tendr\u00e9is que <b>votar con 4, 2 y 1 punto a las tres entradas que m\u00e1s os hayan gustado. Solamente tienen derecho a ejercer su voto aquellas personas que hayan participado en alguna edici\u00f3n del Carnaval de Matem\u00e1ticas<\/b>, por lo que es obligatorio que la persona que vaya a votar incluya en el apartado correspondiente de la encuesta su nombre y un enlace a una de las entradas con las que haya participado. <b>El plazo para votar terminar\u00e1 el pr\u00f3ximo 15 de junio<\/b>, y, una vez recontemos los puntos, sabremos qui\u00e9n se lleva el Premio al Mejor Post de la Edici\u00f3n 11.3 del Carnaval de Matem\u00e1ticas.<\/div>\n<div>&nbsp;<\/div>\n<div>Para mayor facilidad he creado un enlace al cuestionario correspondiente a la votaci\u00f3n. Accede f\u00e1cilmente desde tu ordenador, tablet, smartphone o cualquier dispositivo m\u00f3vil pinchando aqu\u00ed:<\/div>\n<div>&nbsp;<\/div>\n<div style=\"text-align: center\"><a href=\"https:\/\/docs.google.com\/forms\/d\/e\/1FAIpQLSeAs_j2FL6VnLMo0MyWzmvTOa8MrTvtdrwqsN5Q9CXDPnNl-g\/viewform?vc=0&amp;c=0&amp;w=1\" target=\"_blank\" rel=\"noopener noreferrer\"><span style=\"font-size: 18pt\">Cuestionario de la Edici\u00f3n 11.3<\/span><\/a><\/div>\n<div><img loading=\"lazy\" decoding=\"async\" class=\"aligncenter size-medium wp-image-692\" src=\"https:\/\/blogsaverroes.juntadeandalucia.es\/astronautasyrobotsvscoronavirus\/files\/2020\/03\/ilust3-300x224.png\" alt=\"\" width=\"300\" height=\"224\" srcset=\"https:\/\/blogsaverroes.juntadeandalucia.es\/astronautasyrobotsvscoronavirus\/files\/2020\/03\/ilust3-300x224.png 300w, https:\/\/blogsaverroes.juntadeandalucia.es\/astronautasyrobotsvscoronavirus\/files\/2020\/03\/ilust3-768x573.png 768w, https:\/\/blogsaverroes.juntadeandalucia.es\/astronautasyrobotsvscoronavirus\/files\/2020\/03\/ilust3-1024x764.png 1024w, https:\/\/blogsaverroes.juntadeandalucia.es\/astronautasyrobotsvscoronavirus\/files\/2020\/03\/ilust3-24x18.png 24w, https:\/\/blogsaverroes.juntadeandalucia.es\/astronautasyrobotsvscoronavirus\/files\/2020\/03\/ilust3-36x27.png 36w, https:\/\/blogsaverroes.juntadeandalucia.es\/astronautasyrobotsvscoronavirus\/files\/2020\/03\/ilust3-48x36.png 48w, https:\/\/blogsaverroes.juntadeandalucia.es\/astronautasyrobotsvscoronavirus\/files\/2020\/03\/ilust3.png 1140w\" sizes=\"(max-width: 300px) 100vw, 300px\" \/><\/div>\n<div>&nbsp;<\/div>\n<div>Os agradezco mucho a todos los participantes vuestra colaboraci\u00f3n. Se puede coger el testigo de anfitri\u00f3n apunt\u00e1ndoos <a href=\"https:\/\/carnavaldematematicas.wordpress.com\/proximos-anfitriones\/\">aqu\u00ed<\/a>.<\/div>\n<div><b>\u00a1Larga vida al Carnaval de Matem\u00e1ticas!<\/b><\/div>\n<\/div>\n<div>&nbsp;<\/div>\n<div>&nbsp;<\/div>\n","protected":false},"excerpt":{"rendered":"<p>\u00a1Hola a todos\/as! &nbsp; En esta entrada hago un resumen de las entradas que participan en la Edici\u00f3n 11.3 del Carnaval de Matem\u00e1ticas, el concurso virtual de edutubers y divulgadores matem\u00e1ticos &nbsp; &nbsp; &nbsp; &nbsp; Se abre ahora un plazo para votar y elegir a la mejor entrada de entre todas las que se hayan [&hellip;]<\/p>\n","protected":false},"author":7639,"featured_media":0,"parent":0,"menu_order":0,"comment_status":"closed","ping_status":"closed","template":"","meta":{"ngg_post_thumbnail":0,"footnotes":""},"aioseo_notices":[],"_links":{"self":[{"href":"https:\/\/blogsaverroes.juntadeandalucia.es\/astronautasyrobotsvscoronavirus\/wp-json\/wp\/v2\/pages\/996"}],"collection":[{"href":"https:\/\/blogsaverroes.juntadeandalucia.es\/astronautasyrobotsvscoronavirus\/wp-json\/wp\/v2\/pages"}],"about":[{"href":"https:\/\/blogsaverroes.juntadeandalucia.es\/astronautasyrobotsvscoronavirus\/wp-json\/wp\/v2\/types\/page"}],"author":[{"embeddable":true,"href":"https:\/\/blogsaverroes.juntadeandalucia.es\/astronautasyrobotsvscoronavirus\/wp-json\/wp\/v2\/users\/7639"}],"replies":[{"embeddable":true,"href":"https:\/\/blogsaverroes.juntadeandalucia.es\/astronautasyrobotsvscoronavirus\/wp-json\/wp\/v2\/comments?post=996"}],"version-history":[{"count":13,"href":"https:\/\/blogsaverroes.juntadeandalucia.es\/astronautasyrobotsvscoronavirus\/wp-json\/wp\/v2\/pages\/996\/revisions"}],"predecessor-version":[{"id":1043,"href":"https:\/\/blogsaverroes.juntadeandalucia.es\/astronautasyrobotsvscoronavirus\/wp-json\/wp\/v2\/pages\/996\/revisions\/1043"}],"wp:attachment":[{"href":"https:\/\/blogsaverroes.juntadeandalucia.es\/astronautasyrobotsvscoronavirus\/wp-json\/wp\/v2\/media?parent=996"}],"curies":[{"name":"wp","href":"https:\/\/api.w.org\/{rel}","templated":true}]}}