{"id":290,"date":"2021-03-09T11:47:35","date_gmt":"2021-03-09T11:47:35","guid":{"rendered":"https:\/\/blogsaverroes.juntadeandalucia.es\/atalmalaga\/?page_id=290"},"modified":"2021-04-07T10:35:34","modified_gmt":"2021-04-07T10:35:34","slug":"practica-online","status":"publish","type":"page","link":"https:\/\/blogsaverroes.juntadeandalucia.es\/atalmalaga\/practica-online\/","title":{"rendered":"Practica Online"},"content":{"rendered":"<table style=\"border-collapse: collapse;width: 99.8844%;height: 1151px\">\n<tbody>\n<tr style=\"height: 272px\">\n<td style=\"width: 45.3209%;height: 272px\"><a href=\"https:\/\/www.languageguide.org\/espa%C3%B1ol\/vocabulario\/\" target=\"_blank\" rel=\"noopener noreferrer\"><strong><img loading=\"lazy\" decoding=\"async\" class=\" wp-image-289 aligncenter\" src=\"https:\/\/blogsaverroes.juntadeandalucia.es\/atalmalaga\/files\/2021\/03\/vocabulario-300x240.png\" alt=\"\" width=\"299\" height=\"239\" srcset=\"https:\/\/blogsaverroes.juntadeandalucia.es\/atalmalaga\/files\/2021\/03\/vocabulario-300x240.png 300w, https:\/\/blogsaverroes.juntadeandalucia.es\/atalmalaga\/files\/2021\/03\/vocabulario.png 355w\" sizes=\"(max-width: 299px) 100vw, 299px\" \/><\/strong><\/a><\/td>\n<td style=\"width: 54.6791%;height: 272px\">\n<p style=\"text-align: justify\"><a href=\"https:\/\/www.languageguide.org\/espa%C3%B1ol\/vocabulario\/\" target=\"_blank\" rel=\"noopener noreferrer\"><span style=\"font-size: 14pt\"><strong>LanguageGuide.org. Vocabulario en Espa\u00f1ol.<\/strong><\/span><\/a><\/p>\n<p style=\"text-align: justify\">&nbsp;<\/p>\n<\/td>\n<\/tr>\n<tr style=\"height: 150px\">\n<td style=\"width: 45.3209%;height: 150px\"><a href=\"https:\/\/www.tinglado.net\/?id=alfabeto\" target=\"_blank\" rel=\"noopener noreferrer\"><img loading=\"lazy\" decoding=\"async\" class=\"alignnone wp-image-304 aligncenter\" src=\"https:\/\/blogsaverroes.juntadeandalucia.es\/atalmalaga\/files\/2021\/03\/\u00edndice.jpg\" alt=\"\" width=\"300\" height=\"205\"><\/a><\/td>\n<td style=\"width: 54.6791%;height: 150px\">\n<p style=\"text-align: justify\"><a href=\"https:\/\/www.tinglado.net\/?id=alfabeto\" target=\"_blank\" rel=\"noopener noreferrer\"><span style=\"font-size: 14pt\"><strong>El abecedario.<\/strong><\/span><\/a><\/p>\n<p style=\"text-align: justify\">&nbsp;<\/p>\n<\/td>\n<\/tr>\n<tr style=\"height: 24px\">\n<td style=\"width: 45.3209%;height: 24px\"><a href=\"http:\/\/www.ver-taal.com\/index.htm\" target=\"_blank\" rel=\"noopener noreferrer\"><img loading=\"lazy\" decoding=\"async\" class=\" wp-image-287 aligncenter\" src=\"https:\/\/blogsaverroes.juntadeandalucia.es\/atalmalaga\/files\/2021\/03\/ver-atal.jpg\" alt=\"\" width=\"299\" height=\"249\"><\/a><\/td>\n<td style=\"width: 54.6791%;height: 24px;text-align: justify\">\n<p style=\"text-align: left\"><a href=\"http:\/\/www.ver-taal.com\/index.htm\" target=\"_blank\" rel=\"noopener noreferrer\"><span style=\"font-size: 14pt\"><strong>Ver-ATAL:<\/strong><\/span><\/a><\/p>\n<p style=\"text-align: left\">Ejercicios de espa\u00f1ol para extranjeros: vocabulario, gram\u00e1tica, ejercicios de escucha.<\/p>\n<\/td>\n<\/tr>\n<tr style=\"height: 24px\">\n<td style=\"width: 45.3209%;height: 24px\"><a href=\"http:\/\/www.ceip-diputacio.com\/CI%201r%20i%202n\/CASTELLA\/catellaCI.htm\" target=\"_blank\" rel=\"noopener noreferrer\"><img loading=\"lazy\" decoding=\"async\" class=\" wp-image-286 aligncenter\" src=\"https:\/\/blogsaverroes.juntadeandalucia.es\/atalmalaga\/files\/2021\/03\/portada-castella-300x172.jpg\" alt=\"\" width=\"300\" height=\"172\" srcset=\"https:\/\/blogsaverroes.juntadeandalucia.es\/atalmalaga\/files\/2021\/03\/portada-castella-300x172.jpg 300w, https:\/\/blogsaverroes.juntadeandalucia.es\/atalmalaga\/files\/2021\/03\/portada-castella-1024x588.jpg 1024w, https:\/\/blogsaverroes.juntadeandalucia.es\/atalmalaga\/files\/2021\/03\/portada-castella-768x441.jpg 768w, https:\/\/blogsaverroes.juntadeandalucia.es\/atalmalaga\/files\/2021\/03\/portada-castella.jpg 1058w\" sizes=\"(max-width: 300px) 100vw, 300px\" \/><\/a><\/td>\n<td style=\"width: 54.6791%;height: 24px;text-align: justify\"><a href=\"http:\/\/www.ceip-diputacio.com\/CI%201r%20i%202n\/CASTELLA\/catellaCI.htm\" target=\"_blank\" rel=\"noopener noreferrer\"><span style=\"font-size: 14pt\"><strong>Espacio Web<\/strong><\/span><\/a> con diferentes actividades de: letras, lectoescritura, vocabulario, comprensi\u00f3n, gram\u00e1tica, cuentos y canciones.<\/td>\n<\/tr>\n<tr style=\"height: 24px\">\n<td style=\"width: 45.3209%;height: 24px\"><a href=\"http:\/\/agrega.juntadeandalucia.es\/visualizador-1\/es\/pode\/presentacion\/visualizadorSinSecuencia\/visualizar-datos.jsp\" target=\"_blank\" rel=\"noopener noreferrer\"><img loading=\"lazy\" decoding=\"async\" class=\"size-medium wp-image-305 aligncenter\" src=\"https:\/\/blogsaverroes.juntadeandalucia.es\/atalmalaga\/files\/2021\/03\/misprimeraslecciones1-300x226.jpg\" alt=\"\" width=\"300\" height=\"226\" srcset=\"https:\/\/blogsaverroes.juntadeandalucia.es\/atalmalaga\/files\/2021\/03\/misprimeraslecciones1-300x226.jpg 300w, https:\/\/blogsaverroes.juntadeandalucia.es\/atalmalaga\/files\/2021\/03\/misprimeraslecciones1.jpg 408w\" sizes=\"(max-width: 300px) 100vw, 300px\" \/><\/a><\/td>\n<td style=\"width: 54.6791%;height: 24px;text-align: justify\">\n<p style=\"text-align: left\"><a href=\"http:\/\/agrega.juntadeandalucia.es\/visualizador-1\/es\/pode\/presentacion\/visualizadorSinSecuencia\/visualizar-datos.jsp\" target=\"_blank\" rel=\"noopener noreferrer\"><span style=\"font-size: 14pt\"><strong>Mis primeras lecciones de espa\u00f1ol.<\/strong> <\/span><\/a><\/p>\n<p style=\"text-align: left\">Est\u00e1 alojado en AGREGA y se puede descargar.<\/p>\n<\/td>\n<\/tr>\n<tr style=\"height: 24px\">\n<td style=\"width: 45.3209%;height: 24px\"><a href=\"http:\/\/agrega.juntadeandalucia.es\/visualizador-1\/es\/pode\/presentacion\/visualizadorSinSecuencia\/visualizar-datos.jsp\" target=\"_blank\" rel=\"noopener noreferrer\"><img loading=\"lazy\" decoding=\"async\" class=\"alignnone wp-image-284 aligncenter\" src=\"https:\/\/blogsaverroes.juntadeandalucia.es\/atalmalaga\/files\/2021\/03\/Mis-primeras-lecciones-de-espa\u00f1ol-2-300x228.jpg\" alt=\"\" width=\"300\" height=\"228\" srcset=\"https:\/\/blogsaverroes.juntadeandalucia.es\/atalmalaga\/files\/2021\/03\/Mis-primeras-lecciones-de-espa\u00f1ol-2-300x228.jpg 300w, https:\/\/blogsaverroes.juntadeandalucia.es\/atalmalaga\/files\/2021\/03\/Mis-primeras-lecciones-de-espa\u00f1ol-2.jpg 328w\" sizes=\"(max-width: 300px) 100vw, 300px\" \/><\/a><\/td>\n<td style=\"width: 54.6791%;height: 24px;text-align: justify\">\n<p style=\"text-align: left\"><span style=\"font-size: 14pt\"><a href=\"http:\/\/agrega.juntadeandalucia.es\/visualizador-1\/es\/pode\/presentacion\/visualizadorSinSecuencia\/visualizar-datos.jsp\" target=\"_blank\" rel=\"noopener noreferrer\"><strong>Mis primeras lecciones de espa\u00f1ol 2.<\/strong> <\/a><\/span><\/p>\n<p style=\"text-align: left\">Est\u00e1 alojado en AGREGA y se puede descargar.<\/p>\n<\/td>\n<\/tr>\n<tr style=\"height: 264px\">\n<td style=\"width: 45.3209%;height: 264px\"><a href=\"https:\/\/clic.xtec.cat\/projects\/castella\/jclic.js\/index.html\" target=\"_blank\" rel=\"noopener noreferrer\"><img loading=\"lazy\" decoding=\"async\" class=\"aligncenter wp-image-280 \" src=\"https:\/\/blogsaverroes.juntadeandalucia.es\/atalmalaga\/files\/2021\/03\/aprendiendo-castellano-300x196.jpg\" alt=\"\" width=\"298\" height=\"195\" srcset=\"https:\/\/blogsaverroes.juntadeandalucia.es\/atalmalaga\/files\/2021\/03\/aprendiendo-castellano-300x196.jpg 300w, https:\/\/blogsaverroes.juntadeandalucia.es\/atalmalaga\/files\/2021\/03\/aprendiendo-castellano.jpg 326w\" sizes=\"(max-width: 298px) 100vw, 298px\" \/><\/a><\/td>\n<td style=\"width: 54.6791%;text-align: justify;height: 264px\"><a href=\"https:\/\/clic.xtec.cat\/projects\/castella\/jclic.js\/index.html\" target=\"_blank\" rel=\"noopener noreferrer\"><span style=\"font-size: 14pt\"><strong>JCLIC: Aprendiendo castellano<\/strong><\/span><\/a><\/td>\n<\/tr>\n<tr style=\"height: 240px\">\n<td style=\"width: 45.3209%;height: 240px\"><a href=\"https:\/\/clic.xtec.cat\/projects\/cosascla\/jclic.js\/index.html\" target=\"_blank\" rel=\"noopener noreferrer\"><img loading=\"lazy\" decoding=\"async\" class=\"alignnone wp-image-291 aligncenter\" src=\"https:\/\/blogsaverroes.juntadeandalucia.es\/atalmalaga\/files\/2021\/03\/COSAS-DE-CLASE-300x180.png\" alt=\"\" width=\"300\" height=\"180\" srcset=\"https:\/\/blogsaverroes.juntadeandalucia.es\/atalmalaga\/files\/2021\/03\/COSAS-DE-CLASE-300x180.png 300w, https:\/\/blogsaverroes.juntadeandalucia.es\/atalmalaga\/files\/2021\/03\/COSAS-DE-CLASE.png 406w\" sizes=\"(max-width: 300px) 100vw, 300px\" \/><\/a><\/td>\n<td style=\"width: 54.6791%;text-align: justify;height: 240px\"><strong><a href=\"https:\/\/clic.xtec.cat\/projects\/cosascla\/jclic.js\/index.html\" target=\"_blank\" rel=\"noopener noreferrer\"><span style=\"font-size: 14pt\">JCLIC: Cosas de clase<\/span><\/a><br \/>\n<\/strong><\/td>\n<\/tr>\n<tr style=\"height: 129px\">\n<td style=\"width: 45.3209%;height: 129px\"><a href=\"https:\/\/aprenderespanol.org\/\" target=\"_blank\" rel=\"noopener noreferrer\"><img loading=\"lazy\" decoding=\"async\" class=\" wp-image-279 aligncenter\" src=\"https:\/\/blogsaverroes.juntadeandalucia.es\/atalmalaga\/files\/2021\/03\/APRENDER-ESPA\u00d1OL.gif\" alt=\"\" width=\"306\" height=\"84\"><\/a><\/td>\n<td style=\"width: 54.6791%;text-align: justify;height: 129px\"><a href=\"https:\/\/aprenderespanol.org\/\" target=\"_blank\" rel=\"noopener noreferrer\"><span style=\"font-size: 14pt\"><strong>Espacio Web<\/strong> <\/span><\/a><strong>con ejercicios de espa\u00f1ol de gram\u00e1tica, vocabulario, audiciones, etc&#8230;<br \/>\n<\/strong><\/td>\n<\/tr>\n<tr>\n<td style=\"width: 45.3209%\"><a href=\"http:\/\/www.juntadeandalucia.es\/educacion\/permanente\/materiales\/index.php?espanol\" target=\"_blank\" rel=\"noopener noreferrer\"><img loading=\"lazy\" decoding=\"async\" class=\"alignnone size-full wp-image-381 aligncenter\" src=\"https:\/\/blogsaverroes.juntadeandalucia.es\/atalmalaga\/files\/2021\/04\/aula-de-espa\u00f1olborde.jpg\" alt=\"\" width=\"267\" height=\"202\"><\/a><\/td>\n<td style=\"width: 54.6791%;text-align: justify\"><span style=\"font-size: 14pt\"><a href=\"http:\/\/www.juntadeandalucia.es\/educacion\/permanente\/materiales\/index.php?espanol\" target=\"_blank\" rel=\"noopener noreferrer\"><strong>Aula de espa\u00f1ol, <\/strong><\/a>contiene 8 unidades con guia para el profesorado, diccionario visual, libro del alumno, audio, video y unidad interactiva (<span style=\"font-size: 12pt\"><em>para la unidad interactiva es necesario utilizar Adobe Flash Player que actualmente est\u00e1 deshabilitado, podemos utilizar otras opciones como <strong>Quick<\/strong> <b>Flash Player)<\/b>.<\/em><\/span><strong><br \/>\n<\/strong><\/span><\/td>\n<\/tr>\n<\/tbody>\n<\/table>\n","protected":false},"excerpt":{"rendered":"<p>LanguageGuide.org. Vocabulario en Espa\u00f1ol. &nbsp; El abecedario. &nbsp; Ver-ATAL: Ejercicios de espa\u00f1ol para extranjeros: vocabulario, gram\u00e1tica, ejercicios de escucha. Espacio Web con diferentes actividades de: letras, lectoescritura, vocabulario, comprensi\u00f3n, gram\u00e1tica, cuentos y canciones. Mis&#46;&#46;&#46;<\/p>\n","protected":false},"author":11521,"featured_media":0,"parent":0,"menu_order":0,"comment_status":"closed","ping_status":"closed","template":"","meta":{"ngg_post_thumbnail":0,"footnotes":""},"aioseo_notices":[],"_links":{"self":[{"href":"https:\/\/blogsaverroes.juntadeandalucia.es\/atalmalaga\/wp-json\/wp\/v2\/pages\/290"}],"collection":[{"href":"https:\/\/blogsaverroes.juntadeandalucia.es\/atalmalaga\/wp-json\/wp\/v2\/pages"}],"about":[{"href":"https:\/\/blogsaverroes.juntadeandalucia.es\/atalmalaga\/wp-json\/wp\/v2\/types\/page"}],"author":[{"embeddable":true,"href":"https:\/\/blogsaverroes.juntadeandalucia.es\/atalmalaga\/wp-json\/wp\/v2\/users\/11521"}],"replies":[{"embeddable":true,"href":"https:\/\/blogsaverroes.juntadeandalucia.es\/atalmalaga\/wp-json\/wp\/v2\/comments?post=290"}],"version-history":[{"count":14,"href":"https:\/\/blogsaverroes.juntadeandalucia.es\/atalmalaga\/wp-json\/wp\/v2\/pages\/290\/revisions"}],"predecessor-version":[{"id":382,"href":"https:\/\/blogsaverroes.juntadeandalucia.es\/atalmalaga\/wp-json\/wp\/v2\/pages\/290\/revisions\/382"}],"wp:attachment":[{"href":"https:\/\/blogsaverroes.juntadeandalucia.es\/atalmalaga\/wp-json\/wp\/v2\/media?parent=290"}],"curies":[{"name":"wp","href":"https:\/\/api.w.org\/{rel}","templated":true}]}}