{"id":71,"date":"2020-12-02T11:34:42","date_gmt":"2020-12-02T11:34:42","guid":{"rendered":"https:\/\/blogsaverroes.juntadeandalucia.es\/atalmalaga\/?page_id=71"},"modified":"2022-09-14T07:33:46","modified_gmt":"2022-09-14T07:33:46","slug":"contacto","status":"publish","type":"page","link":"https:\/\/blogsaverroes.juntadeandalucia.es\/atalmalaga\/contacto\/","title":{"rendered":"Contacto"},"content":{"rendered":"<p><span style=\"font-size: 18pt\"><strong>Aulas Temporales de Adaptaci\u00f3n Ling\u00fc\u00edstica<\/strong><\/span><\/p>\n<p><strong>Email:<\/strong><\/p>\n<ul>\n<li>atalprimaria.dpma.ced@juntadeandalucia.es<\/li>\n<li>atalsecundaria.dpma.ced@juntadeandalucia.es<\/li>\n<\/ul>\n<p><strong>Tel\u00e9fonos: <\/strong>951038138 (corporativo 938138)<\/p>\n<p><span style=\"font-size: 14pt\"><strong>Delegaci\u00f3n Territorial de Educaci\u00f3n en M\u00e1laga<\/strong><\/span><\/p>\n<p><span style=\"text-decoration: underline;font-size: 12pt\"><strong>S<\/strong>ervicio de <strong>O<\/strong>rdenaci\u00f3n <strong>E<\/strong>ducativa<\/span><\/p>\n<p><span style=\"font-size: 12pt\"><strong>E<\/strong>quipo <strong>T<\/strong>\u00e9cnico <strong>P<\/strong>rovincial de <strong>O<\/strong>rientaci\u00f3n <strong>E<\/strong>ducativa y <strong>P<\/strong>rofesional. <strong>ETPOEP<\/strong><\/span><\/p>\n<p><span style=\"font-size: 12pt\">Edificio Administrativo de Servicios M\u00faltiples Avda. de la Aurora, 47. Planta 10<\/span><\/p>\n<p><span style=\"font-size: 12pt\">29071 M\u00e1laga<\/span><\/p>\n<p>&nbsp;<\/p>\n","protected":false},"excerpt":{"rendered":"<p>Aulas Temporales de Adaptaci\u00f3n Ling\u00fc\u00edstica Email: atalprimaria.dpma.ced@juntadeandalucia.es atalsecundaria.dpma.ced@juntadeandalucia.es Tel\u00e9fonos: 951038138 (corporativo 938138) Delegaci\u00f3n Territorial de Educaci\u00f3n en M\u00e1laga Servicio de Ordenaci\u00f3n Educativa Equipo T\u00e9cnico Provincial de Orientaci\u00f3n Educativa y Profesional. ETPOEP Edificio Administrativo de&#46;&#46;&#46;<\/p>\n","protected":false},"author":11521,"featured_media":0,"parent":0,"menu_order":0,"comment_status":"closed","ping_status":"closed","template":"","meta":{"ngg_post_thumbnail":0,"footnotes":""},"aioseo_notices":[],"_links":{"self":[{"href":"https:\/\/blogsaverroes.juntadeandalucia.es\/atalmalaga\/wp-json\/wp\/v2\/pages\/71"}],"collection":[{"href":"https:\/\/blogsaverroes.juntadeandalucia.es\/atalmalaga\/wp-json\/wp\/v2\/pages"}],"about":[{"href":"https:\/\/blogsaverroes.juntadeandalucia.es\/atalmalaga\/wp-json\/wp\/v2\/types\/page"}],"author":[{"embeddable":true,"href":"https:\/\/blogsaverroes.juntadeandalucia.es\/atalmalaga\/wp-json\/wp\/v2\/users\/11521"}],"replies":[{"embeddable":true,"href":"https:\/\/blogsaverroes.juntadeandalucia.es\/atalmalaga\/wp-json\/wp\/v2\/comments?post=71"}],"version-history":[{"count":20,"href":"https:\/\/blogsaverroes.juntadeandalucia.es\/atalmalaga\/wp-json\/wp\/v2\/pages\/71\/revisions"}],"predecessor-version":[{"id":1079,"href":"https:\/\/blogsaverroes.juntadeandalucia.es\/atalmalaga\/wp-json\/wp\/v2\/pages\/71\/revisions\/1079"}],"wp:attachment":[{"href":"https:\/\/blogsaverroes.juntadeandalucia.es\/atalmalaga\/wp-json\/wp\/v2\/media?parent=71"}],"curies":[{"name":"wp","href":"https:\/\/api.w.org\/{rel}","templated":true}]}}