{"id":4,"date":"2024-10-20T19:09:29","date_gmt":"2024-10-20T17:09:29","guid":{"rendered":"https:\/\/blogsaverroes.juntadeandalucia.es\/atreveteaaprender\/?page_id=4"},"modified":"2024-11-12T17:46:05","modified_gmt":"2024-11-12T16:46:05","slug":"quien-soy","status":"publish","type":"page","link":"https:\/\/blogsaverroes.juntadeandalucia.es\/atreveteaaprender\/","title":{"rendered":"\u00bfQui\u00e9n soy?"},"content":{"rendered":"<p>\u00a1Hola chicos\/as!<\/p>\n<p style=\"text-align: center\">Mi nombre es Eva y soy maestra de Educaci\u00f3n Primaria.<\/p>\n<p style=\"text-align: center\">Hace tres a\u00f1os saqu\u00e9 mi plaza de maestra y desde entonces he estado en algunos colegios de Sevilla.<\/p>\n<p>Si quieres ver en cu\u00e1l estoy puedes acceder a trav\u00e9s de este enlace: <a href=\"http:\/\/blogceipinoflores.blogspot.com\/\">http:\/\/blogceipinoflores.blogspot.com\/<\/a><\/p>\n<p>&nbsp;<\/p>\n<p style=\"text-align: center\">Y te preguntar\u00e1s&#8230;\u00bfPara qu\u00e9 quiere la se\u00f1o Eva un blog?<\/p>\n<p style=\"text-align: center\">Pues este blog servir\u00e1 para recoger los diferentes proyectos que voy trabajando con mis alumnos\/as, as\u00ed como la variedad de recursos y\/o actividades que empleo en el d\u00eda a d\u00eda.<\/p>\n<p style=\"text-align: center\">\u00bfTe apuntas?<\/p>\n<p><img loading=\"lazy\" decoding=\"async\" class=\"size-medium wp-image-5 aligncenter\" src=\"https:\/\/blogsaverroes.juntadeandalucia.es\/atreveteaaprender\/files\/2024\/10\/WhatsApp-Image-2024-10-07-at-19.24.08-300x300.jpeg\" alt=\"\" width=\"300\" height=\"300\" srcset=\"https:\/\/blogsaverroes.juntadeandalucia.es\/atreveteaaprender\/files\/2024\/10\/WhatsApp-Image-2024-10-07-at-19.24.08-300x300.jpeg 300w, https:\/\/blogsaverroes.juntadeandalucia.es\/atreveteaaprender\/files\/2024\/10\/WhatsApp-Image-2024-10-07-at-19.24.08-150x150.jpeg 150w, https:\/\/blogsaverroes.juntadeandalucia.es\/atreveteaaprender\/files\/2024\/10\/WhatsApp-Image-2024-10-07-at-19.24.08-80x80.jpeg 80w, https:\/\/blogsaverroes.juntadeandalucia.es\/atreveteaaprender\/files\/2024\/10\/WhatsApp-Image-2024-10-07-at-19.24.08-320x320.jpeg 320w, https:\/\/blogsaverroes.juntadeandalucia.es\/atreveteaaprender\/files\/2024\/10\/WhatsApp-Image-2024-10-07-at-19.24.08.jpeg 398w\" sizes=\"(max-width: 300px) 100vw, 300px\" \/><\/p>\n<p>&nbsp;<\/p>\n<p>&nbsp;<\/p>\n<p>&nbsp;<\/p>\n","protected":false},"excerpt":{"rendered":"<p>\u00a1Hola chicos\/as! Mi nombre es Eva y soy maestra de Educaci\u00f3n Primaria. Hace tres a\u00f1os saqu\u00e9 mi plaza de maestra y desde entonces he estado en algunos colegios de Sevilla. Si quieres ver en&#46;&#46;&#46;<\/p>\n","protected":false},"author":20044,"featured_media":0,"parent":0,"menu_order":0,"comment_status":"closed","ping_status":"closed","template":"","meta":{"footnotes":""},"aioseo_notices":[],"_links":{"self":[{"href":"https:\/\/blogsaverroes.juntadeandalucia.es\/atreveteaaprender\/wp-json\/wp\/v2\/pages\/4"}],"collection":[{"href":"https:\/\/blogsaverroes.juntadeandalucia.es\/atreveteaaprender\/wp-json\/wp\/v2\/pages"}],"about":[{"href":"https:\/\/blogsaverroes.juntadeandalucia.es\/atreveteaaprender\/wp-json\/wp\/v2\/types\/page"}],"author":[{"embeddable":true,"href":"https:\/\/blogsaverroes.juntadeandalucia.es\/atreveteaaprender\/wp-json\/wp\/v2\/users\/20044"}],"replies":[{"embeddable":true,"href":"https:\/\/blogsaverroes.juntadeandalucia.es\/atreveteaaprender\/wp-json\/wp\/v2\/comments?post=4"}],"version-history":[{"count":3,"href":"https:\/\/blogsaverroes.juntadeandalucia.es\/atreveteaaprender\/wp-json\/wp\/v2\/pages\/4\/revisions"}],"predecessor-version":[{"id":57,"href":"https:\/\/blogsaverroes.juntadeandalucia.es\/atreveteaaprender\/wp-json\/wp\/v2\/pages\/4\/revisions\/57"}],"wp:attachment":[{"href":"https:\/\/blogsaverroes.juntadeandalucia.es\/atreveteaaprender\/wp-json\/wp\/v2\/media?parent=4"}],"curies":[{"name":"wp","href":"https:\/\/api.w.org\/{rel}","templated":true}]}}