{"id":289,"date":"2025-12-16T19:54:46","date_gmt":"2025-12-16T19:54:46","guid":{"rendered":"https:\/\/blogsaverroes.juntadeandalucia.es\/auladeinglesigueroa\/?page_id=289"},"modified":"2025-12-17T17:02:19","modified_gmt":"2025-12-17T17:02:19","slug":"videos","status":"publish","type":"page","link":"https:\/\/blogsaverroes.juntadeandalucia.es\/auladeinglesigueroa\/videos\/","title":{"rendered":"V\u00cdDEOS"},"content":{"rendered":"<p>&nbsp;<\/p>\n<div id=\"attachment_344\" style=\"width: 612px\" class=\"wp-caption aligncenter\"><img loading=\"lazy\" decoding=\"async\" aria-describedby=\"caption-attachment-344\" class=\"size-full wp-image-344\" src=\"https:\/\/blogsaverroes.juntadeandalucia.es\/auladeinglesigueroa\/files\/2025\/12\/istockphoto-1335022171-612x612-1.jpg\" alt=\"\" width=\"612\" height=\"408\" srcset=\"https:\/\/blogsaverroes.juntadeandalucia.es\/auladeinglesigueroa\/files\/2025\/12\/istockphoto-1335022171-612x612-1.jpg 612w, https:\/\/blogsaverroes.juntadeandalucia.es\/auladeinglesigueroa\/files\/2025\/12\/istockphoto-1335022171-612x612-1-300x200.jpg 300w\" sizes=\"(max-width: 612px) 100vw, 612px\" \/><p id=\"caption-attachment-344\" class=\"wp-caption-text\">Cheerful parents with two kids sitting in hugs on comfy couch and using remote control while watching television. Happy family with real emotions on faces at home.<\/p><\/div>\n<p>V\u00cdDEOS PARA APROBAR EX\u00c1MENES DE INGL\u00c9S. ESTILO FORMAL.&nbsp;<\/p>\n<p><a href=\"https:\/\/www.britishcouncil.es\/ingles\/aprender-online\/videos\">https:\/\/www.britishcouncil.es\/ingles\/aprender-online\/videos<\/a><\/p>\n<p>V\u00cdDEOS COMO ENTRETENIMIENTO<\/p>\n<p><a href=\"https:\/\/learnenglishteens.britishcouncil.org\/study-break\">https:\/\/learnenglishteens.britishcouncil.org\/study-break<\/a><\/p>\n","protected":false},"excerpt":{"rendered":"<p>&nbsp; V\u00cdDEOS PARA APROBAR EX\u00c1MENES DE INGL\u00c9S. ESTILO FORMAL.&nbsp; https:\/\/www.britishcouncil.es\/ingles\/aprender-online\/videos V\u00cdDEOS COMO ENTRETENIMIENTO https:\/\/learnenglishteens.britishcouncil.org\/study-break<\/p>\n","protected":false},"author":12812,"featured_media":0,"parent":0,"menu_order":0,"comment_status":"closed","ping_status":"closed","template":"","meta":{"ngg_post_thumbnail":0,"footnotes":""},"aioseo_notices":[],"_links":{"self":[{"href":"https:\/\/blogsaverroes.juntadeandalucia.es\/auladeinglesigueroa\/wp-json\/wp\/v2\/pages\/289"}],"collection":[{"href":"https:\/\/blogsaverroes.juntadeandalucia.es\/auladeinglesigueroa\/wp-json\/wp\/v2\/pages"}],"about":[{"href":"https:\/\/blogsaverroes.juntadeandalucia.es\/auladeinglesigueroa\/wp-json\/wp\/v2\/types\/page"}],"author":[{"embeddable":true,"href":"https:\/\/blogsaverroes.juntadeandalucia.es\/auladeinglesigueroa\/wp-json\/wp\/v2\/users\/12812"}],"replies":[{"embeddable":true,"href":"https:\/\/blogsaverroes.juntadeandalucia.es\/auladeinglesigueroa\/wp-json\/wp\/v2\/comments?post=289"}],"version-history":[{"count":3,"href":"https:\/\/blogsaverroes.juntadeandalucia.es\/auladeinglesigueroa\/wp-json\/wp\/v2\/pages\/289\/revisions"}],"predecessor-version":[{"id":345,"href":"https:\/\/blogsaverroes.juntadeandalucia.es\/auladeinglesigueroa\/wp-json\/wp\/v2\/pages\/289\/revisions\/345"}],"wp:attachment":[{"href":"https:\/\/blogsaverroes.juntadeandalucia.es\/auladeinglesigueroa\/wp-json\/wp\/v2\/media?parent=289"}],"curies":[{"name":"wp","href":"https:\/\/api.w.org\/{rel}","templated":true}]}}