{"id":51,"date":"2021-04-30T19:36:13","date_gmt":"2021-04-30T19:36:13","guid":{"rendered":"https:\/\/blogsaverroes.juntadeandalucia.es\/auladeinglesigueroa\/?page_id=51"},"modified":"2025-12-17T16:53:43","modified_gmt":"2025-12-17T16:53:43","slug":"phonetics","status":"publish","type":"page","link":"https:\/\/blogsaverroes.juntadeandalucia.es\/auladeinglesigueroa\/phonetics\/","title":{"rendered":"PHONETICS"},"content":{"rendered":"<p style=\"text-align: center\"><span style=\"font-size: 18pt\"><strong>PHONETICS&nbsp;<\/strong><\/span><\/p>\n<p><img loading=\"lazy\" decoding=\"async\" class=\"wp-image-335 aligncenter\" src=\"https:\/\/blogsaverroes.juntadeandalucia.es\/auladeinglesigueroa\/files\/2025\/12\/pexels-freestockpro-2078772-scaled.jpg\" alt=\"\" width=\"398\" height=\"597\" srcset=\"https:\/\/blogsaverroes.juntadeandalucia.es\/auladeinglesigueroa\/files\/2025\/12\/pexels-freestockpro-2078772-scaled.jpg 1707w, https:\/\/blogsaverroes.juntadeandalucia.es\/auladeinglesigueroa\/files\/2025\/12\/pexels-freestockpro-2078772-200x300.jpg 200w, https:\/\/blogsaverroes.juntadeandalucia.es\/auladeinglesigueroa\/files\/2025\/12\/pexels-freestockpro-2078772-683x1024.jpg 683w, https:\/\/blogsaverroes.juntadeandalucia.es\/auladeinglesigueroa\/files\/2025\/12\/pexels-freestockpro-2078772-768x1152.jpg 768w, https:\/\/blogsaverroes.juntadeandalucia.es\/auladeinglesigueroa\/files\/2025\/12\/pexels-freestockpro-2078772-1024x1536.jpg 1024w, https:\/\/blogsaverroes.juntadeandalucia.es\/auladeinglesigueroa\/files\/2025\/12\/pexels-freestockpro-2078772-1365x2048.jpg 1365w, https:\/\/blogsaverroes.juntadeandalucia.es\/auladeinglesigueroa\/files\/2025\/12\/pexels-freestockpro-2078772-750x1125.jpg 750w\" sizes=\"(max-width: 398px) 100vw, 398px\" \/><\/p>\n<p>ACTIVIDADES VARIAS DE FON\u00c9TICA&nbsp;<\/p>\n<p><a href=\"https:\/\/agendaweb.org\/phonetic-worksheets.html\">https:\/\/agendaweb.org\/phonetic-worksheets.html<\/a><\/p>\n<p><a href=\"http:\/\/www.agendaweb.org\/phonetic.html\">http:\/\/www.agendaweb.org\/phonetic.html<\/a><\/p>\n<p>&nbsp;<\/p>\n<p>RECURSOS MUY \u00daTILES PARA TRABAJAR TODA LA FON\u00c9TICA DE UNA FORMA \u00daTIL<\/p>\n<p><a href=\"http:\/\/www.primaryresources.co.uk\/english\/englishA1c.htm\">http:\/\/www.primaryresources.co.uk\/english\/englishA1c.htm<\/a><\/p>\n<p>SONGS<\/p>\n<p><a href=\"http:\/\/www.isabelperez.com\/songs\/\">http:\/\/www.isabelperez.com\/songs\/<\/a><\/p>\n<p>&nbsp;<\/p>\n<p>LINKS<\/p>\n<p><a href=\"http:\/\/www.teachingenglish.org.uk\/article\/phonemic-chart\">http:\/\/www.teachingenglish.org.uk\/article\/phonemic-chart<\/a><\/p>\n<p><a href=\"http:\/\/www.bbc.co.uk\/worldservice\/learningenglish\/grammar\/pron\/sounds\/index.shtml\">http:\/\/www.bbc.co.uk\/worldservice\/learningenglish\/grammar\/pron\/sounds\/index.shtml<\/a><\/p>\n<p>&nbsp;<\/p>\n<p>&nbsp;<\/p>\n<p>&nbsp;<\/p>\n<p>&nbsp;<\/p>\n<p>&nbsp;<\/p>\n<p>&nbsp;<\/p>\n","protected":false},"excerpt":{"rendered":"<p>PHONETICS&nbsp; ACTIVIDADES VARIAS DE FON\u00c9TICA&nbsp; https:\/\/agendaweb.org\/phonetic-worksheets.html http:\/\/www.agendaweb.org\/phonetic.html &nbsp; RECURSOS MUY \u00daTILES PARA TRABAJAR TODA LA FON\u00c9TICA DE UNA FORMA \u00daTIL http:\/\/www.primaryresources.co.uk\/english\/englishA1c.htm SONGS http:\/\/www.isabelperez.com\/songs\/ &nbsp; LINKS http:\/\/www.teachingenglish.org.uk\/article\/phonemic-chart http:\/\/www.bbc.co.uk\/worldservice\/learningenglish\/grammar\/pron\/sounds\/index.shtml &nbsp; &nbsp; &nbsp; &nbsp; &nbsp; &nbsp;<\/p>\n","protected":false},"author":12812,"featured_media":0,"parent":0,"menu_order":0,"comment_status":"closed","ping_status":"closed","template":"","meta":{"ngg_post_thumbnail":0,"footnotes":""},"aioseo_notices":[],"_links":{"self":[{"href":"https:\/\/blogsaverroes.juntadeandalucia.es\/auladeinglesigueroa\/wp-json\/wp\/v2\/pages\/51"}],"collection":[{"href":"https:\/\/blogsaverroes.juntadeandalucia.es\/auladeinglesigueroa\/wp-json\/wp\/v2\/pages"}],"about":[{"href":"https:\/\/blogsaverroes.juntadeandalucia.es\/auladeinglesigueroa\/wp-json\/wp\/v2\/types\/page"}],"author":[{"embeddable":true,"href":"https:\/\/blogsaverroes.juntadeandalucia.es\/auladeinglesigueroa\/wp-json\/wp\/v2\/users\/12812"}],"replies":[{"embeddable":true,"href":"https:\/\/blogsaverroes.juntadeandalucia.es\/auladeinglesigueroa\/wp-json\/wp\/v2\/comments?post=51"}],"version-history":[{"count":18,"href":"https:\/\/blogsaverroes.juntadeandalucia.es\/auladeinglesigueroa\/wp-json\/wp\/v2\/pages\/51\/revisions"}],"predecessor-version":[{"id":336,"href":"https:\/\/blogsaverroes.juntadeandalucia.es\/auladeinglesigueroa\/wp-json\/wp\/v2\/pages\/51\/revisions\/336"}],"wp:attachment":[{"href":"https:\/\/blogsaverroes.juntadeandalucia.es\/auladeinglesigueroa\/wp-json\/wp\/v2\/media?parent=51"}],"curies":[{"name":"wp","href":"https:\/\/api.w.org\/{rel}","templated":true}]}}