{"id":118,"date":"2025-07-20T20:46:31","date_gmt":"2025-07-20T18:46:31","guid":{"rendered":"https:\/\/blogsaverroes.juntadeandalucia.es\/auladematematicas\/?page_id=118"},"modified":"2025-11-13T22:33:15","modified_gmt":"2025-11-13T21:33:15","slug":"numeros","status":"publish","type":"page","link":"https:\/\/blogsaverroes.juntadeandalucia.es\/auladematematicas\/numeros\/","title":{"rendered":"N\u00fameros"},"content":{"rendered":"<p><span class=\"texto\">Los n\u00fameros son una de las creaciones m\u00e1s poderosas de la mente humana. Nacieron de la necesidad de <strong>contar<\/strong> y <strong>medir<\/strong> para resolver situaciones de la vida cotidiana.<\/span><\/p>\n<div class=\"botonera\">\n<div class=\"botonera_fila\">\n<div class=\"boton_contenedor\"><a class=\"boton\" href=\"https:\/\/blogsaverroes.juntadeandalucia.es\/auladematematicas\/numeros\/enteros\/\">Enteros<\/a><\/div>\n<div class=\"boton_contenedor\"><a class=\"boton\" href=\"https:\/\/blogsaverroes.juntadeandalucia.es\/auladematematicas\/numeros\/reales\/\">Reales<\/a><\/div>\n<\/p><\/div>\n<\/div>\n<p><span><\/span><br \/>\n<span class=\"texto\">El concepto de n\u00famero ha ido evolucionando a lo largo de la historia, ampli\u00e1ndose desde los n\u00fameros naturales hasta otros conjuntos m\u00e1s complejos a medida que iban apareciendo nuevas necesidades. Comprender qu\u00e9 es un n\u00famero y para qu\u00e9 sirve es el primer paso para adentrarse en el fascinante mundo de las Matem\u00e1ticas.<\/span><\/p>\n","protected":false},"excerpt":{"rendered":"<p>Los n\u00fameros son una de las creaciones m\u00e1s poderosas de la mente humana. Nacieron de la necesidad de contar y medir para resolver situaciones de la vida cotidiana. Enteros Reales El concepto de n\u00famero ha ido evolucionando a lo largo de la historia, ampli\u00e1ndose desde los n\u00fameros naturales hasta otros conjuntos m\u00e1s complejos a medida &hellip; <\/p>\n<p><a class=\"more-link btn\" href=\"https:\/\/blogsaverroes.juntadeandalucia.es\/auladematematicas\/numeros\/\">Seguir leyendo<\/a><\/p>\n","protected":false},"author":19886,"featured_media":0,"parent":0,"menu_order":0,"comment_status":"closed","ping_status":"closed","template":"template-onecolumn.php","meta":{"footnotes":""},"aioseo_notices":[],"_links":{"self":[{"href":"https:\/\/blogsaverroes.juntadeandalucia.es\/auladematematicas\/wp-json\/wp\/v2\/pages\/118"}],"collection":[{"href":"https:\/\/blogsaverroes.juntadeandalucia.es\/auladematematicas\/wp-json\/wp\/v2\/pages"}],"about":[{"href":"https:\/\/blogsaverroes.juntadeandalucia.es\/auladematematicas\/wp-json\/wp\/v2\/types\/page"}],"author":[{"embeddable":true,"href":"https:\/\/blogsaverroes.juntadeandalucia.es\/auladematematicas\/wp-json\/wp\/v2\/users\/19886"}],"replies":[{"embeddable":true,"href":"https:\/\/blogsaverroes.juntadeandalucia.es\/auladematematicas\/wp-json\/wp\/v2\/comments?post=118"}],"version-history":[{"count":20,"href":"https:\/\/blogsaverroes.juntadeandalucia.es\/auladematematicas\/wp-json\/wp\/v2\/pages\/118\/revisions"}],"predecessor-version":[{"id":1414,"href":"https:\/\/blogsaverroes.juntadeandalucia.es\/auladematematicas\/wp-json\/wp\/v2\/pages\/118\/revisions\/1414"}],"wp:attachment":[{"href":"https:\/\/blogsaverroes.juntadeandalucia.es\/auladematematicas\/wp-json\/wp\/v2\/media?parent=118"}],"curies":[{"name":"wp","href":"https:\/\/api.w.org\/{rel}","templated":true}]}}