{"id":14,"date":"2011-10-12T17:48:23","date_gmt":"2011-10-12T15:48:23","guid":{"rendered":"https:\/\/blogsaverroes.juntadeandalucia.es\/auladematematicas\/custom-homepage\/"},"modified":"2026-02-03T23:13:51","modified_gmt":"2026-02-03T22:13:51","slug":"hola-mundo","status":"publish","type":"page","link":"https:\/\/blogsaverroes.juntadeandalucia.es\/auladematematicas\/","title":{"rendered":"\u00a1Hola Mundo!"},"content":{"rendered":"<p><span style=\"font-size: 20px;font-family: arial, helvetica, sans-serif\"><strong>\u00a1Bienvenidos al Aula de Matem\u00e1ticas!<\/strong><\/span><\/p>\n<p><span class=\"texto\">Este espacio web ha sido creado para todo el alumnado de <strong>ESO<\/strong> y <strong>Bachillerato<\/strong> que quiera <strong>aprender<\/strong>, <strong>mejorar<\/strong> y <strong>descubrir<\/strong> que las Matem\u00e1ticas son m\u00e1s sencillas y \u00fatiles de lo que parecen.<\/span><\/p>\n<p><span class=\"texto\">Aqu\u00ed encontrar\u00e1s <strong>apuntes<\/strong>, <strong>ejemplos<\/strong>, <strong>ejercicios<\/strong> y otros materiales que te ayudar\u00e1n a comprender las Matem\u00e1ticas paso a paso. La idea es que tengas siempre a mano un lugar donde <strong>apoyarte<\/strong>, ya sea para <strong>repasar<\/strong> antes de un examen, <strong>resolver dudas<\/strong> o ir un poco m\u00e1s all\u00e1 con <strong>curiosidades<\/strong> y <strong>aplicaciones pr\u00e1cticas<\/strong>.<\/span><\/p>\n","protected":false},"excerpt":{"rendered":"<p>\u00a1Bienvenidos al Aula de Matem\u00e1ticas! Este espacio web ha sido creado para todo el alumnado de ESO y Bachillerato que quiera aprender, mejorar y descubrir que las Matem\u00e1ticas son m\u00e1s sencillas y \u00fatiles de lo que parecen. Aqu\u00ed encontrar\u00e1s apuntes, ejemplos, ejercicios y otros materiales que te ayudar\u00e1n a comprender las Matem\u00e1ticas paso a paso. &hellip; <\/p>\n<p><a class=\"more-link btn\" href=\"https:\/\/blogsaverroes.juntadeandalucia.es\/auladematematicas\/\">Seguir leyendo<\/a><\/p>\n","protected":false},"author":19886,"featured_media":0,"parent":0,"menu_order":0,"comment_status":"closed","ping_status":"closed","template":"","meta":{"footnotes":""},"aioseo_notices":[],"_links":{"self":[{"href":"https:\/\/blogsaverroes.juntadeandalucia.es\/auladematematicas\/wp-json\/wp\/v2\/pages\/14"}],"collection":[{"href":"https:\/\/blogsaverroes.juntadeandalucia.es\/auladematematicas\/wp-json\/wp\/v2\/pages"}],"about":[{"href":"https:\/\/blogsaverroes.juntadeandalucia.es\/auladematematicas\/wp-json\/wp\/v2\/types\/page"}],"author":[{"embeddable":true,"href":"https:\/\/blogsaverroes.juntadeandalucia.es\/auladematematicas\/wp-json\/wp\/v2\/users\/19886"}],"replies":[{"embeddable":true,"href":"https:\/\/blogsaverroes.juntadeandalucia.es\/auladematematicas\/wp-json\/wp\/v2\/comments?post=14"}],"version-history":[{"count":31,"href":"https:\/\/blogsaverroes.juntadeandalucia.es\/auladematematicas\/wp-json\/wp\/v2\/pages\/14\/revisions"}],"predecessor-version":[{"id":2239,"href":"https:\/\/blogsaverroes.juntadeandalucia.es\/auladematematicas\/wp-json\/wp\/v2\/pages\/14\/revisions\/2239"}],"wp:attachment":[{"href":"https:\/\/blogsaverroes.juntadeandalucia.es\/auladematematicas\/wp-json\/wp\/v2\/media?parent=14"}],"curies":[{"name":"wp","href":"https:\/\/api.w.org\/{rel}","templated":true}]}}