{"id":1646,"date":"2025-12-17T18:25:24","date_gmt":"2025-12-17T17:25:24","guid":{"rendered":"https:\/\/blogsaverroes.juntadeandalucia.es\/auladematematicas\/?page_id=1646"},"modified":"2026-03-01T00:02:08","modified_gmt":"2026-02-28T23:02:08","slug":"funciones","status":"publish","type":"page","link":"https:\/\/blogsaverroes.juntadeandalucia.es\/auladematematicas\/funciones\/","title":{"rendered":"Funciones"},"content":{"rendered":"<p><span class=\"texto\">Las funciones son una de las ideas centrales de las Matem\u00e1ticas y una herramienta imprescindible para comprender y describir la realidad que nos rodea. A trav\u00e9s de ellas analizamos c\u00f3mo una magnitud depende de otra, interpretamos fen\u00f3menos cotidianos y modelizamos situaciones reales de forma rigurosa y precisa.<\/span><\/p>\n<div class=\"botonera\">\n<div class=\"botonera_fila\">\n<div class=\"boton_contenedor\"><a class=\"boton\" target=\"_blank\" rel=\"noopener noreferrer\" href=\"https:\/\/drive.google.com\/file\/d\/1M9-FdINkFUSQxR71HTd3gndkr1fa3be9\/view?usp=sharing\">Funciones polin\u00f3micas <span class=\"actualizado\">\u00a1Actualizado! (29\/12\/2025)<\/span><\/a><\/div>\n<\/p><\/div>\n<div class=\"botonera_fila\">\n<div class=\"boton_contenedor\"><a class=\"boton\" href=\"https:\/\/blogsaverroes.juntadeandalucia.es\/auladematematicas\/funciones\/limites\/\">L\u00edmites<\/a><\/div>\n<div class=\"boton_contenedor\"><a class=\"boton\" target=\"_blank\" rel=\"noopener noreferrer\" href=\"https:\/\/drive.google.com\/file\/d\/1pV_qIGYsbKPMcDdR0DHufVqvp28fBd9c\/view?usp=sharing\">Continuidad <span class=\"actualizado\">\u00a1Actualizado! (27\/12\/2025)<\/span><\/a><\/div>\n<\/p><\/div>\n<div class=\"botonera_fila\">\n<div class=\"boton_contenedor\"><a class=\"boton\" href=\"https:\/\/blogsaverroes.juntadeandalucia.es\/auladematematicas\/funciones\/derivadas\/\">Derivadas<\/a><\/div>\n<div class=\"boton_contenedor\"><a class=\"boton\" href=\"integrales\/\">Integrales <span class=\"actualizado\">\u00a1Actualizado! (24\/02\/2026)<\/span><\/a><\/div>\n<\/p><\/div>\n<div class=\"botonera_fila\">\n<div class=\"boton_contenedor\"><a class=\"boton\" target=\"_blank\" rel=\"noopener noreferrer\" href=\"https:\/\/drive.google.com\/file\/d\/19GvqTHAkDbeVGICHWD8iBs0G6F4WQ1uc\/view?usp=sharing\">Teoremas fundamentales del ana\u0301lisis matema\u0301tico <span class=\"actualizado\">\u00a1Actualizado! (28\/02\/2025)<\/span><\/a><\/div>\n<\/p><\/div>\n<\/div>\n","protected":false},"excerpt":{"rendered":"<p>Las funciones son una de las ideas centrales de las Matem\u00e1ticas y una herramienta imprescindible para comprender y describir la realidad que nos rodea. A trav\u00e9s de ellas analizamos c\u00f3mo una magnitud depende de otra, interpretamos fen\u00f3menos cotidianos y modelizamos situaciones reales de forma rigurosa y precisa. Funciones polin\u00f3micas \u00a1Actualizado! (29\/12\/2025) L\u00edmites Continuidad \u00a1Actualizado! (27\/12\/2025) &hellip; <\/p>\n<p><a class=\"more-link btn\" href=\"https:\/\/blogsaverroes.juntadeandalucia.es\/auladematematicas\/funciones\/\">Seguir leyendo<\/a><\/p>\n","protected":false},"author":19886,"featured_media":0,"parent":0,"menu_order":0,"comment_status":"closed","ping_status":"closed","template":"","meta":{"footnotes":""},"aioseo_notices":[],"_links":{"self":[{"href":"https:\/\/blogsaverroes.juntadeandalucia.es\/auladematematicas\/wp-json\/wp\/v2\/pages\/1646"}],"collection":[{"href":"https:\/\/blogsaverroes.juntadeandalucia.es\/auladematematicas\/wp-json\/wp\/v2\/pages"}],"about":[{"href":"https:\/\/blogsaverroes.juntadeandalucia.es\/auladematematicas\/wp-json\/wp\/v2\/types\/page"}],"author":[{"embeddable":true,"href":"https:\/\/blogsaverroes.juntadeandalucia.es\/auladematematicas\/wp-json\/wp\/v2\/users\/19886"}],"replies":[{"embeddable":true,"href":"https:\/\/blogsaverroes.juntadeandalucia.es\/auladematematicas\/wp-json\/wp\/v2\/comments?post=1646"}],"version-history":[{"count":22,"href":"https:\/\/blogsaverroes.juntadeandalucia.es\/auladematematicas\/wp-json\/wp\/v2\/pages\/1646\/revisions"}],"predecessor-version":[{"id":2318,"href":"https:\/\/blogsaverroes.juntadeandalucia.es\/auladematematicas\/wp-json\/wp\/v2\/pages\/1646\/revisions\/2318"}],"wp:attachment":[{"href":"https:\/\/blogsaverroes.juntadeandalucia.es\/auladematematicas\/wp-json\/wp\/v2\/media?parent=1646"}],"curies":[{"name":"wp","href":"https:\/\/api.w.org\/{rel}","templated":true}]}}