{"id":1655,"date":"2025-12-17T18:42:45","date_gmt":"2025-12-17T17:42:45","guid":{"rendered":"https:\/\/blogsaverroes.juntadeandalucia.es\/auladematematicas\/?page_id=1655"},"modified":"2026-04-19T11:23:34","modified_gmt":"2026-04-19T09:23:34","slug":"derivadas","status":"publish","type":"page","link":"https:\/\/blogsaverroes.juntadeandalucia.es\/auladematematicas\/funciones\/derivadas\/","title":{"rendered":"Derivadas"},"content":{"rendered":"<p><span class=\"texto\">Las derivadas son una herramienta fundamental del an\u00e1lisis matem\u00e1tico que nos permiten estudiar c\u00f3mo cambian las funciones. A trav\u00e9s de este concepto clave aprenderemos a describir variaciones, analizar gr\u00e1ficas, optimizar situaciones, anticipar tendencias&#8230; y, en definitiva, a analizar el comportamiento de funciones en distintos contextos.<\/span><\/p>\n<div class=\"botonera\">\n<div class=\"botonera_fila\">\n<div class=\"boton_contenedor\">\n<div class=\"botonera_fila\">\n<div class=\"boton_contenedor boton\"><span class=\"boton_base\">\u00bfC\u00d3MO SE DERIVA?<\/p>\n<div class=\"botonera_fila\">\n<div class=\"boton_contenedor\"><a class=\"boton_base boton_2\" target=\"_blank\" rel=\"noopener noreferrer\" href=\"https:\/\/drive.google.com\/file\/d\/11-b7W2NT3wGOSECoOfKdgfxcABHLO6Ab\/view\">Reglas de derivaci\u00f3n <span class=\"actualizado\">\u00a1Actualizado 07\/12\/2025!<\/span><\/a><\/div>\n<div class=\"boton_contenedor\"><a class=\"boton_base boton_2\" target=\"_blank\" rel=\"noopener noreferrer\" href=\"https:\/\/drive.google.com\/file\/d\/1CKc9jprgVPBhWT0uV6egHtJLZEA5gZ5t\/view\">Tablas de derivadas <span class=\"actualizado\">\u00a1Actualizado 14\/12\/2025!<\/span><\/a><\/div>\n<\/p><\/div>\n<p>        <\/span><\/div>\n<\/p><\/div>\n<\/p><\/div>\n<\/p><\/div>\n<div class=\"botonera_fila\">\n<div class=\"boton_contenedor\">\n<div class=\"botonera_fila\">\n<div class=\"boton_contenedor boton\"><span class=\"boton_base\">EJERCICIOS DE C\u00c1LCULO<\/p>\n<div class=\"botonera_fila\">\n<div class=\"boton_contenedor\"><a class=\"boton_base boton_2\" target=\"_blank\" rel=\"noopener noreferrer\" href=\"https:\/\/drive.google.com\/file\/d\/15mwU9wx3KpFOD8ghNV4gOMKsrSiVOdDr\/view\">Hoja I <span class=\"actualizado\">\u00a1Actualizado 07\/02\/2026!<\/span><\/a><\/div>\n<div class=\"boton_contenedor\"><a class=\"boton_base boton_2\" target=\"_blank\" rel=\"noopener noreferrer\" href=\"https:\/\/drive.google.com\/file\/d\/1ieAHA1YrzTxEtZBg1MT5H_BlLVWOoG2g\/view\">Hoja II <span class=\"actualizado\">\u00a1Actualizado 08\/02\/2026!<\/span><\/a><\/div>\n<\/p><\/div>\n<p>        <\/span><\/div>\n<\/p><\/div>\n<\/p><\/div>\n<\/p><\/div>\n<div class=\"botonera_fila\">\n<div class=\"boton_contenedor\">\n<div class=\"botonera_fila\">\n<div class=\"boton_contenedor boton\"><span class=\"boton_base\">APLICACIONES<\/p>\n<div class=\"botonera_fila\">\n<div class=\"boton_contenedor\"><a class=\"boton_base boton_2\" target=\"_blank\" rel=\"noopener noreferrer\" href=\"https:\/\/drive.google.com\/file\/d\/1tzJWYREBcdyys1_uh1inex4XBwdnM-sX\/view\">Monoton\u00eda <span class=\"actualizado\">\u00a1Actualizado 01\/02\/2026!<\/span><\/a><\/div>\n<div class=\"boton_contenedor\"><a class=\"boton_base boton_2\" target=\"_blank\" rel=\"noopener noreferrer\" href=\"https:\/\/drive.google.com\/file\/d\/1Wpu-bbBdBYu29Nk7sAwIQZO8d5tvFrCl\/view\">Curvatura <span class=\"actualizado\">\u00a1Actualizado 01\/02\/2026!<\/span><\/a><\/div>\n<\/p><\/div>\n<div class=\"botonera_fila\">\n<div class=\"boton_contenedor\"><a class=\"boton_base boton_2\" target=\"_blank\" rel=\"noopener noreferrer\" href=\"https:\/\/drive.google.com\/file\/d\/1hhSCFiMMjK29ZzmGgn6H0fGhbk5rT3Gt\/view\">Gr\u00e1ficas <span class=\"actualizado\">\u00a1Actualizado 01\/02\/2026!<\/span><\/a><\/div>\n<div class=\"boton_contenedor\">\n<div class=\"boton_base boton_2 boton_prohibido\">Problemas <span class=\"actualizado\">Pr\u00f3ximamente&#8230;<\/span><\/div>\n<\/div><\/div>\n<p>        <\/span><\/div>\n<\/p><\/div>\n<\/p><\/div>\n<\/p><\/div>\n<\/div>\n","protected":false},"excerpt":{"rendered":"<p>Las derivadas son una herramienta fundamental del an\u00e1lisis matem\u00e1tico que nos permiten estudiar c\u00f3mo cambian las funciones. A trav\u00e9s de este concepto clave aprenderemos a describir variaciones, analizar gr\u00e1ficas, optimizar situaciones, anticipar tendencias&#8230; y, en definitiva, a analizar el comportamiento de funciones en distintos contextos. \u00bfC\u00d3MO SE DERIVA? Reglas de derivaci\u00f3n \u00a1Actualizado 07\/12\/2025! Tablas de &hellip; <\/p>\n<p><a class=\"more-link btn\" href=\"https:\/\/blogsaverroes.juntadeandalucia.es\/auladematematicas\/funciones\/derivadas\/\">Seguir leyendo<\/a><\/p>\n","protected":false},"author":19886,"featured_media":0,"parent":1646,"menu_order":0,"comment_status":"closed","ping_status":"closed","template":"","meta":{"footnotes":""},"aioseo_notices":[],"_links":{"self":[{"href":"https:\/\/blogsaverroes.juntadeandalucia.es\/auladematematicas\/wp-json\/wp\/v2\/pages\/1655"}],"collection":[{"href":"https:\/\/blogsaverroes.juntadeandalucia.es\/auladematematicas\/wp-json\/wp\/v2\/pages"}],"about":[{"href":"https:\/\/blogsaverroes.juntadeandalucia.es\/auladematematicas\/wp-json\/wp\/v2\/types\/page"}],"author":[{"embeddable":true,"href":"https:\/\/blogsaverroes.juntadeandalucia.es\/auladematematicas\/wp-json\/wp\/v2\/users\/19886"}],"replies":[{"embeddable":true,"href":"https:\/\/blogsaverroes.juntadeandalucia.es\/auladematematicas\/wp-json\/wp\/v2\/comments?post=1655"}],"version-history":[{"count":51,"href":"https:\/\/blogsaverroes.juntadeandalucia.es\/auladematematicas\/wp-json\/wp\/v2\/pages\/1655\/revisions"}],"predecessor-version":[{"id":2481,"href":"https:\/\/blogsaverroes.juntadeandalucia.es\/auladematematicas\/wp-json\/wp\/v2\/pages\/1655\/revisions\/2481"}],"up":[{"embeddable":true,"href":"https:\/\/blogsaverroes.juntadeandalucia.es\/auladematematicas\/wp-json\/wp\/v2\/pages\/1646"}],"wp:attachment":[{"href":"https:\/\/blogsaverroes.juntadeandalucia.es\/auladematematicas\/wp-json\/wp\/v2\/media?parent=1655"}],"curies":[{"name":"wp","href":"https:\/\/api.w.org\/{rel}","templated":true}]}}