{"id":2289,"date":"2026-02-24T21:31:21","date_gmt":"2026-02-24T20:31:21","guid":{"rendered":"https:\/\/blogsaverroes.juntadeandalucia.es\/auladematematicas\/?page_id=2289"},"modified":"2026-03-06T22:10:26","modified_gmt":"2026-03-06T21:10:26","slug":"integrales","status":"publish","type":"page","link":"https:\/\/blogsaverroes.juntadeandalucia.es\/auladematematicas\/funciones\/integrales\/","title":{"rendered":"Integrales"},"content":{"rendered":"<p><span class=\"texto\">Las integrales representan uno de los grandes avances del pensamiento matem\u00e1tico. Si las derivadas nos permiten estudiar el cambio, las integrales nos ense\u00f1an a reconstruir, acumular y medir. Gracias a ellas podemos calcular longitudes, \u00e1reas, vol\u00famenes y magnitudes que, a simple vista, parecen imposibles de determinar con exactitud.<\/span><\/p>\n<div class=\"botonera\">\n<div class=\"botonera_fila\">\n<div class=\"boton_contenedor\"><a class=\"boton\" href=\"indefinidas\">Indefinidas<\/a><\/div>\n<div class=\"boton_contenedor\"><a class=\"boton\" href=\"definidas\">Definidas<\/a><\/div>\n<\/p><\/div>\n<\/div>\n","protected":false},"excerpt":{"rendered":"<p>Las integrales representan uno de los grandes avances del pensamiento matem\u00e1tico. Si las derivadas nos permiten estudiar el cambio, las integrales nos ense\u00f1an a reconstruir, acumular y medir. Gracias a ellas podemos calcular longitudes, \u00e1reas, vol\u00famenes y magnitudes que, a simple vista, parecen imposibles de determinar con exactitud. Indefinidas Definidas<\/p>\n","protected":false},"author":19886,"featured_media":0,"parent":1646,"menu_order":0,"comment_status":"closed","ping_status":"closed","template":"","meta":{"footnotes":""},"aioseo_notices":[],"_links":{"self":[{"href":"https:\/\/blogsaverroes.juntadeandalucia.es\/auladematematicas\/wp-json\/wp\/v2\/pages\/2289"}],"collection":[{"href":"https:\/\/blogsaverroes.juntadeandalucia.es\/auladematematicas\/wp-json\/wp\/v2\/pages"}],"about":[{"href":"https:\/\/blogsaverroes.juntadeandalucia.es\/auladematematicas\/wp-json\/wp\/v2\/types\/page"}],"author":[{"embeddable":true,"href":"https:\/\/blogsaverroes.juntadeandalucia.es\/auladematematicas\/wp-json\/wp\/v2\/users\/19886"}],"replies":[{"embeddable":true,"href":"https:\/\/blogsaverroes.juntadeandalucia.es\/auladematematicas\/wp-json\/wp\/v2\/comments?post=2289"}],"version-history":[{"count":23,"href":"https:\/\/blogsaverroes.juntadeandalucia.es\/auladematematicas\/wp-json\/wp\/v2\/pages\/2289\/revisions"}],"predecessor-version":[{"id":2301,"href":"https:\/\/blogsaverroes.juntadeandalucia.es\/auladematematicas\/wp-json\/wp\/v2\/pages\/2289\/revisions\/2301"}],"up":[{"embeddable":true,"href":"https:\/\/blogsaverroes.juntadeandalucia.es\/auladematematicas\/wp-json\/wp\/v2\/pages\/1646"}],"wp:attachment":[{"href":"https:\/\/blogsaverroes.juntadeandalucia.es\/auladematematicas\/wp-json\/wp\/v2\/media?parent=2289"}],"curies":[{"name":"wp","href":"https:\/\/api.w.org\/{rel}","templated":true}]}}