{"id":363,"date":"2025-09-29T12:29:28","date_gmt":"2025-09-29T10:29:28","guid":{"rendered":"https:\/\/blogsaverroes.juntadeandalucia.es\/auladematematicas\/?page_id=363"},"modified":"2026-02-28T23:54:05","modified_gmt":"2026-02-28T22:54:05","slug":"enteros","status":"publish","type":"page","link":"https:\/\/blogsaverroes.juntadeandalucia.es\/auladematematicas\/numeros\/enteros\/","title":{"rendered":"N\u00fameros enteros"},"content":{"rendered":"<p><span class=\"texto\">Los n\u00fameros enteros, formados por los n\u00fameros naturales y sus correspondientes opuestos, nos permiten representar <strong>ganancias y p\u00e9rdidas<\/strong>, <strong>avances y retrocesos<\/strong>&#8230; as\u00ed que est\u00e1n presentes en muchas situaciones cotidianas: <strong>temperaturas bajo cero<\/strong>, <strong>resultados deportivos<\/strong>, <strong>saldos bancarios<\/strong>&#8230;<\/span><\/p>\n<div class=\"botonera\">\n<div class=\"botonera_fila\">\n<div class=\"boton_contenedor\"><a class=\"boton\" target=\"_blank\" rel=\"noopener noreferrer\" href=\"https:\/\/drive.google.com\/file\/d\/1FIhxj9jvmalOvKwmnW_8or5BnF6KuEM5\/view?usp=sharing\">Operaciones<\/a><\/div>\n<div class=\"boton_contenedor\"><a class=\"boton\" target=\"_blank\" rel=\"noopener noreferrer\" href=\"https:\/\/drive.google.com\/file\/d\/1MyjqnXtyEnxGrElyJ0IazJKD_Isv5bRk\/view?usp=sharing\">Divisibilidad<\/a><\/div>\n<\/p><\/div>\n<div class=\"botonera_fila\">\n<div class=\"boton_contenedor\"><a class=\"boton\" target=\"_blank\" rel=\"noopener noreferrer\" href=\"https:\/\/drive.google.com\/file\/d\/1MbSW3YUJxvX1JOln9Mti2y9xfWykO21u\/view?usp=sharing\">Potencias<\/a><\/div>\n<div class=\"boton_contenedor\"><a class=\"boton boton_prohibido\" href=\"#\">Continuar\u00e1&#8230;<\/a><\/div>\n<\/p><\/div>\n<\/div>\n","protected":false},"excerpt":{"rendered":"<p>Los n\u00fameros enteros, formados por los n\u00fameros naturales y sus correspondientes opuestos, nos permiten representar ganancias y p\u00e9rdidas, avances y retrocesos&#8230; as\u00ed que est\u00e1n presentes en muchas situaciones cotidianas: temperaturas bajo cero, resultados deportivos, saldos bancarios&#8230; Operaciones Divisibilidad Potencias Continuar\u00e1&#8230;<\/p>\n","protected":false},"author":19886,"featured_media":0,"parent":118,"menu_order":0,"comment_status":"closed","ping_status":"closed","template":"","meta":{"footnotes":""},"aioseo_notices":[],"_links":{"self":[{"href":"https:\/\/blogsaverroes.juntadeandalucia.es\/auladematematicas\/wp-json\/wp\/v2\/pages\/363"}],"collection":[{"href":"https:\/\/blogsaverroes.juntadeandalucia.es\/auladematematicas\/wp-json\/wp\/v2\/pages"}],"about":[{"href":"https:\/\/blogsaverroes.juntadeandalucia.es\/auladematematicas\/wp-json\/wp\/v2\/types\/page"}],"author":[{"embeddable":true,"href":"https:\/\/blogsaverroes.juntadeandalucia.es\/auladematematicas\/wp-json\/wp\/v2\/users\/19886"}],"replies":[{"embeddable":true,"href":"https:\/\/blogsaverroes.juntadeandalucia.es\/auladematematicas\/wp-json\/wp\/v2\/comments?post=363"}],"version-history":[{"count":22,"href":"https:\/\/blogsaverroes.juntadeandalucia.es\/auladematematicas\/wp-json\/wp\/v2\/pages\/363\/revisions"}],"predecessor-version":[{"id":2312,"href":"https:\/\/blogsaverroes.juntadeandalucia.es\/auladematematicas\/wp-json\/wp\/v2\/pages\/363\/revisions\/2312"}],"up":[{"embeddable":true,"href":"https:\/\/blogsaverroes.juntadeandalucia.es\/auladematematicas\/wp-json\/wp\/v2\/pages\/118"}],"wp:attachment":[{"href":"https:\/\/blogsaverroes.juntadeandalucia.es\/auladematematicas\/wp-json\/wp\/v2\/media?parent=363"}],"curies":[{"name":"wp","href":"https:\/\/api.w.org\/{rel}","templated":true}]}}