{"id":513,"date":"2025-09-30T22:40:28","date_gmt":"2025-09-30T20:40:28","guid":{"rendered":"https:\/\/blogsaverroes.juntadeandalucia.es\/auladematematicas\/?page_id=513"},"modified":"2026-03-01T00:00:41","modified_gmt":"2026-02-28T23:00:41","slug":"matrices","status":"publish","type":"page","link":"https:\/\/blogsaverroes.juntadeandalucia.es\/auladematematicas\/algebra\/matrices\/","title":{"rendered":"Matrices"},"content":{"rendered":"<p><span class=\"texto\">Las matrices son una herramienta fundamental del \u00c1lgebra que nos permite <strong>organizar informaci\u00f3n num\u00e9rica en forma de tabla y operar con ella de manera eficiente<\/strong>. Gracias a las matrices podemos resolver sistemas de ecuaciones, modelizar situaciones reales y trabajar con datos de forma estructurada.<\/span><\/p>\n<div class=\"botonera\">\n<div class=\"botonera_fila\">\n<div class=\"boton_contenedor\"><a class=\"boton\" target=\"_blank\" rel=\"noopener noreferrer\" href=\"https:\/\/drive.google.com\/file\/d\/1Kr-XUfgPDrhOzJjymym0isU6bCij41TJ\/view?usp=sharing\">Operaciones<\/a><\/div>\n<div class=\"boton_contenedor\"><a class=\"boton\" target=\"_blank\" rel=\"noopener noreferrer\" href=\"https:\/\/drive.google.com\/file\/d\/1xk_U1MyEvC3dsusVXaKZXUzig3tAPYN-\/view?usp=sharing\">Determinantes<span class=\"actualizado\">\u00a1Actualizado! (10\/11\/2025)<\/span><\/a><\/div>\n<\/p><\/div>\n<\/div>\n","protected":false},"excerpt":{"rendered":"<p>Las matrices son una herramienta fundamental del \u00c1lgebra que nos permite organizar informaci\u00f3n num\u00e9rica en forma de tabla y operar con ella de manera eficiente. Gracias a las matrices podemos resolver sistemas de ecuaciones, modelizar situaciones reales y trabajar con datos de forma estructurada. Operaciones Determinantes\u00a1Actualizado! (10\/11\/2025)<\/p>\n","protected":false},"author":19886,"featured_media":0,"parent":316,"menu_order":2,"comment_status":"closed","ping_status":"closed","template":"","meta":{"footnotes":""},"aioseo_notices":[],"_links":{"self":[{"href":"https:\/\/blogsaverroes.juntadeandalucia.es\/auladematematicas\/wp-json\/wp\/v2\/pages\/513"}],"collection":[{"href":"https:\/\/blogsaverroes.juntadeandalucia.es\/auladematematicas\/wp-json\/wp\/v2\/pages"}],"about":[{"href":"https:\/\/blogsaverroes.juntadeandalucia.es\/auladematematicas\/wp-json\/wp\/v2\/types\/page"}],"author":[{"embeddable":true,"href":"https:\/\/blogsaverroes.juntadeandalucia.es\/auladematematicas\/wp-json\/wp\/v2\/users\/19886"}],"replies":[{"embeddable":true,"href":"https:\/\/blogsaverroes.juntadeandalucia.es\/auladematematicas\/wp-json\/wp\/v2\/comments?post=513"}],"version-history":[{"count":21,"href":"https:\/\/blogsaverroes.juntadeandalucia.es\/auladematematicas\/wp-json\/wp\/v2\/pages\/513\/revisions"}],"predecessor-version":[{"id":2317,"href":"https:\/\/blogsaverroes.juntadeandalucia.es\/auladematematicas\/wp-json\/wp\/v2\/pages\/513\/revisions\/2317"}],"up":[{"embeddable":true,"href":"https:\/\/blogsaverroes.juntadeandalucia.es\/auladematematicas\/wp-json\/wp\/v2\/pages\/316"}],"wp:attachment":[{"href":"https:\/\/blogsaverroes.juntadeandalucia.es\/auladematematicas\/wp-json\/wp\/v2\/media?parent=513"}],"curies":[{"name":"wp","href":"https:\/\/api.w.org\/{rel}","templated":true}]}}