{"id":725,"date":"2025-10-03T09:43:14","date_gmt":"2025-10-03T07:43:14","guid":{"rendered":"https:\/\/blogsaverroes.juntadeandalucia.es\/auladematematicas\/?page_id=725"},"modified":"2026-02-28T23:55:09","modified_gmt":"2026-02-28T22:55:09","slug":"reales","status":"publish","type":"page","link":"https:\/\/blogsaverroes.juntadeandalucia.es\/auladematematicas\/numeros\/reales\/","title":{"rendered":"N\u00fameros reales"},"content":{"rendered":"<p><span class=\"texto\">Los n\u00fameros reales forman el conjunto m\u00e1s amplio y \u00fatil con el que trabajamos habitualmente en Matem\u00e1ticas. Incluyen a los <strong>naturales<\/strong>, los <strong>enteros<\/strong>, las <strong>fracciones<\/strong> y los <strong>decimales infinitos no peri\u00f3dicos<\/strong>. Gracias a ellos podemos medir, comparar y describir magnitudes de la vida cotidiana y de la ciencia con una precisi\u00f3n ilimitada.<\/span><\/p>\n<div class=\"botonera\">\n<div class=\"botonera_fila\">\n<div class=\"boton_contenedor\"><a class=\"boton\" target=\"_blank\" rel=\"noopener noreferrer\" href=\"https:\/\/drive.google.com\/file\/d\/14rgLQNhqW3yZjAkdVHfi7C7zbNICiLvT\/view?usp=sharing\">Radicales<\/a><\/div>\n<div class=\"boton_contenedor\"><a class=\"boton\" target=\"_blank\" rel=\"noopener noreferrer\" href=\"https:\/\/drive.google.com\/file\/d\/19cSEj7v1NrRkWBUCGhBhsH_hgtLimFE4\/view?usp=sharing\">Logaritmos<\/a><\/div>\n<\/p><\/div>\n<\/div>\n","protected":false},"excerpt":{"rendered":"<p>Los n\u00fameros reales forman el conjunto m\u00e1s amplio y \u00fatil con el que trabajamos habitualmente en Matem\u00e1ticas. Incluyen a los naturales, los enteros, las fracciones y los decimales infinitos no peri\u00f3dicos. Gracias a ellos podemos medir, comparar y describir magnitudes de la vida cotidiana y de la ciencia con una precisi\u00f3n ilimitada. Radicales Logaritmos<\/p>\n","protected":false},"author":19886,"featured_media":0,"parent":118,"menu_order":0,"comment_status":"closed","ping_status":"closed","template":"","meta":{"footnotes":""},"aioseo_notices":[],"_links":{"self":[{"href":"https:\/\/blogsaverroes.juntadeandalucia.es\/auladematematicas\/wp-json\/wp\/v2\/pages\/725"}],"collection":[{"href":"https:\/\/blogsaverroes.juntadeandalucia.es\/auladematematicas\/wp-json\/wp\/v2\/pages"}],"about":[{"href":"https:\/\/blogsaverroes.juntadeandalucia.es\/auladematematicas\/wp-json\/wp\/v2\/types\/page"}],"author":[{"embeddable":true,"href":"https:\/\/blogsaverroes.juntadeandalucia.es\/auladematematicas\/wp-json\/wp\/v2\/users\/19886"}],"replies":[{"embeddable":true,"href":"https:\/\/blogsaverroes.juntadeandalucia.es\/auladematematicas\/wp-json\/wp\/v2\/comments?post=725"}],"version-history":[{"count":12,"href":"https:\/\/blogsaverroes.juntadeandalucia.es\/auladematematicas\/wp-json\/wp\/v2\/pages\/725\/revisions"}],"predecessor-version":[{"id":2313,"href":"https:\/\/blogsaverroes.juntadeandalucia.es\/auladematematicas\/wp-json\/wp\/v2\/pages\/725\/revisions\/2313"}],"up":[{"embeddable":true,"href":"https:\/\/blogsaverroes.juntadeandalucia.es\/auladematematicas\/wp-json\/wp\/v2\/pages\/118"}],"wp:attachment":[{"href":"https:\/\/blogsaverroes.juntadeandalucia.es\/auladematematicas\/wp-json\/wp\/v2\/media?parent=725"}],"curies":[{"name":"wp","href":"https:\/\/api.w.org\/{rel}","templated":true}]}}