{"id":826,"date":"2025-10-11T12:24:09","date_gmt":"2025-10-11T10:24:09","guid":{"rendered":"https:\/\/blogsaverroes.juntadeandalucia.es\/auladematematicas\/?page_id=826"},"modified":"2026-02-16T12:47:28","modified_gmt":"2026-02-16T11:47:28","slug":"racionales","status":"publish","type":"page","link":"https:\/\/blogsaverroes.juntadeandalucia.es\/auladematematicas\/numeros\/racionales\/","title":{"rendered":"N\u00fameros racionales"},"content":{"rendered":"<p><span class=\"texto\">Los n\u00fameros racionales surgen de la necesidad de <strong>expresar partes de algo<\/strong>. Fracciones, decimales y proporciones forman parte de este conjunto que ampl\u00eda nuestro conocimiento num\u00e9rico. Gracias a ellos podemos<strong> medir con mayor precisi\u00f3n<\/strong>, <strong>comparar partes de un todo<\/strong> y <strong>comprender que entre dos n\u00fameros siempre hay infinitos m\u00e1s<\/strong>.<\/span><\/p>\n<div class=\"botonera\">\n<div class=\"botonera_fila\">\n<div class=\"boton_contenedor\"><a class=\"boton\" target=\"_blank\" rel=\"noopener noreferrer\" href=\"https:\/\/drive.google.com\/file\/d\/1A0ZjgadxW2rPfo7qH1ovm9fLc5bVKt-_\/view?usp=sharing\">Operaciones<\/a><\/div>\n<div class=\"boton_contenedor\"><a class=\"boton\" target=\"_blank\" rel=\"noopener noreferrer\" href=\"https:\/\/drive.google.com\/file\/d\/1XH7PHrl4MyP2zHlAH7xCFbHG4A5DMM9Q\/view?usp=sharing\">Problemas<\/a><\/div>\n<\/div>\n<\/div>\n","protected":false},"excerpt":{"rendered":"<p>Los n\u00fameros racionales surgen de la necesidad de expresar partes de algo. Fracciones, decimales y proporciones forman parte de este conjunto que ampl\u00eda nuestro conocimiento num\u00e9rico. Gracias a ellos podemos medir con mayor precisi\u00f3n, comparar partes de un todo y comprender que entre dos n\u00fameros siempre hay infinitos m\u00e1s. Operaciones Problemas<\/p>\n","protected":false},"author":19886,"featured_media":0,"parent":118,"menu_order":0,"comment_status":"closed","ping_status":"closed","template":"","meta":{"footnotes":""},"aioseo_notices":[],"_links":{"self":[{"href":"https:\/\/blogsaverroes.juntadeandalucia.es\/auladematematicas\/wp-json\/wp\/v2\/pages\/826"}],"collection":[{"href":"https:\/\/blogsaverroes.juntadeandalucia.es\/auladematematicas\/wp-json\/wp\/v2\/pages"}],"about":[{"href":"https:\/\/blogsaverroes.juntadeandalucia.es\/auladematematicas\/wp-json\/wp\/v2\/types\/page"}],"author":[{"embeddable":true,"href":"https:\/\/blogsaverroes.juntadeandalucia.es\/auladematematicas\/wp-json\/wp\/v2\/users\/19886"}],"replies":[{"embeddable":true,"href":"https:\/\/blogsaverroes.juntadeandalucia.es\/auladematematicas\/wp-json\/wp\/v2\/comments?post=826"}],"version-history":[{"count":29,"href":"https:\/\/blogsaverroes.juntadeandalucia.es\/auladematematicas\/wp-json\/wp\/v2\/pages\/826\/revisions"}],"predecessor-version":[{"id":2287,"href":"https:\/\/blogsaverroes.juntadeandalucia.es\/auladematematicas\/wp-json\/wp\/v2\/pages\/826\/revisions\/2287"}],"up":[{"embeddable":true,"href":"https:\/\/blogsaverroes.juntadeandalucia.es\/auladematematicas\/wp-json\/wp\/v2\/pages\/118"}],"wp:attachment":[{"href":"https:\/\/blogsaverroes.juntadeandalucia.es\/auladematematicas\/wp-json\/wp\/v2\/media?parent=826"}],"curies":[{"name":"wp","href":"https:\/\/api.w.org\/{rel}","templated":true}]}}