{"id":105,"date":"2024-10-29T19:08:43","date_gmt":"2024-10-29T18:08:43","guid":{"rendered":"https:\/\/blogsaverroes.juntadeandalucia.es\/auladnriquecimiento\/?page_id=105"},"modified":"2024-11-09T14:53:16","modified_gmt":"2024-11-09T13:53:16","slug":"contacta-conmigo","status":"publish","type":"page","link":"https:\/\/blogsaverroes.juntadeandalucia.es\/auladnriquecimiento\/?page_id=105","title":{"rendered":"CONTACTA CONMIGO"},"content":{"rendered":"<p><iframe loading=\"lazy\" src=\"https:\/\/www.google.com\/maps\/embed?pb=!1m18!1m12!1m3!1d3172.5049809685147!2d-5.92724962507632!3d37.33055183762629!2m3!1f0!2f0!3f0!3m2!1i1024!2i768!4f13.1!3m3!1m2!1s0xd126fdcc67858a7%3A0xa83e62745b84d8a1!2sCEIP%20Europa!5e0!3m2!1ses!2ses!4v1730307320043!5m2!1ses!2ses\" width=\"600\" height=\"450\"><span data-mce-type=\"bookmark\" style=\"width: 0px;overflow: hidden;line-height: 0\" class=\"mce_SELRES_start\">\ufeff<\/span><\/iframe><\/p>\n<p>Para contactar conmigo tienes tres opciones.<\/p>\n<p>La primera de ellas:<\/p>\n<p>1.Rellena este formulario.<\/p>\n<p>Recuerda se\u00f1alar tu nombre, direcci\u00f3n de correo, elegir tu curso y decir de qu\u00e9 es tu duda (en el asunto) y desarrollarla en el espacio del mensaje.<\/p>\n\n<div class=\"wpcf7 no-js\" id=\"wpcf7-f155-o1\" lang=\"es-ES\" dir=\"ltr\">\n<div class=\"screen-reader-response\"><p role=\"status\" aria-live=\"polite\" aria-atomic=\"true\"><\/p> <ul><\/ul><\/div>\n<form action=\"\/auladnriquecimiento\/index.php?rest_route=%2Fwp%2Fv2%2Fpages%2F105#wpcf7-f155-o1\" method=\"post\" class=\"wpcf7-form init\" aria-label=\"Formulario de contacto\" novalidate=\"novalidate\" data-status=\"init\">\n<div style=\"display: none;\">\n<input type=\"hidden\" name=\"_wpcf7\" value=\"155\" \/>\n<input type=\"hidden\" name=\"_wpcf7_version\" value=\"5.9.8\" \/>\n<input type=\"hidden\" name=\"_wpcf7_locale\" value=\"es_ES\" \/>\n<input type=\"hidden\" name=\"_wpcf7_unit_tag\" value=\"wpcf7-f155-o1\" \/>\n<input type=\"hidden\" name=\"_wpcf7_container_post\" value=\"0\" \/>\n<input type=\"hidden\" name=\"_wpcf7_posted_data_hash\" value=\"\" \/>\n<\/div>\n<p><label> Tu nombre<br \/>\n<span class=\"wpcf7-form-control-wrap\" data-name=\"your-name\"><input size=\"40\" maxlength=\"400\" class=\"wpcf7-form-control wpcf7-text wpcf7-validates-as-required\" autocomplete=\"name\" aria-required=\"true\" aria-invalid=\"false\" value=\"\" type=\"text\" name=\"your-name\" \/><\/span> <\/label>\n<\/p>\n<p><label> Tu correo electr\u00f3nico<br \/>\n<span class=\"wpcf7-form-control-wrap\" data-name=\"your-email\"><input size=\"40\" maxlength=\"400\" class=\"wpcf7-form-control wpcf7-email wpcf7-validates-as-required wpcf7-text wpcf7-validates-as-email\" autocomplete=\"email\" aria-required=\"true\" aria-invalid=\"false\" value=\"\" type=\"email\" name=\"your-email\" \/><\/span> <\/label>\n<\/p>\n<p><span class=\"wpcf7-form-control-wrap\" data-name=\"CURSO\"><select class=\"wpcf7-form-control wpcf7-select CURSO\" id=\"CURSO\" aria-invalid=\"false\" name=\"CURSO\"><option value=\"2\u00ba\">2\u00ba<\/option><option value=\"4\u00ba\">4\u00ba<\/option><option value=\"5\u00ba\">5\u00ba<\/option><\/select><\/span>\n<\/p>\n<p><label> Asunto<br \/>\n<span class=\"wpcf7-form-control-wrap\" data-name=\"your-subject\"><input size=\"40\" maxlength=\"400\" class=\"wpcf7-form-control wpcf7-text wpcf7-validates-as-required\" aria-required=\"true\" aria-invalid=\"false\" value=\"\" type=\"text\" name=\"your-subject\" \/><\/span> <\/label>\n<\/p>\n<p><label> Tu mensaje (opcional)<br \/>\n<span class=\"wpcf7-form-control-wrap\" data-name=\"your-message\"><textarea cols=\"40\" rows=\"10\" maxlength=\"2000\" class=\"wpcf7-form-control wpcf7-textarea\" aria-invalid=\"false\" name=\"your-message\"><\/textarea><\/span> <\/label>\n<\/p>\n<p><input class=\"wpcf7-form-control wpcf7-submit has-spinner\" type=\"submit\" value=\"Enviar\" \/>\n<\/p><div class=\"wpcf7-response-output\" aria-hidden=\"true\"><\/div>\n<\/form>\n<\/div>\n\n<p>&nbsp;<\/p>\n<p>Puedes contactar conmigo tambi\u00e9n por las siguientes v\u00edas:<\/p>\n<p>2.Por Ipasen.<\/p>\n<p>3. Por correo: lucia@ceip-europa.net<\/p>\n","protected":false},"excerpt":{"rendered":"<p>\ufeff Para contactar conmigo tienes tres opciones. La primera de ellas: 1.Rellena este formulario. Recuerda se\u00f1alar tu nombre, direcci\u00f3n de correo, elegir tu curso y&hellip;<\/p>\n","protected":false},"author":12832,"featured_media":0,"parent":0,"menu_order":0,"comment_status":"closed","ping_status":"closed","template":"","meta":{"footnotes":""},"aioseo_notices":[],"_links":{"self":[{"href":"https:\/\/blogsaverroes.juntadeandalucia.es\/auladnriquecimiento\/index.php?rest_route=\/wp\/v2\/pages\/105"}],"collection":[{"href":"https:\/\/blogsaverroes.juntadeandalucia.es\/auladnriquecimiento\/index.php?rest_route=\/wp\/v2\/pages"}],"about":[{"href":"https:\/\/blogsaverroes.juntadeandalucia.es\/auladnriquecimiento\/index.php?rest_route=\/wp\/v2\/types\/page"}],"author":[{"embeddable":true,"href":"https:\/\/blogsaverroes.juntadeandalucia.es\/auladnriquecimiento\/index.php?rest_route=\/wp\/v2\/users\/12832"}],"replies":[{"embeddable":true,"href":"https:\/\/blogsaverroes.juntadeandalucia.es\/auladnriquecimiento\/index.php?rest_route=%2Fwp%2Fv2%2Fcomments&post=105"}],"version-history":[{"count":9,"href":"https:\/\/blogsaverroes.juntadeandalucia.es\/auladnriquecimiento\/index.php?rest_route=\/wp\/v2\/pages\/105\/revisions"}],"predecessor-version":[{"id":159,"href":"https:\/\/blogsaverroes.juntadeandalucia.es\/auladnriquecimiento\/index.php?rest_route=\/wp\/v2\/pages\/105\/revisions\/159"}],"wp:attachment":[{"href":"https:\/\/blogsaverroes.juntadeandalucia.es\/auladnriquecimiento\/index.php?rest_route=%2Fwp%2Fv2%2Fmedia&parent=105"}],"curies":[{"name":"wp","href":"https:\/\/api.w.org\/{rel}","templated":true}]}}