{"id":8,"date":"2024-10-16T18:43:21","date_gmt":"2024-10-16T16:43:21","guid":{"rendered":"https:\/\/blogsaverroes.juntadeandalucia.es\/auladnriquecimiento\/about-us\/"},"modified":"2024-10-20T09:43:02","modified_gmt":"2024-10-20T07:43:02","slug":"about-us","status":"publish","type":"page","link":"https:\/\/blogsaverroes.juntadeandalucia.es\/auladnriquecimiento\/?page_id=8","title":{"rendered":"CON\u00d3CENOS"},"content":{"rendered":"<p><span style=\"color: #000080\"><strong>\u00bfQui\u00e9nes somos?<\/strong><\/span><\/p>\n<p>Somos un grupo de 4 alumnos del cole y la se\u00f1o Luc\u00eda.<\/p>\n<p><span style=\"color: #000080\"><strong>\u00bfQu\u00e9 pretendemos?<\/strong><\/span><\/p>\n<p>Investigar, aprender sobre habilidades sociales y emociones y es tambi\u00e9n un espacio l\u00fadico educativo.<\/p>\n<p><strong><span style=\"color: #000080\">\u00bfCu\u00e1ndo nos reunimos?<\/span><\/strong><\/p>\n<p>Los martes a primera hora de la ma\u00f1ana.<\/p>\n<p><span style=\"color: #000080\"><strong>\u00bfPor qu\u00e9 nace este aula?<\/strong><\/span><\/p>\n<p>Nace para dar una respuesta extra al alumnado de Altas Capacidades<\/p>\n<p>&nbsp;<\/p>\n<p>&nbsp;<\/p>\n","protected":false},"excerpt":{"rendered":"<p>\u00bfQui\u00e9nes somos? Somos un grupo de 4 alumnos del cole y la se\u00f1o Luc\u00eda. \u00bfQu\u00e9 pretendemos? Investigar, aprender sobre habilidades sociales y emociones y es&hellip;<\/p>\n","protected":false},"author":1,"featured_media":0,"parent":0,"menu_order":0,"comment_status":"closed","ping_status":"closed","template":"","meta":{"footnotes":""},"aioseo_notices":[],"_links":{"self":[{"href":"https:\/\/blogsaverroes.juntadeandalucia.es\/auladnriquecimiento\/index.php?rest_route=\/wp\/v2\/pages\/8"}],"collection":[{"href":"https:\/\/blogsaverroes.juntadeandalucia.es\/auladnriquecimiento\/index.php?rest_route=\/wp\/v2\/pages"}],"about":[{"href":"https:\/\/blogsaverroes.juntadeandalucia.es\/auladnriquecimiento\/index.php?rest_route=\/wp\/v2\/types\/page"}],"author":[{"embeddable":true,"href":"https:\/\/blogsaverroes.juntadeandalucia.es\/auladnriquecimiento\/index.php?rest_route=\/wp\/v2\/users\/1"}],"replies":[{"embeddable":true,"href":"https:\/\/blogsaverroes.juntadeandalucia.es\/auladnriquecimiento\/index.php?rest_route=%2Fwp%2Fv2%2Fcomments&post=8"}],"version-history":[{"count":2,"href":"https:\/\/blogsaverroes.juntadeandalucia.es\/auladnriquecimiento\/index.php?rest_route=\/wp\/v2\/pages\/8\/revisions"}],"predecessor-version":[{"id":20,"href":"https:\/\/blogsaverroes.juntadeandalucia.es\/auladnriquecimiento\/index.php?rest_route=\/wp\/v2\/pages\/8\/revisions\/20"}],"wp:attachment":[{"href":"https:\/\/blogsaverroes.juntadeandalucia.es\/auladnriquecimiento\/index.php?rest_route=%2Fwp%2Fv2%2Fmedia&parent=8"}],"curies":[{"name":"wp","href":"https:\/\/api.w.org\/{rel}","templated":true}]}}